{"id":24632,"date":"2023-11-22T10:03:19","date_gmt":"2023-11-22T13:03:19","guid":{"rendered":"https:\/\/acertarnacompra.com.br\/?page_id=24632"},"modified":"2023-11-22T10:03:19","modified_gmt":"2023-11-22T13:03:19","slug":"dmca","status":"publish","type":"page","link":"https:\/\/ccvgaming.com\/bn\/dmca\/","title":{"rendered":"\u09a1\u09bf\u098f\u09ae\u09b8\u09bf\u098f"},"content":{"rendered":"<p><strong>Pol\u00edtica de Direitos Autorais &#8211; DMCA<\/strong><\/p>\n<p><strong>Declara\u00e7\u00e3o de Conformidade<\/strong><\/p>\n<p>O MobilePric BR respeita os direitos autorais e est\u00e1 em conformidade com as disposi\u00e7\u00f5es da Digital Millennium Copyright Act (&#8220;DMCA&#8221;). MobilePric BR pode, sob circunst\u00e2ncias apropriadas e a seu crit\u00e9rio, desativar e\/ou encerrar contas de usu\u00e1rios que infringem repetidamente ou s\u00e3o considerados como infratores dos direitos autorais.<\/p>\n<p><strong>Procedimento de Notifica\u00e7\u00e3o de Infra\u00e7\u00e3o de Direitos Autorais<\/strong><\/p>\n<p>Se voc\u00ea acredita que seu trabalho protegido por direitos autorais foi reproduzido de forma a constituir uma viola\u00e7\u00e3o de direitos autorais e est\u00e1 acess\u00edvel neste site, voc\u00ea pode notificar nosso Agente Designado de acordo com o procedimento estabelecido pela DMCA. Para ser eficaz, a notifica\u00e7\u00e3o deve incluir:<\/p>\n<ol>\n<li>Identifica\u00e7\u00e3o do trabalho protegido por direitos autorais supostamente infringido, ou, se v\u00e1rios trabalhos protegidos por direitos autorais em um \u00fanico site on-line forem cobertos por uma \u00fanica notifica\u00e7\u00e3o, uma lista representativa de tais trabalhos no site.<\/li>\n<li>Identifica\u00e7\u00e3o do material que se alega estar infringindo ou ser objeto de atividade infratora e que deve ser removido ou cujo acesso deve ser desativado, e informa\u00e7\u00f5es razoavelmente suficientes para permitir que o provedor de servi\u00e7os localize o material.<\/li>\n<li>Informa\u00e7\u00f5es razoavelmente suficientes para permitir que o provedor de servi\u00e7os entre em contato com o reclamante, como um endere\u00e7o, n\u00famero de telefone e, se dispon\u00edvel, um endere\u00e7o de e-mail no qual o reclamante possa ser contatado.<\/li>\n<li>Uma declara\u00e7\u00e3o de que o reclamante acredita, de boa-f\u00e9, que o uso do material da maneira reclamada n\u00e3o est\u00e1 autorizado pelo propriet\u00e1rio dos direitos autorais, seu agente ou pela lei.<\/li>\n<li>Uma declara\u00e7\u00e3o de que as informa\u00e7\u00f5es na notifica\u00e7\u00e3o s\u00e3o precisas e, sob pena de perj\u00fario, que o reclamante est\u00e1 autorizado a agir em nome do propriet\u00e1rio de um direito exclusivo que supostamente est\u00e1 sendo infringido.<\/li>\n<\/ol>\n<p><strong>A\u00e7\u00e3o em Caso de Notifica\u00e7\u00e3o de Infra\u00e7\u00e3o<\/strong><\/p>\n<p>Ap\u00f3s receber uma notifica\u00e7\u00e3o v\u00e1lida de infra\u00e7\u00e3o de direitos autorais, MobilePric BR se esfor\u00e7ar\u00e1 para tomar medidas razo\u00e1veis para remover o material infrator e notificar o usu\u00e1rio respons\u00e1vel pelo envio do conte\u00fado. MobilePric BR pode, a seu crit\u00e9rio, tamb\u00e9m encerrar a conta desse usu\u00e1rio se considerar apropriado.<\/p>\n<p><strong>\u09af\u09cb\u0997\u09be\u09af\u09cb\u0997<\/strong><\/p>\n<p>Se voc\u00ea deseja enviar uma notifica\u00e7\u00e3o de infra\u00e7\u00e3o de direitos autorais, entre em contato com pelo formul\u00e1rio de\u00a0<strong><a href=\"https:\/\/ccvgaming.com\/bn\/contato\/\">CONTATO<\/a><\/strong>.<\/p>\n<p><strong>Aviso Legal<\/strong><\/p>\n<p>Esta pol\u00edtica de DMCA n\u00e3o constitui aconselhamento jur\u00eddico. Recomendamos que voc\u00ea procure aconselhamento jur\u00eddico para entender completamente seus direitos e obriga\u00e7\u00f5es sob a DMCA e outras leis aplic\u00e1veis.<\/p>","protected":false},"excerpt":{"rendered":"<p>Pol\u00edtica de Direitos Autorais &#8211; DMCA Declara\u00e7\u00e3o de Conformidade O MobilePric BR respeita os direitos autorais e est\u00e1 em conformidade com as disposi\u00e7\u00f5es da Digital Millennium Copyright Act (&#8220;DMCA&#8221;). MobilePric BR pode, sob circunst\u00e2ncias apropriadas e a seu crit\u00e9rio, desativar e\/ou encerrar contas de usu\u00e1rios que infringem repetidamente ou s\u00e3o considerados como infratores dos direitos [&hellip;]<\/p>\n","protected":false},"author":2,"featured_media":0,"parent":0,"menu_order":0,"comment_status":"closed","ping_status":"closed","template":"","meta":{"footnotes":""},"class_list":["post-24632","page","type-page","status-publish"],"_links":{"self":[{"href":"https:\/\/ccvgaming.com\/bn\/wp-json\/wp\/v2\/pages\/24632","targetHints":{"allow":["GET"]}}],"collection":[{"href":"https:\/\/ccvgaming.com\/bn\/wp-json\/wp\/v2\/pages"}],"about":[{"href":"https:\/\/ccvgaming.com\/bn\/wp-json\/wp\/v2\/types\/page"}],"author":[{"embeddable":true,"href":"https:\/\/ccvgaming.com\/bn\/wp-json\/wp\/v2\/users\/2"}],"replies":[{"embeddable":true,"href":"https:\/\/ccvgaming.com\/bn\/wp-json\/wp\/v2\/comments?post=24632"}],"version-history":[{"count":0,"href":"https:\/\/ccvgaming.com\/bn\/wp-json\/wp\/v2\/pages\/24632\/revisions"}],"wp:attachment":[{"href":"https:\/\/ccvgaming.com\/bn\/wp-json\/wp\/v2\/media?parent=24632"}],"curies":[{"name":"wp","href":"https:\/\/api.w.org\/{rel}","templated":true}]}}