{"id":24240,"date":"2023-11-10T10:38:14","date_gmt":"2023-11-10T13:38:14","guid":{"rendered":"https:\/\/acertarnacompra.com.br\/?page_id=24240"},"modified":"2023-11-17T11:18:38","modified_gmt":"2023-11-17T14:18:38","slug":"zasady-ochrany-osobnich-udaju","status":"publish","type":"page","link":"https:\/\/ccvgaming.com\/cs\/politica-de-privacidade\/","title":{"rendered":"Z\u00e1sady ochrany osobn\u00edch \u00fadaj\u016f"},"content":{"rendered":"<p>Va\u0161e soukrom\u00ed je pro n\u00e1s d\u016fle\u017eit\u00e9. Z\u00e1sadou spole\u010dnosti MobilePrice je respektovat va\u0161e soukrom\u00ed, pokud jde o ve\u0161ker\u00e9 informace, kter\u00e9 od v\u00e1s m\u016f\u017eeme shroma\u017e\u010fovat na webov\u00fdch str\u00e1nk\u00e1ch.<strong><a href=\"https:\/\/ccvgaming.com\/cs\/\">\u00a0Mobiln\u00edCena<\/a><\/strong>, a dal\u0161\u00ed webov\u00e9 str\u00e1nky, kter\u00e9 vlastn\u00edme a provozujeme.<\/p>\n<p>Osobn\u00ed \u00fadaje po\u017eadujeme pouze tehdy, kdy\u017e je skute\u010dn\u011b pot\u0159ebujeme k poskytnut\u00ed slu\u017eby. \u010cin\u00edme tak spravedliv\u011b a z\u00e1konn\u011b, s va\u0161\u00edm v\u011bdom\u00edm a souhlasem. Tak\u00e9 v\u00e1s informujeme, pro\u010d je shroma\u017e\u010fujeme a jak budou pou\u017eity.<\/p>\n<p>Shrom\u00e1\u017ed\u011bn\u00e9 informace uchov\u00e1v\u00e1me pouze po dobu nezbytn\u011b nutnou k poskytov\u00e1n\u00ed po\u017eadovan\u00e9 slu\u017eby. P\u0159i ukl\u00e1d\u00e1n\u00ed dat je chr\u00e1n\u00edme komer\u010dn\u011b p\u0159ijateln\u00fdmi prost\u0159edky, abychom zabr\u00e1nili ztr\u00e1t\u011b a kr\u00e1de\u017ei, jako\u017e i neopr\u00e1vn\u011bn\u00e9mu p\u0159\u00edstupu, zve\u0159ejn\u011bn\u00ed, kop\u00edrov\u00e1n\u00ed, pou\u017eit\u00ed nebo \u00faprav\u011b.<\/p>\n<p>Osobn\u00ed \u00fadaje nesd\u00edl\u00edme ve\u0159ejn\u011b ani s t\u0159et\u00edmi stranami, s v\u00fdjimkou p\u0159\u00edpad\u016f, kdy to vy\u017eaduje z\u00e1kon.<\/p>\n<p>Na\u0161e webov\u00e9 str\u00e1nky mohou obsahovat odkazy na extern\u00ed str\u00e1nky, kter\u00e9 neprovozujeme. Upozor\u0148ujeme, \u017ee nem\u00e1me \u017e\u00e1dnou kontrolu nad obsahem a postupy t\u011bchto str\u00e1nek a nem\u016f\u017eeme n\u00e9st odpov\u011bdnost za jejich p\u0159\u00edslu\u0161n\u00e9 z\u00e1sady ochrany osobn\u00edch \u00fadaj\u016f.<\/p>\n<p>\u017d\u00e1dost o osobn\u00ed \u00fadaje m\u016f\u017eete odm\u00edtnout s v\u011bdom\u00edm, \u017ee v\u00e1m nemus\u00edme b\u00fdt schopni poskytnout n\u011bkter\u00e9 slu\u017eby, kter\u00e9 si p\u0159ejete.<\/p>\n<p>Pokra\u010dov\u00e1n\u00ed v pou\u017e\u00edv\u00e1n\u00ed na\u0161ich webov\u00fdch str\u00e1nek bude pova\u017eov\u00e1no za souhlas s na\u0161imi postupy t\u00fdkaj\u00edc\u00edmi se ochrany osobn\u00edch \u00fadaj\u016f a osobn\u00edch \u00fadaj\u016f. M\u00e1te-li jak\u00e9koli dotazy ohledn\u011b toho, jak nakl\u00e1d\u00e1me s u\u017eivatelsk\u00fdmi \u00fadaji a osobn\u00edmi \u00fadaji, kontaktujte n\u00e1s.<\/p>\n<h2>Z\u00e1sady pou\u017e\u00edv\u00e1n\u00ed soubor\u016f cookie MobilePrice<\/h2>\n<h3>Co jsou soubory cookie?<\/h3>\n<p>Jak je b\u011b\u017enou prax\u00ed u t\u00e9m\u011b\u0159 v\u0161ech profesion\u00e1ln\u00edch webov\u00fdch str\u00e1nek, i tyto str\u00e1nky pou\u017e\u00edvaj\u00ed soubory cookie, co\u017e jsou mal\u00e9 soubory stahovan\u00e9 do va\u0161eho po\u010d\u00edta\u010de, ke zlep\u0161en\u00ed va\u0161eho z\u00e1\u017eitku. Tato str\u00e1nka popisuje, jak\u00e9 informace shroma\u017e\u010fuj\u00ed, jak je pou\u017e\u00edv\u00e1me a pro\u010d n\u011bkdy pot\u0159ebujeme tyto soubory cookie ukl\u00e1dat. Tak\u00e9 se pod\u011bl\u00edme o to, jak m\u016f\u017eete ukl\u00e1d\u00e1n\u00ed t\u011bchto soubor\u016f cookie zabr\u00e1nit, nicm\u00e9n\u011b to m\u016f\u017ee sn\u00ed\u017eit nebo \u2018naru\u0161it\u2019 n\u011bkter\u00e9 prvky funk\u010dnosti webu.<\/p>\n<h3>Jak pou\u017e\u00edv\u00e1me soubory cookie?<\/h3>\n<p>Soubory cookie pou\u017e\u00edv\u00e1me z r\u016fzn\u00fdch d\u016fvod\u016f, kter\u00e9 jsou podrobn\u011bji pops\u00e1ny n\u00ed\u017ee. Bohu\u017eel ve v\u011bt\u0161in\u011b p\u0159\u00edpad\u016f neexistuj\u00ed \u017e\u00e1dn\u00e9 standardn\u00ed mo\u017enosti pro zak\u00e1z\u00e1n\u00ed soubor\u016f cookie bez \u00fapln\u00e9ho zak\u00e1z\u00e1n\u00ed funkc\u00ed a vlastnost\u00ed, kter\u00e9 na tento web p\u0159id\u00e1vaj\u00ed. Doporu\u010duje se ponechat v\u0161echny soubory cookie povolen\u00e9, pokud si nejste jisti, zda je pot\u0159ebujete, \u010di nikoli, v p\u0159\u00edpad\u011b, \u017ee se pou\u017e\u00edvaj\u00ed k poskytov\u00e1n\u00ed slu\u017eby, kterou pou\u017e\u00edv\u00e1te.<\/p>\n<h3>Zak\u00e1zat soubory cookie<\/h3>\n<p>Nastaven\u00ed soubor\u016f cookie m\u016f\u017eete zabr\u00e1nit \u00fapravou nastaven\u00ed ve va\u0161em prohl\u00ed\u017ee\u010di (postup naleznete v n\u00e1pov\u011bd\u011b k va\u0161emu prohl\u00ed\u017ee\u010di). Upozor\u0148ujeme, \u017ee zak\u00e1z\u00e1n\u00ed soubor\u016f cookie ovlivn\u00ed funk\u010dnost tohoto a mnoha dal\u0161\u00edch webov\u00fdch str\u00e1nek, kter\u00e9 nav\u0161t\u011bvujete. Zak\u00e1z\u00e1n\u00ed soubor\u016f cookie obvykle vede tak\u00e9 k zak\u00e1z\u00e1n\u00ed ur\u010dit\u00fdch funkc\u00ed a vlastnost\u00ed tohoto webu. Proto se doporu\u010duje soubory cookie nezakazovat.<\/p>\n<h3>Soubory cookie, kter\u00e9 nastavujeme<\/h3>\n<ul>\n<li>Soubory cookie souvisej\u00edc\u00ed s \u00fa\u010dtem: Pokud si u n\u00e1s vytvo\u0159\u00edte \u00fa\u010det, budeme pou\u017e\u00edvat soubory cookie ke spr\u00e1v\u011b registra\u010dn\u00edho procesu a obecn\u00e9 administrace. Tyto soubory cookie se obvykle sma\u017eou po odhl\u00e1\u0161en\u00ed ze syst\u00e9mu, v n\u011bkter\u00fdch p\u0159\u00edpadech v\u0161ak mohou z\u016fstat i po jeho odhl\u00e1\u0161en\u00ed, aby si pamatovaly va\u0161e preference webu.<\/li>\n<li>Soubory cookie souvisej\u00edc\u00ed s p\u0159ihl\u00e1\u0161en\u00edm: Soubory cookie pou\u017e\u00edv\u00e1me, kdy\u017e jste p\u0159ihl\u00e1\u0161eni, abychom si tuto akci zapamatovali. D\u00edky tomu se nemus\u00edte p\u0159ihla\u0161ovat poka\u017ed\u00e9, kdy\u017e nav\u0161t\u00edv\u00edte novou str\u00e1nku. Tyto soubory cookie se obvykle odstran\u00ed nebo vyma\u017eou, kdy\u017e se odhl\u00e1s\u00edte, aby bylo zaji\u0161t\u011bno, \u017ee budete m\u00edt p\u0159\u00edstup k omezen\u00fdm zdroj\u016fm a oblastem pouze tehdy, kdy\u017e jste p\u0159ihl\u00e1\u0161eni.<\/li>\n<li>Soubory cookie souvisej\u00edc\u00ed s e-mailov\u00fdmi newslettery: Tyto webov\u00e9 str\u00e1nky nab\u00edzej\u00ed slu\u017eby odb\u011bru newsletter\u016f nebo e-mail\u016f a soubory cookie mohou b\u00fdt pou\u017eity k zapamatov\u00e1n\u00ed si, zda jste ji\u017e zaregistrov\u00e1ni a zda se maj\u00ed zobrazovat ur\u010dit\u00e1 ozn\u00e1men\u00ed, kter\u00e1 jsou platn\u00e1 pouze pro p\u0159ihl\u00e1\u0161en\u00e9\/nep\u0159ihl\u00e1\u0161en\u00e9 u\u017eivatele.<\/li>\n<li>Soubory cookie souvisej\u00edc\u00ed se zpracov\u00e1n\u00edm objedn\u00e1vek: Tyto str\u00e1nky nab\u00edzej\u00ed mo\u017enosti elektronick\u00e9ho obchodov\u00e1n\u00ed nebo plateb a n\u011bkter\u00e9 soubory cookie jsou nezbytn\u00e9 k zaji\u0161t\u011bn\u00ed toho, aby se va\u0161e objedn\u00e1vka mezi str\u00e1nkami zapamatovala, abychom ji mohli spr\u00e1vn\u011b zpracovat.<\/li>\n<li>Soubory cookie souvisej\u00edc\u00ed s pr\u016fzkumy: \u010cas od \u010dasu nab\u00edz\u00edme pr\u016fzkumy a dotazn\u00edky, abychom v\u00e1m poskytli zaj\u00edmav\u00e9 informace, u\u017eite\u010dn\u00e9 n\u00e1stroje nebo abychom l\u00e9pe porozum\u011bli na\u0161\u00ed u\u017eivatelsk\u00e9 z\u00e1kladn\u011b. Tyto pr\u016fzkumy mohou pou\u017e\u00edvat soubory cookie k zapamatov\u00e1n\u00ed si, kdo se ji\u017e pr\u016fzkumu z\u00fa\u010dastnil, nebo k poskytnut\u00ed p\u0159esn\u00fdch v\u00fdsledk\u016f po zm\u011bn\u00e1ch str\u00e1nky.<\/li>\n<li>Soubory cookie souvisej\u00edc\u00ed s formul\u00e1\u0159i: Kdy\u017e odes\u00edl\u00e1te data prost\u0159ednictv\u00edm formul\u00e1\u0159e, nap\u0159\u00edklad t\u011bch, kter\u00e9 se nach\u00e1zej\u00ed na kontaktn\u00edch str\u00e1nk\u00e1ch nebo ve formul\u00e1\u0159\u00edch pro koment\u00e1\u0159e, mohou b\u00fdt nastaveny soubory cookie, kter\u00e9 si pamatuj\u00ed va\u0161e u\u017eivatelsk\u00e9 \u00fadaje pro budouc\u00ed korespondenci.<\/li>\n<li>Soubory cookie preferenc\u00ed webov\u00fdch str\u00e1nek: Abychom v\u00e1m poskytli skv\u011bl\u00fd z\u00e1\u017eitek z pou\u017e\u00edv\u00e1n\u00ed t\u011bchto webov\u00fdch str\u00e1nek, nab\u00edz\u00edme v\u00e1m funkci pro nastaven\u00ed va\u0161ich preferenc\u00ed ohledn\u011b chov\u00e1n\u00ed t\u011bchto webov\u00fdch str\u00e1nek p\u0159i jejich pou\u017e\u00edv\u00e1n\u00ed. Abychom si va\u0161e preference zapamatovali, mus\u00edme nastavit soubory cookie, aby bylo mo\u017en\u00e9 tyto informace vyvolat v\u017edy, kdy\u017e provedete interakci se str\u00e1nkou, kter\u00e1 je ovlivn\u011bna va\u0161imi preferencemi.<\/li>\n<\/ul>\n<h3>Soubory cookie t\u0159et\u00edch stran<\/h3>\n<p>V n\u011bkter\u00fdch zvl\u00e1\u0161tn\u00edch p\u0159\u00edpadech pou\u017e\u00edv\u00e1me tak\u00e9 soubory cookie poskytovan\u00e9 d\u016fv\u011bryhodn\u00fdmi t\u0159et\u00edmi stranami. N\u00e1sleduj\u00edc\u00ed \u010d\u00e1st podrobn\u011b popisuje, se kter\u00fdmi soubory cookie t\u0159et\u00edch stran se m\u016f\u017eete na t\u011bchto webov\u00fdch str\u00e1nk\u00e1ch setkat.<\/p>\n<ul>\n<li>Tyto webov\u00e9 str\u00e1nky pou\u017e\u00edvaj\u00ed Google Analytics, jedno z nejroz\u0161\u00ed\u0159en\u011bj\u0161\u00edch a nejd\u016fv\u011bryhodn\u011bj\u0161\u00edch analytick\u00fdch \u0159e\u0161en\u00ed na webu, kter\u00e9 n\u00e1m pom\u00e1h\u00e1 pochopit, jak str\u00e1nky pou\u017e\u00edv\u00e1te a jak m\u016f\u017eeme zlep\u0161it v\u00e1\u0161 z\u00e1\u017eitek. Tyto soubory cookie mohou sledovat nap\u0159\u00edklad dobu, kterou na str\u00e1nk\u00e1ch tr\u00e1v\u00edte, a str\u00e1nky, kter\u00e9 nav\u0161t\u011bvujete, abychom v\u00e1m mohli i nad\u00e1le poskytovat poutav\u00fd obsah.<\/li>\n<\/ul>\n<p>V\u00edce informac\u00ed o souborech cookie slu\u017eby Google Analytics naleznete na ofici\u00e1ln\u00edch str\u00e1nk\u00e1ch slu\u017eby Google Analytics.<\/p>\n<ul>\n<li>Analytick\u00e9 slu\u017eby t\u0159et\u00edch stran se pou\u017e\u00edvaj\u00ed ke sledov\u00e1n\u00ed a m\u011b\u0159en\u00ed pou\u017e\u00edv\u00e1n\u00ed t\u011bchto str\u00e1nek, abychom mohli i nad\u00e1le vytv\u00e1\u0159et poutav\u00fd obsah. Tyto soubory cookie mohou sledovat nap\u0159\u00edklad dobu, kterou na str\u00e1nk\u00e1ch tr\u00e1v\u00edte, nebo str\u00e1nky, kter\u00e9 nav\u0161t\u011bvujete, co\u017e n\u00e1m pom\u00e1h\u00e1 pochopit, jak pro v\u00e1s m\u016f\u017eeme str\u00e1nky vylep\u0161it.<\/li>\n<li>Pravideln\u011b testujeme nov\u00e9 funkce a prov\u00e1d\u00edme jemn\u00e9 zm\u011bny ve zp\u016fsobu, jak\u00fdm se web prezentuje. I kdy\u017e st\u00e1le testujeme nov\u00e9 funkce, mohou b\u00fdt tyto soubory cookie pou\u017eity k zaji\u0161t\u011bn\u00ed konzistentn\u00edho z\u00e1\u017eitku na webu a z\u00e1rove\u0148 ch\u00e1peme, kter\u00e9 optimalizace na\u0161i u\u017eivatel\u00e9 oce\u0148uj\u00ed nejv\u00edce.<\/li>\n<li>Jeliko\u017e prod\u00e1v\u00e1me produkty, je pro n\u00e1s d\u016fle\u017eit\u00e9 m\u00edt p\u0159ehled o statistik\u00e1ch o tom, kolik n\u00e1v\u0161t\u011bvn\u00edk\u016f na\u0161ich webov\u00fdch str\u00e1nek skute\u010dn\u011b provede n\u00e1kup, a to je typ dat, kter\u00e1 tyto soubory cookie sleduj\u00ed. To je pro v\u00e1s d\u016fle\u017eit\u00e9, proto\u017ee n\u00e1m to umo\u017e\u0148uje vytv\u00e1\u0159et p\u0159esn\u00e9 obchodn\u00ed p\u0159edpov\u011bdi, kter\u00e9 n\u00e1m umo\u017e\u0148uj\u00ed analyzovat na\u0161e n\u00e1klady na reklamu a produkty a zajistit tak nejlep\u0161\u00ed mo\u017enou cenu.<\/li>\n<li>Slu\u017eba Google AdSense, kterou pou\u017e\u00edv\u00e1me k zobrazov\u00e1n\u00ed reklamy, pou\u017e\u00edv\u00e1 soubor cookie DoubleClick k zobrazov\u00e1n\u00ed relevantn\u011bj\u0161\u00edch reklam na webu a k omezen\u00ed po\u010dtu zobrazen\u00ed dan\u00e9 reklamy.<br \/>\nDal\u0161\u00ed informace o slu\u017eb\u011b Google AdSense naleznete v ofici\u00e1ln\u00edch \u010casto kladen\u00fdch ot\u00e1zk\u00e1ch t\u00fdkaj\u00edc\u00edch se ochrany osobn\u00edch \u00fadaj\u016f v Google AdSense.<\/li>\n<li>Reklamu pou\u017e\u00edv\u00e1me k pokryt\u00ed n\u00e1klad\u016f na provoz t\u011bchto str\u00e1nek a k zaji\u0161t\u011bn\u00ed financov\u00e1n\u00ed budouc\u00edho rozvoje. Soubory cookie pro behavior\u00e1ln\u00ed reklamu pou\u017e\u00edvan\u00e9 t\u011bmito str\u00e1nkami jsou navr\u017eeny tak, aby v\u00e1m zajistily, \u017ee v\u00e1m budou co nejrelevantn\u011bj\u0161\u00ed reklamy poskytov\u00e1ny, kdykoli je to mo\u017en\u00e9, anonymn\u00edm sledov\u00e1n\u00edm va\u0161ich z\u00e1jm\u016f a prezentac\u00ed podobn\u00fdch v\u011bc\u00ed, kter\u00e9 by v\u00e1s mohly zaj\u00edmat.<\/li>\n<li>N\u011bkolik partner\u016f inzeruje na\u0161\u00edm jm\u00e9nem a soubory cookie pro sledov\u00e1n\u00ed affiliate partner\u016f n\u00e1m jednodu\u0161e umo\u017e\u0148uj\u00ed zjistit, zda na\u0161i z\u00e1kazn\u00edci p\u0159istoupili na web prost\u0159ednictv\u00edm jednoho z na\u0161ich partnersk\u00fdch web\u016f, abychom jim mohli odpov\u00eddaj\u00edc\u00edm zp\u016fsobem p\u0159ipsat kredit a p\u0159\u00edpadn\u011b umo\u017enit na\u0161im affiliate partner\u016fm nab\u00edzet jak\u00e9koli propaga\u010dn\u00ed akce, kter\u00e9 mohou poskytnout, aby v\u00e1s povzbudily k n\u00e1kupu.<\/li>\n<\/ul>\n<h3>Z\u00e1vazek u\u017eivatele<\/h3>\n<p>U\u017eivatel souhlas\u00ed s t\u00edm, \u017ee bude vhodn\u00fdm zp\u016fsobem pou\u017e\u00edvat obsah a informace, kter\u00e9 MobilePric nab\u00edz\u00ed na webov\u00fdch str\u00e1nk\u00e1ch, v\u010detn\u011b, ale nikoli v\u00fdhradn\u011b:<\/p>\n<ul>\n<li>A) Nezapojovat se do \u010dinnost\u00ed, kter\u00e9 jsou nez\u00e1konn\u00e9 nebo v rozporu s dobrou v\u00edrou a ve\u0159ejn\u00fdm po\u0159\u00e1dkem;<\/li>\n<li>B) Ne\u0161\u00ed\u0159it propagandu ani obsah rasistick\u00e9, xenofobn\u00ed povahy, hazardn\u00ed hry nebo neleg\u00e1ln\u00ed hry na n\u00e1hodu, jak\u00fdkoli druh neleg\u00e1ln\u00ed pornografie ani obsah, kter\u00fd propaguje terorismus nebo poru\u0161uje lidsk\u00e1 pr\u00e1va;<\/li>\n<li>C) Nepo\u0161kozovat fyzick\u00e9 (hardwarov\u00e9) a logick\u00e9 (softwarov\u00e9) syst\u00e9my spole\u010dnosti MobilePric, jej\u00edch dodavatel\u016f nebo t\u0159et\u00edch stran zav\u00e1d\u011bn\u00edm nebo \u0161\u00ed\u0159en\u00edm po\u010d\u00edta\u010dov\u00fdch vir\u016f nebo jak\u00fdchkoli jin\u00fdch hardwarov\u00fdch \u010di softwarov\u00fdch syst\u00e9m\u016f, kter\u00e9 by mohly zp\u016fsobit v\u00fd\u0161e uveden\u00e9 \u0161kody.<\/li>\n<\/ul>\n<h2>Personalizovan\u00e1 reklama (odhl\u00e1\u0161en\u00ed)<\/h2>\n<p>U\u017eivatel\u00e9 se mohou odhl\u00e1sit z personalizovan\u00e9 reklamy na\u00a0<a href=\"https:\/\/adssettings.google.com\/authenticated\" target=\"_blank\" rel=\"noopener\">Nastaven\u00ed reklam<\/a>. P\u0159\u00edpadn\u011b m\u016f\u017eete u\u017eivatele nasm\u011brovat k webov\u00fdm str\u00e1nk\u00e1m.\u00a0<a href=\"http:\/\/www.aboutads.info\/\" target=\"_blank\" rel=\"noopener\">www.aboutads.info<\/a>\u00a0zak\u00e1zat pou\u017e\u00edv\u00e1n\u00ed personalizovan\u00fdch reklamn\u00edch soubor\u016f cookie t\u0159et\u00edch stran.<\/p>\n<h3>V\u00edce informac\u00ed<\/h3>\n<p>Douf\u00e1me, \u017ee je to srozumiteln\u00e9, a jak ji\u017e bylo zm\u00edn\u011bno, pokud si nejste jisti, zda soubory cookie pot\u0159ebujete, je obecn\u011b bezpe\u010dn\u011bj\u0161\u00ed ponechat je povolen\u00e9 pro p\u0159\u00edpad, \u017ee byste na na\u0161ich webov\u00fdch str\u00e1nk\u00e1ch pou\u017e\u00edvali n\u011bkterou z funkc\u00ed, kter\u00e9 pou\u017e\u00edv\u00e1te.<\/p>\n<p>Tato politika je \u00fa\u010dinn\u00e1 od <strong>Listopad 2023<\/strong>.<\/p>","protected":false},"excerpt":{"rendered":"<p>A sua privacidade \u00e9 importante para n\u00f3s. \u00c9 pol\u00edtica do MobilePric respeitar a sua privacidade em rela\u00e7\u00e3o a qualquer informa\u00e7\u00e3o sua que possamos coletar no site\u00a0MobilePric, e outros sites que possu\u00edmos e operamos. Solicitamos informa\u00e7\u00f5es pessoais apenas quando realmente precisamos delas para lhe fornecer um servi\u00e7o. Fazemo-lo por meios justos e legais, com o seu [&hellip;]<\/p>\n","protected":false},"author":2,"featured_media":0,"parent":0,"menu_order":0,"comment_status":"closed","ping_status":"closed","template":"","meta":{"footnotes":""},"class_list":["post-24240","page","type-page","status-publish"],"_links":{"self":[{"href":"https:\/\/ccvgaming.com\/cs\/wp-json\/wp\/v2\/pages\/24240","targetHints":{"allow":["GET"]}}],"collection":[{"href":"https:\/\/ccvgaming.com\/cs\/wp-json\/wp\/v2\/pages"}],"about":[{"href":"https:\/\/ccvgaming.com\/cs\/wp-json\/wp\/v2\/types\/page"}],"author":[{"embeddable":true,"href":"https:\/\/ccvgaming.com\/cs\/wp-json\/wp\/v2\/users\/2"}],"replies":[{"embeddable":true,"href":"https:\/\/ccvgaming.com\/cs\/wp-json\/wp\/v2\/comments?post=24240"}],"version-history":[{"count":0,"href":"https:\/\/ccvgaming.com\/cs\/wp-json\/wp\/v2\/pages\/24240\/revisions"}],"wp:attachment":[{"href":"https:\/\/ccvgaming.com\/cs\/wp-json\/wp\/v2\/media?parent=24240"}],"curies":[{"name":"wp","href":"https:\/\/api.w.org\/{rel}","templated":true}]}}