{"id":24242,"date":"2023-11-10T10:40:11","date_gmt":"2023-11-10T13:40:11","guid":{"rendered":"https:\/\/acertarnacompra.com.br\/?page_id=24242"},"modified":"2023-11-27T21:58:44","modified_gmt":"2023-11-28T00:58:44","slug":"podminky-pouziti","status":"publish","type":"page","link":"https:\/\/ccvgaming.com\/cs\/termos-de-uso\/","title":{"rendered":"Podm\u00ednky pou\u017eit\u00ed"},"content":{"rendered":"<p>Podm\u00ednky pou\u017eit\u00ed<\/p>\n<p>V\u00edtejte na MobilePrice BR!<\/p>\n<p>Tyto obchodn\u00ed podm\u00ednky popisuj\u00ed pravidla pro pou\u017e\u00edv\u00e1n\u00ed webov\u00fdch str\u00e1nek spole\u010dnosti MobilePrice BR, kter\u00e9 se nach\u00e1zej\u00ed na adrese https:\/\/ccvgaming.com\/.<\/p>\n<p>P\u0159\u00edstupem na tyto webov\u00e9 str\u00e1nky souhlas\u00edte s n\u00ed\u017ee uveden\u00fdmi podm\u00ednkami. Pokud s podm\u00ednkami popsan\u00fdmi v t\u00e9to smlouv\u011b nesouhlas\u00edte, nepokra\u010dujte v pou\u017e\u00edv\u00e1n\u00ed MobilePrice BR.<\/p>\n<h2>Soubory cookie<\/h2>\n<p>Tyto webov\u00e9 str\u00e1nky pou\u017e\u00edvaj\u00ed soubory cookie, kter\u00e9 pom\u00e1haj\u00ed personalizovat v\u00e1\u0161 online z\u00e1\u017eitek. P\u0159\u00edstupem na webov\u00e9 str\u00e1nky MobilePrice BR souhlas\u00edte s pou\u017e\u00edv\u00e1n\u00edm po\u017eadovan\u00fdch soubor\u016f cookie.<\/p>\n<p>Soubory cookie jsou textov\u00e9 soubory, kter\u00e9 na v\u00e1\u0161 pevn\u00fd disk umis\u0165uje webov\u00fd server. Soubory cookie nesm\u011bj\u00ed spou\u0161t\u011bt programy ani p\u0159en\u00e1\u0161et viry do va\u0161eho po\u010d\u00edta\u010de. Soubory cookie jsou jedine\u010dn\u011b spojeny s v\u00e1mi a m\u016f\u017ee je \u010d\u00edst pouze webov\u00fd server dom\u00e9ny, kter\u00e1 soubor cookie vydala.<\/p>\n<p>Na na\u0161ich webov\u00fdch str\u00e1nk\u00e1ch m\u016f\u017eeme pou\u017e\u00edvat soubory cookie ke shroma\u017e\u010fov\u00e1n\u00ed, ukl\u00e1d\u00e1n\u00ed nebo sledov\u00e1n\u00ed informac\u00ed pro statistick\u00e9 a marketingov\u00e9 \u00fa\u010dely. Voliteln\u00e9 soubory cookie m\u016f\u017eete p\u0159ijmout nebo odm\u00edtnout. Existuj\u00ed i povinn\u00e9 soubory cookie, kter\u00e9 jsou nezbytn\u00e9 pro provoz na\u0161ich webov\u00fdch str\u00e1nek. Tyto povinn\u00e9 soubory cookie vy\u017eaduj\u00ed v\u00e1\u0161 souhlas. M\u011bjte pros\u00edm na pam\u011bti, \u017ee p\u0159ijet\u00edm povinn\u00fdch soubor\u016f cookie z\u00e1rove\u0148 p\u0159ij\u00edm\u00e1te soubory cookie t\u0159et\u00edch stran, kter\u00e9 mohou t\u0159et\u00ed strany pou\u017e\u00edvat, pokud na na\u0161ich webov\u00fdch str\u00e1nk\u00e1ch vyu\u017e\u00edv\u00e1te slu\u017eby, kter\u00e9 poskytuj\u00ed \u2013 nap\u0159\u00edklad okno pro p\u0159ehr\u00e1v\u00e1n\u00ed videa poskytovan\u00e9 spole\u010dnostmi t\u0159et\u00edch stran a integrovan\u00e9 do na\u0161ich webov\u00fdch str\u00e1nek.<\/p>\n<h2>Licence<\/h2>\n<p>Nen\u00ed-li uvedeno jinak, vlastn\u00ed MobilePric BR a jej\u00ed poskytovatel\u00e9 licenc\u00ed pr\u00e1va du\u0161evn\u00edho vlastnictv\u00ed k ve\u0161ker\u00e9mu materi\u00e1lu zve\u0159ejn\u011bn\u00e9mu na MobilePric BR. Ve\u0161ker\u00e1 pr\u00e1va du\u0161evn\u00edho vlastnictv\u00ed jsou vyhrazena.<\/p>\n<h2>Nen\u00ed v\u00e1m dovoleno:<\/h2>\n<p>Kop\u00edrov\u00e1n\u00ed nebo op\u011btovn\u00e9 publikov\u00e1n\u00ed materi\u00e1l\u016f z MobilePrice BR<br \/>\nProdej, pron\u00e1jem nebo podn\u00e1jem materi\u00e1l\u016f od MobilePrice BR<br \/>\nReprodukce, duplikace nebo kop\u00edrov\u00e1n\u00ed materi\u00e1l\u016f z MobilePrice BR je zak\u00e1z\u00e1no.<br \/>\nRedistribuovat obsah z MobilePrice BR.<\/p>\n<h3>Tato Smlouva nab\u00fdv\u00e1 \u00fa\u010dinnosti dnem jej\u00edho uzav\u0159en\u00ed.<\/h3>\n<p>\u010c\u00e1sti t\u011bchto webov\u00fdch str\u00e1nek nab\u00edzej\u00ed u\u017eivatel\u016fm mo\u017enost zve\u0159ej\u0148ovat a diskutovat o n\u00e1zorech a informac\u00edch v konkr\u00e9tn\u00edch oblastech. MobilePric BR nefiltruje, neupravuje, nezve\u0159ej\u0148uje ani nekontroluje koment\u00e1\u0159e p\u0159ed jejich zve\u0159ejn\u011bn\u00edm na webov\u00fdch str\u00e1nk\u00e1ch. Koment\u00e1\u0159e odr\u00e1\u017eej\u00ed n\u00e1zory osoby, kter\u00e1 je zve\u0159ej\u0148uje. V rozsahu povolen\u00e9m platn\u00fdmi pr\u00e1vn\u00edmi p\u0159edpisy nenese MobilePric BR pr\u00e1vn\u00ed odpov\u011bdnost za koment\u00e1\u0159e ani za jak\u00e9koli \u0161kody, rizika \u010di v\u00fddaje zp\u016fsoben\u00e9 nebo vznikl\u00e9 v d\u016fsledku pou\u017e\u00edv\u00e1n\u00ed a\/nebo zve\u0159ejn\u011bn\u00ed a\/nebo zobrazen\u00ed koment\u00e1\u0159\u016f na t\u011bchto webov\u00fdch str\u00e1nk\u00e1ch.<\/p>\n<p>MobilePrice BR si vyhrazuje pr\u00e1vo odstranit jak\u00e9koli koment\u00e1\u0159e, kter\u00e9 mohou b\u00fdt pova\u017eov\u00e1ny za nevhodn\u00e9, ur\u00e1\u017eliv\u00e9 nebo poru\u0161uj\u00edc\u00ed Smluvn\u00ed podm\u00ednky t\u00e9to smlouvy.<\/p>\n<h3>Prohla\u0161ujete a zaru\u010dujete, \u017ee:<\/h3>\n<p>M\u00e1te pr\u00e1vo zve\u0159ej\u0148ovat koment\u00e1\u0159e na na\u0161ich webov\u00fdch str\u00e1nk\u00e1ch a m\u00e1te k tomu ve\u0161ker\u00e9 pot\u0159ebn\u00e9 licence a souhlasy;<br \/>\nVa\u0161e koment\u00e1\u0159e neporu\u0161uj\u00ed \u017e\u00e1dn\u00e1 du\u0161evn\u00ed vlastnictv\u00ed, v\u010detn\u011b autorsk\u00fdch pr\u00e1v, patent\u016f nebo ochrann\u00fdch zn\u00e1mek t\u0159et\u00edch stran;<br \/>\nVa\u0161e koment\u00e1\u0159e neobsahuj\u00ed hanliv\u00fd, pomlouva\u010dn\u00fd, ur\u00e1\u017eliv\u00fd, nemravn\u00fd ani jinak nez\u00e1konn\u00fd materi\u00e1l, kter\u00fd p\u0159edstavuje naru\u0161en\u00ed soukrom\u00ed.<br \/>\nVa\u0161e koment\u00e1\u0159e nebudou pou\u017eity k podomn\u00edmu prodeji ani k propagaci podnik\u00e1n\u00ed ani k prezentaci komer\u010dn\u00edch \u010di nez\u00e1konn\u00fdch aktivit.<\/p>\n<p>T\u00edmto ud\u011blujete spole\u010dnosti MobilePric BR nev\u00fdhradn\u00ed licenci k pou\u017e\u00edv\u00e1n\u00ed, reprodukci, \u00faprav\u00e1m a zmoc\u0148ov\u00e1n\u00ed ostatn\u00edch k pou\u017e\u00edv\u00e1n\u00ed, reprodukci nebo \u00faprav\u00e1m jak\u00fdchkoli va\u0161ich koment\u00e1\u0159\u016f v jak\u00e9koli form\u011b, form\u00e1tu a m\u00e9di\u00edch.<\/p>\n<h2>Vytv\u00e1\u0159en\u00ed odkaz\u016f na n\u00e1\u0161 obsah<\/h2>\n<p>N\u00e1sleduj\u00edc\u00ed organizace mohou odkazovat na na\u0161e str\u00e1nky bez nutnosti p\u0159edchoz\u00edho p\u00edsemn\u00e9ho souhlasu:<\/p>\n<ul>\n<li>Vl\u00e1dn\u00ed agentury;<\/li>\n<li>Vyhled\u00e1va\u010de;<\/li>\n<li>Medi\u00e1ln\u00ed organizace;<\/li>\n<li>Distributo\u0159i online adres\u00e1\u0159\u016f mohou vkl\u00e1dat odkazy na na\u0161e str\u00e1nky stejn\u00fdm zp\u016fsobem, jako vkl\u00e1daj\u00ed hypertextov\u00e9 odkazy na str\u00e1nky jin\u00fdch spole\u010dnost\u00ed uveden\u00fdch na seznamu;<\/li>\n<li>Akreditovan\u00e9 firmy, s v\u00fdjimkou neziskov\u00fdch fundraisingov\u00fdch organizac\u00ed a charitativn\u00edch fundraisingov\u00fdch skupin, nesm\u00ed vkl\u00e1dat odkazy na na\u0161e str\u00e1nky bez p\u0159edchoz\u00edho souhlasu.<\/li>\n<\/ul>\n<p>Tyto organizace mohou zve\u0159ej\u0148ovat odkazy na na\u0161i domovskou str\u00e1nku, na\u0161e publikace nebo jin\u00e9 informace z webu, pokud odkaz: (a) nen\u00ed \u017e\u00e1dn\u00fdm zp\u016fsobem zav\u00e1d\u011bj\u00edc\u00ed; (b) neimplikuje fale\u0161n\u011b existenci sponzorsk\u00e9ho, schvalovac\u00edho nebo schvalovac\u00edho vztahu mezi n\u00e1mi a jak\u00fdmikoli produkty a\/nebo slu\u017ebami; a (c) je vhodn\u00fd pro kontext, ve kter\u00e9m je vkl\u00e1d\u00e1n.<\/p>\n<p><strong>M\u016f\u017eeme posoudit a schv\u00e1lit \u017e\u00e1dosti o propojen\u00ed podan\u00e9 n\u00e1sleduj\u00edc\u00edmi typy organizac\u00ed:<\/strong><\/p>\n<ul>\n<li>zn\u00e1m\u00e9 zdroje informac\u00ed o produktech a firm\u00e1ch;<\/li>\n<li>Komunitn\u00ed str\u00e1nky te\u010dka.com;<\/li>\n<li>sdru\u017een\u00ed a dal\u0161\u00ed skupiny, kter\u00e9 zastupuj\u00ed charitativn\u00ed instituce;<\/li>\n<li>distributo\u0159i online adres\u00e1\u0159\u016f;<br \/>\ninternetov\u00e9 port\u00e1ly;<\/li>\n<li>\u00da\u010detn\u00ed, pr\u00e1vnick\u00e9 a poradensk\u00e9 firmy a vzd\u011bl\u00e1vac\u00ed instituce a profesn\u00ed sdru\u017een\u00ed.<\/li>\n<\/ul>\n<p>\u017d\u00e1dosti o odkazy podan\u00e9 v\u00fd\u0161e uveden\u00fdmi typy organizac\u00ed schv\u00e1l\u00edme, pokud usoud\u00edme, \u017ee: (a) odkaz nepo\u0161kozuje na\u0161i image a\/nebo image akreditovan\u00fdch spole\u010dnost\u00ed; (b) \u017e\u00e1daj\u00edc\u00ed organizace u n\u00e1s nem\u00e1 negativn\u00ed historii; (c) v\u00fdhoda, kterou z\u00edsk\u00e1me z viditelnosti odkazu, kompenzuje absenci MobilePric BR; a (d) odkaz bude vlo\u017een do obecn\u00e9ho informativn\u00edho kontextu.<\/p>\n<p>Tyto organizace mohou zve\u0159ej\u0148ovat odkazy na na\u0161i domovskou str\u00e1nku za p\u0159edpokladu, \u017ee odkaz: (a) nen\u00ed \u017e\u00e1dn\u00fdm zp\u016fsobem zav\u00e1d\u011bj\u00edc\u00ed; (b) neimplikuje myln\u011b existenci sponzorsk\u00e9ho, schvalovac\u00edho nebo propaga\u010dn\u00edho vztahu k produkt\u016fm a\/nebo slu\u017eb\u00e1m z na\u0161\u00ed strany; a (c) je vhodn\u00fd pro kontext, ve kter\u00e9m je vkl\u00e1d\u00e1n.<\/p>\n<p>Pokud zastupujete jednu z organizac\u00ed uveden\u00fdch v odstavci 2 v\u00fd\u0161e a m\u00e1te z\u00e1jem o zve\u0159ejn\u011bn\u00ed odkazu na na\u0161e webov\u00e9 str\u00e1nky, m\u011bli byste n\u00e1s o sv\u00e9m z\u00e1jmu informovat zasl\u00e1n\u00edm e-mailu na adresu MobilePrice BR. Uve\u010fte pros\u00edm sv\u00e9 jm\u00e9no, n\u00e1zev a kontaktn\u00ed \u00fadaje va\u0161\u00ed organizace, adresu URL va\u0161ich webov\u00fdch str\u00e1nek, seznam adres URL na na\u0161ich webov\u00fdch str\u00e1nk\u00e1ch, kter\u00e9 chcete pou\u017e\u00edt jako odkazy, a seznam webov\u00fdch str\u00e1nek, na kter\u00fdch chcete na\u0161e adresy URL publikovat. Odpov\u011b\u010f m\u016f\u017ee trvat 2\u20133 t\u00fddny.<\/p>\n<p><strong>Schv\u00e1len\u00e9 organizace mohou zve\u0159ej\u0148ovat odkazy na na\u0161e str\u00e1nky n\u00e1sleduj\u00edc\u00edmi zp\u016fsoby:<\/strong><\/p>\n<ul>\n<li>Pou\u017e\u00edv\u00e1n\u00ed na\u0161\u00ed firemn\u00ed zna\u010dky; nebo<\/li>\n<li>Pou\u017eit\u00ed adresy URL, na kterou odkaz p\u0159esm\u011brov\u00e1v\u00e1; nebo<\/li>\n<li>Pou\u017eit\u00ed jak\u00e9hokoli jin\u00e9ho popisu na\u0161ich str\u00e1nek, kter\u00fd d\u00e1v\u00e1 smysl v kontextu a form\u00e1tu obsahu, kam je odkaz vkl\u00e1d\u00e1n.<\/li>\n<\/ul>\n<p>Pou\u017eit\u00ed nebo zve\u0159ej\u0148ov\u00e1n\u00ed odkaz\u016f na logo MobilePric BR a\/nebo jin\u00e9 vizu\u00e1ln\u00ed prvky nen\u00ed povoleno bez licen\u010dn\u00ed smlouvy na ochrannou zn\u00e1mku.<\/p>\n<h3>Odpov\u011bdnost za obsah<\/h3>\n<p>Neneseme pr\u00e1vn\u00ed odpov\u011bdnost za \u017e\u00e1dn\u00fd obsah, kter\u00fd se objev\u00ed na va\u0161ich str\u00e1nk\u00e1ch. Souhlas\u00edte s t\u00edm, \u017ee n\u00e1s budete chr\u00e1nit a br\u00e1nit p\u0159ed v\u0161emi n\u00e1roky vznesen\u00fdmi na va\u0161ich str\u00e1nk\u00e1ch. Na \u017e\u00e1dn\u00fdch str\u00e1nk\u00e1ch by se nem\u011bl objevovat \u017e\u00e1dn\u00fd odkaz, kter\u00fd by mohl b\u00fdt interpretov\u00e1n jako hanliv\u00fd, obsc\u00e9nn\u00ed, trestn\u00fd nebo kter\u00fd poru\u0161uje, naru\u0161uje nebo obhajuje poru\u0161ov\u00e1n\u00ed pr\u00e1v t\u0159et\u00edch stran.<\/p>\n<h3>V\u00fdhrada pr\u00e1v<\/h3>\n<p>Vyhrazujeme si pr\u00e1vo po\u017e\u00e1dat v\u00e1s o odstran\u011bn\u00ed v\u0161ech odkaz\u016f nebo odkaz\u016f, kter\u00e9 sm\u011b\u0159uj\u00ed na na\u0161e webov\u00e9 str\u00e1nky. Souhlas\u00edte s t\u00edm, \u017ee na po\u017e\u00e1d\u00e1n\u00ed o odstran\u011bn\u00ed okam\u017eit\u011b odstran\u00edte v\u0161echny odkazy na na\u0161e webov\u00e9 str\u00e1nky. Vyhrazujeme si tak\u00e9 pr\u00e1vo kdykoli opravit a zm\u011bnit tyto podm\u00ednky. Neust\u00e1l\u00fdm zve\u0159ej\u0148ov\u00e1n\u00edm odkaz\u016f na na\u0161e webov\u00e9 str\u00e1nky souhlas\u00edte s t\u00edm, \u017ee budete v\u00e1z\u00e1ni t\u011bmito podm\u00ednkami t\u00fdkaj\u00edc\u00edmi se odkaz\u016f.<\/p>\n<h3>Odstran\u011bn\u00ed odkaz\u016f zve\u0159ejn\u011bn\u00fdch na na\u0161ich webov\u00fdch str\u00e1nk\u00e1ch<\/h3>\n<p>Pokud na na\u0161ich str\u00e1nk\u00e1ch najdete jak\u00fdkoli odkaz, kter\u00fd je jakkoli ur\u00e1\u017eliv\u00fd, m\u016f\u017eete n\u00e1s kdykoli kontaktovat a informovat n\u00e1s o probl\u00e9mu. \u017d\u00e1dosti o odstran\u011bn\u00ed odkaz\u016f zv\u00e1\u017e\u00edme, ale nejsme povinni odstranit jak\u00e9koli odkazy z na\u0161ich str\u00e1nek ani na va\u0161i \u017e\u00e1dost p\u0159\u00edmo reagovat.<\/p>\n<p>Nezaru\u010dujeme, \u017ee informace obsa\u017een\u00e9 na t\u011bchto str\u00e1nk\u00e1ch jsou spr\u00e1vn\u00e9. Nezaru\u010dujeme \u00faplnost ani p\u0159esnost obsahu. Nezaru\u010dujeme, \u017ee str\u00e1nky z\u016fstanou dostupn\u00e9 ani \u017ee materi\u00e1ly na str\u00e1nk\u00e1ch z\u016fstanou aktu\u00e1ln\u00ed.<\/p>\n<h3>Z\u0159eknut\u00ed se odpov\u011bdnosti<\/h3>\n<p>V maxim\u00e1ln\u00edm rozsahu povolen\u00e9m z\u00e1konem vylu\u010dujeme ve\u0161ker\u00e1 prohl\u00e1\u0161en\u00ed, z\u00e1ruky a podm\u00ednky t\u00fdkaj\u00edc\u00ed se na\u0161ich webov\u00fdch str\u00e1nek a jejich pou\u017e\u00edv\u00e1n\u00ed. Nic v tomto prohl\u00e1\u0161en\u00ed o vylou\u010den\u00ed odpov\u011bdnosti nebude:<\/p>\n<ul>\n<li>omezit nebo vylou\u010dit na\u0161i odpov\u011bdnost nebo va\u0161i odpov\u011bdnost za smrt nebo \u00fajmu na zdrav\u00ed;<\/li>\n<li>omezit nebo vylou\u010dit na\u0161i odpov\u011bdnost nebo va\u0161i odpov\u011bdnost za podvod nebo podvodn\u00e9 uveden\u00ed v omyl;<\/li>\n<li>omezit na\u0161i odpov\u011bdnost nebo va\u0161i odpov\u011bdnost jak\u00fdmikoli zp\u016fsoby, kter\u00e9 nejsou povoleny z\u00e1konem;<\/li>\n<li>vylou\u010dit jak\u00e9koli va\u0161e nebo na\u0161e z\u00e1vazky, kter\u00e9 nelze vylou\u010dit podle platn\u00fdch pr\u00e1vn\u00edch p\u0159edpis\u016f.<\/li>\n<\/ul>\n<p>Omezen\u00ed a vylou\u010den\u00ed odpov\u011bdnosti uveden\u00e1 v tomto odd\u00edle a jinde v tomto prohl\u00e1\u0161en\u00ed: (a) podl\u00e9haj\u00ed p\u0159edchoz\u00edmu odstavci; a (b) upravuj\u00ed ve\u0161ker\u00e9 z\u00e1vazky vypl\u00fdvaj\u00edc\u00ed z tohoto prohl\u00e1\u0161en\u00ed, v\u010detn\u011b z\u00e1vazk\u016f vypl\u00fdvaj\u00edc\u00edch ze smlouvy, z ob\u010danskopr\u00e1vn\u00edho deliktu a z poru\u0161en\u00ed z\u00e1konn\u00e9 povinnosti.<\/p>\n<p>Dokud jsou webov\u00e9 str\u00e1nky a informace a slu\u017eby na nich poskytovan\u00e9 nab\u00edzeny zdarma, neneseme odpov\u011bdnost za ztr\u00e1ty ani \u0161kody jak\u00e9hokoli druhu.<\/p>","protected":false},"excerpt":{"rendered":"<p>Termos e Condi\u00e7\u00f5es de Uso Seja bem-vindo ao MobilePric BR! Estes termos e condi\u00e7\u00f5es descrevem as regras de uso do site da empresa MobilePric BR, localizado no endere\u00e7o https:\/\/ccvgaming.com\/. Ao acessar este site, consideramos que voc\u00ea est\u00e1 de acordo com os termos e condi\u00e7\u00f5es abaixo. N\u00e3o continue a usar o MobilePric BR caso voc\u00ea discorde [&hellip;]<\/p>\n","protected":false},"author":2,"featured_media":0,"parent":0,"menu_order":0,"comment_status":"closed","ping_status":"closed","template":"","meta":{"footnotes":""},"class_list":["post-24242","page","type-page","status-publish"],"_links":{"self":[{"href":"https:\/\/ccvgaming.com\/cs\/wp-json\/wp\/v2\/pages\/24242","targetHints":{"allow":["GET"]}}],"collection":[{"href":"https:\/\/ccvgaming.com\/cs\/wp-json\/wp\/v2\/pages"}],"about":[{"href":"https:\/\/ccvgaming.com\/cs\/wp-json\/wp\/v2\/types\/page"}],"author":[{"embeddable":true,"href":"https:\/\/ccvgaming.com\/cs\/wp-json\/wp\/v2\/users\/2"}],"replies":[{"embeddable":true,"href":"https:\/\/ccvgaming.com\/cs\/wp-json\/wp\/v2\/comments?post=24242"}],"version-history":[{"count":0,"href":"https:\/\/ccvgaming.com\/cs\/wp-json\/wp\/v2\/pages\/24242\/revisions"}],"wp:attachment":[{"href":"https:\/\/ccvgaming.com\/cs\/wp-json\/wp\/v2\/media?parent=24242"}],"curies":[{"name":"wp","href":"https:\/\/api.w.org\/{rel}","templated":true}]}}