{"id":24245,"date":"2023-11-10T10:41:36","date_gmt":"2023-11-10T13:41:36","guid":{"rendered":"https:\/\/acertarnacompra.com.br\/?page_id=24245"},"modified":"2025-10-08T14:20:06","modified_gmt":"2025-10-08T17:20:06","slug":"kontakt","status":"publish","type":"page","link":"https:\/\/ccvgaming.com\/cs\/contato\/","title":{"rendered":"Kontakt"},"content":{"rendered":"<p>R\u00e1di od v\u00e1s usly\u0161\u00edme! Pokud m\u00e1te jak\u00e9koli dotazy, n\u00e1vrhy nebo si jen chcete vym\u011bnit n\u00e1pady, nev\u00e1hejte n\u00e1s kontaktovat.<\/p>\n<p>Pou\u017eijte n\u00ed\u017ee uveden\u00fd formul\u00e1\u0159 nebo n\u00e1m po\u0161lete e-mail.<\/p>\n<p>T\u011b\u0161\u00edme se na nav\u00e1z\u00e1n\u00ed kontakt\u016f a budeme reagovat co nejd\u0159\u00edve.<\/p>\n\n<div class=\"wpcf7 no-js\" id=\"wpcf7-f24244-o1\" lang=\"pt-BR\" dir=\"ltr\" data-wpcf7-id=\"24244\">\n<div class=\"screen-reader-response\"><p role=\"status\" aria-live=\"polite\" aria-atomic=\"true\"><\/p> <ul><\/ul><\/div>\n<form action=\"\/cs\/wp-json\/wp\/v2\/pages\/24245#wpcf7-f24244-o1\" method=\"post\" class=\"wpcf7-form init\" aria-label=\"Formul\u00e1rios de contato\" novalidate=\"novalidate\" data-status=\"init\" data-trp-original-action=\"\/cs\/wp-json\/wp\/v2\/pages\/24245#wpcf7-f24244-o1\">\n<fieldset class=\"hidden-fields-container\"><input type=\"hidden\" name=\"_wpcf7\" value=\"24244\" \/><input type=\"hidden\" name=\"_wpcf7_version\" value=\"6.1.5\" \/><input type=\"hidden\" name=\"_wpcf7_locale\" value=\"pt_BR\" \/><input type=\"hidden\" name=\"_wpcf7_unit_tag\" value=\"wpcf7-f24244-o1\" \/><input type=\"hidden\" name=\"_wpcf7_container_post\" value=\"0\" \/><input type=\"hidden\" name=\"_wpcf7_posted_data_hash\" value=\"\" \/>\n<\/fieldset>\n<p><label> Va\u0161e jm\u00e9no<br \/>\n<span class=\"wpcf7-form-control-wrap\" data-name=\"your-name\"><input size=\"40\" maxlength=\"400\" class=\"wpcf7-form-control wpcf7-text wpcf7-validates-as-required\" autocomplete=\"name\" aria-required=\"true\" aria-invalid=\"false\" value=\"\" type=\"text\" name=\"your-name\" \/><\/span> <\/label>\n<\/p>\n<p><label> V\u00e1\u0161 e-mail<br \/>\n<span class=\"wpcf7-form-control-wrap\" data-name=\"your-email\"><input size=\"40\" maxlength=\"400\" class=\"wpcf7-form-control wpcf7-email wpcf7-validates-as-required wpcf7-text wpcf7-validates-as-email\" autocomplete=\"email\" aria-required=\"true\" aria-invalid=\"false\" value=\"\" type=\"email\" name=\"your-email\" \/><\/span> <\/label>\n<\/p>\n<p><label> Podrobit<br \/>\n<span class=\"wpcf7-form-control-wrap\" data-name=\"your-subject\"><input size=\"40\" maxlength=\"400\" class=\"wpcf7-form-control wpcf7-text wpcf7-validates-as-required\" aria-required=\"true\" aria-invalid=\"false\" value=\"\" type=\"text\" name=\"your-subject\" \/><\/span> <\/label>\n<\/p>\n<p><label> Va\u0161e zpr\u00e1va (voliteln\u00e9)<br \/>\n<span class=\"wpcf7-form-control-wrap\" data-name=\"your-message\"><textarea cols=\"40\" rows=\"10\" maxlength=\"2000\" class=\"wpcf7-form-control wpcf7-textarea\" aria-invalid=\"false\" name=\"your-message\"><\/textarea><\/span> <\/label>\n<\/p>\n<p><input class=\"wpcf7-form-control wpcf7-submit has-spinner\" type=\"submit\" value=\"Odeslat\" \/>\n<\/p><div class=\"wpcf7-response-output\" aria-hidden=\"true\"><\/div>\n<input type=\"hidden\" name=\"trp-form-language\" value=\"cs\"\/><\/form>\n<\/div>","protected":false},"excerpt":{"rendered":"<p>Ficamos felizes em ouvir de voc\u00ea! Se tiver d\u00favidas, sugest\u00f5es ou apenas quiser trocar ideias, n\u00e3o hesite em nos contatar. Utilize o formul\u00e1rio abaixo ou envie-nos um e-mail. Estamos ansiosos para estabelecer conex\u00f5es e responderemos o mais r\u00e1pido poss\u00edvel.<\/p>","protected":false},"author":2,"featured_media":0,"parent":0,"menu_order":0,"comment_status":"closed","ping_status":"closed","template":"","meta":{"footnotes":""},"class_list":["post-24245","page","type-page","status-publish"],"_links":{"self":[{"href":"https:\/\/ccvgaming.com\/cs\/wp-json\/wp\/v2\/pages\/24245","targetHints":{"allow":["GET"]}}],"collection":[{"href":"https:\/\/ccvgaming.com\/cs\/wp-json\/wp\/v2\/pages"}],"about":[{"href":"https:\/\/ccvgaming.com\/cs\/wp-json\/wp\/v2\/types\/page"}],"author":[{"embeddable":true,"href":"https:\/\/ccvgaming.com\/cs\/wp-json\/wp\/v2\/users\/2"}],"replies":[{"embeddable":true,"href":"https:\/\/ccvgaming.com\/cs\/wp-json\/wp\/v2\/comments?post=24245"}],"version-history":[{"count":1,"href":"https:\/\/ccvgaming.com\/cs\/wp-json\/wp\/v2\/pages\/24245\/revisions"}],"predecessor-version":[{"id":25212,"href":"https:\/\/ccvgaming.com\/cs\/wp-json\/wp\/v2\/pages\/24245\/revisions\/25212"}],"wp:attachment":[{"href":"https:\/\/ccvgaming.com\/cs\/wp-json\/wp\/v2\/media?parent=24245"}],"curies":[{"name":"wp","href":"https:\/\/api.w.org\/{rel}","templated":true}]}}