{"id":24632,"date":"2023-11-22T10:03:19","date_gmt":"2023-11-22T13:03:19","guid":{"rendered":"https:\/\/acertarnacompra.com.br\/?page_id=24632"},"modified":"2023-11-22T10:03:19","modified_gmt":"2023-11-22T13:03:19","slug":"dmca","status":"publish","type":"page","link":"https:\/\/ccvgaming.com\/cs\/dmca\/","title":{"rendered":"DMCA"},"content":{"rendered":"<p><strong>Z\u00e1sady autorsk\u00fdch pr\u00e1v \u2013 DMCA<\/strong><\/p>\n<p><strong>Prohl\u00e1\u0161en\u00ed o shod\u011b<\/strong><\/p>\n<p>MobilePric BR respektuje autorsk\u00e1 pr\u00e1va a dodr\u017euje ustanoven\u00ed z\u00e1kona Digital Millennium Copyright Act (\u201cDMCA\u201d). MobilePric BR m\u016f\u017ee za ur\u010dit\u00fdch okolnost\u00ed a dle vlastn\u00edho uv\u00e1\u017een\u00ed deaktivovat a\/nebo ukon\u010dit \u00fa\u010dty u\u017eivatel\u016f, kte\u0159\u00ed opakovan\u011b poru\u0161uj\u00ed nebo jsou pova\u017eov\u00e1ni za poru\u0161uj\u00edc\u00ed autorsk\u00e1 pr\u00e1va.<\/p>\n<p><strong>Postup ozn\u00e1men\u00ed poru\u0161en\u00ed autorsk\u00fdch pr\u00e1v<\/strong><\/p>\n<p>Pokud se domn\u00edv\u00e1te, \u017ee va\u0161e d\u00edlo chr\u00e1n\u011bn\u00e9 autorsk\u00fdmi pr\u00e1vy bylo reprodukov\u00e1no zp\u016fsobem, kter\u00fd p\u0159edstavuje poru\u0161en\u00ed autorsk\u00fdch pr\u00e1v, a je dostupn\u00e9 na t\u011bchto webov\u00fdch str\u00e1nk\u00e1ch, m\u016f\u017eete o tom informovat na\u0161eho ur\u010den\u00e9ho z\u00e1stupce v souladu s postupem stanoven\u00fdm z\u00e1konem DMCA. Aby bylo ozn\u00e1men\u00ed \u00fa\u010dinn\u00e9, mus\u00ed obsahovat:<\/p>\n<ol>\n<li>Identifikace d\u00edla chr\u00e1n\u011bn\u00e9ho autorsk\u00fdm pr\u00e1vem, u kter\u00e9ho bylo \u00fadajn\u011b poru\u0161eno autorsk\u00e9 pr\u00e1vo, nebo pokud se jedno ozn\u00e1men\u00ed t\u00fdk\u00e1 v\u00edce d\u011bl chr\u00e1n\u011bn\u00fdch autorsk\u00fdm pr\u00e1vem na jednom online webu, reprezentativn\u00ed seznam takov\u00fdch d\u011bl na dan\u00e9m webu.<\/li>\n<li>Identifikace materi\u00e1lu, o kter\u00e9m se tvrd\u00ed, \u017ee poru\u0161uje autorsk\u00e1 pr\u00e1va nebo je p\u0159edm\u011btem poru\u0161ov\u00e1n\u00ed a kter\u00fd m\u00e1 b\u00fdt odstran\u011bn nebo k n\u011bmu\u017e m\u00e1 b\u00fdt znemo\u017en\u011bn p\u0159\u00edstup, a informace p\u0159im\u011b\u0159en\u011b dostate\u010dn\u00e9 k tomu, aby poskytovatel slu\u017eeb mohl materi\u00e1l naj\u00edt.<\/li>\n<li>Informace p\u0159im\u011b\u0159en\u011b dostate\u010dn\u00e9 k tomu, aby poskytovatel slu\u017eeb mohl kontaktovat st\u011b\u017eovatele, jako je adresa, telefonn\u00ed \u010d\u00edslo a pokud je k dispozici, e-mailov\u00e1 adresa, na kter\u00e9 lze st\u011b\u017eovatele kontaktovat.<\/li>\n<li>Prohl\u00e1\u0161en\u00ed, \u017ee st\u011b\u017eovatel se v dobr\u00e9 v\u00ed\u0159e domn\u00edv\u00e1, \u017ee pou\u017eit\u00ed materi\u00e1lu zp\u016fsobem, na kter\u00fd je st\u011b\u017eovatel pod\u00e1v\u00e1n, nen\u00ed povoleno vlastn\u00edkem autorsk\u00fdch pr\u00e1v, jeho z\u00e1stupcem ani z\u00e1konem.<\/li>\n<li>Prohl\u00e1\u0161en\u00ed, \u017ee informace v ozn\u00e1men\u00ed jsou p\u0159esn\u00e9 a \u017ee je \u017ealobce pod trestem k\u0159iv\u00e9 p\u0159\u00edsahy opr\u00e1vn\u011bn jednat jm\u00e9nem vlastn\u00edka v\u00fdhradn\u00edho pr\u00e1va, kter\u00e9 je \u00fadajn\u011b poru\u0161ov\u00e1no.<\/li>\n<\/ol>\n<p><strong>Opat\u0159en\u00ed, kter\u00e1 je t\u0159eba podniknout v p\u0159\u00edpad\u011b ozn\u00e1men\u00ed o p\u0159estupku.<\/strong><\/p>\n<p>Po obdr\u017een\u00ed platn\u00e9ho ozn\u00e1men\u00ed o poru\u0161en\u00ed autorsk\u00fdch pr\u00e1v se spole\u010dnost MobilePric BR vynasna\u017e\u00ed podniknout p\u0159im\u011b\u0159en\u00e9 kroky k odstran\u011bn\u00ed poru\u0161uj\u00edc\u00edho materi\u00e1lu a upozorn\u00ed u\u017eivatele odpov\u011bdn\u00e9ho za nahr\u00e1n\u00ed obsahu. Spole\u010dnost MobilePric BR m\u016f\u017ee dle vlastn\u00edho uv\u00e1\u017een\u00ed tak\u00e9 ukon\u010dit \u00fa\u010det dan\u00e9ho u\u017eivatele, pokud to pova\u017euje za vhodn\u00e9.<\/p>\n<p><strong>Kontakt<\/strong><\/p>\n<p>Pokud chcete podat ozn\u00e1men\u00ed o poru\u0161en\u00ed autorsk\u00fdch pr\u00e1v, kontaktujte n\u00e1s pros\u00edm pomoc\u00ed n\u00ed\u017ee uveden\u00e9ho formul\u00e1\u0159e.\u00a0<strong><a href=\"https:\/\/ccvgaming.com\/cs\/kontakt\/\">KONTAKT<\/a><\/strong>.<\/p>\n<p><strong>Pr\u00e1vn\u00ed upozorn\u011bn\u00ed<\/strong><\/p>\n<p>Tyto z\u00e1sady DMCA nep\u0159edstavuj\u00ed pr\u00e1vn\u00ed poradenstv\u00ed. Doporu\u010dujeme v\u00e1m vyhledat pr\u00e1vn\u00ed pomoc, abyste pln\u011b porozum\u011bli sv\u00fdm pr\u00e1v\u016fm a povinnostem podle DMCA a dal\u0161\u00edch platn\u00fdch z\u00e1kon\u016f.<\/p>","protected":false},"excerpt":{"rendered":"<p>Pol\u00edtica de Direitos Autorais &#8211; DMCA Declara\u00e7\u00e3o de Conformidade O MobilePric BR respeita os direitos autorais e est\u00e1 em conformidade com as disposi\u00e7\u00f5es da Digital Millennium Copyright Act (&#8220;DMCA&#8221;). MobilePric BR pode, sob circunst\u00e2ncias apropriadas e a seu crit\u00e9rio, desativar e\/ou encerrar contas de usu\u00e1rios que infringem repetidamente ou s\u00e3o considerados como infratores dos direitos [&hellip;]<\/p>\n","protected":false},"author":2,"featured_media":0,"parent":0,"menu_order":0,"comment_status":"closed","ping_status":"closed","template":"","meta":{"footnotes":""},"class_list":["post-24632","page","type-page","status-publish"],"_links":{"self":[{"href":"https:\/\/ccvgaming.com\/cs\/wp-json\/wp\/v2\/pages\/24632","targetHints":{"allow":["GET"]}}],"collection":[{"href":"https:\/\/ccvgaming.com\/cs\/wp-json\/wp\/v2\/pages"}],"about":[{"href":"https:\/\/ccvgaming.com\/cs\/wp-json\/wp\/v2\/types\/page"}],"author":[{"embeddable":true,"href":"https:\/\/ccvgaming.com\/cs\/wp-json\/wp\/v2\/users\/2"}],"replies":[{"embeddable":true,"href":"https:\/\/ccvgaming.com\/cs\/wp-json\/wp\/v2\/comments?post=24632"}],"version-history":[{"count":0,"href":"https:\/\/ccvgaming.com\/cs\/wp-json\/wp\/v2\/pages\/24632\/revisions"}],"wp:attachment":[{"href":"https:\/\/ccvgaming.com\/cs\/wp-json\/wp\/v2\/media?parent=24632"}],"curies":[{"name":"wp","href":"https:\/\/api.w.org\/{rel}","templated":true}]}}