{"id":24240,"date":"2023-11-10T10:38:14","date_gmt":"2023-11-10T13:38:14","guid":{"rendered":"https:\/\/acertarnacompra.com.br\/?page_id=24240"},"modified":"2023-11-17T11:18:38","modified_gmt":"2023-11-17T14:18:38","slug":"datenschutzrichtlinie","status":"publish","type":"page","link":"https:\/\/ccvgaming.com\/de\/politica-de-privacidade\/","title":{"rendered":"Datenschutzrichtlinie"},"content":{"rendered":"<p>Der Schutz Ihrer Daten ist uns wichtig. MobilePrice verpflichtet sich, Ihre Privatsph\u00e4re hinsichtlich aller Informationen, die wir \u00fcber die Website von Ihnen erfassen, zu respektieren.<strong><a href=\"https:\/\/ccvgaming.com\/de\/\">\u00a0MobilePrice<\/a><\/strong>, und andere Websites, die uns geh\u00f6ren und von uns betrieben werden.<\/p>\n<p>Wir erfragen personenbezogene Daten nur dann, wenn wir diese unbedingt ben\u00f6tigen, um Ihnen eine Dienstleistung anbieten zu k\u00f6nnen. Dies geschieht fair und rechtm\u00e4\u00dfig, mit Ihrem Wissen und Ihrer Einwilligung. Wir informieren Sie au\u00dferdem dar\u00fcber, warum wir Ihre Daten erheben und wie sie verwendet werden.<\/p>\n<p>Wir speichern die erhobenen Daten nur so lange, wie es f\u00fcr die Erbringung der angeforderten Dienstleistung erforderlich ist. Bei der Speicherung sch\u00fctzen wir die Daten mit wirtschaftlich angemessenen Mitteln vor Verlust, Diebstahl sowie unbefugtem Zugriff, Offenlegung, Kopieren, Verwendung oder Ver\u00e4nderung.<\/p>\n<p>Wir geben personenbezogene Daten weder \u00f6ffentlich noch an Dritte weiter, es sei denn, dies ist gesetzlich vorgeschrieben.<\/p>\n<p>Unsere Website kann Links zu externen Websites enthalten, die nicht von uns betrieben werden. Bitte beachten Sie, dass wir keinen Einfluss auf die Inhalte und Praktiken dieser Websites haben und keine Verantwortung f\u00fcr deren Datenschutzrichtlinien \u00fcbernehmen k\u00f6nnen.<\/p>\n<p>Es steht Ihnen frei, unsere Anfrage nach pers\u00f6nlichen Informationen abzulehnen. Bitte haben Sie Verst\u00e4ndnis daf\u00fcr, dass wir Ihnen in diesem Fall m\u00f6glicherweise einige der gew\u00fcnschten Dienstleistungen nicht anbieten k\u00f6nnen.<\/p>\n<p>Durch die weitere Nutzung unserer Website erkl\u00e4ren Sie sich mit unseren Datenschutzbestimmungen einverstanden. Bei Fragen zum Umgang mit Nutzerdaten und personenbezogenen Daten kontaktieren Sie uns bitte.<\/p>\n<h2>MobilePrice Cookie-Richtlinie<\/h2>\n<h3>Was sind Cookies?<\/h3>\n<p>Wie fast alle professionellen Websites verwendet auch diese Website Cookies. Dabei handelt es sich um kleine Dateien, die auf Ihren Computer heruntergeladen werden, um Ihr Nutzungserlebnis zu verbessern. Auf dieser Seite wird beschrieben, welche Informationen Cookies sammeln, wie wir sie verwenden und warum wir sie manchmal speichern m\u00fcssen. Wir erkl\u00e4ren Ihnen auch, wie Sie das Speichern von Cookies verhindern k\u00f6nnen. Beachten Sie jedoch, dass dies die Funktionalit\u00e4t bestimmter Website-Elemente beeintr\u00e4chtigen oder diese sogar au\u00dfer Kraft setzen kann.<\/p>\n<h3>Wie verwenden wir Cookies?<\/h3>\n<p>Wir verwenden Cookies aus verschiedenen Gr\u00fcnden, die im Folgenden erl\u00e4utert werden. Leider gibt es in den meisten F\u00e4llen keine branchen\u00fcblichen Optionen, Cookies zu deaktivieren, ohne die Funktionalit\u00e4t und die Funktionen, die sie dieser Website hinzuf\u00fcgen, vollst\u00e4ndig zu deaktivieren. Es wird empfohlen, alle Cookies aktiviert zu lassen, wenn Sie sich nicht sicher sind, ob Sie sie ben\u00f6tigen, da sie m\u00f6glicherweise f\u00fcr einen von Ihnen genutzten Dienst erforderlich sind.<\/p>\n<h3>Cookies deaktivieren<\/h3>\n<p>Sie k\u00f6nnen das Setzen von Cookies verhindern, indem Sie die Einstellungen Ihres Browsers anpassen (siehe die Hilfe Ihres Browsers f\u00fcr weitere Informationen). Beachten Sie jedoch, dass die Deaktivierung von Cookies die Funktionalit\u00e4t dieser und vieler anderer Websites, die Sie besuchen, beeintr\u00e4chtigt. In der Regel f\u00fchrt die Deaktivierung von Cookies auch zur Deaktivierung bestimmter Funktionen dieser Website. Daher wird empfohlen, Cookies nicht zu deaktivieren.<\/p>\n<h3>Cookies, die wir setzen<\/h3>\n<ul>\n<li>Kontobezogene Cookies: Wenn Sie ein Konto bei uns erstellen, verwenden wir Cookies, um den Registrierungsprozess und die allgemeine Verwaltung zu verwalten. Diese Cookies werden in der Regel gel\u00f6scht, wenn Sie sich vom System abmelden. In einigen F\u00e4llen bleiben sie jedoch m\u00f6glicherweise erhalten, um Ihre Website-Einstellungen f\u00fcr den n\u00e4chsten Besuch zu speichern.<\/li>\n<li>Login-Cookies: Wir verwenden Cookies, um Ihre Anmeldung zu speichern. Dadurch m\u00fcssen Sie sich nicht bei jedem Seitenaufruf erneut anmelden. Diese Cookies werden normalerweise beim Abmelden gel\u00f6scht, um sicherzustellen, dass Sie nur im angemeldeten Zustand auf gesch\u00fctzte Bereiche und Ressourcen zugreifen k\u00f6nnen.<\/li>\n<li>Cookies im Zusammenhang mit E-Mail-Newslettern: Diese Website bietet Newsletter- oder E-Mail-Abonnementdienste an, und es k\u00f6nnen Cookies verwendet werden, um sich zu merken, ob Sie bereits registriert sind und ob bestimmte Benachrichtigungen angezeigt werden sollen, die nur f\u00fcr abonnierte\/nicht abonnierte Benutzer gelten.<\/li>\n<li>Cookies zur Bestellabwicklung: Diese Website bietet E-Commerce- oder Zahlungsfunktionen an, und einige Cookies sind unerl\u00e4sslich, um sicherzustellen, dass Ihre Bestellung seiten\u00fcbergreifend gespeichert wird, damit wir sie ordnungsgem\u00e4\u00df bearbeiten k\u00f6nnen.<\/li>\n<li>Cookies im Zusammenhang mit Umfragen: Wir bieten gelegentlich Umfragen und Frageb\u00f6gen an, um interessante Informationen und n\u00fctzliche Tools bereitzustellen oder unsere Nutzerbasis besser zu verstehen. Diese Umfragen verwenden m\u00f6glicherweise Cookies, um sich zu merken, wer bereits an einer Umfrage teilgenommen hat, oder um nach Seitenwechseln korrekte Ergebnisse zu liefern.<\/li>\n<li>Formularbezogene Cookies: Wenn Sie Daten \u00fcber ein Formular \u00fcbermitteln, wie beispielsweise auf Kontaktseiten oder in Kommentarformularen, k\u00f6nnen Cookies gesetzt werden, um Ihre Benutzerdaten f\u00fcr die zuk\u00fcnftige Korrespondenz zu speichern.<\/li>\n<li>Cookies f\u00fcr Website-Einstellungen: Um Ihnen ein optimales Nutzungserlebnis auf dieser Website zu bieten, k\u00f6nnen Sie Ihre Einstellungen f\u00fcr das Verhalten der Website festlegen. Damit Ihre Einstellungen gespeichert werden, verwenden wir Cookies. So k\u00f6nnen wir diese Informationen abrufen, sobald Sie mit einer Seite interagieren, die von Ihren Einstellungen betroffen ist.<\/li>\n<\/ul>\n<h3>Cookies von Drittanbietern<\/h3>\n<p>In einigen Sonderf\u00e4llen verwenden wir auch Cookies von vertrauensw\u00fcrdigen Drittanbietern. Im folgenden Abschnitt erfahren Sie, welche Drittanbieter-Cookies auf dieser Website zum Einsatz kommen k\u00f6nnen.<\/p>\n<ul>\n<li>Diese Website verwendet Google Analytics, eine der am weitesten verbreiteten und vertrauensw\u00fcrdigsten Analysel\u00f6sungen im Web. Google Analytics hilft uns zu verstehen, wie Sie die Website nutzen und wie wir Ihr Nutzererlebnis verbessern k\u00f6nnen. Mithilfe dieser Cookies k\u00f6nnen wir beispielsweise erfassen, wie lange Sie auf der Website verweilen und welche Seiten Sie besuchen, damit wir weiterhin interessante Inhalte erstellen k\u00f6nnen.<\/li>\n<\/ul>\n<p>Weitere Informationen zu Google Analytics-Cookies finden Sie auf der offiziellen Google Analytics-Seite.<\/p>\n<ul>\n<li>Wir verwenden Analysetools von Drittanbietern, um die Nutzung dieser Website zu verfolgen und auszuwerten und so weiterhin interessante Inhalte zu erstellen. Diese Cookies erfassen beispielsweise, wie lange Sie auf der Website verweilen oder welche Seiten Sie besuchen. Dies hilft uns zu verstehen, wie wir die Website f\u00fcr Sie verbessern k\u00f6nnen.<\/li>\n<li>Wir testen regelm\u00e4\u00dfig neue Funktionen und nehmen kleinere \u00c4nderungen am Erscheinungsbild der Website vor. W\u00e4hrend dieser Testphase k\u00f6nnen Cookies verwendet werden, um Ihnen ein einheitliches Nutzungserlebnis zu bieten und gleichzeitig zu ermitteln, welche Optimierungen unsere Nutzer am meisten sch\u00e4tzen.<\/li>\n<li>Da wir Produkte verkaufen, ist es f\u00fcr uns wichtig, Statistiken dar\u00fcber zu erfassen, wie viele unserer Website-Besucher tats\u00e4chlich einen Kauf t\u00e4tigen. Genau diese Daten werden von diesen Cookies erfasst. Dies ist auch f\u00fcr Sie wichtig, denn so k\u00f6nnen wir pr\u00e4zise Gesch\u00e4ftsprognosen erstellen und unsere Werbe- und Produktkosten analysieren, um Ihnen den bestm\u00f6glichen Preis zu bieten.<\/li>\n<li>Der von uns verwendete Google AdSense-Dienst zur Anzeigenschaltung nutzt einen DoubleClick-Cookie, um relevantere Anzeigen im Web bereitzustellen und die H\u00e4ufigkeit der Anzeige einer bestimmten Anzeige zu begrenzen.<br \/>\nWeitere Informationen zu Google AdSense finden Sie in den offiziellen FAQs zum Datenschutz von Google AdSense.<\/li>\n<li>Wir nutzen Werbung, um die Kosten f\u00fcr den Betrieb dieser Website zu decken und die zuk\u00fcnftige Entwicklung zu finanzieren. Die von dieser Website verwendeten Cookies f\u00fcr verhaltensbasierte Werbung dienen dazu, Ihnen m\u00f6glichst relevante Anzeigen zu pr\u00e4sentieren, indem sie Ihre Interessen anonym erfassen und Ihnen \u00e4hnliche, m\u00f6glicherweise interessante Inhalte anzeigen.<\/li>\n<li>Mehrere Partner schalten Werbung in unserem Auftrag, und Affiliate-Tracking-Cookies erm\u00f6glichen es uns lediglich festzustellen, ob unsere Kunden \u00fcber eine unserer Partnerseiten auf die Website gelangt sind, damit wir diese entsprechend verg\u00fcten und gegebenenfalls unseren Affiliate-Partnern die M\u00f6glichkeit geben k\u00f6nnen, Ihnen Werbeaktionen anzubieten, um Sie zum Kauf zu animieren.<\/li>\n<\/ul>\n<h3>Nutzerverpflichtung<\/h3>\n<p>Der Nutzer verpflichtet sich zur angemessenen Nutzung der von MobilePric auf der Website angebotenen Inhalte und Informationen, einschlie\u00dflich, aber nicht beschr\u00e4nkt auf:<\/p>\n<ul>\n<li>A) Keine Aktivit\u00e4ten auszu\u00fcben, die gegen geltendes Recht oder Treu und Glauben und die \u00f6ffentliche Ordnung versto\u00dfen;<\/li>\n<li>B) Es ist verboten, Propaganda oder Inhalte rassistischer, fremdenfeindlicher Art, Gl\u00fccksspiel oder illegale Pornografie oder Inhalte, die Terrorismus f\u00f6rdern oder Menschenrechte verletzen, zu verbreiten;<\/li>\n<li>C) Es ist untersagt, die physischen (Hardware-) und logischen (Software-) Systeme von MobilePric, seinen Lieferanten oder Dritten durch das Einf\u00fchren oder Verbreiten von Computerviren oder anderen Hardware- oder Softwaresystemen, die in der Lage sind, den vorgenannten Schaden zu verursachen, zu besch\u00e4digen.<\/li>\n<\/ul>\n<h2>Personalisierte Werbung (Abmeldung)<\/h2>\n<p>Nutzer k\u00f6nnen personalisierte Werbung deaktivieren, indem sie die entsprechende Seite besuchen.\u00a0<a href=\"https:\/\/adssettings.google.com\/authenticated\" target=\"_blank\" rel=\"noopener\">Anzeigeneinstellungen<\/a>. Alternativ k\u00f6nnen Sie die Nutzer auch auf die Website weiterleiten.\u00a0<a href=\"http:\/\/www.aboutads.info\/\" target=\"_blank\" rel=\"noopener\">www.aboutads.info<\/a>\u00a0um die Verwendung von personalisierten Werbe-Cookies von Drittanbietern zu deaktivieren.<\/p>\n<h3>Weitere Informationen<\/h3>\n<p>Wir hoffen, dass dies verst\u00e4ndlich ist, und wie bereits erw\u00e4hnt, ist es im Allgemeinen sicherer, Cookies aktiviert zu lassen, falls Sie mit einer der Funktionen unserer Website interagieren, wenn Sie sich bei etwas unsicher sind, ob Sie es ben\u00f6tigen oder nicht.<\/p>\n<p>Diese Richtlinie tritt in Kraft ab <strong>November 2023<\/strong>.<\/p>","protected":false},"excerpt":{"rendered":"<p>A sua privacidade \u00e9 importante para n\u00f3s. \u00c9 pol\u00edtica do MobilePric respeitar a sua privacidade em rela\u00e7\u00e3o a qualquer informa\u00e7\u00e3o sua que possamos coletar no site\u00a0MobilePric, e outros sites que possu\u00edmos e operamos. Solicitamos informa\u00e7\u00f5es pessoais apenas quando realmente precisamos delas para lhe fornecer um servi\u00e7o. Fazemo-lo por meios justos e legais, com o seu [&hellip;]<\/p>\n","protected":false},"author":2,"featured_media":0,"parent":0,"menu_order":0,"comment_status":"closed","ping_status":"closed","template":"","meta":{"footnotes":""},"class_list":["post-24240","page","type-page","status-publish"],"_links":{"self":[{"href":"https:\/\/ccvgaming.com\/de\/wp-json\/wp\/v2\/pages\/24240","targetHints":{"allow":["GET"]}}],"collection":[{"href":"https:\/\/ccvgaming.com\/de\/wp-json\/wp\/v2\/pages"}],"about":[{"href":"https:\/\/ccvgaming.com\/de\/wp-json\/wp\/v2\/types\/page"}],"author":[{"embeddable":true,"href":"https:\/\/ccvgaming.com\/de\/wp-json\/wp\/v2\/users\/2"}],"replies":[{"embeddable":true,"href":"https:\/\/ccvgaming.com\/de\/wp-json\/wp\/v2\/comments?post=24240"}],"version-history":[{"count":0,"href":"https:\/\/ccvgaming.com\/de\/wp-json\/wp\/v2\/pages\/24240\/revisions"}],"wp:attachment":[{"href":"https:\/\/ccvgaming.com\/de\/wp-json\/wp\/v2\/media?parent=24240"}],"curies":[{"name":"wp","href":"https:\/\/api.w.org\/{rel}","templated":true}]}}