{"id":24242,"date":"2023-11-10T10:40:11","date_gmt":"2023-11-10T13:40:11","guid":{"rendered":"https:\/\/acertarnacompra.com.br\/?page_id=24242"},"modified":"2023-11-27T21:58:44","modified_gmt":"2023-11-28T00:58:44","slug":"nutzungsbedingungen","status":"publish","type":"page","link":"https:\/\/ccvgaming.com\/de\/termos-de-uso\/","title":{"rendered":"Nutzungsbedingungen"},"content":{"rendered":"<p>Nutzungsbedingungen<\/p>\n<p>Willkommen bei MobilePrice BR!<\/p>\n<p>Diese Allgemeinen Gesch\u00e4ftsbedingungen beschreiben die Regeln f\u00fcr die Nutzung der Website des Unternehmens MobilePrice BR, die unter https:\/\/ccvgaming.com\/ zu finden ist.<\/p>\n<p>Durch den Zugriff auf diese Website erkl\u00e4ren Sie sich mit den nachfolgenden Nutzungsbedingungen einverstanden. Sollten Sie mit den in dieser Vereinbarung beschriebenen Nutzungsbedingungen nicht einverstanden sein, nutzen Sie MobilePrice BR bitte nicht weiter.<\/p>\n<h2>Cookies<\/h2>\n<p>Diese Website verwendet Cookies, um Ihr Online-Erlebnis zu personalisieren. Durch den Zugriff auf die MobilePrice BR-Website stimmen Sie der Verwendung der erforderlichen Cookies zu.<\/p>\n<p>Cookies sind Textdateien, die von einem Webserver auf Ihrer Festplatte gespeichert werden. Cookies k\u00f6nnen keine Programme ausf\u00fchren oder Viren auf Ihren Computer \u00fcbertragen. Sie sind eindeutig Ihnen zugeordnet und k\u00f6nnen nur vom Webserver der Domain gelesen werden, die den Cookie ausgestellt hat.<\/p>\n<p>Wir verwenden m\u00f6glicherweise Cookies, um Informationen zu statistischen und Marketingzwecken auf unserer Website zu erfassen, zu speichern oder nachzuverfolgen. Sie k\u00f6nnen optionale Cookies akzeptieren oder ablehnen. Einige Cookies sind f\u00fcr den Betrieb unserer Website erforderlich und bed\u00fcrfen Ihrer Zustimmung. Bitte beachten Sie, dass Sie mit der Annahme obligatorischer Cookies auch Cookies von Drittanbietern akzeptieren. Diese k\u00f6nnen von Drittanbietern verwendet werden, wenn Sie deren Dienste auf unserer Website nutzen \u2013 beispielsweise ein Videowiedergabefenster, das von Drittanbietern bereitgestellt und in unsere Website integriert ist.<\/p>\n<h2>Lizenz<\/h2>\n<p>Sofern nicht anders angegeben, liegen die Rechte am geistigen Eigentum aller auf MobilePric BR ver\u00f6ffentlichten Inhalte bei MobilePric BR und seinen Lizenzgebern. Alle Rechte sind vorbehalten.<\/p>\n<h2>Folgendes ist Ihnen nicht gestattet:<\/h2>\n<p>Das Kopieren oder Ver\u00f6ffentlichen von Materialien von MobilePrice BR ist untersagt.<br \/>\nVerkauf, Vermietung oder Untervermietung von Materialien von MobilePrice BR<br \/>\nDas Reproduzieren, Duplizieren oder Kopieren von Materialien von MobilePrice BR ist untersagt.<br \/>\nInhalte von MobilePrice BR weiterverbreiten.<\/p>\n<h3>Diese Vereinbarung tritt mit dem heutigen Datum in Kraft.<\/h3>\n<p>Teile dieser Website bieten Nutzern die M\u00f6glichkeit, Meinungen und Informationen zu bestimmten Themen zu ver\u00f6ffentlichen und zu diskutieren. MobilePric BR filtert, bearbeitet, ver\u00f6ffentlicht oder \u00fcberpr\u00fcft Kommentare nicht, bevor diese auf der Website erscheinen. Kommentare spiegeln die Meinung des jeweiligen Verfassers wider. Soweit gesetzlich zul\u00e4ssig, haftet MobilePric BR nicht f\u00fcr Kommentare oder Sch\u00e4den, Risiken oder Kosten, die durch die Nutzung, Ver\u00f6ffentlichung oder das Erscheinen von Kommentaren auf dieser Website entstehen.<\/p>\n<p>MobilePrice BR beh\u00e4lt sich das Recht vor, Kommentare zu entfernen, die als unangemessen, beleidigend oder gegen die Allgemeinen Gesch\u00e4ftsbedingungen dieser Vereinbarung versto\u00dfend angesehen werden.<\/p>\n<h3>Sie versichern und gew\u00e4hrleisten, dass:<\/h3>\n<p>Sie haben das Recht, Kommentare auf unserer Website zu ver\u00f6ffentlichen und verf\u00fcgen \u00fcber alle daf\u00fcr notwendigen Lizenzen und Genehmigungen;<br \/>\nIhre Kommentare verletzen keine Rechte an geistigem Eigentum, insbesondere keine Urheberrechte, Patente oder Marken Dritter;<br \/>\nIhre Kommentare enthalten keine diffamierenden, beleidigenden, anst\u00f6\u00dfigen, unanst\u00e4ndigen oder anderweitig rechtswidrigen Inhalte, die einen Eingriff in die Privatsph\u00e4re darstellen.<br \/>\nIhre Kommentare werden nicht dazu verwendet, Gesch\u00e4fte anzubahnen oder zu f\u00f6rdern oder kommerzielle oder illegale Aktivit\u00e4ten darzustellen.<\/p>\n<p>Sie erteilen MobilePric BR hiermit eine nicht-exklusive Lizenz zur Nutzung, Vervielf\u00e4ltigung und Bearbeitung Ihrer Kommentare sowie zur Erm\u00e4chtigung Dritter zur Nutzung, Vervielf\u00e4ltigung oder Bearbeitung Ihrer Kommentare in jeglicher Form, jeglichem Format und jeglichem Medium.<\/p>\n<h2>Verlinkung zu unseren Inhalten<\/h2>\n<p>Folgende Organisationen d\u00fcrfen ohne vorherige schriftliche Genehmigung auf unsere Website verlinken:<\/p>\n<ul>\n<li>Regierungsbeh\u00f6rden;<\/li>\n<li>Suchmaschinen;<\/li>\n<li>Medienorganisationen;<\/li>\n<li>Online-Verzeichnisanbieter d\u00fcrfen Links zu unserer Website auf die gleiche Weise einf\u00fcgen wie Hyperlinks zu den Websites anderer gelisteter Unternehmen;<\/li>\n<li>Akkreditierte Unternehmen, mit Ausnahme von gemeinn\u00fctzigen Spendenorganisationen und Wohlt\u00e4tigkeitsgruppen, d\u00fcrfen ohne vorherige Genehmigung keine Links zu unserer Website einf\u00fcgen.<\/li>\n<\/ul>\n<p>Diese Organisationen d\u00fcrfen Links zu unserer Homepage, unseren Ver\u00f6ffentlichungen oder anderen Informationen auf unserer Website ver\u00f6ffentlichen, vorausgesetzt, dass der Link: (a) in keiner Weise irref\u00fchrend ist; (b) nicht f\u00e4lschlicherweise das Bestehen einer Sponsoring-, Empfehlungs- oder Genehmigungsbeziehung zwischen uns und unseren Produkten und\/oder Dienstleistungen suggeriert; und (c) dem Kontext, in dem er eingef\u00fcgt wird, angemessen ist.<\/p>\n<p><strong>Wir k\u00f6nnen Linkanfragen von folgenden Organisationstypen pr\u00fcfen und genehmigen:<\/strong><\/p>\n<ul>\n<li>bekannte Informationsquellen \u00fcber Produkte und Unternehmen;<\/li>\n<li>community websites dot.com;<\/li>\n<li>Verb\u00e4nde und andere Gruppen, die gemeinn\u00fctzige Einrichtungen vertreten;<\/li>\n<li>Online-Verzeichnisvertreiber;<br \/>\nInternetportale;<\/li>\n<li>Wirtschaftspr\u00fcfungs-, Anwalts- und Beratungsfirmen sowie Bildungseinrichtungen und Berufsverb\u00e4nde.<\/li>\n<\/ul>\n<p>Wir werden Linkanfragen von den oben genannten Organisationstypen genehmigen, wenn wir der Ansicht sind, dass: (a) der Link unserem Image und\/oder dem Image akkreditierter Unternehmen nicht schadet; (b) die anfragende Organisation keine negativen Erfahrungen mit uns gemacht hat; (c) der Nutzen, den wir aus der Sichtbarkeit des Links ziehen, den fehlenden MobilePric BR kompensiert; und (d) der Link in einen allgemeinen informativen Kontext eingef\u00fcgt wird.<\/p>\n<p>Diese Organisationen d\u00fcrfen Links zu unserer Homepage ver\u00f6ffentlichen, vorausgesetzt, dass der Link: (a) in keiner Weise irref\u00fchrend ist; (b) nicht f\u00e4lschlicherweise den Eindruck erweckt, dass eine Sponsoring-, Empfehlungs- oder Genehmigungsbeziehung unsererseits zu Produkten und\/oder Dienstleistungen besteht; und (c) dem Kontext, in dem er eingef\u00fcgt wird, angemessen ist.<\/p>\n<p>Wenn Sie eine der in Absatz 2 genannten Organisationen vertreten und Interesse an der Ver\u00f6ffentlichung eines Links zu unserer Website haben, teilen Sie uns dies bitte per E-Mail an MobilePrice BR mit. Geben Sie dabei bitte Ihren Namen, den Namen und die Kontaktdaten Ihrer Organisation, Ihre Website-URL, eine Liste der URLs auf unserer Website, die Sie verlinken m\u00f6chten, sowie eine Liste der Websites an, auf denen Sie unsere URLs ver\u00f6ffentlichen m\u00f6chten. Bitte rechnen Sie mit einer Bearbeitungszeit von zwei bis drei Wochen.<\/p>\n<p><strong>Zugelassene Organisationen d\u00fcrfen Links zu unserer Website auf folgende Weise ver\u00f6ffentlichen:<\/strong><\/p>\n<ul>\n<li>Verwendung unseres Firmennamens; oder<\/li>\n<li>Verwendung der URL, zu der der Link weiterleitet; oder<\/li>\n<li>Verwendung einer anderen Beschreibung unserer Website, die im Kontext und Format des Inhalts, in den der Link eingef\u00fcgt wird, sinnvoll ist.<\/li>\n<\/ul>\n<p>Die Verwendung oder Ver\u00f6ffentlichung von Links zum MobilePric BR-Logo und\/oder anderen visuellen Elementen ist ohne eine Markenlizenzvereinbarung nicht gestattet.<\/p>\n<h3>Verantwortung f\u00fcr Inhalte<\/h3>\n<p>Wir \u00fcbernehmen keine rechtliche Verantwortung f\u00fcr Inhalte, die auf Ihrer Website erscheinen. Sie verpflichten sich, uns gegen alle Anspr\u00fcche, die auf Ihrer Website erhoben werden, zu verteidigen und schadlos zu halten. Es d\u00fcrfen keine Links auf Websites erscheinen, die als verleumderisch, obsz\u00f6n oder kriminell ausgelegt werden k\u00f6nnten oder die Rechte Dritter verletzen oder deren Verletzung bef\u00fcrworten.<\/p>\n<h3>Rechtevorbehalt<\/h3>\n<p>Wir behalten uns das Recht vor, die Entfernung aller Links oder von Links, die auf unsere Website verweisen, zu verlangen. Sie verpflichten sich, alle Links zu unserer Website auf Aufforderung unverz\u00fcglich zu entfernen. Wir behalten uns au\u00dferdem das Recht vor, diese Nutzungsbedingungen jederzeit zu korrigieren und zu \u00e4ndern. Durch das fortgesetzte Verlinken unserer Website erkl\u00e4ren Sie sich mit diesen Nutzungsbedingungen f\u00fcr Links einverstanden.<\/p>\n<h3>Entfernen von Links, die auf unserer Website ver\u00f6ffentlicht wurden<\/h3>\n<p>Sollten Sie auf unserer Website einen Link finden, der in irgendeiner Weise anst\u00f6\u00dfig ist, k\u00f6nnen Sie uns jederzeit kontaktieren und uns das Problem mitteilen. Wir werden Anfragen zur Entfernung von Links pr\u00fcfen, sind jedoch nicht verpflichtet, Links von unserer Website zu entfernen oder direkt auf Ihre Anfrage zu antworten.<\/p>\n<p>Wir \u00fcbernehmen keine Gew\u00e4hr f\u00fcr die Richtigkeit der auf dieser Website enthaltenen Informationen. Wir garantieren weder die Vollst\u00e4ndigkeit noch die Genauigkeit der Inhalte. Wir garantieren auch nicht, dass die Website jederzeit verf\u00fcgbar bleibt oder dass die Inhalte stets aktuell sind.<\/p>\n<h3>Haftungsausschluss<\/h3>\n<p>Soweit gesetzlich zul\u00e4ssig, schlie\u00dfen wir jegliche Zusicherungen, Gew\u00e4hrleistungen und Bedingungen in Bezug auf unsere Website und deren Nutzung aus. Nichts in diesem Haftungsausschluss schr\u00e4nkt die Haftung f\u00fcr:<\/p>\n<ul>\n<li>um unsere Haftung oder Ihre Haftung f\u00fcr Tod oder K\u00f6rperverletzung zu beschr\u00e4nken oder auszuschlie\u00dfen;<\/li>\n<li>um unsere Haftung oder Ihre Haftung f\u00fcr Betrug oder arglistige T\u00e4uschung zu beschr\u00e4nken oder auszuschlie\u00dfen;<\/li>\n<li>um unsere oder Ihre Haftung in irgendeiner Weise zu beschr\u00e4nken, die nach dem Gesetz nicht zul\u00e4ssig ist;<\/li>\n<li>Ausschluss jeglicher Haftung Ihrerseits oder unsererseits, die nach geltendem Recht nicht ausgeschlossen werden kann.<\/li>\n<\/ul>\n<p>Die in diesem Abschnitt und an anderer Stelle in dieser Erkl\u00e4rung aufgef\u00fchrten Haftungsbeschr\u00e4nkungen und -ausschl\u00fcsse: (a) unterliegen dem vorstehenden Absatz; und (b) gelten f\u00fcr alle Haftungen, die sich aus dieser Erkl\u00e4rung ergeben, einschlie\u00dflich Haftungen aus Vertrag, unerlaubter Handlung und Verletzung gesetzlicher Verpflichtungen.<\/p>\n<p>Solange die Website und die Informationen und Dienstleistungen auf der Website kostenlos angeboten werden, \u00fcbernehmen wir keine Haftung f\u00fcr Verluste oder Sch\u00e4den jeglicher Art.<\/p>","protected":false},"excerpt":{"rendered":"<p>Termos e Condi\u00e7\u00f5es de Uso Seja bem-vindo ao MobilePric BR! Estes termos e condi\u00e7\u00f5es descrevem as regras de uso do site da empresa MobilePric BR, localizado no endere\u00e7o https:\/\/ccvgaming.com\/. Ao acessar este site, consideramos que voc\u00ea est\u00e1 de acordo com os termos e condi\u00e7\u00f5es abaixo. N\u00e3o continue a usar o MobilePric BR caso voc\u00ea discorde [&hellip;]<\/p>\n","protected":false},"author":2,"featured_media":0,"parent":0,"menu_order":0,"comment_status":"closed","ping_status":"closed","template":"","meta":{"footnotes":""},"class_list":["post-24242","page","type-page","status-publish"],"_links":{"self":[{"href":"https:\/\/ccvgaming.com\/de\/wp-json\/wp\/v2\/pages\/24242","targetHints":{"allow":["GET"]}}],"collection":[{"href":"https:\/\/ccvgaming.com\/de\/wp-json\/wp\/v2\/pages"}],"about":[{"href":"https:\/\/ccvgaming.com\/de\/wp-json\/wp\/v2\/types\/page"}],"author":[{"embeddable":true,"href":"https:\/\/ccvgaming.com\/de\/wp-json\/wp\/v2\/users\/2"}],"replies":[{"embeddable":true,"href":"https:\/\/ccvgaming.com\/de\/wp-json\/wp\/v2\/comments?post=24242"}],"version-history":[{"count":0,"href":"https:\/\/ccvgaming.com\/de\/wp-json\/wp\/v2\/pages\/24242\/revisions"}],"wp:attachment":[{"href":"https:\/\/ccvgaming.com\/de\/wp-json\/wp\/v2\/media?parent=24242"}],"curies":[{"name":"wp","href":"https:\/\/api.w.org\/{rel}","templated":true}]}}