{"id":24632,"date":"2023-11-22T10:03:19","date_gmt":"2023-11-22T13:03:19","guid":{"rendered":"https:\/\/acertarnacompra.com.br\/?page_id=24632"},"modified":"2023-11-22T10:03:19","modified_gmt":"2023-11-22T13:03:19","slug":"dmca","status":"publish","type":"page","link":"https:\/\/ccvgaming.com\/de\/dmca\/","title":{"rendered":"DMCA"},"content":{"rendered":"<p><strong>Urheberrechtsrichtlinie \u2013 DMCA<\/strong><\/p>\n<p><strong>Konformit\u00e4tserkl\u00e4rung<\/strong><\/p>\n<p>MobilePric BR respektiert das Urheberrecht und h\u00e4lt die Bestimmungen des Digital Millennium Copyright Act (\u201cDMCA\u201d) ein. MobilePric BR kann unter angemessenen Umst\u00e4nden und nach eigenem Ermessen die Konten von Nutzern deaktivieren und\/oder k\u00fcndigen, die wiederholt gegen das Urheberrecht versto\u00dfen oder als Urheberrechtsverletzer gelten.<\/p>\n<p><strong>Verfahren zur Meldung von Urheberrechtsverletzungen<\/strong><\/p>\n<p>Wenn Sie der Ansicht sind, dass Ihr urheberrechtlich gesch\u00fctztes Werk auf dieser Website in einer Weise reproduziert wurde, die eine Urheberrechtsverletzung darstellt, und zug\u00e4nglich ist, k\u00f6nnen Sie unseren zust\u00e4ndigen Beauftragten gem\u00e4\u00df dem im DMCA festgelegten Verfahren benachrichtigen. Die Benachrichtigung muss folgende Angaben enthalten, um wirksam zu sein:<\/p>\n<ol>\n<li>Identifizierung des urheberrechtlich gesch\u00fctzten Werks, dessen Urheberrecht angeblich verletzt wurde, oder, falls mehrere urheberrechtlich gesch\u00fctzte Werke auf einer einzigen Online-Seite von einer einzigen Meldung erfasst werden, eine repr\u00e4sentative Liste dieser Werke auf der Seite.<\/li>\n<li>Identifizierung des Materials, das angeblich rechtsverletzend ist oder Gegenstand einer rechtsverletzenden T\u00e4tigkeit ist und das entfernt oder dessen Zugriff gesperrt werden soll, sowie Informationen, die in angemessener Weise ausreichen, um dem Dienstanbieter das Auffinden des Materials zu erm\u00f6glichen.<\/li>\n<li>Informationen, die es dem Dienstanbieter erm\u00f6glichen, den Beschwerdef\u00fchrer zu kontaktieren, wie beispielsweise eine Adresse, eine Telefonnummer und, falls vorhanden, eine E-Mail-Adresse, unter der der Beschwerdef\u00fchrer kontaktiert werden kann.<\/li>\n<li>Eine Erkl\u00e4rung des Beschwerdef\u00fchrers, dass er nach bestem Wissen und Gewissen davon \u00fcberzeugt ist, dass die Nutzung des Materials in der beanstandeten Weise weder vom Urheberrechtsinhaber noch von dessen Vertreter oder dem Gesetz genehmigt ist.<\/li>\n<li>Eine Erkl\u00e4rung, dass die Angaben in der Benachrichtigung richtig sind und dass der Antragsteller \u2013 unter Androhung von Strafverfolgung wegen Meineids \u2013 befugt ist, im Namen des Inhabers eines ausschlie\u00dflichen Rechts zu handeln, das angeblich verletzt wird.<\/li>\n<\/ol>\n<p><strong>Ma\u00dfnahmen, die im Falle einer Meldung \u00fcber einen Versto\u00df zu ergreifen sind.<\/strong><\/p>\n<p>Nach Eingang einer g\u00fcltigen Meldung \u00fcber eine Urheberrechtsverletzung wird MobilePric BR angemessene Ma\u00dfnahmen ergreifen, um das rechtsverletzende Material zu entfernen und den f\u00fcr das Hochladen verantwortlichen Nutzer zu benachrichtigen. MobilePric BR kann nach eigenem Ermessen auch das Konto dieses Nutzers k\u00fcndigen, wenn dies als angemessen erachtet wird.<\/p>\n<p><strong>Kontakt<\/strong><\/p>\n<p>Wenn Sie eine Urheberrechtsverletzung melden m\u00f6chten, kontaktieren Sie uns bitte \u00fcber das untenstehende Formular.\u00a0<strong><a href=\"https:\/\/ccvgaming.com\/de\/kontakt\/\">KONTAKT<\/a><\/strong>.<\/p>\n<p><strong>Rechtlicher Hinweis<\/strong><\/p>\n<p>Diese DMCA-Richtlinie stellt keine Rechtsberatung dar. Wir empfehlen Ihnen, sich rechtlich beraten zu lassen, um Ihre Rechte und Pflichten gem\u00e4\u00df dem DMCA und anderen anwendbaren Gesetzen vollst\u00e4ndig zu verstehen.<\/p>","protected":false},"excerpt":{"rendered":"<p>Pol\u00edtica de Direitos Autorais &#8211; DMCA Declara\u00e7\u00e3o de Conformidade O MobilePric BR respeita os direitos autorais e est\u00e1 em conformidade com as disposi\u00e7\u00f5es da Digital Millennium Copyright Act (&#8220;DMCA&#8221;). MobilePric BR pode, sob circunst\u00e2ncias apropriadas e a seu crit\u00e9rio, desativar e\/ou encerrar contas de usu\u00e1rios que infringem repetidamente ou s\u00e3o considerados como infratores dos direitos [&hellip;]<\/p>\n","protected":false},"author":2,"featured_media":0,"parent":0,"menu_order":0,"comment_status":"closed","ping_status":"closed","template":"","meta":{"footnotes":""},"class_list":["post-24632","page","type-page","status-publish"],"_links":{"self":[{"href":"https:\/\/ccvgaming.com\/de\/wp-json\/wp\/v2\/pages\/24632","targetHints":{"allow":["GET"]}}],"collection":[{"href":"https:\/\/ccvgaming.com\/de\/wp-json\/wp\/v2\/pages"}],"about":[{"href":"https:\/\/ccvgaming.com\/de\/wp-json\/wp\/v2\/types\/page"}],"author":[{"embeddable":true,"href":"https:\/\/ccvgaming.com\/de\/wp-json\/wp\/v2\/users\/2"}],"replies":[{"embeddable":true,"href":"https:\/\/ccvgaming.com\/de\/wp-json\/wp\/v2\/comments?post=24632"}],"version-history":[{"count":0,"href":"https:\/\/ccvgaming.com\/de\/wp-json\/wp\/v2\/pages\/24632\/revisions"}],"wp:attachment":[{"href":"https:\/\/ccvgaming.com\/de\/wp-json\/wp\/v2\/media?parent=24632"}],"curies":[{"name":"wp","href":"https:\/\/api.w.org\/{rel}","templated":true}]}}