{"id":24242,"date":"2023-11-10T10:40:11","date_gmt":"2023-11-10T13:40:11","guid":{"rendered":"https:\/\/acertarnacompra.com.br\/?page_id=24242"},"modified":"2023-11-27T21:58:44","modified_gmt":"2023-11-28T00:58:44","slug":"condiciones-de-uso","status":"publish","type":"page","link":"https:\/\/ccvgaming.com\/es\/termos-de-uso\/","title":{"rendered":"Condiciones de uso"},"content":{"rendered":"<p>T\u00e9rminos y condiciones de uso<\/p>\n<p>\u00a1Bienvenido a MobilePrice BR!<\/p>\n<p>Estos t\u00e9rminos y condiciones describen las reglas para utilizar el sitio web de la empresa MobilePrice BR, ubicado en https:\/\/ccvgaming.com\/.<\/p>\n<p>Al acceder a este sitio web, consideramos que acepta los t\u00e9rminos y condiciones que se detallan a continuaci\u00f3n. No contin\u00fae utilizando MobilePrice BR si no est\u00e1 de acuerdo con los t\u00e9rminos y condiciones descritos en este acuerdo.<\/p>\n<h2>Galletas<\/h2>\n<p>Este sitio web utiliza cookies para personalizar su experiencia en l\u00ednea. Al acceder al sitio web de MobilePrice BR, acepta el uso de las cookies necesarias.<\/p>\n<p>Las cookies son archivos de texto que un servidor web almacena en su disco duro. No pueden ejecutar programas ni transferir virus a su ordenador. Se asocian exclusivamente con usted y solo pueden ser le\u00eddas por el servidor web del dominio que las emiti\u00f3.<\/p>\n<p>Podemos utilizar cookies para recopilar, almacenar o rastrear informaci\u00f3n con fines estad\u00edsticos y de marketing en nuestro sitio web. Tiene la opci\u00f3n de aceptar o rechazar las cookies opcionales. Existen algunas cookies obligatorias, necesarias para el funcionamiento de nuestro sitio web. Estas cookies obligatorias requieren su consentimiento. Tenga en cuenta que al aceptar las cookies obligatorias, tambi\u00e9n estar\u00e1 aceptando cookies de terceros, que podr\u00edan ser utilizadas por terceros si utiliza los servicios que ofrecen en nuestro sitio web; por ejemplo, una ventana de reproducci\u00f3n de v\u00eddeo proporcionada por empresas externas e integrada en nuestro sitio web.<\/p>\n<h2>Licencia<\/h2>\n<p>Salvo indicaci\u00f3n contraria, MobilePric BR y sus licenciantes son titulares de los derechos de propiedad intelectual de todo el material publicado en MobilePric BR. Todos los derechos de propiedad intelectual est\u00e1n reservados.<\/p>\n<h2>No est\u00e1 permitido:<\/h2>\n<p>Copiar o republicar materiales de MobilePrice BR<br \/>\nVenta, alquiler o subarrendamiento de materiales de MobilePrice BR<br \/>\nQueda prohibido reproducir, duplicar o copiar materiales de MobilePrice BR.<br \/>\nRedistribuir contenido de MobilePrice BR.<\/p>\n<h3>El presente Acuerdo entrar\u00e1 en vigor a partir de la fecha del presente.<\/h3>\n<p>Algunas secciones de este sitio web ofrecen a los usuarios la oportunidad de publicar y debatir opiniones e informaci\u00f3n en \u00e1reas espec\u00edficas. MobilePric BR no filtra, edita, publica ni revisa los comentarios antes de publicarlos en el sitio web. Los comentarios reflejan la opini\u00f3n de quien los publica. En la medida en que lo permita la legislaci\u00f3n aplicable, MobilePric BR no se responsabiliza legalmente de los comentarios ni de ning\u00fan da\u00f1o, riesgo o gasto causado o sufrido como resultado del uso, la publicaci\u00f3n o la aparici\u00f3n de comentarios en este sitio web.<\/p>\n<p>MobilePrice BR se reserva el derecho de eliminar cualquier Comentario que pueda considerarse inapropiado, ofensivo o que viole los T\u00e9rminos y Condiciones de este acuerdo.<\/p>\n<h3>Usted declara y garantiza que:<\/h3>\n<p>Usted tiene derecho a publicar comentarios en nuestro sitio web y cuenta con todas las licencias y consentimientos necesarios para hacerlo;<br \/>\nSus comentarios no infringen ninguna propiedad intelectual, incluidos derechos de autor, patentes o marcas comerciales de terceros;<br \/>\nSus comentarios no contienen material difamatorio, calumnioso, ofensivo, indecente o de otro modo ilegal que constituya una invasi\u00f3n de la privacidad.<br \/>\nSus comentarios no ser\u00e1n utilizados para solicitar o promover negocios o presentar actividades comerciales o ilegales.<\/p>\n<p>Por la presente, otorga a MobilePric BR una licencia no exclusiva para usar, reproducir, editar y autorizar a otros a usar, reproducir o editar cualquiera de sus Comentarios en todas y cada una de las formas, formatos y medios.<\/p>\n<h2>Creando enlaces a nuestro contenido<\/h2>\n<p>Las siguientes organizaciones pueden vincularse a nuestro Sitio sin necesidad de aprobaci\u00f3n previa por escrito:<\/p>\n<ul>\n<li>Agencias gubernamentales;<\/li>\n<li>Motores de b\u00fasqueda;<\/li>\n<li>Organizaciones de medios de comunicaci\u00f3n;<\/li>\n<li>Los distribuidores de directorios en l\u00ednea pueden insertar enlaces a nuestro Sitio de la misma manera que insertan hiperv\u00ednculos a los Sitios de otras empresas listadas;<\/li>\n<li>Las empresas acreditadas, a excepci\u00f3n de las organizaciones de recaudaci\u00f3n de fondos sin fines de lucro y los grupos de recaudaci\u00f3n de fondos de caridad, no pueden insertar enlaces a nuestro Sitio sin aprobaci\u00f3n previa.<\/li>\n<\/ul>\n<p>Estas organizaciones pueden publicar enlaces a nuestra p\u00e1gina de inicio, nuestras publicaciones u otra informaci\u00f3n del Sitio, siempre que el enlace: (a) no sea enga\u00f1oso de ninguna manera; (b) no implique falsamente la existencia de una relaci\u00f3n de patrocinio, respaldo o aprobaci\u00f3n entre nosotros y cualquier producto y\/o servicio; y (c) sea apropiado al contexto en el que se inserta.<\/p>\n<p><strong>Podemos considerar y aprobar solicitudes de enlace realizadas por los siguientes tipos de organizaciones:<\/strong><\/p>\n<ul>\n<li>fuentes conocidas de informaci\u00f3n sobre productos y empresas;<\/li>\n<li>Sitios comunitarios dot.com;<\/li>\n<li>asociaciones y otros grupos que representan instituciones ben\u00e9ficas;<\/li>\n<li>distribuidores de directorios en l\u00ednea;<br \/>\nportales de internet;<\/li>\n<li>Firmas de contabilidad, abogados y consultor\u00eda; e instituciones educativas y asociaciones profesionales.<\/li>\n<\/ul>\n<p>Aprobaremos las solicitudes de enlace realizadas por los tipos de organizaciones enumeradas anteriormente si juzgamos que: (a) el enlace no es perjudicial para nuestra imagen y\/o la imagen de las empresas acreditadas; (b) la organizaci\u00f3n solicitante no tiene un historial negativo con nosotros; (c) el beneficio que obtenemos de la visibilidad del enlace compensa la ausencia de MobilePric BR; y (d) el enlace se insertar\u00e1 en un contexto informativo general.<\/p>\n<p>Estas organizaciones pueden publicar enlaces a nuestra p\u00e1gina de inicio siempre que el enlace: (a) no sea enga\u00f1oso de ninguna manera; (b) no implique falsamente la existencia de una relaci\u00f3n de patrocinio, respaldo o aprobaci\u00f3n de productos y\/o servicios de nuestra parte; y (c) sea apropiado al contexto en el que se est\u00e1 insertando.<\/p>\n<p>Si representa a una de las organizaciones mencionadas en el p\u00e1rrafo 2 anterior y est\u00e1 interesado en publicar un enlace a nuestro sitio web, inf\u00f3rmenos de su inter\u00e9s enviando un correo electr\u00f3nico a MobilePrice BR. Incluya su nombre, el nombre y la informaci\u00f3n de contacto de su organizaci\u00f3n, as\u00ed como la URL de su sitio web, una lista de las URL de nuestro sitio web que desea usar como enlaces y una lista de los sitios web donde desea publicar nuestras URL. La respuesta tardar\u00e1 de 2 a 3 semanas.<\/p>\n<p><strong>Las organizaciones aprobadas pueden publicar enlaces a nuestro Sitio de las siguientes maneras:<\/strong><\/p>\n<ul>\n<li>Utilizando nuestro nombre corporativo; o<\/li>\n<li>Utilizando la URL a la que redirige el enlace; o<\/li>\n<li>Utilizar cualquier otra descripci\u00f3n de nuestro Sitio que tenga sentido dentro del contexto y formato del contenido donde se inserta el enlace.<\/li>\n<\/ul>\n<p>No se permite el uso o publicaci\u00f3n de enlaces al logotipo de MobilePric BR y\/o otros elementos visuales sin un acuerdo de licencia de marca registrada.<\/p>\n<h3>Responsabilidad por el contenido<\/h3>\n<p>No seremos legalmente responsables del contenido que aparezca en su Sitio. Usted se compromete a protegernos y defendernos ante cualquier reclamaci\u00f3n que se presente en su Sitio. No debe aparecer en ning\u00fan Sitio ning\u00fan enlace que pueda interpretarse como difamatorio, obsceno, delictivo o que infrinja, viole o promueva la violaci\u00f3n de los derechos de terceros.<\/p>\n<h3>Reserva de derechos<\/h3>\n<p>Nos reservamos el derecho de solicitarle que elimine todos los enlaces que redirijan a nuestro sitio web. Usted acepta eliminar inmediatamente todos los enlaces a nuestro sitio web si se lo solicitamos. Tambi\u00e9n nos reservamos el derecho de corregir y modificar estos t\u00e9rminos y condiciones en cualquier momento. Al publicar continuamente enlaces a nuestro sitio web, usted acepta estar sujeto a estos t\u00e9rminos y condiciones sobre enlaces.<\/p>\n<h3>Eliminaci\u00f3n de enlaces publicados en nuestro sitio web<\/h3>\n<p>Si encuentra alg\u00fan enlace en nuestro Sitio que sea ofensivo, puede contactarnos e informarnos del problema en cualquier momento. Consideraremos las solicitudes de eliminaci\u00f3n de enlaces, pero no estamos obligados a eliminarlos de nuestro sitio ni a responder directamente a su solicitud.<\/p>\n<p>No garantizamos que la informaci\u00f3n de este sitio sea correcta. No garantizamos la integridad ni la exactitud del contenido. No garantizamos que el sitio permanezca disponible ni que su contenido se mantenga actualizado.<\/p>\n<h3>Descargo de responsabilidad<\/h3>\n<p>En la medida m\u00e1xima permitida por la ley, excluimos todas las declaraciones, garant\u00edas y condiciones relacionadas con nuestro sitio web y su uso. Nada de lo dispuesto en este descargo de responsabilidad:<\/p>\n<ul>\n<li>para limitar o excluir nuestra responsabilidad o su responsabilidad por muerte o lesiones personales;<\/li>\n<li>para limitar o excluir nuestra responsabilidad o su responsabilidad por fraude o tergiversaci\u00f3n fraudulenta;<\/li>\n<li>para limitar nuestra responsabilidad o su responsabilidad de cualquier manera que no est\u00e9 permitida por la ley;<\/li>\n<li>para excluir cualquier responsabilidad suya o nuestra que no pueda excluirse seg\u00fan la legislaci\u00f3n aplicable.<\/li>\n<\/ul>\n<p>Las limitaciones y exclusiones de responsabilidad enumeradas en esta Secci\u00f3n y en otras partes de esta declaraci\u00f3n: (a) est\u00e1n sujetas al p\u00e1rrafo anterior; y (b) rigen todas las responsabilidades que surjan de la declaraci\u00f3n, incluidas las responsabilidades que surjan por contrato, por agravio y por incumplimiento de obligaci\u00f3n legal.<\/p>\n<p>Mientras el sitio web y la informaci\u00f3n y los servicios en \u00e9l contenidos se ofrezcan de forma gratuita, no seremos responsables de p\u00e9rdidas o da\u00f1os de ning\u00fan tipo.<\/p>","protected":false},"excerpt":{"rendered":"<p>Termos e Condi\u00e7\u00f5es de Uso Seja bem-vindo ao MobilePric BR! Estes termos e condi\u00e7\u00f5es descrevem as regras de uso do site da empresa MobilePric BR, localizado no endere\u00e7o https:\/\/ccvgaming.com\/. Ao acessar este site, consideramos que voc\u00ea est\u00e1 de acordo com os termos e condi\u00e7\u00f5es abaixo. N\u00e3o continue a usar o MobilePric BR caso voc\u00ea discorde [&hellip;]<\/p>\n","protected":false},"author":2,"featured_media":0,"parent":0,"menu_order":0,"comment_status":"closed","ping_status":"closed","template":"","meta":{"footnotes":""},"class_list":["post-24242","page","type-page","status-publish"],"_links":{"self":[{"href":"https:\/\/ccvgaming.com\/es\/wp-json\/wp\/v2\/pages\/24242","targetHints":{"allow":["GET"]}}],"collection":[{"href":"https:\/\/ccvgaming.com\/es\/wp-json\/wp\/v2\/pages"}],"about":[{"href":"https:\/\/ccvgaming.com\/es\/wp-json\/wp\/v2\/types\/page"}],"author":[{"embeddable":true,"href":"https:\/\/ccvgaming.com\/es\/wp-json\/wp\/v2\/users\/2"}],"replies":[{"embeddable":true,"href":"https:\/\/ccvgaming.com\/es\/wp-json\/wp\/v2\/comments?post=24242"}],"version-history":[{"count":0,"href":"https:\/\/ccvgaming.com\/es\/wp-json\/wp\/v2\/pages\/24242\/revisions"}],"wp:attachment":[{"href":"https:\/\/ccvgaming.com\/es\/wp-json\/wp\/v2\/media?parent=24242"}],"curies":[{"name":"wp","href":"https:\/\/api.w.org\/{rel}","templated":true}]}}