{"id":24632,"date":"2023-11-22T10:03:19","date_gmt":"2023-11-22T13:03:19","guid":{"rendered":"https:\/\/acertarnacompra.com.br\/?page_id=24632"},"modified":"2023-11-22T10:03:19","modified_gmt":"2023-11-22T13:03:19","slug":"dmca","status":"publish","type":"page","link":"https:\/\/ccvgaming.com\/es\/dmca\/","title":{"rendered":"DMCA"},"content":{"rendered":"<p><strong>Pol\u00edtica de derechos de autor \u2013 DMCA<\/strong><\/p>\n<p><strong>Declaraci\u00f3n de conformidad<\/strong><\/p>\n<p>MobilePric BR respeta los derechos de autor y cumple con las disposiciones de la Ley de Derechos de Autor del Milenio Digital (DMCA). MobilePric BR podr\u00e1, en circunstancias apropiadas y a su discreci\u00f3n, desactivar o cancelar las cuentas de los usuarios que infrinjan repetidamente o se considere que infringen los derechos de autor.<\/p>\n<p><strong>Procedimiento de notificaci\u00f3n de infracci\u00f3n de derechos de autor<\/strong><\/p>\n<p>Si considera que su obra protegida por derechos de autor ha sido reproducida de forma que constituye una infracci\u00f3n de derechos de autor y es accesible en este sitio web, puede notificarlo a nuestro Agente Designado de acuerdo con el procedimiento establecido por la DMCA. Para que sea efectiva, la notificaci\u00f3n debe incluir:<\/p>\n<ol>\n<li>Identificaci\u00f3n de la obra protegida por derechos de autor presuntamente infringida o, si varias obras protegidas por derechos de autor en un mismo sitio web est\u00e1n cubiertas por una sola notificaci\u00f3n, una lista representativa de dichas obras en el sitio.<\/li>\n<li>Identificaci\u00f3n del material que se alega infringe derechos de autor o que es objeto de actividad infractora y que debe ser eliminado o cuyo acceso debe ser deshabilitado, e informaci\u00f3n razonablemente suficiente para permitir que el proveedor de servicios localice dicho material.<\/li>\n<li>Informaci\u00f3n razonablemente suficiente para que el proveedor de servicios pueda ponerse en contacto con el denunciante, como una direcci\u00f3n, un n\u00famero de tel\u00e9fono y, si est\u00e1 disponible, una direcci\u00f3n de correo electr\u00f3nico donde se pueda contactar con el denunciante.<\/li>\n<li>Una declaraci\u00f3n en la que el denunciante afirma creer, de buena fe, que el uso del material de la manera denunciada no est\u00e1 autorizado por el titular de los derechos de autor, su agente o la ley.<\/li>\n<li>Una declaraci\u00f3n que certifique que la informaci\u00f3n contenida en la notificaci\u00f3n es precisa y, bajo pena de perjurio, que el reclamante est\u00e1 autorizado para actuar en nombre del titular de un derecho exclusivo que supuestamente est\u00e1 siendo infringido.<\/li>\n<\/ol>\n<p><strong>Medidas a adoptar en caso de notificaci\u00f3n de una infracci\u00f3n.<\/strong><\/p>\n<p>Tras recibir una notificaci\u00f3n v\u00e1lida de infracci\u00f3n de derechos de autor, MobilePric BR tomar\u00e1 las medidas necesarias para eliminar el material infractor y notificar al usuario responsable de su publicaci\u00f3n. MobilePric BR tambi\u00e9n podr\u00e1, a su discreci\u00f3n, cancelar la cuenta de dicho usuario si lo considera oportuno.<\/p>\n<p><strong>Contacto<\/strong><\/p>\n<p>Si desea presentar una notificaci\u00f3n de infracci\u00f3n de derechos de autor, p\u00f3ngase en contacto con nosotros mediante el formulario que aparece a continuaci\u00f3n.\u00a0<strong><a href=\"https:\/\/ccvgaming.com\/es\/contacto\/\">CONTACTO<\/a><\/strong>.<\/p>\n<p><strong>Aviso legal<\/strong><\/p>\n<p>Esta pol\u00edtica de la DMCA no constituye asesoramiento legal. Le recomendamos que consulte con un abogado para comprender plenamente sus derechos y obligaciones conforme a la DMCA y dem\u00e1s leyes aplicables.<\/p>","protected":false},"excerpt":{"rendered":"<p>Pol\u00edtica de Direitos Autorais &#8211; DMCA Declara\u00e7\u00e3o de Conformidade O MobilePric BR respeita os direitos autorais e est\u00e1 em conformidade com as disposi\u00e7\u00f5es da Digital Millennium Copyright Act (&#8220;DMCA&#8221;). MobilePric BR pode, sob circunst\u00e2ncias apropriadas e a seu crit\u00e9rio, desativar e\/ou encerrar contas de usu\u00e1rios que infringem repetidamente ou s\u00e3o considerados como infratores dos direitos [&hellip;]<\/p>\n","protected":false},"author":2,"featured_media":0,"parent":0,"menu_order":0,"comment_status":"closed","ping_status":"closed","template":"","meta":{"footnotes":""},"class_list":["post-24632","page","type-page","status-publish"],"_links":{"self":[{"href":"https:\/\/ccvgaming.com\/es\/wp-json\/wp\/v2\/pages\/24632","targetHints":{"allow":["GET"]}}],"collection":[{"href":"https:\/\/ccvgaming.com\/es\/wp-json\/wp\/v2\/pages"}],"about":[{"href":"https:\/\/ccvgaming.com\/es\/wp-json\/wp\/v2\/types\/page"}],"author":[{"embeddable":true,"href":"https:\/\/ccvgaming.com\/es\/wp-json\/wp\/v2\/users\/2"}],"replies":[{"embeddable":true,"href":"https:\/\/ccvgaming.com\/es\/wp-json\/wp\/v2\/comments?post=24632"}],"version-history":[{"count":0,"href":"https:\/\/ccvgaming.com\/es\/wp-json\/wp\/v2\/pages\/24632\/revisions"}],"wp:attachment":[{"href":"https:\/\/ccvgaming.com\/es\/wp-json\/wp\/v2\/media?parent=24632"}],"curies":[{"name":"wp","href":"https:\/\/api.w.org\/{rel}","templated":true}]}}