{"id":24240,"date":"2023-11-10T10:38:14","date_gmt":"2023-11-10T13:38:14","guid":{"rendered":"https:\/\/acertarnacompra.com.br\/?page_id=24240"},"modified":"2023-11-17T11:18:38","modified_gmt":"2023-11-17T14:18:38","slug":"politique-de-confidentialite","status":"publish","type":"page","link":"https:\/\/ccvgaming.com\/fr\/politica-de-privacidade\/","title":{"rendered":"politique de confidentialit\u00e9"},"content":{"rendered":"<p>Le respect de votre vie priv\u00e9e est important pour nous. La politique de MobilePrice est de respecter votre vie priv\u00e9e concernant toute information que nous pourrions recueillir aupr\u00e8s de vous sur le site web.<strong><a href=\"https:\/\/ccvgaming.com\/fr\/\">\u00a0Prix mobile<\/a><\/strong>, et d&#039;autres sites web que nous poss\u00e9dons et exploitons.<\/p>\n<p>Nous ne demandons des renseignements personnels que lorsque cela est strictement n\u00e9cessaire pour vous fournir un service. Nous agissons de mani\u00e8re loyale et licite, avec votre consentement \u00e9clair\u00e9. Nous vous informons \u00e9galement des raisons pour lesquelles nous recueillons ces donn\u00e9es et de l&#039;usage qui en sera fait.<\/p>\n<p>Nous ne conservons les informations collect\u00e9es que le temps n\u00e9cessaire \u00e0 la fourniture du service demand\u00e9. Lors du stockage des donn\u00e9es, nous les prot\u00e9geons par des moyens commercialement acceptables afin de pr\u00e9venir toute perte, vol, acc\u00e8s non autoris\u00e9, divulgation, copie, utilisation ou modification.<\/p>\n<p>Nous ne partageons pas publiquement ni avec des tiers les informations permettant d&#039;identifier une personne, sauf lorsque la loi l&#039;exige.<\/p>\n<p>Notre site web peut contenir des liens vers des sites externes qui ne sont pas exploit\u00e9s par nous. Veuillez noter que nous n&#039;avons aucun contr\u00f4le sur le contenu et les pratiques de ces sites et que nous ne pouvons \u00eatre tenus responsables de leurs politiques de confidentialit\u00e9 respectives.<\/p>\n<p>Vous \u00eates libre de refuser notre demande de renseignements personnels, \u00e9tant entendu que nous pourrions alors ne pas \u00eatre en mesure de vous fournir certains des services que vous souhaitez.<\/p>\n<p>En continuant \u00e0 utiliser notre site web, vous acceptez nos pratiques en mati\u00e8re de confidentialit\u00e9 et de traitement des donn\u00e9es personnelles. Pour toute question concernant la gestion de vos donn\u00e9es personnelles, veuillez nous contacter.<\/p>\n<h2>Politique de cookies de MobilePrice<\/h2>\n<h3>Que sont les cookies ?<\/h3>\n<p>Comme c&#039;est le cas pour la plupart des sites web professionnels, ce site utilise des cookies, de petits fichiers t\u00e9l\u00e9charg\u00e9s sur votre ordinateur, afin d&#039;am\u00e9liorer votre exp\u00e9rience. Cette page d\u00e9crit les informations qu&#039;ils collectent, comment nous les utilisons et pourquoi nous devons parfois stocker ces cookies. Nous vous expliquons \u00e9galement comment emp\u00eacher leur stockage\u00a0; toutefois, cela pourrait d\u00e9grader ou perturber certaines fonctionnalit\u00e9s du site.<\/p>\n<h3>Comment utilisons-nous les cookies ?<\/h3>\n<p>Nous utilisons des cookies pour diverses raisons, d\u00e9taill\u00e9es ci-dessous. Malheureusement, dans la plupart des cas, il n&#039;existe pas d&#039;option standard pour d\u00e9sactiver les cookies sans d\u00e9sactiver compl\u00e8tement les fonctionnalit\u00e9s qu&#039;ils apportent \u00e0 ce site. Il est donc recommand\u00e9 de laisser tous les cookies activ\u00e9s si vous n&#039;\u00eates pas certain de leur utilit\u00e9, car ils peuvent \u00eatre n\u00e9cessaires au fonctionnement d&#039;un service que vous utilisez.<\/p>\n<h3>D\u00e9sactiver les cookies<\/h3>\n<p>Vous pouvez emp\u00eacher l&#039;installation de cookies en modifiant les param\u00e8tres de votre navigateur (consultez l&#039;aide de votre navigateur pour savoir comment proc\u00e9der). Sachez que la d\u00e9sactivation des cookies affectera le fonctionnement de ce site web et de nombreux autres sites que vous visitez. La d\u00e9sactivation des cookies entra\u00eenera g\u00e9n\u00e9ralement la d\u00e9sactivation de certaines fonctionnalit\u00e9s de ce site. Par cons\u00e9quent, il est recommand\u00e9 de ne pas d\u00e9sactiver les cookies.<\/p>\n<h3>Cookies que nous utilisons<\/h3>\n<ul>\n<li>Cookies li\u00e9s \u00e0 votre compte\u00a0: Si vous cr\u00e9ez un compte chez nous, nous utiliserons des cookies pour g\u00e9rer votre inscription et l\u2019administration g\u00e9n\u00e9rale. Ces cookies sont g\u00e9n\u00e9ralement supprim\u00e9s lorsque vous vous d\u00e9connectez, mais dans certains cas, ils peuvent \u00eatre conserv\u00e9s afin de m\u00e9moriser vos pr\u00e9f\u00e9rences de navigation apr\u00e8s votre visite.<\/li>\n<li>Cookies li\u00e9s \u00e0 la connexion\u00a0: Nous utilisons des cookies lorsque vous \u00eates connect\u00e9 afin de m\u00e9moriser votre connexion. Cela vous \u00e9vite de devoir vous reconnecter \u00e0 chaque nouvelle page. Ces cookies sont g\u00e9n\u00e9ralement supprim\u00e9s lorsque vous vous d\u00e9connectez, garantissant ainsi que vous ne pouvez acc\u00e9der aux ressources et zones restreintes que lorsque vous \u00eates connect\u00e9.<\/li>\n<li>Cookies li\u00e9s aux newsletters par e-mail\u00a0: Ce site web propose des services d\u2019abonnement \u00e0 des newsletters ou \u00e0 des e-mails, et des cookies peuvent \u00eatre utilis\u00e9s pour m\u00e9moriser si vous \u00eates d\u00e9j\u00e0 inscrit et pour afficher certaines notifications r\u00e9serv\u00e9es aux utilisateurs abonn\u00e9s\/d\u00e9sabonn\u00e9s.<\/li>\n<li>Cookies li\u00e9s au traitement des commandes\u00a0: Ce site propose des services de commerce \u00e9lectronique ou de paiement, et certains cookies sont essentiels pour garantir que votre commande soit m\u00e9moris\u00e9e d\u2019une page \u00e0 l\u2019autre afin que nous puissions la traiter correctement.<\/li>\n<li>Cookies li\u00e9s aux enqu\u00eates\u00a0: Nous proposons r\u00e9guli\u00e8rement des enqu\u00eates et des questionnaires afin de fournir des informations int\u00e9ressantes, des outils utiles ou de mieux comprendre nos utilisateurs. Ces enqu\u00eates peuvent utiliser des cookies pour m\u00e9moriser les participants ou pour garantir des r\u00e9sultats pr\u00e9cis m\u00eame apr\u00e8s un changement de page.<\/li>\n<li>Cookies li\u00e9s aux formulaires\u00a0: Lorsque vous soumettez des donn\u00e9es via un formulaire, comme ceux que l\u2019on trouve sur les pages de contact ou les formulaires de commentaires, des cookies peuvent \u00eatre install\u00e9s pour m\u00e9moriser vos informations d\u2019utilisateur en vue de futures correspondances.<\/li>\n<li>Cookies de pr\u00e9f\u00e9rences du site web\u00a0: Afin de vous offrir une exp\u00e9rience optimale sur ce site web, nous vous proposons de personnaliser son fonctionnement selon vos pr\u00e9f\u00e9rences. Pour m\u00e9moriser ces pr\u00e9f\u00e9rences, nous utilisons des cookies qui permettent de les appliquer \u00e0 chaque page que vous consultez.<\/li>\n<\/ul>\n<h3>Cookies tiers<\/h3>\n<p>Dans certains cas particuliers, nous utilisons \u00e9galement des cookies fournis par des tiers de confiance. La section suivante d\u00e9taille les cookies tiers que vous pourriez rencontrer sur ce site web.<\/p>\n<ul>\n<li>Ce site web utilise Google Analytics, l&#039;une des solutions d&#039;analyse les plus r\u00e9pandues et les plus fiables du web, afin de mieux comprendre votre utilisation du site et d&#039;am\u00e9liorer votre exp\u00e9rience. Ces cookies peuvent suivre des informations telles que la dur\u00e9e de votre visite et les pages consult\u00e9es, ce qui nous permet de continuer \u00e0 proposer un contenu pertinent.<\/li>\n<\/ul>\n<p>Pour plus d&#039;informations sur les cookies de Google Analytics, veuillez consulter la page officielle de Google Analytics.<\/p>\n<ul>\n<li>Des outils d&#039;analyse tiers sont utilis\u00e9s pour suivre et mesurer l&#039;utilisation de ce site afin de nous permettre de continuer \u00e0 proposer un contenu pertinent. Ces cookies peuvent enregistrer des informations telles que le temps pass\u00e9 sur le site ou les pages consult\u00e9es, ce qui nous aide \u00e0 comprendre comment l&#039;am\u00e9liorer.<\/li>\n<li>Nous testons r\u00e9guli\u00e8rement de nouvelles fonctionnalit\u00e9s et apportons des modifications mineures \u00e0 l&#039;apparence du site. Lors de ces tests, ces cookies peuvent \u00eatre utilis\u00e9s pour vous garantir une exp\u00e9rience utilisateur coh\u00e9rente et nous permettre d&#039;identifier les optimisations les plus appr\u00e9ci\u00e9es.<\/li>\n<li>Comme nous vendons des produits, il est important pour nous de comprendre les statistiques relatives au nombre de visiteurs de notre site web qui effectuent un achat. C&#039;est pr\u00e9cis\u00e9ment le type de donn\u00e9es que ces cookies permettent de suivre. Cela est important pour vous car cela nous permet d&#039;\u00e9tablir des pr\u00e9visions commerciales pr\u00e9cises, d&#039;analyser nos co\u00fbts publicitaires et de production, et ainsi de vous proposer le meilleur prix possible.<\/li>\n<li>Le service Google AdSense que nous utilisons pour diffuser des publicit\u00e9s utilise un cookie DoubleClick afin de vous proposer des annonces plus pertinentes sur le Web et de limiter le nombre de fois o\u00f9 une m\u00eame annonce vous est pr\u00e9sent\u00e9e.<br \/>\nPour plus d&#039;informations sur Google AdSense, veuillez consulter la FAQ officielle sur la confidentialit\u00e9 de Google AdSense.<\/li>\n<li>Nous utilisons la publicit\u00e9 pour couvrir les frais de fonctionnement de ce site et financer son d\u00e9veloppement futur. Les cookies de publicit\u00e9 comportementale utilis\u00e9s par ce site sont con\u00e7us pour vous proposer les publicit\u00e9s les plus pertinentes possible en suivant anonymement vos centres d&#039;int\u00e9r\u00eat et en vous pr\u00e9sentant des contenus similaires susceptibles de vous int\u00e9resser.<\/li>\n<li>Plusieurs partenaires font de la publicit\u00e9 en notre nom, et les cookies de suivi d&#039;affiliation nous permettent simplement de voir si nos clients ont acc\u00e9d\u00e9 au site via l&#039;un de nos sites partenaires, afin que nous puissions les cr\u00e9diter comme il se doit et, le cas \u00e9ch\u00e9ant, permettre \u00e0 nos partenaires affili\u00e9s de proposer les promotions qu&#039;ils peuvent offrir pour vous encourager \u00e0 effectuer un achat.<\/li>\n<\/ul>\n<h3>Engagement de l&#039;utilisateur<\/h3>\n<p>L&#039;utilisateur s&#039;engage \u00e0 faire un usage appropri\u00e9 du contenu et des informations propos\u00e9s par MobilePric sur le site web, notamment, mais sans s&#039;y limiter\u00a0:<\/p>\n<ul>\n<li>A) Ne pas se livrer \u00e0 des activit\u00e9s ill\u00e9gales ou contraires \u00e0 la bonne foi et \u00e0 l\u2019ordre public ;<\/li>\n<li>B) Ne pas diffuser de propagande ou de contenu \u00e0 caract\u00e8re raciste, x\u00e9nophobe, faisant l&#039;apologie des jeux d&#039;argent ou de la pornographie ill\u00e9gale, ou de contenu promouvant le terrorisme ou violant les droits de l&#039;homme ;<\/li>\n<li>C) Ne pas causer de dommages aux syst\u00e8mes physiques (mat\u00e9riels) et logiques (logiciels) de MobilePric, de ses fournisseurs ou de tiers, en introduisant ou en diffusant des virus informatiques ou tout autre syst\u00e8me mat\u00e9riel ou logiciel susceptible de causer les dommages susmentionn\u00e9s.<\/li>\n<\/ul>\n<h2>Publicit\u00e9 personnalis\u00e9e (d\u00e9sactivation possible)<\/h2>\n<p>Les utilisateurs peuvent d\u00e9sactiver la publicit\u00e9 personnalis\u00e9e en se rendant sur le\u00a0<a href=\"https:\/\/adssettings.google.com\/authenticated\" target=\"_blank\" rel=\"noopener\">Param\u00e8tres des annonces<\/a>. Vous pouvez \u00e9galement inviter les utilisateurs \u00e0 consulter le site web.\u00a0<a href=\"http:\/\/www.aboutads.info\/\" target=\"_blank\" rel=\"noopener\">www.aboutads.info<\/a>\u00a0d\u00e9sactiver l\u2019utilisation des cookies publicitaires personnalis\u00e9s tiers.<\/p>\n<h3>Plus d&#039;informations<\/h3>\n<p>Nous esp\u00e9rons que cela est clair et, comme mentionn\u00e9 pr\u00e9c\u00e9demment, en cas de doute sur la n\u00e9cessit\u00e9 d&#039;activer ou non les cookies, il est g\u00e9n\u00e9ralement plus s\u00fbr de les laisser activ\u00e9s si vous interagissez avec l&#039;une des fonctionnalit\u00e9s de notre site web.<\/p>\n<p>Cette politique entre en vigueur \u00e0 compter de <strong>Novembre 2023<\/strong>.<\/p>","protected":false},"excerpt":{"rendered":"<p>A sua privacidade \u00e9 importante para n\u00f3s. \u00c9 pol\u00edtica do MobilePric respeitar a sua privacidade em rela\u00e7\u00e3o a qualquer informa\u00e7\u00e3o sua que possamos coletar no site\u00a0MobilePric, e outros sites que possu\u00edmos e operamos. Solicitamos informa\u00e7\u00f5es pessoais apenas quando realmente precisamos delas para lhe fornecer um servi\u00e7o. Fazemo-lo por meios justos e legais, com o seu [&hellip;]<\/p>\n","protected":false},"author":2,"featured_media":0,"parent":0,"menu_order":0,"comment_status":"closed","ping_status":"closed","template":"","meta":{"footnotes":""},"class_list":["post-24240","page","type-page","status-publish"],"_links":{"self":[{"href":"https:\/\/ccvgaming.com\/fr\/wp-json\/wp\/v2\/pages\/24240","targetHints":{"allow":["GET"]}}],"collection":[{"href":"https:\/\/ccvgaming.com\/fr\/wp-json\/wp\/v2\/pages"}],"about":[{"href":"https:\/\/ccvgaming.com\/fr\/wp-json\/wp\/v2\/types\/page"}],"author":[{"embeddable":true,"href":"https:\/\/ccvgaming.com\/fr\/wp-json\/wp\/v2\/users\/2"}],"replies":[{"embeddable":true,"href":"https:\/\/ccvgaming.com\/fr\/wp-json\/wp\/v2\/comments?post=24240"}],"version-history":[{"count":0,"href":"https:\/\/ccvgaming.com\/fr\/wp-json\/wp\/v2\/pages\/24240\/revisions"}],"wp:attachment":[{"href":"https:\/\/ccvgaming.com\/fr\/wp-json\/wp\/v2\/media?parent=24240"}],"curies":[{"name":"wp","href":"https:\/\/api.w.org\/{rel}","templated":true}]}}