{"id":24242,"date":"2023-11-10T10:40:11","date_gmt":"2023-11-10T13:40:11","guid":{"rendered":"https:\/\/acertarnacompra.com.br\/?page_id=24242"},"modified":"2023-11-27T21:58:44","modified_gmt":"2023-11-28T00:58:44","slug":"conditions-dutilisation","status":"publish","type":"page","link":"https:\/\/ccvgaming.com\/fr\/termos-de-uso\/","title":{"rendered":"Conditions d&#039;utilisation"},"content":{"rendered":"<p>Conditions g\u00e9n\u00e9rales d&#039;utilisation<\/p>\n<p>Bienvenue sur MobilePrice BR !<\/p>\n<p>Les pr\u00e9sentes conditions g\u00e9n\u00e9rales d\u00e9crivent les r\u00e8gles d&#039;utilisation du site web de la soci\u00e9t\u00e9 MobilePrice BR, accessible \u00e0 l&#039;adresse https:\/\/ccvgaming.com\/.<\/p>\n<p>En acc\u00e9dant \u00e0 ce site web, vous acceptez les conditions g\u00e9n\u00e9rales ci-dessous. Si vous n&#039;acceptez pas ces conditions g\u00e9n\u00e9rales, veuillez cesser d&#039;utiliser MobilePrice BR.<\/p>\n<h2>Cookies<\/h2>\n<p>Ce site web utilise des cookies pour personnaliser votre exp\u00e9rience en ligne. En acc\u00e9dant au site web MobilePrice BR, vous acceptez l&#039;utilisation des cookies n\u00e9cessaires.<\/p>\n<p>Les cookies sont des fichiers texte plac\u00e9s sur votre disque dur par un serveur web. Ils ne peuvent ni ex\u00e9cuter de programmes ni transmettre de virus \u00e0 votre ordinateur. Chaque cookie est unique et ne peut \u00eatre lu que par le serveur web du domaine qui l&#039;a \u00e9mis.<\/p>\n<p>Nous utilisons des cookies pour collecter, stocker et suivre des informations \u00e0 des fins statistiques et marketing sur notre site web. Vous pouvez accepter ou refuser les cookies optionnels. Certains cookies sont obligatoires et n\u00e9cessaires au fonctionnement de notre site. Leur utilisation requiert votre consentement. Veuillez noter qu&#039;en acceptant les cookies obligatoires, vous acceptez \u00e9galement les cookies tiers, susceptibles d&#039;\u00eatre utilis\u00e9s par des tiers si vous utilisez leurs services sur notre site \u2013 par exemple, une fen\u00eatre de lecture vid\u00e9o fournie par des soci\u00e9t\u00e9s tierces et int\u00e9gr\u00e9e \u00e0 notre site.<\/p>\n<h2>Licence<\/h2>\n<p>Sauf indication contraire, MobilePric BR et ses conc\u00e9dants de licence d\u00e9tiennent les droits de propri\u00e9t\u00e9 intellectuelle sur tous les contenus publi\u00e9s sur MobilePric BR. Tous droits r\u00e9serv\u00e9s.<\/p>\n<h2>Vous n&#039;\u00eates pas autoris\u00e9 \u00e0 :<\/h2>\n<p>Copier ou republier des documents de MobilePrice BR<br \/>\nVente, location ou sous-location de mat\u00e9riel provenant de MobilePrice BR<br \/>\nLa reproduction, la duplication ou la copie des documents provenant de MobilePrice BR est interdite.<br \/>\nRedistribuer le contenu de MobilePrice BR.<\/p>\n<h3>Le pr\u00e9sent accord entrera en vigueur \u00e0 compter de la date des pr\u00e9sentes.<\/h3>\n<p>Certaines sections de ce site web offrent aux utilisateurs la possibilit\u00e9 de publier et de discuter d&#039;opinions et d&#039;informations sur des sujets sp\u00e9cifiques. MobilePric BR ne filtre, ne modifie, ne publie ni ne v\u00e9rifie les commentaires avant leur publication sur le site. Les commentaires refl\u00e8tent l&#039;opinion de leurs auteurs. Dans les limites permises par la loi applicable, MobilePric BR d\u00e9cline toute responsabilit\u00e9 quant aux commentaires et aux dommages, risques ou d\u00e9penses caus\u00e9s ou subis suite \u00e0 leur utilisation, leur publication ou leur affichage sur ce site web.<\/p>\n<p>MobilePrice BR se r\u00e9serve le droit de supprimer tout commentaire qui pourrait \u00eatre consid\u00e9r\u00e9 comme inappropri\u00e9, offensant ou contraire aux conditions g\u00e9n\u00e9rales du pr\u00e9sent accord.<\/p>\n<h3>Vous d\u00e9clarez et garantissez que\u00a0:<\/h3>\n<p>Vous avez le droit de publier des commentaires sur notre site web et disposez de toutes les licences et autorisations n\u00e9cessaires pour ce faire\u00a0;<br \/>\nVos commentaires ne portent pas atteinte aux droits de propri\u00e9t\u00e9 intellectuelle, notamment aux droits d&#039;auteur, aux brevets ou aux marques de commerce de tiers\u00a0;<br \/>\nVos commentaires ne contiennent aucun \u00e9l\u00e9ment diffamatoire, injurieux, offensant, ind\u00e9cent ou autrement ill\u00e9gal qui constitue une atteinte \u00e0 la vie priv\u00e9e.<br \/>\nVos commentaires ne seront pas utilis\u00e9s \u00e0 des fins de sollicitation ou de promotion commerciale, ni pour pr\u00e9senter des activit\u00e9s commerciales ou ill\u00e9gales.<\/p>\n<p>Par la pr\u00e9sente, vous accordez \u00e0 MobilePric BR une licence non exclusive d&#039;utilisation, de reproduction, de modification et d&#039;autorisation \u00e0 des tiers d&#039;utiliser, de reproduire ou de modifier vos commentaires sous toutes leurs formes, formats et sur tous supports.<\/p>\n<h2>Cr\u00e9er des liens vers notre contenu<\/h2>\n<p>Les organisations suivantes peuvent cr\u00e9er un lien vers notre site sans avoir besoin d&#039;une autorisation \u00e9crite pr\u00e9alable\u00a0:<\/p>\n<ul>\n<li>agences gouvernementales;<\/li>\n<li>Moteurs de recherche ;<\/li>\n<li>Organisations m\u00e9diatiques;<\/li>\n<li>Les distributeurs d&#039;annuaires en ligne peuvent ins\u00e9rer des liens vers notre Site de la m\u00eame mani\u00e8re qu&#039;ils ins\u00e8rent des hyperliens vers les Sites d&#039;autres entreprises r\u00e9pertori\u00e9es\u00a0;<\/li>\n<li>Les entreprises accr\u00e9dit\u00e9es, \u00e0 l&#039;exception des organismes de collecte de fonds \u00e0 but non lucratif et des groupes de collecte de fonds caritatifs, ne peuvent pas ins\u00e9rer de liens vers notre site sans autorisation pr\u00e9alable.<\/li>\n<\/ul>\n<p>Ces organisations peuvent publier des liens vers notre page d&#039;accueil, nos publications ou d&#039;autres informations du Site, \u00e0 condition que le lien\u00a0: (a) ne soit en aucun cas trompeur\u00a0; (b) n&#039;implique pas faussement l&#039;existence d&#039;une relation de parrainage, d&#039;approbation ou de recommandation entre nous et des produits et\/ou services\u00a0; et (c) soit appropri\u00e9 au contexte dans lequel il est ins\u00e9r\u00e9.<\/p>\n<p><strong>Nous pouvons examiner et approuver les demandes de liens \u00e9manant des types d&#039;organisations suivants\u00a0:<\/strong><\/p>\n<ul>\n<li>sources d&#039;information reconnues sur les produits et les entreprises ;<\/li>\n<li>Sites communautaires dot.com\u00a0;<\/li>\n<li>associations et autres groupes qui repr\u00e9sentent des institutions caritatives;<\/li>\n<li>distributeurs d&#039;annuaires en ligne\u00a0;<br \/>\nportails internet ;<\/li>\n<li>Cabinets d&#039;expertise comptable, d&#039;avocats et de conseil ; \u00e9tablissements d&#039;enseignement et associations professionnelles.<\/li>\n<\/ul>\n<p>Nous approuverons les demandes de liens \u00e9manant des types d&#039;organisations \u00e9num\u00e9r\u00e9s ci-dessus si nous estimons que\u00a0: (a) le lien ne porte pas atteinte \u00e0 notre image et\/ou \u00e0 celle des entreprises accr\u00e9dit\u00e9es\u00a0; (b) l&#039;organisation requ\u00e9rante n&#039;a pas d&#039;ant\u00e9c\u00e9dents n\u00e9gatifs avec nous\u00a0; (c) le b\u00e9n\u00e9fice que nous retirons de la visibilit\u00e9 du lien compense l&#039;absence de MobilePric BR\u00a0; et (d) le lien sera ins\u00e9r\u00e9 dans un contexte informatif g\u00e9n\u00e9ral.<\/p>\n<p>Ces organisations peuvent publier des liens vers notre page d&#039;accueil \u00e0 condition que le lien\u00a0: (a) ne soit en aucun cas trompeur\u00a0; (b) n&#039;implique pas faussement l&#039;existence d&#039;une relation de parrainage, d&#039;approbation ou de recommandation de produits et\/ou de services de notre part\u00a0; et (c) soit appropri\u00e9 au contexte dans lequel il est ins\u00e9r\u00e9.<\/p>\n<p>Si vous repr\u00e9sentez l&#039;une des organisations mentionn\u00e9es au paragraphe 2 ci-dessus et souhaitez publier un lien vers notre site web, veuillez nous en informer par courriel \u00e0 MobilePrice BR. Merci d&#039;indiquer votre nom, le nom et les coordonn\u00e9es de votre organisation, ainsi que l&#039;URL de votre site web, la liste des URL de notre site que vous souhaitez utiliser comme liens et la liste des sites web sur lesquels vous pr\u00e9voyez de publier nos URL. Veuillez pr\u00e9voir un d\u00e9lai de r\u00e9ponse de 2 \u00e0 3 semaines.<\/p>\n<p><strong>Les organisations agr\u00e9\u00e9es peuvent publier des liens vers notre site de la mani\u00e8re suivante\u00a0:<\/strong><\/p>\n<ul>\n<li>En utilisant notre nom commercial ; ou<\/li>\n<li>En utilisant l&#039;URL vers laquelle le lien redirige ; ou<\/li>\n<li>Utiliser toute autre description de notre Site qui soit pertinente dans le contexte et le format du contenu o\u00f9 le lien est ins\u00e9r\u00e9.<\/li>\n<\/ul>\n<p>L\u2019utilisation ou la publication de liens vers le logo MobilePric BR et\/ou d\u2019autres \u00e9l\u00e9ments visuels n\u2019est pas autoris\u00e9e sans un accord de licence de marque.<\/p>\n<h3>Responsabilit\u00e9 du contenu<\/h3>\n<p>Nous d\u00e9clinons toute responsabilit\u00e9 l\u00e9gale quant au contenu figurant sur votre Site. Vous vous engagez \u00e0 nous prot\u00e9ger et \u00e0 nous d\u00e9fendre contre toute r\u00e9clamation formul\u00e9e sur votre Site. Aucun lien ne doit appara\u00eetre sur un Site dont le contenu pourrait \u00eatre interpr\u00e9t\u00e9 comme diffamatoire, obsc\u00e8ne, criminel ou qui enfreint, viole ou encourage la violation des droits de tiers.<\/p>\n<h3>R\u00e9serve de droits<\/h3>\n<p>Nous nous r\u00e9servons le droit d&#039;exiger la suppression de tout lien vers notre site web. Vous vous engagez \u00e0 supprimer imm\u00e9diatement tout lien vers notre site web sur simple demande de notre part. Nous nous r\u00e9servons \u00e9galement le droit de modifier ces conditions g\u00e9n\u00e9rales \u00e0 tout moment. En continuant \u00e0 publier des liens vers notre site web, vous acceptez d&#039;\u00eatre li\u00e9 par ces conditions g\u00e9n\u00e9rales relatives aux liens.<\/p>\n<h3>Suppression des liens publi\u00e9s sur notre site web<\/h3>\n<p>Si vous trouvez sur notre site un lien qui vous semble inappropri\u00e9, n&#039;h\u00e9sitez pas \u00e0 nous contacter pour nous le signaler. Nous examinerons les demandes de suppression de liens, mais nous ne sommes pas tenus de les supprimer ni de r\u00e9pondre directement \u00e0 votre demande.<\/p>\n<p>Nous ne garantissons pas l&#039;exactitude des informations contenues sur ce site. Nous ne garantissons ni l&#039;exhaustivit\u00e9 ni la pr\u00e9cision de son contenu. Nous ne garantissons pas la disponibilit\u00e9 permanente du site ni la mise \u00e0 jour r\u00e9guli\u00e8re de son contenu.<\/p>\n<h3>Clause de non-responsabilit\u00e9<\/h3>\n<p>Dans toute la mesure permise par la loi, nous excluons toute d\u00e9claration, garantie et condition relative \u00e0 notre site web et \u00e0 son utilisation. Rien dans cette clause de non-responsabilit\u00e9 ne saurait\u00a0:<\/p>\n<ul>\n<li>limiter ou exclure notre responsabilit\u00e9 ou votre responsabilit\u00e9 en cas de d\u00e9c\u00e8s ou de blessure corporelle\u00a0;<\/li>\n<li>limiter ou exclure notre responsabilit\u00e9 ou votre responsabilit\u00e9 en cas de fraude ou de fausse d\u00e9claration frauduleuse\u00a0;<\/li>\n<li>limiter notre responsabilit\u00e9 ou la v\u00f4tre de toute mani\u00e8re non autoris\u00e9e par la loi\u00a0;<\/li>\n<li>exclure toute responsabilit\u00e9, la v\u00f4tre ou la n\u00f4tre, qui ne peut \u00eatre exclue en vertu du droit applicable.<\/li>\n<\/ul>\n<p>Les limitations et exclusions de responsabilit\u00e9 \u00e9num\u00e9r\u00e9es dans cette section et ailleurs dans la pr\u00e9sente d\u00e9claration : a) sont soumises au paragraphe pr\u00e9c\u00e9dent ; et b) r\u00e9gissent toutes les responsabilit\u00e9s d\u00e9coulant de la pr\u00e9sente d\u00e9claration, y compris les responsabilit\u00e9s d\u00e9coulant d&#039;un contrat, d&#039;un d\u00e9lit et d&#039;une violation d&#039;une obligation l\u00e9gale.<\/p>\n<p>Tant que le site web et les informations et services qu&#039;il propose sont gratuits, nous ne serons pas responsables des pertes ou dommages de quelque nature que ce soit.<\/p>","protected":false},"excerpt":{"rendered":"<p>Termos e Condi\u00e7\u00f5es de Uso Seja bem-vindo ao MobilePric BR! Estes termos e condi\u00e7\u00f5es descrevem as regras de uso do site da empresa MobilePric BR, localizado no endere\u00e7o https:\/\/ccvgaming.com\/. Ao acessar este site, consideramos que voc\u00ea est\u00e1 de acordo com os termos e condi\u00e7\u00f5es abaixo. N\u00e3o continue a usar o MobilePric BR caso voc\u00ea discorde [&hellip;]<\/p>\n","protected":false},"author":2,"featured_media":0,"parent":0,"menu_order":0,"comment_status":"closed","ping_status":"closed","template":"","meta":{"footnotes":""},"class_list":["post-24242","page","type-page","status-publish"],"_links":{"self":[{"href":"https:\/\/ccvgaming.com\/fr\/wp-json\/wp\/v2\/pages\/24242","targetHints":{"allow":["GET"]}}],"collection":[{"href":"https:\/\/ccvgaming.com\/fr\/wp-json\/wp\/v2\/pages"}],"about":[{"href":"https:\/\/ccvgaming.com\/fr\/wp-json\/wp\/v2\/types\/page"}],"author":[{"embeddable":true,"href":"https:\/\/ccvgaming.com\/fr\/wp-json\/wp\/v2\/users\/2"}],"replies":[{"embeddable":true,"href":"https:\/\/ccvgaming.com\/fr\/wp-json\/wp\/v2\/comments?post=24242"}],"version-history":[{"count":0,"href":"https:\/\/ccvgaming.com\/fr\/wp-json\/wp\/v2\/pages\/24242\/revisions"}],"wp:attachment":[{"href":"https:\/\/ccvgaming.com\/fr\/wp-json\/wp\/v2\/media?parent=24242"}],"curies":[{"name":"wp","href":"https:\/\/api.w.org\/{rel}","templated":true}]}}