{"id":24632,"date":"2023-11-22T10:03:19","date_gmt":"2023-11-22T13:03:19","guid":{"rendered":"https:\/\/acertarnacompra.com.br\/?page_id=24632"},"modified":"2023-11-22T10:03:19","modified_gmt":"2023-11-22T13:03:19","slug":"dmca","status":"publish","type":"page","link":"https:\/\/ccvgaming.com\/fr\/dmca\/","title":{"rendered":"DMCA"},"content":{"rendered":"<p><strong>Politique de droits d&#039;auteur \u2013 DMCA<\/strong><\/p>\n<p><strong>D\u00e9claration de conformit\u00e9<\/strong><\/p>\n<p>MobilePric BR respecte le droit d&#039;auteur et se conforme aux dispositions du Digital Millennium Copyright Act (\u201c\u00a0DMCA\u00a0\u201d). MobilePric BR peut, dans les circonstances appropri\u00e9es et \u00e0 sa discr\u00e9tion, d\u00e9sactiver et\/ou r\u00e9silier les comptes des utilisateurs qui enfreignent de mani\u00e8re r\u00e9p\u00e9t\u00e9e le droit d&#039;auteur ou sont consid\u00e9r\u00e9s comme l&#039;enfreignant.<\/p>\n<p><strong>Proc\u00e9dure de notification des infractions au droit d&#039;auteur<\/strong><\/p>\n<p>Si vous estimez que votre \u0153uvre prot\u00e9g\u00e9e par le droit d&#039;auteur a \u00e9t\u00e9 reproduite d&#039;une mani\u00e8re qui constitue une violation de ce droit et qu&#039;elle est accessible sur ce site web, vous pouvez en informer notre agent d\u00e9sign\u00e9 conform\u00e9ment \u00e0 la proc\u00e9dure pr\u00e9vue par le DMCA. Pour \u00eatre valable, la notification doit comprendre\u00a0:<\/p>\n<ol>\n<li>Identification de l&#039;\u0153uvre prot\u00e9g\u00e9e par le droit d&#039;auteur qui aurait \u00e9t\u00e9 enfreinte ou, si plusieurs \u0153uvres prot\u00e9g\u00e9es par le droit d&#039;auteur pr\u00e9sentes sur un m\u00eame site en ligne font l&#039;objet d&#039;une seule notification, une liste repr\u00e9sentative de ces \u0153uvres sur le site.<\/li>\n<li>Identification du mat\u00e9riel qui serait contrefait ou qui ferait l&#039;objet d&#039;une activit\u00e9 contrefaisante, et qui doit \u00eatre retir\u00e9 ou dont l&#039;acc\u00e8s doit \u00eatre d\u00e9sactiv\u00e9, ainsi que les informations raisonnablement suffisantes pour permettre au fournisseur de services de localiser ce mat\u00e9riel.<\/li>\n<li>Des informations raisonnablement suffisantes pour permettre au fournisseur de services de contacter le plaignant, telles qu&#039;une adresse, un num\u00e9ro de t\u00e9l\u00e9phone et, le cas \u00e9ch\u00e9ant, une adresse \u00e9lectronique \u00e0 laquelle le plaignant peut \u00eatre contact\u00e9.<\/li>\n<li>Une d\u00e9claration selon laquelle le plaignant croit, de bonne foi, que l&#039;utilisation du mat\u00e9riel de la mani\u00e8re incrimin\u00e9e n&#039;est pas autoris\u00e9e par le titulaire du droit d&#039;auteur, son mandataire ou la loi.<\/li>\n<li>Une d\u00e9claration attestant que les informations contenues dans la notification sont exactes et, sous peine de parjure, que le demandeur est autoris\u00e9 \u00e0 agir au nom du titulaire d&#039;un droit exclusif qui serait pr\u00e9tendument enfreint.<\/li>\n<\/ol>\n<p><strong>Mesures \u00e0 prendre en cas de notification d&#039;une infraction.<\/strong><\/p>\n<p>Apr\u00e8s r\u00e9ception d&#039;une notification valide d&#039;atteinte aux droits d&#039;auteur, MobilePric BR s&#039;efforcera de prendre les mesures raisonnables pour supprimer le contenu litigieux et en informera l&#039;utilisateur responsable de sa mise en ligne. MobilePric BR se r\u00e9serve \u00e9galement le droit, \u00e0 sa discr\u00e9tion, de r\u00e9silier le compte de cet utilisateur si elle le juge appropri\u00e9.<\/p>\n<p><strong>Contact<\/strong><\/p>\n<p>Si vous souhaitez soumettre une notification de violation de droits d&#039;auteur, veuillez nous contacter en utilisant le formulaire ci-dessous.\u00a0<strong><a href=\"https:\/\/ccvgaming.com\/fr\/contact\/\">CONTACT<\/a><\/strong>.<\/p>\n<p><strong>Avis juridique<\/strong><\/p>\n<p>Cette politique relative au DMCA ne constitue pas un avis juridique. Nous vous recommandons de consulter un avocat afin de bien comprendre vos droits et obligations en vertu du DMCA et des autres lois applicables.<\/p>","protected":false},"excerpt":{"rendered":"<p>Pol\u00edtica de Direitos Autorais &#8211; DMCA Declara\u00e7\u00e3o de Conformidade O MobilePric BR respeita os direitos autorais e est\u00e1 em conformidade com as disposi\u00e7\u00f5es da Digital Millennium Copyright Act (&#8220;DMCA&#8221;). MobilePric BR pode, sob circunst\u00e2ncias apropriadas e a seu crit\u00e9rio, desativar e\/ou encerrar contas de usu\u00e1rios que infringem repetidamente ou s\u00e3o considerados como infratores dos direitos [&hellip;]<\/p>\n","protected":false},"author":2,"featured_media":0,"parent":0,"menu_order":0,"comment_status":"closed","ping_status":"closed","template":"","meta":{"footnotes":""},"class_list":["post-24632","page","type-page","status-publish"],"_links":{"self":[{"href":"https:\/\/ccvgaming.com\/fr\/wp-json\/wp\/v2\/pages\/24632","targetHints":{"allow":["GET"]}}],"collection":[{"href":"https:\/\/ccvgaming.com\/fr\/wp-json\/wp\/v2\/pages"}],"about":[{"href":"https:\/\/ccvgaming.com\/fr\/wp-json\/wp\/v2\/types\/page"}],"author":[{"embeddable":true,"href":"https:\/\/ccvgaming.com\/fr\/wp-json\/wp\/v2\/users\/2"}],"replies":[{"embeddable":true,"href":"https:\/\/ccvgaming.com\/fr\/wp-json\/wp\/v2\/comments?post=24632"}],"version-history":[{"count":0,"href":"https:\/\/ccvgaming.com\/fr\/wp-json\/wp\/v2\/pages\/24632\/revisions"}],"wp:attachment":[{"href":"https:\/\/ccvgaming.com\/fr\/wp-json\/wp\/v2\/media?parent=24632"}],"curies":[{"name":"wp","href":"https:\/\/api.w.org\/{rel}","templated":true}]}}