{"id":24242,"date":"2023-11-10T10:40:11","date_gmt":"2023-11-10T13:40:11","guid":{"rendered":"https:\/\/acertarnacompra.com.br\/?page_id=24242"},"modified":"2023-11-27T21:58:44","modified_gmt":"2023-11-28T00:58:44","slug":"uvjeti-koristenja","status":"publish","type":"page","link":"https:\/\/ccvgaming.com\/hr\/termos-de-uso\/","title":{"rendered":"Uvjeti kori\u0161tenja"},"content":{"rendered":"<p>Uvjeti kori\u0161tenja<\/p>\n<p>Dobrodo\u0161li u MobilePrice BR!<\/p>\n<p>Ovi uvjeti i odredbe opisuju pravila kori\u0161tenja web stranice tvrtke MobilePrice BR, koja se nalazi na https:\/\/ccvgaming.com\/.<\/p>\n<p>Pristupom ovoj web stranici smatramo da prihva\u0107ate dolje navedene uvjete i odredbe. Nemojte nastaviti koristiti MobilePrice BR ako se ne sla\u017eete s uvjetima i odredbama opisanim u ovom ugovoru.<\/p>\n<h2>Kola\u010di\u0107i<\/h2>\n<p>Ova web stranica koristi kola\u010di\u0107e kako bi personalizirala va\u0161e online iskustvo. Pristupom web stranici MobilePrice BR pristajete na upotrebu potrebnih kola\u010di\u0107a.<\/p>\n<p>Kola\u010di\u0107i su tekstualne datoteke koje na va\u0161 tvrdi disk postavlja poslu\u017eitelj web stranice. Kola\u010di\u0107ima nije dopu\u0161teno pokretanje programa ili prijenos virusa na va\u0161e ra\u010dunalo. Kola\u010di\u0107i su jedinstveno povezani s vama i mo\u017ee ih \u010ditati samo web poslu\u017eitelj domene koja je izdala kola\u010di\u0107.<\/p>\n<p>Na na\u0161oj web stranici mo\u017eemo koristiti kola\u010di\u0107e za prikupljanje, pohranjivanje ili pra\u0107enje informacija u statisti\u010dke i marketin\u0161ke svrhe. Imate mogu\u0107nost prihvatiti ili odbiti neobavezne kola\u010di\u0107e. Postoje neki obvezni kola\u010di\u0107i koji su neophodni za rad na\u0161e web stranice. Za ove obavezne kola\u010di\u0107e potreban je va\u0161 pristanak. Imajte na umu da prihva\u0107anjem obaveznih kola\u010di\u0107a prihva\u0107ate i kola\u010di\u0107e tre\u0107ih strana koje tre\u0107e strane mogu koristiti ako koristite usluge koje pru\u017eaju na na\u0161oj web stranici - na primjer, prozor za reprodukciju videa koji pru\u017eaju tvrtke tre\u0107ih strana i integriran je u na\u0161u web stranicu.<\/p>\n<h2>Licenca<\/h2>\n<p>Osim ako nije druga\u010dije nazna\u010deno, MobilePric BR i njegovi davatelji licenci posjeduju prava intelektualnog vlasni\u0161tva na sav materijal objavljen na MobilePric BR. Sva prava intelektualnog vlasni\u0161tva su pridr\u017eana.<\/p>\n<h2>Nije vam dopu\u0161teno:<\/h2>\n<p>Kopiranje ili ponovno objavljivanje materijala s MobilePrice BR<br \/>\nProdaja, najam ili podnajam materijala tvrtke MobilePrice BR<br \/>\nReproduciranje, umno\u017eavanje ili kopiranje materijala s MobilePrice BR je zabranjeno.<br \/>\nRedistribuirajte sadr\u017eaj s MobilePrice BR-a.<\/p>\n<h3>Ovaj Ugovor stupa na snagu od datuma njegovog potpisivanja.<\/h3>\n<p>Dijelovi ove web stranice nude korisnicima mogu\u0107nost objavljivanja i rasprave o mi\u0161ljenjima i informacijama u odre\u0111enim podru\u010djima. MobilePric BR ne filtrira, ure\u0111uje, objavljuje niti pregledava komentare prije nego \u0161to se predstave na web stranici. Komentari odra\u017eavaju mi\u0161ljenja osobe koja ih objavljuje. U mjeri u kojoj je to dopu\u0161teno va\u017ee\u0107im zakonom, MobilePric BR nije pravno odgovoran za komentare ili bilo kakvu \u0161tetu, rizike ili tro\u0161kove uzrokovane ili pretrpljene kao rezultat kori\u0161tenja i\/ili objavljivanja i\/ili pojavljivanja komentara na ovoj web stranici.<\/p>\n<p>MobilePrice BR zadr\u017eava pravo ukloniti sve komentare koji se mogu smatrati neprikladnima, uvredljivima ili kr\u0161e Uvjete i odredbe ovog ugovora.<\/p>\n<h3>Izjavljujete i jam\u010dite da:<\/h3>\n<p>Imate pravo objavljivati komentare na na\u0161oj web stranici i imate sve potrebne dozvole i suglasnosti za to;<br \/>\nVa\u0161i komentari ne kr\u0161e nikakva intelektualna prava, uklju\u010duju\u0107i autorska prava, patente ili za\u0161titne znakove tre\u0107ih strana;<br \/>\nVa\u0161i komentari ne sadr\u017ee klevetni\u010dki, pogrdan, uvredljiv, nepristojan ili na drugi na\u010din nezakonit materijal koji predstavlja zadiranje u privatnost.<br \/>\nVa\u0161i komentari ne\u0107e se koristiti za prikupljanje ili promociju poslovanja ili predstavljanje komercijalnih ili ilegalnih aktivnosti.<\/p>\n<p>Ovime dajete MobilePric BR-u neisklju\u010divu licencu za kori\u0161tenje, reprodukciju, ure\u0111ivanje i ovla\u0161\u0107ivanje drugih za kori\u0161tenje, reprodukciju ili ure\u0111ivanje bilo kojeg od va\u0161ih Komentara u svim oblicima, formatima i medijima.<\/p>\n<h2>Izrada poveznica na na\u0161 sadr\u017eaj<\/h2>\n<p>Sljede\u0107e organizacije mogu se povezati s na\u0161om stranicom bez potrebe za prethodnim pismenim odobrenjem:<\/p>\n<ul>\n<li>Vladine agencije;<\/li>\n<li>Tra\u017eilice;<\/li>\n<li>Medijske organizacije;<\/li>\n<li>Distributeri online imenika mogu umetati poveznice na na\u0161u stranicu na isti na\u010din kao \u0161to ume\u0107u hiperveze na stranice drugih navedenih tvrtki;<\/li>\n<li>Akreditirane tvrtke, osim neprofitnih organizacija za prikupljanje sredstava i dobrotvornih grupa za prikupljanje sredstava, ne smiju umetati poveznice na na\u0161u stranicu bez prethodnog odobrenja.<\/li>\n<\/ul>\n<p>Te organizacije mogu objavljivati poveznice na na\u0161u po\u010detnu stranicu, na\u0161e publikacije ili druge informacije s web-mjesta, pod uvjetom da poveznica: (a) ni na koji na\u010din ne dovodi u zabludu; (b) ne implicira la\u017eno postojanje sponzorskog, odobravaju\u0107eg ili potpornog odnosa izme\u0111u nas i bilo kojeg proizvoda i\/ili usluga; i (c) je prikladna kontekstu u koji se ume\u0107e.<\/p>\n<p><strong>Mo\u017eemo razmotriti i odobriti zahtjeve za povezivanje koje podnose sljede\u0107e vrste organizacija:<\/strong><\/p>\n<ul>\n<li>poznati izvori informacija o proizvodima i tvrtkama;<\/li>\n<li>Zajedni\u010dke stranice dot.com;<\/li>\n<li>udruge i druge skupine koje predstavljaju dobrotvorne ustanove;<\/li>\n<li>distributeri online imenika;<br \/>\ninternetski portali;<\/li>\n<li>Ra\u010dunovodstvene, odvjetni\u010dke i konzultantske tvrtke; te obrazovne institucije i strukovna udru\u017eenja.<\/li>\n<\/ul>\n<p>Zahtjeve za poveznice koje podnose gore navedene vrste organizacija odobrit \u0107emo ako procijenimo da: (a) poveznica nije \u0161tetna za na\u0161 imid\u017e i\/ili imid\u017e akreditiranih tvrtki; (b) organizacija koja podnosi zahtjev nema negativnu povijest s nama; (c) korist koju dobivamo od vidljivosti poveznice kompenzira izostanak MobilePric BR-a; i (d) poveznica \u0107e biti umetnuta u op\u0107em informativnom kontekstu.<\/p>\n<p>Ove organizacije mogu objavljivati poveznice na na\u0161u po\u010detnu stranicu pod uvjetom da poveznica: (a) ni na koji na\u010din ne dovodi u zabludu; (b) ne implicira la\u017eno postojanje sponzorstva, odobravanja ili podr\u0161ke proizvodima i\/ili uslugama s na\u0161e strane; i (c) je prikladna kontekstu u koji se ume\u0107e.<\/p>\n<p>Ako predstavljate jednu od organizacija navedenih u stavku 2. iznad i zainteresirani ste za objavljivanje poveznice na na\u0161u web stranicu, trebali biste nas obavijestiti o svom interesu slanjem e-po\u0161te na MobilePrice BR. Molimo navedite svoje ime, naziv i kontakt podatke va\u0161e organizacije, kao i URL va\u0161e web stranice, popis URL-ova na na\u0161oj web stranici koje namjeravate koristiti kao poveznice i popis web stranica na kojima namjeravate objaviti na\u0161e URL-ove. Molimo pri\u010dekajte 2-3 tjedna za odgovor.<\/p>\n<p><strong>Odobrene organizacije mogu objavljivati poveznice na na\u0161u stranicu na sljede\u0107e na\u010dine:<\/strong><\/p>\n<ul>\n<li>Kori\u0161tenje na\u0161eg korporativnog imena; ili<\/li>\n<li>Kori\u0161tenjem URL-a na koji poveznica preusmjerava; ili<\/li>\n<li>Kori\u0161tenje bilo kojeg drugog opisa na\u0161e Stranice koji ima smisla unutar konteksta i formata sadr\u017eaja u koji se ume\u0107e poveznica.<\/li>\n<\/ul>\n<p>Kori\u0161tenje ili objavljivanje poveznica na logotip MobilePric BR i\/ili druge vizualne elemente nije dopu\u0161teno bez ugovora o licenci za za\u0161titni znak.<\/p>\n<h3>Odgovornost za sadr\u017eaj<\/h3>\n<p>Ne\u0107emo biti pravno odgovorni za bilo koji sadr\u017eaj koji se pojavi na va\u0161oj stranici. Sla\u017eete se da \u0107ete nas \u0161tititi i braniti od svih tvrdnji podnesenih na va\u0161oj stranici. Nijedna poveznica ne smije se pojavljivati na bilo kojoj stranici koja bi se mogla protuma\u010diti kao klevetni\u010dka, opscena, kriminalna ili koja kr\u0161i, kr\u0161i ili zagovara kr\u0161enje prava tre\u0107ih strana.<\/p>\n<h3>Rezervacija prava<\/h3>\n<p>Pridr\u017eavamo pravo zatra\u017eiti da uklonite sve poveznice ili bilo koje poveznice koje preusmjeravaju na na\u0161u web stranicu. Sla\u017eete se da \u0107ete odmah ukloniti sve poveznice na na\u0161u web stranicu na zahtjev za uklanjanje. Tako\u0111er pridr\u017eavamo pravo ispravljanja i izmjene ovih uvjeta i odredbi u bilo kojem trenutku. Kontinuiranim objavljivanjem poveznica na na\u0161u web stranicu pristajete na ove uvjete i odredbe u vezi s poveznicama.<\/p>\n<h3>Uklanjanje poveznica objavljenih na na\u0161oj web stranici<\/h3>\n<p>Ako na na\u0161oj stranici prona\u0111ete bilo koju poveznicu koja je na bilo koji na\u010din uvredljiva, slobodno nas kontaktirajte i obavijestite o problemu u bilo kojem trenutku. Razmotrit \u0107emo zahtjeve za uklanjanje poveznica, ali nismo obvezni ukloniti bilo koju poveznicu s na\u0161e stranice ili izravno odgovoriti na va\u0161 zahtjev.<\/p>\n<p>Ne jam\u010dimo da su informacije sadr\u017eane na ovoj stranici to\u010dne. Ne jam\u010dimo potpunost ili to\u010dnost sadr\u017eaja. Ne jam\u010dimo da \u0107e stranica ostati dostupna ili da \u0107e materijal na stranici ostati a\u017euran.<\/p>\n<h3>Odricanje od odgovornosti<\/h3>\n<p>U najve\u0107oj mogu\u0107oj mjeri dopu\u0161tenoj zakonom, isklju\u010dujemo sve izjave, jamstva i uvjete koji se odnose na na\u0161u web stranicu i kori\u0161tenje ove web stranice. Ni\u0161ta u ovoj izjavi o odricanju od odgovornosti ne\u0107e:<\/p>\n<ul>\n<li>ograni\u010diti ili isklju\u010diti na\u0161u odgovornost ili va\u0161u odgovornost za smrt ili tjelesnu ozljedu;<\/li>\n<li>ograni\u010diti ili isklju\u010diti na\u0161u odgovornost ili va\u0161u odgovornost za prijevaru ili la\u017eno predstavljanje;<\/li>\n<li>ograni\u010diti na\u0161u odgovornost ili va\u0161u odgovornost na bilo koji na\u010din koji nije dopu\u0161ten zakonom;<\/li>\n<li>isklju\u010diti bilo kakve va\u0161e ili na\u0161e obveze koje se ne mogu isklju\u010diti prema va\u017ee\u0107em zakonu.<\/li>\n<\/ul>\n<p>Ograni\u010denja i isklju\u010denja odgovornosti navedena u ovom Odjeljku i drugdje u ovoj izjavi: (a) podlije\u017eu prethodnom stavku; i (b) ure\u0111uju sve obveze koje proizlaze iz izjave, uklju\u010duju\u0107i obveze koje proizlaze iz ugovora, iz delikta i kr\u0161enja zakonske obveze.<\/p>\n<p>Sve dok se web stranica i informacije i usluge na web stranici nude besplatno, ne\u0107emo biti odgovorni za gubitke ili \u0161tete bilo koje vrste.<\/p>","protected":false},"excerpt":{"rendered":"<p>Termos e Condi\u00e7\u00f5es de Uso Seja bem-vindo ao MobilePric BR! Estes termos e condi\u00e7\u00f5es descrevem as regras de uso do site da empresa MobilePric BR, localizado no endere\u00e7o https:\/\/ccvgaming.com\/. Ao acessar este site, consideramos que voc\u00ea est\u00e1 de acordo com os termos e condi\u00e7\u00f5es abaixo. N\u00e3o continue a usar o MobilePric BR caso voc\u00ea discorde [&hellip;]<\/p>\n","protected":false},"author":2,"featured_media":0,"parent":0,"menu_order":0,"comment_status":"closed","ping_status":"closed","template":"","meta":{"footnotes":""},"class_list":["post-24242","page","type-page","status-publish"],"_links":{"self":[{"href":"https:\/\/ccvgaming.com\/hr\/wp-json\/wp\/v2\/pages\/24242","targetHints":{"allow":["GET"]}}],"collection":[{"href":"https:\/\/ccvgaming.com\/hr\/wp-json\/wp\/v2\/pages"}],"about":[{"href":"https:\/\/ccvgaming.com\/hr\/wp-json\/wp\/v2\/types\/page"}],"author":[{"embeddable":true,"href":"https:\/\/ccvgaming.com\/hr\/wp-json\/wp\/v2\/users\/2"}],"replies":[{"embeddable":true,"href":"https:\/\/ccvgaming.com\/hr\/wp-json\/wp\/v2\/comments?post=24242"}],"version-history":[{"count":0,"href":"https:\/\/ccvgaming.com\/hr\/wp-json\/wp\/v2\/pages\/24242\/revisions"}],"wp:attachment":[{"href":"https:\/\/ccvgaming.com\/hr\/wp-json\/wp\/v2\/media?parent=24242"}],"curies":[{"name":"radni list","href":"https:\/\/api.w.org\/{rel}","templated":true}]}}