{"id":24632,"date":"2023-11-22T10:03:19","date_gmt":"2023-11-22T13:03:19","guid":{"rendered":"https:\/\/acertarnacompra.com.br\/?page_id=24632"},"modified":"2023-11-22T10:03:19","modified_gmt":"2023-11-22T13:03:19","slug":"dmca","status":"publish","type":"page","link":"https:\/\/ccvgaming.com\/hr\/dmca\/","title":{"rendered":"DMCA"},"content":{"rendered":"<p><strong>Pravila o autorskim pravima \u2013 DMCA<\/strong><\/p>\n<p><strong>Izjava o sukladnosti<\/strong><\/p>\n<p>MobilePric BR po\u0161tuje autorska prava i pridr\u017eava se odredbi Zakona o autorskim pravima digitalnog tisu\u0107lje\u0107a (\u201cDMCA\u201d). MobilePric BR mo\u017ee, pod odgovaraju\u0107im okolnostima i prema vlastitom naho\u0111enju, onemogu\u0107iti i\/ili ukinuti ra\u010dune korisnika koji opetovano kr\u0161e ili se smatra da kr\u0161e autorska prava.<\/p>\n<p><strong>Postupak obavje\u0161tavanja o kr\u0161enju autorskih prava<\/strong><\/p>\n<p>Ako smatrate da je va\u0161e djelo za\u0161ti\u0107eno autorskim pravima reproducirano na na\u010din koji predstavlja kr\u0161enje autorskih prava i dostupno je na ovoj web stranici, mo\u017eete obavijestiti na\u0161eg ovla\u0161tenog zastupnika u skladu s postupkom propisanim DMCA-om. Da bi obavijest bila u\u010dinkovita, mora sadr\u017eavati:<\/p>\n<ol>\n<li>Identifikacija djela za\u0161ti\u0107enog autorskim pravima za koje se tvrdi da su prekr\u0161ena ili, ako je vi\u0161e djela za\u0161ti\u0107enih autorskim pravima na jednoj mre\u017enoj stranici obuhva\u0107eno jednom obavijesti, reprezentativni popis takvih djela na stranici.<\/li>\n<li>Identifikacija materijala za koji se tvrdi da kr\u0161i autorska prava ili da je predmet aktivnosti kr\u0161enja autorskih prava i koji treba ukloniti ili kojemu treba onemogu\u0107iti pristup, te informacije razumno dovoljne da davatelju usluga omogu\u0107e lociranje materijala.<\/li>\n<li>Informacije koje su razumno dovoljne da omogu\u0107e pru\u017eatelju usluga da kontaktira podnositelja pritu\u017ebe, kao \u0161to su adresa, telefonski broj i, ako je dostupna, adresa e-po\u0161te na kojoj se podnositelj pritu\u017ebe mo\u017ee kontaktirati.<\/li>\n<li>Izjava da podnositelj pritu\u017ebe u dobroj vjeri smatra da kori\u0161tenje materijala na na\u010din na koji se pritu\u017euje nije odobreno od strane vlasnika autorskih prava, njegovog zastupnika ili zakona.<\/li>\n<li>Izjava da su informacije u obavijesti to\u010dne i, pod kaznenom odgovorno\u0161\u0107u za krivokletstvo, da je podnositelj zahtjeva ovla\u0161ten djelovati u ime vlasnika isklju\u010divog prava koje se navodno kr\u0161i.<\/li>\n<\/ol>\n<p><strong>Radnje koje treba poduzeti u slu\u010daju obavijesti o prekr\u0161aju.<\/strong><\/p>\n<p>Nakon \u0161to primi valjanu obavijest o kr\u0161enju autorskih prava, MobilePric BR \u0107e nastojati poduzeti razumne korake za uklanjanje materijala koji kr\u0161i autorska prava i obavijestiti korisnika odgovornog za prijenos sadr\u017eaja. MobilePric BR mo\u017ee, prema vlastitom naho\u0111enju, tako\u0111er ukinuti korisni\u010dki ra\u010dun ako to smatra prikladnim.<\/p>\n<p><strong>Kontakt<\/strong><\/p>\n<p>Ako \u017eelite poslati obavijest o kr\u0161enju autorskih prava, kontaktirajte nas putem obrasca u nastavku.\u00a0<strong><a href=\"https:\/\/ccvgaming.com\/hr\/kontakt\/\">KONTAKT<\/a><\/strong>.<\/p>\n<p><strong>Pravna obavijest<\/strong><\/p>\n<p>Ova DMCA politika ne predstavlja pravni savjet. Preporu\u010dujemo da potra\u017eite pravni savjet kako biste u potpunosti razumjeli svoja prava i obveze prema DMCA-u i drugim primjenjivim zakonima.<\/p>","protected":false},"excerpt":{"rendered":"<p>Pol\u00edtica de Direitos Autorais &#8211; DMCA Declara\u00e7\u00e3o de Conformidade O MobilePric BR respeita os direitos autorais e est\u00e1 em conformidade com as disposi\u00e7\u00f5es da Digital Millennium Copyright Act (&#8220;DMCA&#8221;). MobilePric BR pode, sob circunst\u00e2ncias apropriadas e a seu crit\u00e9rio, desativar e\/ou encerrar contas de usu\u00e1rios que infringem repetidamente ou s\u00e3o considerados como infratores dos direitos [&hellip;]<\/p>\n","protected":false},"author":2,"featured_media":0,"parent":0,"menu_order":0,"comment_status":"closed","ping_status":"closed","template":"","meta":{"footnotes":""},"class_list":["post-24632","page","type-page","status-publish"],"_links":{"self":[{"href":"https:\/\/ccvgaming.com\/hr\/wp-json\/wp\/v2\/pages\/24632","targetHints":{"allow":["GET"]}}],"collection":[{"href":"https:\/\/ccvgaming.com\/hr\/wp-json\/wp\/v2\/pages"}],"about":[{"href":"https:\/\/ccvgaming.com\/hr\/wp-json\/wp\/v2\/types\/page"}],"author":[{"embeddable":true,"href":"https:\/\/ccvgaming.com\/hr\/wp-json\/wp\/v2\/users\/2"}],"replies":[{"embeddable":true,"href":"https:\/\/ccvgaming.com\/hr\/wp-json\/wp\/v2\/comments?post=24632"}],"version-history":[{"count":0,"href":"https:\/\/ccvgaming.com\/hr\/wp-json\/wp\/v2\/pages\/24632\/revisions"}],"wp:attachment":[{"href":"https:\/\/ccvgaming.com\/hr\/wp-json\/wp\/v2\/media?parent=24632"}],"curies":[{"name":"radni list","href":"https:\/\/api.w.org\/{rel}","templated":true}]}}