{"id":24242,"date":"2023-11-10T10:40:11","date_gmt":"2023-11-10T13:40:11","guid":{"rendered":"https:\/\/acertarnacompra.com.br\/?page_id=24242"},"modified":"2023-11-27T21:58:44","modified_gmt":"2023-11-28T00:58:44","slug":"felhasznalasi-feltetelek","status":"publish","type":"page","link":"https:\/\/ccvgaming.com\/hu\/termos-de-uso\/","title":{"rendered":"Felhaszn\u00e1l\u00e1si felt\u00e9telek"},"content":{"rendered":"<p>Felhaszn\u00e1l\u00e1si felt\u00e9telek<\/p>\n<p>\u00dcdv\u00f6z\u00f6lj\u00fck a MobilePrice BR-ben!<\/p>\n<p>Ezek a felt\u00e9telek a MobilePrice BR v\u00e1llalati weboldal\u00e1nak, a https:\/\/ccvgaming.com\/ c\u00edmen tal\u00e1lhat\u00f3 haszn\u00e1lat\u00e1ra vonatkoz\u00f3 szab\u00e1lyokat \u00edrj\u00e1k le.<\/p>\n<p>A weboldal el\u00e9r\u00e9s\u00e9vel elfogadja az al\u00e1bbi felt\u00e9teleket. Ne folytassa a MobilePrice BR haszn\u00e1lat\u00e1t, ha nem \u00e9rt egyet a jelen meg\u00e1llapod\u00e1sban le\u00edrt felt\u00e9telekkel.<\/p>\n<h2>S\u00fctik<\/h2>\n<p>Ez a weboldal s\u00fctiket haszn\u00e1l az online \u00e9lm\u00e9ny szem\u00e9lyre szab\u00e1sa \u00e9rdek\u00e9ben. A MobilePrice BR weboldal el\u00e9r\u00e9s\u00e9vel \u00d6n elfogadja a sz\u00fcks\u00e9ges s\u00fctik haszn\u00e1lat\u00e1t.<\/p>\n<p>A s\u00fctik olyan sz\u00f6veges f\u00e1jlok, amelyeket egy weboldal-kiszolg\u00e1l\u00f3 helyez el a merevlemez\u00e9n. A s\u00fctik nem futtathatnak programokat, \u00e9s nem tov\u00e1bb\u00edthatnak v\u00edrusokat a sz\u00e1m\u00edt\u00f3g\u00e9p\u00e9re. A s\u00fctik egyedileg hozz\u00e1d kapcsol\u00f3dnak, \u00e9s csak a s\u00fctit kibocs\u00e1t\u00f3 domain webkiszolg\u00e1l\u00f3ja tudja olvasni \u0151ket.<\/p>\n<p>Weboldalunkon statisztikai \u00e9s marketing c\u00e9lokra s\u00fctiket haszn\u00e1lhatunk inform\u00e1ci\u00f3k gy\u0171jt\u00e9s\u00e9re, t\u00e1rol\u00e1s\u00e1ra vagy nyomon k\u00f6vet\u00e9s\u00e9re. Lehet\u0151s\u00e9ge van elfogadni vagy elutas\u00edtani az opcion\u00e1lis s\u00fctiket. Vannak olyan k\u00f6telez\u0151 s\u00fctik, amelyek a weboldalunk m\u0171k\u00f6d\u00e9s\u00e9hez sz\u00fcks\u00e9gesek. Ezekhez a k\u00f6telez\u0151 s\u00fctikhez az \u00d6n hozz\u00e1j\u00e1rul\u00e1sa sz\u00fcks\u00e9ges. K\u00e9rj\u00fck, vegye figyelembe, hogy a k\u00f6telez\u0151 s\u00fctik elfogad\u00e1s\u00e1val harmadik f\u00e9lt\u0151l sz\u00e1rmaz\u00f3 s\u00fctiket is elfogad, amelyeket harmadik felek haszn\u00e1lhatnak, ha \u00d6n az \u00e1ltaluk ny\u00fajtott szolg\u00e1ltat\u00e1sokat haszn\u00e1lja a weboldalunkon \u2013 p\u00e9ld\u00e1ul egy harmadik f\u00e9l v\u00e1llalatok \u00e1ltal biztos\u00edtott \u00e9s a weboldalunkba integr\u00e1lt vide\u00f3lej\u00e1tsz\u00f3 ablakot.<\/p>\n<h2>Enged\u00e9ly<\/h2>\n<p>Elt\u00e9r\u0151 rendelkez\u00e9s hi\u00e1ny\u00e1ban a MobilePric BR \u00e9s licencad\u00f3i a MobilePric BR-en k\u00f6zz\u00e9tett \u00f6sszes anyag szellemi tulajdonjogainak tulajdonosai. Minden szellemi tulajdonjog fenntartva.<\/p>\n<h2>Nem enged\u00e9lyezett:<\/h2>\n<p>Anyagok m\u00e1sol\u00e1sa vagy \u00fajrak\u00f6zl\u00e9se a MobilePrice BR-r\u0151l<br \/>\nMobilePrice BR anyagainak \u00e9rt\u00e9kes\u00edt\u00e9se, b\u00e9rl\u00e9se vagy alb\u00e9rbead\u00e1sa<br \/>\nA MobilePrice BR anyagainak reproduk\u00e1l\u00e1sa, sokszoros\u00edt\u00e1sa vagy m\u00e1sol\u00e1sa tilos.<br \/>\nTerjeszd \u00fajra a MobilePrice BR tartalm\u00e1t.<\/p>\n<h3>Ez a meg\u00e1llapod\u00e1s a keltez\u00e9s napj\u00e1t\u00f3l l\u00e9p hat\u00e1lyba.<\/h3>\n<p>A weboldal egyes r\u00e9szei lehet\u0151s\u00e9get k\u00edn\u00e1lnak a felhaszn\u00e1l\u00f3knak arra, hogy v\u00e9lem\u00e9nyeket \u00e9s inform\u00e1ci\u00f3kat tegyenek k\u00f6zz\u00e9 \u00e9s vitassanak meg bizonyos ter\u00fcleteken. A MobilePric BR nem sz\u0171ri, szerkeszti, teszi k\u00f6zz\u00e9 \u00e9s nem vizsg\u00e1lja fel\u00fcl a Hozz\u00e1sz\u00f3l\u00e1sokat, miel\u0151tt azok megjelenn\u00e9nek a weboldalon. A Hozz\u00e1sz\u00f3l\u00e1sok a k\u00f6zz\u00e9tev\u0151 szem\u00e9ly v\u00e9lem\u00e9ny\u00e9t t\u00fckr\u00f6zik. Az alkalmazand\u00f3 jogszab\u00e1lyok \u00e1ltal megengedett m\u00e9rt\u00e9kben a MobilePric BR nem v\u00e1llal jogi felel\u0151ss\u00e9get a Hozz\u00e1sz\u00f3l\u00e1sok\u00e9rt, illetve a Hozz\u00e1sz\u00f3l\u00e1sok ezen a weboldalon t\u00f6rt\u00e9n\u0151 haszn\u00e1lat\u00e1b\u00f3l \u00e9s\/vagy k\u00f6zz\u00e9t\u00e9tel\u00e9b\u0151l \u00e9s\/vagy megjelen\u00e9s\u00e9b\u0151l ered\u0151 k\u00e1rok\u00e9rt, kock\u00e1zatok\u00e9rt vagy k\u00f6lts\u00e9gek\u00e9rt.<\/p>\n<p>A MobilePrice BR fenntartja a jogot, hogy elt\u00e1vol\u00edtson minden olyan Hozz\u00e1sz\u00f3l\u00e1st, amely nem megfelel\u0151nek, s\u00e9rt\u0151nek vagy a jelen meg\u00e1llapod\u00e1s \u00c1ltal\u00e1nos Szerz\u0151d\u00e9si Felt\u00e9teleinek megs\u00e9rt\u00e9s\u00e9t k\u00e9pezi.<\/p>\n<h3>\u00d6n kijelenti \u00e9s szavatolja, hogy:<\/h3>\n<p>Jogod van hozz\u00e1sz\u00f3l\u00e1sokat k\u00f6zz\u00e9tenni a weboldalunkon, \u00e9s rendelkezel ehhez minden sz\u00fcks\u00e9ges enged\u00e9llyel \u00e9s hozz\u00e1j\u00e1rul\u00e1ssal;<br \/>\nHozz\u00e1sz\u00f3l\u00e1said nem s\u00e9rtenek semmilyen szellemi tulajdonjogot, bele\u00e9rtve harmadik felek szerz\u0151i jogait, szabadalmait vagy v\u00e9djegyeit;<br \/>\nHozz\u00e1sz\u00f3l\u00e1said nem tartalmaznak r\u00e1galmaz\u00f3, becs\u00fclets\u00e9rt\u0151, s\u00e9rt\u0151, illetlen vagy egy\u00e9b jogellenes anyagot, amely a mag\u00e1n\u00e9let megs\u00e9rt\u00e9s\u00e9t jelenti.<br \/>\nHozz\u00e1sz\u00f3l\u00e1said nem ker\u00fclnek felhaszn\u00e1l\u00e1sra \u00fczleti aj\u00e1nlatt\u00e9telre vagy prom\u00f3ci\u00f3ra, illetve kereskedelmi vagy illeg\u00e1lis tev\u00e9kenys\u00e9gek bemutat\u00e1s\u00e1ra.<\/p>\n<p>\u00d6n ezennel nem kiz\u00e1r\u00f3lagos licencet ad a MobilePric BR-nek Hozz\u00e1sz\u00f3l\u00e1sainak b\u00e1rmilyen form\u00e1ban, form\u00e1tumban \u00e9s m\u00e9di\u00e1ban t\u00f6rt\u00e9n\u0151 felhaszn\u00e1l\u00e1s\u00e1ra, reproduk\u00e1l\u00e1s\u00e1ra, szerkeszt\u00e9s\u00e9re, valamint m\u00e1sok felhaszn\u00e1l\u00e1s\u00e1nak, reproduk\u00e1l\u00e1s\u00e1nak vagy szerkeszt\u00e9s\u00e9nek enged\u00e9lyez\u00e9s\u00e9re.<\/p>\n<h2>Tartalmainkra mutat\u00f3 linkek l\u00e9trehoz\u00e1sa<\/h2>\n<p>A k\u00f6vetkez\u0151 szervezetek el\u0151zetes \u00edr\u00e1sbeli j\u00f3v\u00e1hagy\u00e1s n\u00e9lk\u00fcl hivatkozhatnak weboldalunkra:<\/p>\n<ul>\n<li>Korm\u00e1nyzati szervek;<\/li>\n<li>Keres\u0151motorok;<\/li>\n<li>M\u00e9diaszervezetek;<\/li>\n<li>Az online c\u00edmt\u00e1rszolg\u00e1ltat\u00f3k ugyan\u00fagy helyezhetnek el linkeket a weboldalunkra, mint ahogyan m\u00e1s list\u00e1n szerepl\u0151 v\u00e1llalkoz\u00e1sok weboldalaira mutat\u00f3 hiperhivatkoz\u00e1sokat helyeznek el;<\/li>\n<li>Az akkredit\u00e1lt v\u00e1llalkoz\u00e1sok \u2013 a nonprofit adom\u00e1nygy\u0171jt\u0151 szervezetek \u00e9s a j\u00f3t\u00e9konys\u00e1gi adom\u00e1nygy\u0171jt\u0151 csoportok kiv\u00e9tel\u00e9vel \u2013 el\u0151zetes j\u00f3v\u00e1hagy\u00e1s n\u00e9lk\u00fcl nem helyezhetnek el weboldalunkra mutat\u00f3 linkeket.<\/li>\n<\/ul>\n<p>Ezek a szervezetek k\u00f6zz\u00e9tehetnek linkeket a honlapunkra, kiadv\u00e1nyainkra vagy m\u00e1s webhelyinform\u00e1ci\u00f3kra, felt\u00e9ve, hogy a link: (a) semmilyen m\u00f3don nem f\u00e9lrevezet\u0151; (b) nem sugallja hamisan szponzor\u00e1ci\u00f3s, j\u00f3v\u00e1hagy\u00e1si vagy j\u00f3v\u00e1hagy\u00e1si kapcsolat megl\u00e9t\u00e9t k\u00f6z\u00f6tt\u00fcnk \u00e9s b\u00e1rmely term\u00e9k \u00e9s\/vagy szolg\u00e1ltat\u00e1s k\u00f6z\u00f6tt; \u00e9s (c) megfelel\u0151 abban a kontextusban, amelyben beillesztik.<\/p>\n<p><strong>A k\u00f6vetkez\u0151 t\u00edpus\u00fa szervezetek linkk\u00e9relmeit tudjuk figyelembe venni \u00e9s j\u00f3v\u00e1hagyni:<\/strong><\/p>\n<ul>\n<li>j\u00f3l ismert inform\u00e1ci\u00f3forr\u00e1sok a term\u00e9kekr\u0151l \u00e9s v\u00e1llalkoz\u00e1sokr\u00f3l;<\/li>\n<li>k\u00f6z\u00f6ss\u00e9gi weboldalak dot.com;<\/li>\n<li>j\u00f3t\u00e9konys\u00e1gi int\u00e9zm\u00e9nyeket k\u00e9pvisel\u0151 egyes\u00fcletek \u00e9s m\u00e1s csoportok;<\/li>\n<li>online c\u00edmt\u00e1r-forgalmaz\u00f3k;<br \/>\ninternetes port\u00e1lok;<\/li>\n<li>K\u00f6nyvel\u0151, jogi \u00e9s tan\u00e1csad\u00f3 c\u00e9gek; valamint oktat\u00e1si int\u00e9zm\u00e9nyek \u00e9s szakmai sz\u00f6vets\u00e9gek.<\/li>\n<\/ul>\n<p>A fent felsorolt szervezetek \u00e1ltal beny\u00fajtott linkk\u00e9relmeket abban az esetben hagyjuk j\u00f3v\u00e1, ha \u00fagy \u00edt\u00e9lj\u00fck meg, hogy: (a) a link nem k\u00e1ros a r\u00f3lunk \u00e9s\/vagy az akkredit\u00e1lt v\u00e1llalatokr\u00f3l alkotott k\u00e9pre n\u00e9zve; (b) a k\u00e9relmez\u0151 szervezetnek nincs negat\u00edv m\u00faltja vel\u00fcnk; (c) a link l\u00e1that\u00f3s\u00e1g\u00e1b\u00f3l sz\u00e1rmaz\u00f3 el\u0151ny\u00fcnk kompenz\u00e1lja a MobilePric BR hi\u00e1ny\u00e1t; \u00e9s (d) a linket \u00e1ltal\u00e1nos informat\u00edv kontextusba illesztj\u00fck be.<\/p>\n<p>Ezek a szervezetek k\u00f6zz\u00e9tehetnek linkeket a honlapunkra, felt\u00e9ve, hogy a link: (a) semmilyen m\u00f3don nem f\u00e9lrevezet\u0151; (b) nem sugallja hamisan a term\u00e9kek \u00e9s\/vagy szolg\u00e1ltat\u00e1sok szponzor\u00e1l\u00e1s\u00e1nak, j\u00f3v\u00e1hagy\u00e1s\u00e1nak vagy j\u00f3v\u00e1hagy\u00e1s\u00e1nak megl\u00e9t\u00e9t a r\u00e9sz\u00fcnkr\u0151l; \u00e9s (c) megfelel\u0151 abban a kontextusban, amelyben beillesztik.<\/p>\n<p>Ha a fenti 2. bekezd\u00e9sben felsorolt szervezetek egyik\u00e9t k\u00e9pviseli, \u00e9s \u00e9rdekli a weboldalunkra mutat\u00f3 link k\u00f6zz\u00e9t\u00e9tele, k\u00e9rj\u00fck, jelezze \u00e9rdekl\u0151d\u00e9s\u00e9t a MobilePrice BR c\u00edmre k\u00fcld\u00f6tt e-mailben. K\u00e9rj\u00fck, t\u00fcntesse fel nev\u00e9t, szervezete nev\u00e9t \u00e9s el\u00e9rhet\u0151s\u00e9geit, valamint webhelye URL-c\u00edm\u00e9t, a weboldalunkon tal\u00e1lhat\u00f3, linkk\u00e9nt haszn\u00e1lni k\u00edv\u00e1nt URL-c\u00edmek list\u00e1j\u00e1t, valamint azon webhelyek list\u00e1j\u00e1t, amelyeken k\u00f6zz\u00e9 k\u00edv\u00e1nja tenni az URL-c\u00edmeinket. K\u00e9rj\u00fck, sz\u00e1moljon 2-3 h\u00e9ttel a v\u00e1laszad\u00e1si id\u0151re.<\/p>\n<p><strong>A j\u00f3v\u00e1hagyott szervezetek a k\u00f6vetkez\u0151 m\u00f3dokon tehetik k\u00f6zz\u00e9 a weboldalunkra mutat\u00f3 linkeket:<\/strong><\/p>\n<ul>\n<li>C\u00e9gnev\u00fcnk haszn\u00e1lata; vagy<\/li>\n<li>Az URL haszn\u00e1lat\u00e1val, amelyre a hivatkoz\u00e1s \u00e1tir\u00e1ny\u00edt; vagy<\/li>\n<li>Webhely\u00fcnk b\u00e1rmely m\u00e1s olyan le\u00edr\u00e1s\u00e1nak haszn\u00e1lata, amely \u00e9rtelmes a hivatkoz\u00e1st tartalmaz\u00f3 tartalom kontextus\u00e1ban \u00e9s form\u00e1tum\u00e1ban.<\/li>\n<\/ul>\n<p>A MobilePric BR log\u00f3ra \u00e9s\/vagy m\u00e1s vizu\u00e1lis elemekre mutat\u00f3 linkek felhaszn\u00e1l\u00e1sa vagy k\u00f6zz\u00e9t\u00e9tele v\u00e9djegylicenc-meg\u00e1llapod\u00e1s n\u00e9lk\u00fcl tilos.<\/p>\n<h3>Tartalom\u00e9rt val\u00f3 felel\u0151ss\u00e9gv\u00e1llal\u00e1s<\/h3>\n<p>Nem v\u00e1llalunk jogi felel\u0151ss\u00e9get az \u00d6n weboldal\u00e1n megjelen\u0151 tartalom\u00e9rt. \u00d6n beleegyezik, hogy megv\u00e9d minket az \u00d6n weboldal\u00e1n felmer\u00fcl\u0151 minden ig\u00e9nnyel szemben. A weboldalon nem jelenhet meg olyan link, amely r\u00e1galmaz\u00f3nak, obszc\u00e9nnek, b\u0171ncselekm\u00e9nynek tekinthet\u0151, vagy amely harmadik felek jogait s\u00e9rti, megszegi vagy azok megs\u00e9rt\u00e9s\u00e9re buzd\u00edt.<\/p>\n<h3>Jogfenntart\u00e1s<\/h3>\n<p>Fenntartjuk a jogot, hogy k\u00e9rj\u00fck az \u00f6sszes link vagy a weboldalunkra mutat\u00f3 b\u00e1rmely link elt\u00e1vol\u00edt\u00e1s\u00e1t. \u00d6n beleegyezik, hogy k\u00e9r\u00e9sre azonnal elt\u00e1vol\u00edtja a weboldalunkra mutat\u00f3 \u00f6sszes linket. Fenntartjuk a jogot tov\u00e1bb\u00e1, hogy ezeket a felt\u00e9teleket b\u00e1rmikor helyesb\u00edts\u00fck \u00e9s m\u00f3dos\u00edtsuk. A weboldalunkra mutat\u00f3 linkek folyamatos k\u00f6zz\u00e9t\u00e9tel\u00e9vel \u00d6n elfogadja, hogy betartja ezeket a linkekre vonatkoz\u00f3 felt\u00e9teleket.<\/p>\n<h3>Weboldalunkon k\u00f6zz\u00e9tett linkek elt\u00e1vol\u00edt\u00e1sa<\/h3>\n<p>Ha weboldalunkon b\u00e1rmilyen m\u00f3don s\u00e9rt\u0151 linket tal\u00e1l, b\u00e1rmikor kapcsolatba l\u00e9phet vel\u00fcnk, \u00e9s t\u00e1j\u00e9koztathat minket a probl\u00e9m\u00e1r\u00f3l. Megvizsg\u00e1ljuk a linkek elt\u00e1vol\u00edt\u00e1s\u00e1ra ir\u00e1nyul\u00f3 k\u00e9r\u00e9seket, de nem vagyunk k\u00f6telesek elt\u00e1vol\u00edtani a linkeket weboldalunkr\u00f3l, vagy k\u00f6zvetlen\u00fcl v\u00e1laszolni a k\u00e9r\u00e9s\u00e9re.<\/p>\n<p>Nem garant\u00e1ljuk, hogy a weboldalon tal\u00e1lhat\u00f3 inform\u00e1ci\u00f3k helyesek. Nem garant\u00e1ljuk a tartalom teljess\u00e9g\u00e9t vagy pontoss\u00e1g\u00e1t. Nem garant\u00e1ljuk, hogy a weboldal tov\u00e1bbra is el\u00e9rhet\u0151 lesz, vagy hogy a weboldalon tal\u00e1lhat\u00f3 anyagok naprak\u00e9szek maradnak.<\/p>\n<h3>Felel\u0151ss\u00e9g kiz\u00e1r\u00e1sa<\/h3>\n<p>A t\u00f6rv\u00e9ny \u00e1ltal megengedett legteljesebb m\u00e9rt\u00e9kben kiz\u00e1runk minden, a weboldalunkkal \u00e9s a weboldal haszn\u00e1lat\u00e1val kapcsolatos kijelent\u00e9st, szavatoss\u00e1got \u00e9s felt\u00e9telt. A jelen jogi nyilatkozat egyetlen r\u00e9sze sem:<\/p>\n<ul>\n<li>a hal\u00e1leset vagy szem\u00e9lyi s\u00e9r\u00fcl\u00e9s eset\u00e9n fenn\u00e1ll\u00f3 felel\u0151ss\u00e9g\u00fcnk vagy az \u00d6n felel\u0151ss\u00e9g\u00e9nek korl\u00e1toz\u00e1sa vagy kiz\u00e1r\u00e1sa \u00e9rdek\u00e9ben;<\/li>\n<li>a csal\u00e1s\u00e9rt vagy csal\u00e1rd f\u00e9lrevezet\u00e9s\u00e9rt val\u00f3 felel\u0151ss\u00e9g\u00fcnk vagy az \u00d6n felel\u0151ss\u00e9g\u00e9nek korl\u00e1toz\u00e1sa vagy kiz\u00e1r\u00e1sa;<\/li>\n<li>a felel\u0151ss\u00e9g\u00fcnk vagy az \u00d6n felel\u0151ss\u00e9g\u00e9nek korl\u00e1toz\u00e1sa a t\u00f6rv\u00e9ny \u00e1ltal nem megengedett m\u00f3don;<\/li>\n<li>kiz\u00e1rni az \u00d6n vagy a mi felel\u0151ss\u00e9g\u00fcnket, amelyeket az alkalmazand\u00f3 jogszab\u00e1lyok \u00e9rtelm\u00e9ben nem lehet kiz\u00e1rni.<\/li>\n<\/ul>\n<p>A jelen szakaszban \u00e9s a nyilatkozat m\u00e1s r\u00e9szein felsorolt felel\u0151ss\u00e9gkorl\u00e1toz\u00e1sok \u00e9s -kiz\u00e1r\u00e1sok: (a) az el\u0151z\u0151 bekezd\u00e9s hat\u00e1lya al\u00e1 tartoznak; \u00e9s (b) a nyilatkozat alapj\u00e1n felmer\u00fcl\u0151 \u00f6sszes felel\u0151ss\u00e9gre vonatkoznak, bele\u00e9rtve a szerz\u0151d\u00e9sb\u0151l, a szerz\u0151d\u00e9sen k\u00edv\u00fcli k\u00e1rokoz\u00e1sb\u00f3l \u00e9s a t\u00f6rv\u00e9nyi k\u00f6telezetts\u00e9g megszeg\u00e9s\u00e9b\u0151l ered\u0151 felel\u0151ss\u00e9get is.<\/p>\n<p>Am\u00edg a weboldal \u00e9s a weboldalon tal\u00e1lhat\u00f3 inform\u00e1ci\u00f3k \u00e9s szolg\u00e1ltat\u00e1sok ingyenesen el\u00e9rhet\u0151k, semmilyen jelleg\u0171 vesztes\u00e9g\u00e9rt vagy k\u00e1r\u00e9rt nem v\u00e1llalunk felel\u0151ss\u00e9get.<\/p>","protected":false},"excerpt":{"rendered":"<p>Termos e Condi\u00e7\u00f5es de Uso Seja bem-vindo ao MobilePric BR! Estes termos e condi\u00e7\u00f5es descrevem as regras de uso do site da empresa MobilePric BR, localizado no endere\u00e7o https:\/\/ccvgaming.com\/. Ao acessar este site, consideramos que voc\u00ea est\u00e1 de acordo com os termos e condi\u00e7\u00f5es abaixo. N\u00e3o continue a usar o MobilePric BR caso voc\u00ea discorde [&hellip;]<\/p>\n","protected":false},"author":2,"featured_media":0,"parent":0,"menu_order":0,"comment_status":"closed","ping_status":"closed","template":"","meta":{"footnotes":""},"class_list":["post-24242","page","type-page","status-publish"],"_links":{"self":[{"href":"https:\/\/ccvgaming.com\/hu\/wp-json\/wp\/v2\/pages\/24242","targetHints":{"allow":["GET"]}}],"collection":[{"href":"https:\/\/ccvgaming.com\/hu\/wp-json\/wp\/v2\/pages"}],"about":[{"href":"https:\/\/ccvgaming.com\/hu\/wp-json\/wp\/v2\/types\/page"}],"author":[{"embeddable":true,"href":"https:\/\/ccvgaming.com\/hu\/wp-json\/wp\/v2\/users\/2"}],"replies":[{"embeddable":true,"href":"https:\/\/ccvgaming.com\/hu\/wp-json\/wp\/v2\/comments?post=24242"}],"version-history":[{"count":0,"href":"https:\/\/ccvgaming.com\/hu\/wp-json\/wp\/v2\/pages\/24242\/revisions"}],"wp:attachment":[{"href":"https:\/\/ccvgaming.com\/hu\/wp-json\/wp\/v2\/media?parent=24242"}],"curies":[{"name":"munkaf\u00fczet","href":"https:\/\/api.w.org\/{rel}","templated":true}]}}