{"id":24245,"date":"2023-11-10T10:41:36","date_gmt":"2023-11-10T13:41:36","guid":{"rendered":"https:\/\/acertarnacompra.com.br\/?page_id=24245"},"modified":"2025-10-08T14:20:06","modified_gmt":"2025-10-08T17:20:06","slug":"erintkezes","status":"publish","type":"page","link":"https:\/\/ccvgaming.com\/hu\/contato\/","title":{"rendered":"\u00c9rintkez\u00e9s"},"content":{"rendered":"<p>\u00d6r\u00f6mmel hallunk fel\u0151led! Ha b\u00e1rmilyen k\u00e9rd\u00e9sed, javaslatod van, vagy csak \u00f6tleteket szeretn\u00e9l cser\u00e9lni, ne habozz kapcsolatba l\u00e9pni vel\u00fcnk.<\/p>\n<p>Haszn\u00e1lja az al\u00e1bbi \u0171rlapot, vagy k\u00fcldj\u00f6n nek\u00fcnk e-mailt.<\/p>\n<p>V\u00e1rjuk a kapcsolatok l\u00e9tes\u00edt\u00e9s\u00e9t, \u00e9s a lehet\u0151 leghamarabb v\u00e1laszolunk.<\/p>\n\n<div class=\"wpcf7 no-js\" id=\"wpcf7-f24244-o1\" lang=\"pt-BR\" dir=\"ltr\" data-wpcf7-id=\"24244\">\n<div class=\"screen-reader-response\"><p role=\"status\" aria-live=\"polite\" aria-atomic=\"true\"><\/p> <ul><\/ul><\/div>\n<form action=\"\/hu\/wp-json\/wp\/v2\/pages\/24245#wpcf7-f24244-o1\" method=\"post\" class=\"wpcf7-form init\" aria-label=\"Formul\u00e1rios de contato\" novalidate=\"novalidate\" data-status=\"init\" data-trp-original-action=\"\/hu\/wp-json\/wp\/v2\/pages\/24245#wpcf7-f24244-o1\">\n<fieldset class=\"hidden-fields-container\"><input type=\"hidden\" name=\"_wpcf7\" value=\"24244\" \/><input type=\"hidden\" name=\"_wpcf7_version\" value=\"6.1.5\" \/><input type=\"hidden\" name=\"_wpcf7_locale\" value=\"pt_BR\" \/><input type=\"hidden\" name=\"_wpcf7_unit_tag\" value=\"wpcf7-f24244-o1\" \/><input type=\"hidden\" name=\"_wpcf7_container_post\" value=\"0\" \/><input type=\"hidden\" name=\"_wpcf7_posted_data_hash\" value=\"\" \/>\n<\/fieldset>\n<p><label> A neved<br \/>\n<span class=\"wpcf7-form-control-wrap\" data-name=\"your-name\"><input size=\"40\" maxlength=\"400\" class=\"wpcf7-form-control wpcf7-text wpcf7-validates-as-required\" autocomplete=\"name\" aria-required=\"true\" aria-invalid=\"false\" value=\"\" type=\"text\" name=\"your-name\" \/><\/span> <\/label>\n<\/p>\n<p><label> Az \u00d6n e-mail c\u00edme<br \/>\n<span class=\"wpcf7-form-control-wrap\" data-name=\"your-email\"><input size=\"40\" maxlength=\"400\" class=\"wpcf7-form-control wpcf7-email wpcf7-validates-as-required wpcf7-text wpcf7-validates-as-email\" autocomplete=\"email\" aria-required=\"true\" aria-invalid=\"false\" value=\"\" type=\"email\" name=\"your-email\" \/><\/span> <\/label>\n<\/p>\n<p><label> T\u00e9ma<br \/>\n<span class=\"wpcf7-form-control-wrap\" data-name=\"your-subject\"><input size=\"40\" maxlength=\"400\" class=\"wpcf7-form-control wpcf7-text wpcf7-validates-as-required\" aria-required=\"true\" aria-invalid=\"false\" value=\"\" type=\"text\" name=\"your-subject\" \/><\/span> <\/label>\n<\/p>\n<p><label> Az \u00fczeneted (opcion\u00e1lis)<br \/>\n<span class=\"wpcf7-form-control-wrap\" data-name=\"your-message\"><textarea cols=\"40\" rows=\"10\" maxlength=\"2000\" class=\"wpcf7-form-control wpcf7-textarea\" aria-invalid=\"false\" name=\"your-message\"><\/textarea><\/span> <\/label>\n<\/p>\n<p><input class=\"wpcf7-form-control wpcf7-submit has-spinner\" type=\"submit\" value=\"K\u00fcld\u00e9s\" \/>\n<\/p><div class=\"wpcf7-response-output\" aria-hidden=\"true\"><\/div>\n<input type=\"hidden\" name=\"trp-form-language\" value=\"hu\"\/><\/form>\n<\/div>","protected":false},"excerpt":{"rendered":"<p>Ficamos felizes em ouvir de voc\u00ea! Se tiver d\u00favidas, sugest\u00f5es ou apenas quiser trocar ideias, n\u00e3o hesite em nos contatar. Utilize o formul\u00e1rio abaixo ou envie-nos um e-mail. Estamos ansiosos para estabelecer conex\u00f5es e responderemos o mais r\u00e1pido poss\u00edvel.<\/p>","protected":false},"author":2,"featured_media":0,"parent":0,"menu_order":0,"comment_status":"closed","ping_status":"closed","template":"","meta":{"footnotes":""},"class_list":["post-24245","page","type-page","status-publish"],"_links":{"self":[{"href":"https:\/\/ccvgaming.com\/hu\/wp-json\/wp\/v2\/pages\/24245","targetHints":{"allow":["GET"]}}],"collection":[{"href":"https:\/\/ccvgaming.com\/hu\/wp-json\/wp\/v2\/pages"}],"about":[{"href":"https:\/\/ccvgaming.com\/hu\/wp-json\/wp\/v2\/types\/page"}],"author":[{"embeddable":true,"href":"https:\/\/ccvgaming.com\/hu\/wp-json\/wp\/v2\/users\/2"}],"replies":[{"embeddable":true,"href":"https:\/\/ccvgaming.com\/hu\/wp-json\/wp\/v2\/comments?post=24245"}],"version-history":[{"count":1,"href":"https:\/\/ccvgaming.com\/hu\/wp-json\/wp\/v2\/pages\/24245\/revisions"}],"predecessor-version":[{"id":25212,"href":"https:\/\/ccvgaming.com\/hu\/wp-json\/wp\/v2\/pages\/24245\/revisions\/25212"}],"wp:attachment":[{"href":"https:\/\/ccvgaming.com\/hu\/wp-json\/wp\/v2\/media?parent=24245"}],"curies":[{"name":"munkaf\u00fczet","href":"https:\/\/api.w.org\/{rel}","templated":true}]}}