{"id":24632,"date":"2023-11-22T10:03:19","date_gmt":"2023-11-22T13:03:19","guid":{"rendered":"https:\/\/acertarnacompra.com.br\/?page_id=24632"},"modified":"2023-11-22T10:03:19","modified_gmt":"2023-11-22T13:03:19","slug":"dmca","status":"publish","type":"page","link":"https:\/\/ccvgaming.com\/hu\/dmca\/","title":{"rendered":"DMCA"},"content":{"rendered":"<p><strong>Szerz\u0151i jogi ir\u00e1nyelvek \u2013 DMCA<\/strong><\/p>\n<p><strong>Megfelel\u0151s\u00e9gi nyilatkozat<\/strong><\/p>\n<p>A MobilePric BR tiszteletben tartja a szerz\u0151i jogokat, \u00e9s betartja a Digital Millennium Copyright Act (\u201cDMCA\u201d) rendelkez\u00e9seit. A MobilePric BR megfelel\u0151 k\u00f6r\u00fclm\u00e9nyek k\u00f6z\u00f6tt \u00e9s saj\u00e1t bel\u00e1t\u00e1sa szerint letilthatja \u00e9s\/vagy megsz\u00fcntetheti azon felhaszn\u00e1l\u00f3k fi\u00f3kjait, akik ism\u00e9telten megs\u00e9rtik a szerz\u0151i jogokat, vagy akiket megs\u00e9rt\u0151nek tekintenek.<\/p>\n<p><strong>Szerz\u0151i jogs\u00e9rt\u00e9s bejelent\u00e9si elj\u00e1r\u00e1sa<\/strong><\/p>\n<p>Ha \u00fagy gondolja, hogy szerz\u0151i jogv\u00e9delem alatt \u00e1ll\u00f3 m\u0171v\u00e9t szerz\u0151i jogs\u00e9rt\u00e9st jelent\u0151 m\u00f3don reproduk\u00e1lt\u00e1k, \u00e9s az el\u00e9rhet\u0151 ezen a weboldalon, a DMCA \u00e1ltal meghat\u00e1rozott elj\u00e1r\u00e1snak megfelel\u0151en \u00e9rtes\u00edtheti kijel\u00f6lt \u00fcgyn\u00f6k\u00fcnket. Ahhoz, hogy az \u00e9rtes\u00edt\u00e9s \u00e9rv\u00e9nyes legyen, a k\u00f6vetkez\u0151ket kell tartalmaznia:<\/p>\n<ol>\n<li>A v\u00e9lelmezhet\u0151en megs\u00e9rtett szerz\u0151i jogv\u00e9delem alatt \u00e1ll\u00f3 m\u0171 azonos\u00edt\u00e1sa, vagy ha egyetlen online oldalon tal\u00e1lhat\u00f3 t\u00f6bb szerz\u0151i jogv\u00e9delem alatt \u00e1ll\u00f3 m\u0171re vonatkozik egyetlen bejelent\u00e9s, akkor az oldalon tal\u00e1lhat\u00f3 ilyen m\u0171vek reprezentat\u00edv list\u00e1ja.<\/li>\n<li>Az \u00e1ll\u00edt\u00f3lagosan jogs\u00e9rt\u0151 vagy jogs\u00e9rt\u0151 tev\u00e9kenys\u00e9g t\u00e1rgy\u00e1t k\u00e9pez\u0151 anyag azonos\u00edt\u00e1sa, amelyet el kell t\u00e1vol\u00edtani, vagy amelyhez val\u00f3 hozz\u00e1f\u00e9r\u00e9st le kell tiltani, valamint az \u00e9sszer\u0171en elegend\u0151 inform\u00e1ci\u00f3 ahhoz, hogy a szolg\u00e1ltat\u00f3 megtal\u00e1lja az anyagot.<\/li>\n<li>Olyan inform\u00e1ci\u00f3k, amelyek \u00e9sszer\u0171en elegend\u0151ek ahhoz, hogy a szolg\u00e1ltat\u00f3 kapcsolatba l\u00e9phessen a panaszossal, p\u00e9ld\u00e1ul c\u00edm, telefonsz\u00e1m \u00e9s, ha van ilyen, e-mail c\u00edm, amelyen a panaszos el\u00e9rhet\u0151.<\/li>\n<li>Nyilatkozat, amelyben a panaszos j\u00f3hiszem\u0171en \u00fagy v\u00e9li, hogy az anyag panaszolt m\u00f3don t\u00f6rt\u00e9n\u0151 felhaszn\u00e1l\u00e1s\u00e1t a szerz\u0151i jog tulajdonosa, annak k\u00e9pvisel\u0151je vagy a t\u00f6rv\u00e9ny nem enged\u00e9lyezte.<\/li>\n<li>Nyilatkozat arr\u00f3l, hogy az \u00e9rtes\u00edt\u00e9sben szerepl\u0151 inform\u00e1ci\u00f3k pontosak, \u00e9s b\u00fcntet\u0151jogi felel\u0151ss\u00e9ge tudat\u00e1ban kijelenti, hogy a k\u00e9relmez\u0151 felhatalmaz\u00e1st kapott arra, hogy a felt\u00e9telezetten megs\u00e9rtett kiz\u00e1r\u00f3lagos jog tulajdonosa nev\u00e9ben j\u00e1rjon el.<\/li>\n<\/ol>\n<p><strong>Int\u00e9zked\u00e9sek szab\u00e1lys\u00e9rt\u00e9s bejelent\u00e9se eset\u00e9n.<\/strong><\/p>\n<p>A szerz\u0151i jogok megs\u00e9rt\u00e9s\u00e9r\u0151l sz\u00f3l\u00f3 \u00e9rv\u00e9nyes \u00e9rtes\u00edt\u00e9s k\u00e9zhezv\u00e9tel\u00e9t k\u00f6vet\u0151en a MobilePric BR mindent megtesz a jogs\u00e9rt\u0151 anyag elt\u00e1vol\u00edt\u00e1sa \u00e9s a tartalom felt\u00f6lt\u00e9s\u00e9\u00e9rt felel\u0151s felhaszn\u00e1l\u00f3 \u00e9rtes\u00edt\u00e9se \u00e9rdek\u00e9ben. A MobilePric BR saj\u00e1t bel\u00e1t\u00e1sa szerint megsz\u00fcntetheti a felhaszn\u00e1l\u00f3 fi\u00f3kj\u00e1t is, ha azt hely\u00e9nval\u00f3nak tartja.<\/p>\n<p><strong>\u00c9rintkez\u00e9s<\/strong><\/p>\n<p>Ha szerz\u0151i jogs\u00e9rt\u00e9si bejelent\u00e9st szeretne k\u00fcldeni, k\u00e9rj\u00fck, vegye fel vel\u00fcnk a kapcsolatot az al\u00e1bbi \u0171rlap seg\u00edts\u00e9g\u00e9vel.\u00a0<strong><a href=\"https:\/\/ccvgaming.com\/hu\/erintkezes\/\">\u00c9RINTKEZ\u00c9S<\/a><\/strong>.<\/p>\n<p><strong>Jogi nyilatkozat<\/strong><\/p>\n<p>Ez a DMCA-szab\u00e1lyzat nem min\u0151s\u00fcl jogi tan\u00e1csad\u00e1snak. Javasoljuk, hogy k\u00e9rjen jogi tan\u00e1csot a DMCA \u00e9s m\u00e1s alkalmazand\u00f3 t\u00f6rv\u00e9nyek szerinti jogai \u00e9s k\u00f6telezetts\u00e9gei teljes k\u00f6r\u0171 megismer\u00e9se \u00e9rdek\u00e9ben.<\/p>","protected":false},"excerpt":{"rendered":"<p>Pol\u00edtica de Direitos Autorais &#8211; DMCA Declara\u00e7\u00e3o de Conformidade O MobilePric BR respeita os direitos autorais e est\u00e1 em conformidade com as disposi\u00e7\u00f5es da Digital Millennium Copyright Act (&#8220;DMCA&#8221;). MobilePric BR pode, sob circunst\u00e2ncias apropriadas e a seu crit\u00e9rio, desativar e\/ou encerrar contas de usu\u00e1rios que infringem repetidamente ou s\u00e3o considerados como infratores dos direitos [&hellip;]<\/p>\n","protected":false},"author":2,"featured_media":0,"parent":0,"menu_order":0,"comment_status":"closed","ping_status":"closed","template":"","meta":{"footnotes":""},"class_list":["post-24632","page","type-page","status-publish"],"_links":{"self":[{"href":"https:\/\/ccvgaming.com\/hu\/wp-json\/wp\/v2\/pages\/24632","targetHints":{"allow":["GET"]}}],"collection":[{"href":"https:\/\/ccvgaming.com\/hu\/wp-json\/wp\/v2\/pages"}],"about":[{"href":"https:\/\/ccvgaming.com\/hu\/wp-json\/wp\/v2\/types\/page"}],"author":[{"embeddable":true,"href":"https:\/\/ccvgaming.com\/hu\/wp-json\/wp\/v2\/users\/2"}],"replies":[{"embeddable":true,"href":"https:\/\/ccvgaming.com\/hu\/wp-json\/wp\/v2\/comments?post=24632"}],"version-history":[{"count":0,"href":"https:\/\/ccvgaming.com\/hu\/wp-json\/wp\/v2\/pages\/24632\/revisions"}],"wp:attachment":[{"href":"https:\/\/ccvgaming.com\/hu\/wp-json\/wp\/v2\/media?parent=24632"}],"curies":[{"name":"munkaf\u00fczet","href":"https:\/\/api.w.org\/{rel}","templated":true}]}}