{"id":24240,"date":"2023-11-10T10:38:14","date_gmt":"2023-11-10T13:38:14","guid":{"rendered":"https:\/\/acertarnacompra.com.br\/?page_id=24240"},"modified":"2023-11-17T11:18:38","modified_gmt":"2023-11-17T14:18:38","slug":"politica-sulla-riservatezza","status":"publish","type":"page","link":"https:\/\/ccvgaming.com\/it\/politica-de-privacidade\/","title":{"rendered":"politica sulla riservatezza"},"content":{"rendered":"<p>La tua privacy \u00e8 importante per noi. MobilePrice si impegna a rispettare la tua privacy in relazione a qualsiasi informazione che potremmo raccogliere su di te tramite il sito web.<strong><a href=\"https:\/\/ccvgaming.com\/it\/\">\u00a0Prezzo mobile<\/a><\/strong>, e altri siti web di nostra propriet\u00e0 e da noi gestiti.<\/p>\n<p>Richiediamo informazioni personali solo quando sono effettivamente necessarie per fornirti un servizio. Lo facciamo in modo corretto e lecito, con la tua conoscenza e il tuo consenso. Ti informiamo inoltre sul motivo della raccolta e su come verranno utilizzate.<\/p>\n<p>Conserviamo le informazioni raccolte solo per il tempo necessario a fornire il servizio richiesto. Quando memorizziamo i dati, li proteggiamo con mezzi commercialmente accettabili per prevenire perdite e furti, nonch\u00e9 accessi, divulgazioni, copie, utilizzi o modifiche non autorizzati.<\/p>\n<p>Non condividiamo informazioni personali identificabili pubblicamente o con terze parti, salvo nei casi previsti dalla legge.<\/p>\n<p>Il nostro sito web potrebbe contenere link a siti esterni non gestiti da noi. Si prega di notare che non abbiamo alcun controllo sul contenuto e sulle pratiche di questi siti e non possiamo assumerci alcuna responsabilit\u00e0 per le rispettive politiche sulla privacy.<\/p>\n<p>Sei libero di rifiutare la nostra richiesta di informazioni personali, tenendo presente che potremmo non essere in grado di fornirti alcuni dei servizi che desideri.<\/p>\n<p>Continuando a utilizzare il nostro sito web, si accetta implicitamente la nostra politica in materia di privacy e trattamento dei dati personali. Per qualsiasi domanda sul trattamento dei dati e delle informazioni personali degli utenti, non esitate a contattarci.<\/p>\n<h2>Informativa sui cookie di MobilePrice<\/h2>\n<h3>Cosa sono i cookie?<\/h3>\n<p>Come avviene nella maggior parte dei siti web professionali, anche questo sito utilizza i cookie, ovvero piccoli file scaricati sul tuo computer, per migliorare la tua esperienza di navigazione. Questa pagina descrive quali informazioni vengono raccolte, come le utilizziamo e perch\u00e9 a volte \u00e8 necessario memorizzare questi cookie. Spiegheremo inoltre come impedire la memorizzazione dei cookie, tenendo presente che ci\u00f2 potrebbe compromettere o disabilitare alcune funzionalit\u00e0 del sito.<\/p>\n<h3>Come utilizziamo i cookie?<\/h3>\n<p>Utilizziamo i cookie per diverse ragioni, descritte di seguito. Purtroppo, nella maggior parte dei casi, non esistono opzioni standard per disabilitare i cookie senza compromettere completamente le funzionalit\u00e0 e le caratteristiche che essi aggiungono a questo sito. Si consiglia di lasciare tutti i cookie abilitati se non si \u00e8 certi della loro utilit\u00e0, nel caso in cui vengano utilizzati per fornire un servizio di cui si usufruisce.<\/p>\n<h3>Disabilita i cookie<\/h3>\n<p>\u00c8 possibile impedire l&#039;installazione dei cookie modificando le impostazioni del browser (consultare la guida del browser per le istruzioni). Si tenga presente che la disabilitazione dei cookie influir\u00e0 sul funzionamento di questo e di molti altri siti web visitati. La disabilitazione dei cookie comporter\u00e0 in genere anche la disabilitazione di alcune funzionalit\u00e0 e caratteristiche di questo sito. Pertanto, si consiglia di non disabilitare i cookie.<\/p>\n<h3>Cookie che impostiamo<\/h3>\n<ul>\n<li>Cookie relativi all&#039;account: se crei un account con noi, utilizzeremo i cookie per gestire il processo di registrazione e l&#039;amministrazione generale. Questi cookie vengono generalmente eliminati quando effettui il logout dal sistema; tuttavia, in alcuni casi, potrebbero rimanere attivi anche successivamente per ricordare le tue preferenze di navigazione quando esci dal sito.<\/li>\n<li>Cookie relativi all&#039;accesso: Utilizziamo i cookie quando effettui l&#039;accesso per ricordare questa azione. Ci\u00f2 ti evita di dover effettuare l&#039;accesso ogni volta che visiti una nuova pagina. Questi cookie vengono normalmente rimossi o cancellati quando effettui il logout per garantire che tu possa accedere alle risorse e alle aree riservate solo quando hai effettuato l&#039;accesso.<\/li>\n<li>Cookie relativi alle newsletter via email: questo sito web offre servizi di newsletter o di iscrizione via email e i cookie possono essere utilizzati per ricordare se sei gi\u00e0 registrato e per mostrare determinate notifiche valide solo per gli utenti iscritti\/non iscritti.<\/li>\n<li>Cookie relativi all&#039;elaborazione degli ordini: questo sito offre servizi di e-commerce o di pagamento e alcuni cookie sono essenziali per garantire che il tuo ordine venga memorizzato tra le diverse pagine, in modo da poterlo elaborare correttamente.<\/li>\n<li>Cookie relativi ai sondaggi: Di tanto in tanto, proponiamo sondaggi e questionari per fornire informazioni interessanti, strumenti utili o per comprendere meglio la nostra base di utenti. Questi sondaggi possono utilizzare i cookie per ricordare chi ha gi\u00e0 partecipato a un sondaggio o per fornire risultati accurati dopo aver cambiato pagina.<\/li>\n<li>Cookie relativi ai moduli: quando invii dati tramite un modulo, come quelli presenti nelle pagine di contatto o nei moduli per i commenti, potrebbero essere impostati dei cookie per memorizzare i tuoi dati utente per future comunicazioni.<\/li>\n<li>Cookie di preferenza del sito web: Per offrirti un&#039;esperienza ottimale su questo sito web, ti forniamo la possibilit\u00e0 di impostare le tue preferenze relative al comportamento del sito durante la navigazione. Per memorizzare le tue preferenze, dobbiamo impostare dei cookie in modo che queste informazioni possano essere richiamate ogni volta che interagisci con una pagina influenzata dalle tue preferenze.<\/li>\n<\/ul>\n<h3>Cookie di terze parti<\/h3>\n<p>In alcuni casi particolari, utilizziamo anche cookie forniti da terze parti fidate. La sezione seguente descrive in dettaglio quali cookie di terze parti potresti incontrare su questo sito web.<\/p>\n<ul>\n<li>Questo sito web utilizza Google Analytics, una delle soluzioni di analisi pi\u00f9 diffuse e affidabili sul web, per aiutarci a capire come utilizzi il sito e come possiamo migliorare la tua esperienza. Questi cookie possono tracciare informazioni come il tempo trascorso sul sito e le pagine visitate, in modo da consentirci di continuare a produrre contenuti interessanti.<\/li>\n<\/ul>\n<p>Per ulteriori informazioni sui cookie di Google Analytics, si prega di visitare la pagina ufficiale di Google Analytics.<\/p>\n<ul>\n<li>Utilizziamo strumenti di analisi di terze parti per tracciare e misurare l&#039;utilizzo di questo sito, in modo da poter continuare a produrre contenuti interessanti. Questi cookie possono tracciare informazioni come il tempo trascorso sul sito o le pagine visitate, aiutandoci a capire come migliorare il sito per te.<\/li>\n<li>Periodicamente, testiamo nuove funzionalit\u00e0 e apportiamo piccole modifiche all&#039;aspetto del sito. Durante la fase di test, questi cookie possono essere utilizzati per garantire un&#039;esperienza utente coerente sul sito, mentre comprendiamo quali ottimizzazioni sono maggiormente apprezzate dai nostri utenti.<\/li>\n<li>Poich\u00e9 vendiamo prodotti, per noi \u00e8 importante comprendere le statistiche relative al numero di visitatori del nostro sito web che effettuano effettivamente un acquisto, e questi cookie tracciano proprio questo tipo di dati. Questo \u00e8 importante anche per voi, perch\u00e9 ci permette di fare previsioni commerciali accurate che ci consentono di analizzare i costi di pubblicit\u00e0 e dei prodotti, garantendovi cos\u00ec il miglior prezzo possibile.<\/li>\n<li>Il servizio Google AdSense che utilizziamo per la pubblicit\u00e0 si avvale di un cookie DoubleClick per mostrare annunci pi\u00f9 pertinenti sul web e limitare il numero di volte in cui un determinato annuncio viene visualizzato.<br \/>\nPer ulteriori informazioni su Google AdSense, consultare le FAQ ufficiali sulla privacy di Google AdSense.<\/li>\n<li>Utilizziamo la pubblicit\u00e0 per compensare i costi di gestione di questo sito e per finanziare i futuri sviluppi. I cookie di pubblicit\u00e0 comportamentale utilizzati da questo sito sono progettati per garantire che ti vengano mostrati gli annunci pi\u00f9 pertinenti possibile, tracciando in modo anonimo i tuoi interessi e presentandoti contenuti simili che potrebbero essere di tuo gradimento.<\/li>\n<li>Diversi partner pubblicizzano per nostro conto e i cookie di tracciamento degli affiliati ci consentono semplicemente di verificare se i nostri clienti hanno acceduto al sito tramite uno dei siti dei nostri partner, in modo da poterli accreditare correttamente e, ove applicabile, consentire ai nostri partner affiliati di offrire eventuali promozioni per incentivare l&#039;acquisto.<\/li>\n<\/ul>\n<h3>Impegno dell&#039;utente<\/h3>\n<p>L&#039;utente accetta di utilizzare in modo appropriato i contenuti e le informazioni che MobilePric offre sul sito web, inclusi, a titolo esemplificativo ma non esaustivo:<\/p>\n<ul>\n<li>A) Non intraprendere attivit\u00e0 illegali o contrarie alla buona fede e all&#039;ordine pubblico;<\/li>\n<li>B) Non diffondere propaganda o contenuti di natura razzista, xenofoba, relativi al gioco d&#039;azzardo o alla pornografia illegale, n\u00e9 contenuti che promuovano il terrorismo o violino i diritti umani;<\/li>\n<li>C) Non causare danni ai sistemi fisici (hardware) e logici (software) di MobilePric, dei suoi fornitori o di terzi, introducendo o diffondendo virus informatici o qualsiasi altro sistema hardware o software in grado di causare i suddetti danni.<\/li>\n<\/ul>\n<h2>Pubblicit\u00e0 personalizzata (opt-out)<\/h2>\n<p>Gli utenti possono disattivare la pubblicit\u00e0 personalizzata andando su\u00a0<a href=\"https:\/\/adssettings.google.com\/authenticated\" target=\"_blank\" rel=\"noopener\">Impostazioni annunci<\/a>. In alternativa, \u00e8 possibile indirizzare gli utenti ad accedere al sito web.\u00a0<a href=\"http:\/\/www.aboutads.info\/\" target=\"_blank\" rel=\"noopener\">www.aboutads.info<\/a>\u00a0per disabilitare l&#039;utilizzo dei cookie di terze parti per la pubblicit\u00e0 personalizzata.<\/p>\n<h3>Ulteriori informazioni<\/h3>\n<p>Ci auguriamo che questo sia chiaro e, come gi\u00e0 accennato, se avete dubbi sulla necessit\u00e0 o meno dei cookie, in genere \u00e8 pi\u00f9 sicuro lasciarli abilitati nel caso in cui interagiate con una delle funzionalit\u00e0 del nostro sito web.<\/p>\n<p>La presente politica \u00e8 in vigore dal <strong>Novembre 2023<\/strong>.<\/p>","protected":false},"excerpt":{"rendered":"<p>A sua privacidade \u00e9 importante para n\u00f3s. \u00c9 pol\u00edtica do MobilePric respeitar a sua privacidade em rela\u00e7\u00e3o a qualquer informa\u00e7\u00e3o sua que possamos coletar no site\u00a0MobilePric, e outros sites que possu\u00edmos e operamos. Solicitamos informa\u00e7\u00f5es pessoais apenas quando realmente precisamos delas para lhe fornecer um servi\u00e7o. Fazemo-lo por meios justos e legais, com o seu [&hellip;]<\/p>\n","protected":false},"author":2,"featured_media":0,"parent":0,"menu_order":0,"comment_status":"closed","ping_status":"closed","template":"","meta":{"footnotes":""},"class_list":["post-24240","page","type-page","status-publish"],"_links":{"self":[{"href":"https:\/\/ccvgaming.com\/it\/wp-json\/wp\/v2\/pages\/24240","targetHints":{"allow":["GET"]}}],"collection":[{"href":"https:\/\/ccvgaming.com\/it\/wp-json\/wp\/v2\/pages"}],"about":[{"href":"https:\/\/ccvgaming.com\/it\/wp-json\/wp\/v2\/types\/page"}],"author":[{"embeddable":true,"href":"https:\/\/ccvgaming.com\/it\/wp-json\/wp\/v2\/users\/2"}],"replies":[{"embeddable":true,"href":"https:\/\/ccvgaming.com\/it\/wp-json\/wp\/v2\/comments?post=24240"}],"version-history":[{"count":0,"href":"https:\/\/ccvgaming.com\/it\/wp-json\/wp\/v2\/pages\/24240\/revisions"}],"wp:attachment":[{"href":"https:\/\/ccvgaming.com\/it\/wp-json\/wp\/v2\/media?parent=24240"}],"curies":[{"name":"wp","href":"https:\/\/api.w.org\/{rel}","templated":true}]}}