{"id":24242,"date":"2023-11-10T10:40:11","date_gmt":"2023-11-10T13:40:11","guid":{"rendered":"https:\/\/acertarnacompra.com.br\/?page_id=24242"},"modified":"2023-11-27T21:58:44","modified_gmt":"2023-11-28T00:58:44","slug":"termini-di-utilizzo","status":"publish","type":"page","link":"https:\/\/ccvgaming.com\/it\/termos-de-uso\/","title":{"rendered":"Termini di utilizzo"},"content":{"rendered":"<p>Termini e condizioni d&#039;uso<\/p>\n<p>Benvenuti su MobilePrice BR!<\/p>\n<p>I presenti termini e condizioni descrivono le regole per l&#039;utilizzo del sito web aziendale MobilePrice BR, disponibile all&#039;indirizzo https:\/\/ccvgaming.com\/.<\/p>\n<p>Accedendo a questo sito web, accetti i termini e le condizioni di seguito riportati. Non continuare a utilizzare MobilePrice BR se non accetti i termini e le condizioni descritti nel presente accordo.<\/p>\n<h2>Biscotti<\/h2>\n<p>Questo sito web utilizza i cookie per personalizzare la tua esperienza online. Accedendo al sito web di MobilePrice BR, acconsenti all&#039;utilizzo dei cookie richiesti.<\/p>\n<p>I cookie sono file di testo che vengono salvati sul tuo disco rigido da un server di pagine web. I cookie non possono eseguire programmi o trasferire virus sul tuo computer. I cookie sono associati in modo univoco a te e possono essere letti solo dal server web del dominio che li ha emessi.<\/p>\n<p>Potremmo utilizzare i cookie per raccogliere, archiviare o tracciare informazioni per scopi statistici e di marketing sul nostro sito web. Hai la possibilit\u00e0 di accettare o rifiutare i cookie opzionali. Alcuni cookie sono obbligatori, necessari per il funzionamento del nostro sito web. Questi cookie obbligatori richiedono il tuo consenso. Tieni presente che accettando i cookie obbligatori, accetterai anche i cookie di terze parti, che potrebbero essere utilizzati da terze parti se utilizzi servizi da loro forniti sul nostro sito web, ad esempio una finestra di riproduzione video fornita da societ\u00e0 terze e integrata nel nostro sito web.<\/p>\n<h2>Licenza<\/h2>\n<p>Salvo diversa indicazione, MobilePric BR e i suoi licenziatari detengono i diritti di propriet\u00e0 intellettuale su tutto il materiale pubblicato su MobilePric BR. Tutti i diritti di propriet\u00e0 intellettuale sono riservati.<\/p>\n<h2>Non ti \u00e8 consentito:<\/h2>\n<p>Copia o ripubblicazione di materiali da MobilePrice BR<br \/>\nVendita, noleggio o subaffitto di materiali da MobilePrice BR<br \/>\n\u00c8 vietata la riproduzione, la duplicazione o la copia dei materiali di MobilePrice BR.<br \/>\nRidistribuire i contenuti da MobilePrice BR.<\/p>\n<h3>Il presente Contratto entrer\u00e0 in vigore a partire dalla data odierna.<\/h3>\n<p>Parti di questo sito web offrono agli utenti l&#039;opportunit\u00e0 di pubblicare e discutere opinioni e informazioni in aree specifiche. MobilePric BR non filtra, modifica, pubblica o esamina i Commenti prima che vengano pubblicati sul sito web. I Commenti riflettono le opinioni della persona che li pubblica. Nella misura consentita dalla legge applicabile, MobilePric BR non \u00e8 legalmente responsabile per i Commenti o per eventuali danni, rischi o spese causati o subiti a seguito dell&#039;uso, della pubblicazione e\/o della visualizzazione dei Commenti su questo sito web.<\/p>\n<p>MobilePrice BR si riserva il diritto di rimuovere qualsiasi commento che possa essere considerato inappropriato, offensivo o in violazione dei Termini e Condizioni del presente accordo.<\/p>\n<h3>Dichiari e garantisci che:<\/h3>\n<p>Hai il diritto di pubblicare commenti sul nostro sito web e disponi di tutte le licenze e i consensi necessari per farlo;<br \/>\nI tuoi commenti non violano alcuna propriet\u00e0 intellettuale, inclusi diritti d&#039;autore, brevetti o marchi di terze parti;<br \/>\nI tuoi commenti non contengono materiale diffamatorio, calunnioso, offensivo, indecente o altrimenti illegale che costituisca una violazione della privacy.<br \/>\nI tuoi commenti non saranno utilizzati per sollecitare o promuovere affari o presentare attivit\u00e0 commerciali o illegali.<\/p>\n<p>Con la presente concedi a MobilePric BR una licenza non esclusiva per utilizzare, riprodurre, modificare e autorizzare altri a utilizzare, riprodurre o modificare qualsiasi tuo Commento in qualsiasi forma, formato e mezzo.<\/p>\n<h2>Creazione di link ai nostri contenuti<\/h2>\n<p>Le seguenti organizzazioni possono collegarsi al nostro Sito senza la necessit\u00e0 di previa approvazione scritta:<\/p>\n<ul>\n<li>Agenzie governative;<\/li>\n<li>Motori di ricerca;<\/li>\n<li>Organizzazioni mediatiche;<\/li>\n<li>I distributori di directory online possono inserire link al nostro Sito nello stesso modo in cui inseriscono collegamenti ipertestuali ai Siti di altre aziende elencate;<\/li>\n<li>Le aziende accreditate, ad eccezione delle organizzazioni di raccolta fondi senza scopo di lucro e dei gruppi di beneficenza per la raccolta fondi, non possono inserire link al nostro Sito senza previa approvazione.<\/li>\n<\/ul>\n<p>Tali organizzazioni possono pubblicare link alla nostra home page, alle nostre pubblicazioni o ad altre informazioni del Sito, a condizione che il link: (a) non sia in alcun modo fuorviante; (b) non implichi falsamente l&#039;esistenza di un rapporto di sponsorizzazione, approvazione o supporto tra noi e qualsiasi prodotto e\/o servizio; e (c) sia appropriato al contesto in cui viene inserito.<\/p>\n<p><strong>Possiamo prendere in considerazione e approvare le richieste di collegamento presentate dai seguenti tipi di organizzazioni:<\/strong><\/p>\n<ul>\n<li>fonti note di informazioni su prodotti e aziende;<\/li>\n<li>Siti della comunit\u00e0 dot.com;<\/li>\n<li>associazioni e altri gruppi che rappresentano istituzioni di beneficenza;<\/li>\n<li>distributori di directory online;<br \/>\nportali internet;<\/li>\n<li>Studi contabili, legali e di consulenza; istituti scolastici e associazioni professionali.<\/li>\n<\/ul>\n<p>Approveremo le richieste di collegamento presentate dalle tipologie di organizzazioni sopra elencate se riteniamo che: (a) il collegamento non sia dannoso per la nostra immagine e\/o per l&#039;immagine di aziende accreditate; (b) l&#039;organizzazione richiedente non abbia una storia negativa con noi; (c) il vantaggio che ricaviamo dalla visibilit\u00e0 del collegamento compensa l&#039;assenza di MobilePric BR; e (d) il collegamento verr\u00e0 inserito in un contesto informativo generale.<\/p>\n<p>Queste organizzazioni possono pubblicare link alla nostra homepage a condizione che il link: (a) non sia in alcun modo fuorviante; (b) non implichi falsamente l&#039;esistenza di un rapporto di sponsorizzazione, approvazione o approvazione di prodotti e\/o servizi da parte nostra; e (c) sia appropriato al contesto in cui viene inserito.<\/p>\n<p>Se rappresenti una delle organizzazioni elencate al paragrafo 2 e sei interessato a pubblicare un link al nostro sito web, dovresti comunicarcelo inviando un&#039;e-mail a MobilePrice BR. Includi il tuo nome, il nome della tua organizzazione e le informazioni di contatto, nonch\u00e9 l&#039;URL del tuo sito web, un elenco degli URL del nostro sito web che intendi utilizzare come link e un elenco dei siti web su cui intendi pubblicare i nostri URL. La risposta richieder\u00e0 2-3 settimane.<\/p>\n<p><strong>Le organizzazioni approvate possono pubblicare link al nostro Sito nei seguenti modi:<\/strong><\/p>\n<ul>\n<li>Utilizzando il nostro nome aziendale; o<\/li>\n<li>Utilizzando l&#039;URL a cui reindirizza il collegamento; oppure<\/li>\n<li>Utilizzare qualsiasi altra descrizione del nostro Sito che abbia senso nel contesto e nel formato del contenuto in cui viene inserito il collegamento.<\/li>\n<\/ul>\n<p>L&#039;uso o la pubblicazione di link al logo MobilePric BR e\/o ad altri elementi visivi non \u00e8 consentito senza un contratto di licenza del marchio.<\/p>\n<h3>Responsabilit\u00e0 per i contenuti<\/h3>\n<p>Non saremo ritenuti legalmente responsabili per alcun contenuto presente sul tuo Sito. Accetti di proteggerci e difenderci da qualsiasi reclamo presentato sul tuo Sito. Nessun link deve apparire su alcun Sito che possa essere interpretato come diffamatorio, osceno, criminale o che violi, infranga o promuova la violazione dei diritti di terzi.<\/p>\n<h3>Riserva di diritti<\/h3>\n<p>Ci riserviamo il diritto di richiedere la rimozione di tutti i link o di qualsiasi link che reindirizzi al nostro sito web. Accetti di rimuovere immediatamente tutti i link al nostro sito web su richiesta di rimozione. Ci riserviamo inoltre il diritto di correggere e modificare i presenti termini e condizioni in qualsiasi momento. Pubblicando costantemente link al nostro sito web, accetti di essere vincolato dai presenti termini e condizioni relativi ai link.<\/p>\n<h3>Rimozione dei link pubblicati sul nostro sito web<\/h3>\n<p>Se trovate un link sul nostro Sito che sia in qualche modo offensivo, siete liberi di contattarci e segnalarci il problema in qualsiasi momento. Valuteremo le richieste di rimozione dei link, ma non siamo obbligati a rimuoverli dal nostro sito n\u00e9 a rispondere direttamente alla vostra richiesta.<\/p>\n<p>Non garantiamo che le informazioni contenute in questo sito siano corrette. Non garantiamo la completezza o l&#039;accuratezza dei contenuti. Non garantiamo che il sito rimarr\u00e0 disponibile o che il materiale in esso contenuto rimarr\u00e0 aggiornato.<\/p>\n<h3>Esclusione di responsabilit\u00e0<\/h3>\n<p>Nella misura massima consentita dalla legge, escludiamo tutte le dichiarazioni, garanzie e condizioni relative al nostro sito web e al suo utilizzo. Nulla di quanto contenuto nella presente clausola di esclusione di responsabilit\u00e0:<\/p>\n<ul>\n<li>per limitare o escludere la nostra responsabilit\u00e0 o la vostra responsabilit\u00e0 per morte o lesioni personali;<\/li>\n<li>per limitare o escludere la nostra responsabilit\u00e0 o la vostra responsabilit\u00e0 per frode o falsa dichiarazione;<\/li>\n<li>per limitare la nostra responsabilit\u00e0 o la vostra responsabilit\u00e0 in qualsiasi modo non consentito dalla legge;<\/li>\n<li>per escludere qualsiasi responsabilit\u00e0 vostra o nostra che non possa essere esclusa ai sensi della legge applicabile.<\/li>\n<\/ul>\n<p>Le limitazioni e le esclusioni di responsabilit\u00e0 elencate nella presente Sezione e altrove nella presente dichiarazione: (a) sono soggette al paragrafo precedente; e (b) regolano tutte le responsabilit\u00e0 derivanti dalla dichiarazione, comprese le responsabilit\u00e0 derivanti da contratto, da illecito civile e da violazione di obblighi di legge.<\/p>\n<p>Finch\u00e9 il sito web, le informazioni e i servizi in esso contenuti saranno offerti gratuitamente, non saremo responsabili per perdite o danni di alcun tipo.<\/p>","protected":false},"excerpt":{"rendered":"<p>Termos e Condi\u00e7\u00f5es de Uso Seja bem-vindo ao MobilePric BR! Estes termos e condi\u00e7\u00f5es descrevem as regras de uso do site da empresa MobilePric BR, localizado no endere\u00e7o https:\/\/ccvgaming.com\/. Ao acessar este site, consideramos que voc\u00ea est\u00e1 de acordo com os termos e condi\u00e7\u00f5es abaixo. N\u00e3o continue a usar o MobilePric BR caso voc\u00ea discorde [&hellip;]<\/p>\n","protected":false},"author":2,"featured_media":0,"parent":0,"menu_order":0,"comment_status":"closed","ping_status":"closed","template":"","meta":{"footnotes":""},"class_list":["post-24242","page","type-page","status-publish"],"_links":{"self":[{"href":"https:\/\/ccvgaming.com\/it\/wp-json\/wp\/v2\/pages\/24242","targetHints":{"allow":["GET"]}}],"collection":[{"href":"https:\/\/ccvgaming.com\/it\/wp-json\/wp\/v2\/pages"}],"about":[{"href":"https:\/\/ccvgaming.com\/it\/wp-json\/wp\/v2\/types\/page"}],"author":[{"embeddable":true,"href":"https:\/\/ccvgaming.com\/it\/wp-json\/wp\/v2\/users\/2"}],"replies":[{"embeddable":true,"href":"https:\/\/ccvgaming.com\/it\/wp-json\/wp\/v2\/comments?post=24242"}],"version-history":[{"count":0,"href":"https:\/\/ccvgaming.com\/it\/wp-json\/wp\/v2\/pages\/24242\/revisions"}],"wp:attachment":[{"href":"https:\/\/ccvgaming.com\/it\/wp-json\/wp\/v2\/media?parent=24242"}],"curies":[{"name":"wp","href":"https:\/\/api.w.org\/{rel}","templated":true}]}}