{"id":24242,"date":"2023-11-10T10:40:11","date_gmt":"2023-11-10T13:40:11","guid":{"rendered":"https:\/\/acertarnacompra.com.br\/?page_id=24242"},"modified":"2023-11-27T21:58:44","modified_gmt":"2023-11-28T00:58:44","slug":"warunki-uzytkowania","status":"publish","type":"page","link":"https:\/\/ccvgaming.com\/pl\/termos-de-uso\/","title":{"rendered":"Warunki korzystania"},"content":{"rendered":"<p>Warunki korzystania<\/p>\n<p>Witamy w MobilePrice BR!<\/p>\n<p>Niniejszy regulamin okre\u015bla zasady korzystania ze strony internetowej firmy MobilePrice BR, dost\u0119pnej pod adresem https:\/\/ccvgaming.com\/.<\/p>\n<p>Uzyskuj\u0105c dost\u0119p do tej strony internetowej, uznajemy, \u017ce akceptujesz poni\u017csze warunki. Nie kontynuuj korzystania z MobilePrice BR, je\u015bli nie zgadzasz si\u0119 z warunkami opisanymi w niniejszej umowie.<\/p>\n<h2>Ciastka<\/h2>\n<p>Ta strona internetowa u\u017cywa plik\u00f3w cookie, aby pom\u00f3c Ci spersonalizowa\u0107 Twoje do\u015bwiadczenia online. Uzyskuj\u0105c dost\u0119p do witryny MobilePrice BR, wyra\u017casz zgod\u0119 na u\u017cywanie wymaganych plik\u00f3w cookie.<\/p>\n<p>Pliki cookie to pliki tekstowe umieszczane na dysku twardym przez serwer stron internetowych. Pliki cookie nie mog\u0105 uruchamia\u0107 program\u00f3w ani przenosi\u0107 wirus\u00f3w na komputer. Pliki cookie s\u0105 jednoznacznie kojarzone z Tob\u0105 i mog\u0105 by\u0107 odczytane wy\u0142\u0105cznie przez serwer internetowy domeny, kt\u00f3ra je wyda\u0142a.<\/p>\n<p>Mo\u017cemy u\u017cywa\u0107 plik\u00f3w cookie do gromadzenia, przechowywania lub \u015bledzenia informacji w celach statystycznych i marketingowych na naszej stronie internetowej. Mo\u017cesz zaakceptowa\u0107 lub odrzuci\u0107 opcjonalne pliki cookie. Istniej\u0105 obowi\u0105zkowe pliki cookie, kt\u00f3re s\u0105 niezb\u0119dne do dzia\u0142ania naszej strony internetowej. Te obowi\u0105zkowe pliki cookie wymagaj\u0105 Twojej zgody. Pami\u0119taj, \u017ce akceptuj\u0105c obowi\u0105zkowe pliki cookie, akceptujesz r\u00f3wnie\u017c pliki cookie stron trzecich, kt\u00f3re mog\u0105 by\u0107 u\u017cywane przez strony trzecie, je\u015bli korzystasz z us\u0142ug \u015bwiadczonych przez nie na naszej stronie internetowej \u2013 na przyk\u0142ad okno odtwarzania wideo dostarczane przez firmy zewn\u0119trzne i zintegrowane z nasz\u0105 stron\u0105 internetow\u0105.<\/p>\n<h2>Licencja<\/h2>\n<p>O ile nie wskazano inaczej, MobilePric BR i jego licencjodawcy posiadaj\u0105 prawa w\u0142asno\u015bci intelektualnej do wszystkich materia\u0142\u00f3w zamieszczonych w MobilePric BR. Wszelkie prawa w\u0142asno\u015bci intelektualnej s\u0105 zastrze\u017cone.<\/p>\n<h2>Nie wolno Ci:<\/h2>\n<p>Kopiowanie lub ponowne publikowanie materia\u0142\u00f3w z MobilePrice BR<br \/>\nSprzeda\u017c, wynajem lub podnajem materia\u0142\u00f3w z MobilePrice BR<br \/>\nPowielanie, kopiowanie lub kopiowanie materia\u0142\u00f3w z MobilePrice BR jest zabronione.<br \/>\nPonowna dystrybucja tre\u015bci z MobilePrice BR.<\/p>\n<h3>Niniejsza Umowa wchodzi w \u017cycie z dniem jej zawarcia.<\/h3>\n<p>Cz\u0119\u015bci tej witryny oferuj\u0105 u\u017cytkownikom mo\u017cliwo\u015b\u0107 publikowania i omawiania opinii oraz informacji w okre\u015blonych obszarach. MobilePric BR nie filtruje, nie edytuje, nie publikuje ani nie weryfikuje komentarzy przed ich prezentacj\u0105 na stronie internetowej. Komentarze odzwierciedlaj\u0105 opinie osoby je publikuj\u0105cej. W zakresie dozwolonym przez obowi\u0105zuj\u0105ce prawo, MobilePric BR nie ponosi odpowiedzialno\u015bci prawnej za komentarze ani za jakiekolwiek szkody, ryzyko lub wydatki poniesione w wyniku korzystania z, publikowania i\/lub pojawiania si\u0119 komentarzy na tej stronie internetowej.<\/p>\n<p>MobilePrice BR zastrzega sobie prawo do usuwania wszelkich komentarzy, kt\u00f3re mog\u0105 zosta\u0107 uznane za niew\u0142a\u015bciwe, obra\u017aliwe lub naruszaj\u0105ce Warunki niniejszej umowy.<\/p>\n<h3>O\u015bwiadczasz i gwarantujesz, \u017ce:<\/h3>\n<p>Masz prawo do zamieszczania komentarzy na naszej stronie internetowej i posiadasz wszelkie niezb\u0119dne licencje i zgody, aby to robi\u0107;<br \/>\nTwoje komentarze nie naruszaj\u0105 \u017cadnych praw w\u0142asno\u015bci intelektualnej, w tym praw autorskich, patent\u00f3w ani znak\u00f3w towarowych os\u00f3b trzecich;<br \/>\nTwoje komentarze nie zawieraj\u0105 tre\u015bci znies\u0142awiaj\u0105cych, oszczerczych, obra\u017aliwych, nieprzyzwoitych ani w inny spos\u00f3b niezgodnych z prawem, kt\u00f3re stanowi\u0105 naruszenie prywatno\u015bci.<br \/>\nTwoje komentarze nie b\u0119d\u0105 wykorzystywane w celu nak\u0142aniania lub promowania dzia\u0142alno\u015bci gospodarczej ani prezentowania dzia\u0142a\u0144 komercyjnych lub niezgodnych z prawem.<\/p>\n<p>Niniejszym udzielasz MobilePric BR niewy\u0142\u0105cznej licencji na u\u017cywanie, powielanie, edytowanie oraz upowa\u017cnianie innych do u\u017cywania, powielania lub edytowania dowolnych Twoich Komentarzy w dowolnej formie, formacie i medium.<\/p>\n<h2>Tworzenie link\u00f3w do naszych tre\u015bci<\/h2>\n<p>Nast\u0119puj\u0105ce organizacje mog\u0105 linkowa\u0107 do naszej witryny bez konieczno\u015bci uzyskania uprzedniej pisemnej zgody:<\/p>\n<ul>\n<li>Agencje rz\u0105dowe;<\/li>\n<li>Wyszukiwarki;<\/li>\n<li>Organizacje medialne;<\/li>\n<li>Podmioty prowadz\u0105ce katalogi internetowe mog\u0105 umieszcza\u0107 linki do naszej witryny w taki sam spos\u00f3b, w jaki umieszczaj\u0105 hiper\u0142\u0105cza do witryn innych wymienionych firm;<\/li>\n<li>Akredytowane przedsi\u0119biorstwa, z wyj\u0105tkiem organizacji non-profit zajmuj\u0105cych si\u0119 zbi\u00f3rk\u0105 funduszy oraz grup charytatywnych zajmuj\u0105cych si\u0119 zbi\u00f3rk\u0105 funduszy, nie mog\u0105 umieszcza\u0107 link\u00f3w do naszej Witryny bez uprzedniej zgody.<\/li>\n<\/ul>\n<p>Organizacje te mog\u0105 zamieszcza\u0107 linki do naszej strony g\u0142\u00f3wnej, naszych publikacji lub innych informacji na Stronie, pod warunkiem, \u017ce link: (a) nie wprowadza w b\u0142\u0105d; (b) nie sugeruje fa\u0142szywie istnienia stosunku sponsorowania, poparcia lub zatwierdzenia pomi\u0119dzy nami a jakimikolwiek produktami i\/lub us\u0142ugami; oraz (c) jest odpowiedni do kontekstu, w kt\u00f3rym zosta\u0142 zamieszczony.<\/p>\n<p><strong>Mo\u017cemy rozpatrzy\u0107 i zatwierdzi\u0107 pro\u015bby o link przes\u0142ane przez nast\u0119puj\u0105ce typy organizacji:<\/strong><\/p>\n<ul>\n<li>znane \u017ar\u00f3d\u0142a informacji o produktach i firmach;<\/li>\n<li>Serwisy spo\u0142eczno\u015bciowe dot.com;<\/li>\n<li>stowarzyszenia i inne grupy reprezentuj\u0105ce instytucje charytatywne;<\/li>\n<li>dystrybutorzy katalog\u00f3w internetowych;<br \/>\nportale internetowe;<\/li>\n<li>Firmy ksi\u0119gowe, prawnicze i konsultingowe, a tak\u017ce instytucje edukacyjne i stowarzyszenia zawodowe.<\/li>\n<\/ul>\n<p>Zatwierdzimy pro\u015bby o link przes\u0142ane przez organizacje wymienione powy\u017cej, je\u015bli uznamy, \u017ce: (a) link nie szkodzi naszemu wizerunkowi i\/lub wizerunkowi akredytowanych firm; (b) organizacja wnioskuj\u0105ca nie ma negatywnej historii u nas; (c) korzy\u015b\u0107, jak\u0105 uzyskujemy dzi\u0119ki widoczno\u015bci linku, rekompensuje brak MobilePric BR; oraz (d) link zostanie umieszczony w og\u00f3lnym kontek\u015bcie informacyjnym.<\/p>\n<p>Organizacje te mog\u0105 zamieszcza\u0107 odno\u015bniki do naszej strony g\u0142\u00f3wnej, pod warunkiem \u017ce odno\u015bnik: (a) nie wprowadza w b\u0142\u0105d; (b) nie sugeruje fa\u0142szywie istnienia z naszej strony sponsorowania, popierania lub zatwierdzania produkt\u00f3w i\/lub us\u0142ug; oraz (c) jest odpowiedni do kontekstu, w kt\u00f3rym zosta\u0142 zamieszczony.<\/p>\n<p>Je\u015bli reprezentujesz jedn\u0105 z organizacji wymienionych w punkcie 2 powy\u017cej i jeste\u015b zainteresowany\/a opublikowaniem linku do naszej strony internetowej, poinformuj nas o tym, wysy\u0142aj\u0105c wiadomo\u015b\u0107 e-mail na adres MobilePrice BR. Prosimy o podanie imienia i nazwiska, nazwy organizacji oraz danych kontaktowych, a tak\u017ce adresu URL witryny, listy adres\u00f3w URL w naszej witrynie, kt\u00f3re zamierzasz wykorzysta\u0107 jako linki, oraz listy witryn, na kt\u00f3rych zamierzasz opublikowa\u0107 nasze adresy URL. Prosimy o oczekiwanie na odpowied\u017a w ci\u0105gu 2-3 tygodni.<\/p>\n<p><strong>Zatwierdzone organizacje mog\u0105 publikowa\u0107 linki do naszej witryny w nast\u0119puj\u0105cy spos\u00f3b:<\/strong><\/p>\n<ul>\n<li>Korzystaj\u0105c z nazwy naszej firmy; lub<\/li>\n<li>Korzystaj\u0105c z adresu URL, do kt\u00f3rego przekierowuje link; lub<\/li>\n<li>Korzystanie z jakiegokolwiek innego opisu naszej Witryny, kt\u00f3ry ma sens w kontek\u015bcie i formacie tre\u015bci, do kt\u00f3rej wstawiany jest link.<\/li>\n<\/ul>\n<p>U\u017cycie lub publikacja link\u00f3w do logo MobilePric BR i\/lub innych element\u00f3w wizualnych nie jest dozwolona bez umowy licencyjnej na znak towarowy.<\/p>\n<h3>Odpowiedzialno\u015b\u0107 za tre\u015b\u0107<\/h3>\n<p>Nie ponosimy odpowiedzialno\u015bci prawnej za \u017cadne tre\u015bci pojawiaj\u0105ce si\u0119 na Twojej Stronie. Zgadzasz si\u0119 chroni\u0107 nas i broni\u0107 przed wszelkimi roszczeniami zg\u0142aszanymi na Twojej Stronie. Na \u017cadnej Stronie nie powinien znajdowa\u0107 si\u0119 \u017caden link, kt\u00f3ry m\u00f3g\u0142by zosta\u0107 zinterpretowany jako znies\u0142awiaj\u0105cy, obsceniczny, przest\u0119pczy lub naruszaj\u0105cy, \u0142ami\u0105cy lub propaguj\u0105cy naruszanie praw os\u00f3b trzecich.<\/p>\n<h3>Zastrze\u017cenie praw<\/h3>\n<p>Zastrzegamy sobie prawo do \u017c\u0105dania usuni\u0119cia wszystkich link\u00f3w lub link\u00f3w przekierowuj\u0105cych do naszej strony internetowej. Zgadzasz si\u0119 na natychmiastowe usuni\u0119cie wszystkich link\u00f3w do naszej strony internetowej na \u017c\u0105danie. Zastrzegamy sobie r\u00f3wnie\u017c prawo do poprawiania i zmiany niniejszego regulaminu w dowolnym momencie. Publikuj\u0105c stale linki do naszej strony internetowej, zgadzasz si\u0119 na przestrzeganie niniejszego regulaminu dotycz\u0105cego link\u00f3w.<\/p>\n<h3>Usuwanie link\u00f3w zamieszczonych na naszej stronie internetowej<\/h3>\n<p>Je\u015bli znajdziesz na naszej Stronie jakikolwiek link, kt\u00f3ry jest w jakikolwiek spos\u00f3b obra\u017aliwy, mo\u017cesz w dowolnym momencie skontaktowa\u0107 si\u0119 z nami i poinformowa\u0107 nas o problemie. Rozpatrzymy pro\u015bby o usuni\u0119cie link\u00f3w, ale nie jeste\u015bmy zobowi\u0105zani do usuwania ich z naszej Strony ani do bezpo\u015bredniej odpowiedzi na Twoj\u0105 pro\u015bb\u0119.<\/p>\n<p>Nie gwarantujemy, \u017ce informacje zawarte na tej stronie s\u0105 poprawne. Nie gwarantujemy kompletno\u015bci ani dok\u0142adno\u015bci tre\u015bci. Nie gwarantujemy, \u017ce strona b\u0119dzie nadal dost\u0119pna ani \u017ce materia\u0142y na niej zawarte b\u0119d\u0105 aktualne.<\/p>\n<h3>Zastrze\u017cenie odpowiedzialno\u015bci<\/h3>\n<p>W maksymalnym zakresie dozwolonym przez prawo, wy\u0142\u0105czamy wszelkie o\u015bwiadczenia, gwarancje i warunki dotycz\u0105ce naszej strony internetowej i korzystania z niej. \u017badne z postanowie\u0144 niniejszego zastrze\u017cenia nie b\u0119dzie:<\/p>\n<ul>\n<li>aby ograniczy\u0107 lub wy\u0142\u0105czy\u0107 nasz\u0105 odpowiedzialno\u015b\u0107 lub Twoj\u0105 odpowiedzialno\u015b\u0107 za \u015bmier\u0107 lub obra\u017cenia cia\u0142a;<\/li>\n<li>aby ograniczy\u0107 lub wy\u0142\u0105czy\u0107 nasz\u0105 odpowiedzialno\u015b\u0107 lub Twoj\u0105 odpowiedzialno\u015b\u0107 za oszustwo lub \u015bwiadome wprowadzenie w b\u0142\u0105d;<\/li>\n<li>aby ograniczy\u0107 nasz\u0105 odpowiedzialno\u015b\u0107 lub Twoj\u0105 odpowiedzialno\u015b\u0107 w spos\u00f3b niedozwolony przez prawo;<\/li>\n<li>aby wy\u0142\u0105czy\u0107 wszelk\u0105 odpowiedzialno\u015b\u0107 Twoj\u0105 lub nasz\u0105, kt\u00f3rej nie mo\u017cna wy\u0142\u0105czy\u0107 na mocy obowi\u0105zuj\u0105cego prawa.<\/li>\n<\/ul>\n<p>Ograniczenia i wy\u0142\u0105czenia odpowiedzialno\u015bci wymienione w niniejszej Sekcji oraz w innych miejscach niniejszego o\u015bwiadczenia: (a) podlegaj\u0105 postanowieniom poprzedniego akapitu; oraz (b) reguluj\u0105 wszelkie zobowi\u0105zania wynikaj\u0105ce z o\u015bwiadczenia, w tym zobowi\u0105zania wynikaj\u0105ce z umowy, czynu niedozwolonego i naruszenia obowi\u0105zku ustawowego.<\/p>\n<p>Je\u017celi strona internetowa oraz informacje i us\u0142ugi na niej zawarte s\u0105 udost\u0119pniane bezp\u0142atnie, nie ponosimy odpowiedzialno\u015bci za \u017cadne straty ani szkody.<\/p>","protected":false},"excerpt":{"rendered":"<p>Termos e Condi\u00e7\u00f5es de Uso Seja bem-vindo ao MobilePric BR! Estes termos e condi\u00e7\u00f5es descrevem as regras de uso do site da empresa MobilePric BR, localizado no endere\u00e7o https:\/\/ccvgaming.com\/. Ao acessar este site, consideramos que voc\u00ea est\u00e1 de acordo com os termos e condi\u00e7\u00f5es abaixo. N\u00e3o continue a usar o MobilePric BR caso voc\u00ea discorde [&hellip;]<\/p>\n","protected":false},"author":2,"featured_media":0,"parent":0,"menu_order":0,"comment_status":"closed","ping_status":"closed","template":"","meta":{"footnotes":""},"class_list":["post-24242","page","type-page","status-publish"],"_links":{"self":[{"href":"https:\/\/ccvgaming.com\/pl\/wp-json\/wp\/v2\/pages\/24242","targetHints":{"allow":["GET"]}}],"collection":[{"href":"https:\/\/ccvgaming.com\/pl\/wp-json\/wp\/v2\/pages"}],"about":[{"href":"https:\/\/ccvgaming.com\/pl\/wp-json\/wp\/v2\/types\/page"}],"author":[{"embeddable":true,"href":"https:\/\/ccvgaming.com\/pl\/wp-json\/wp\/v2\/users\/2"}],"replies":[{"embeddable":true,"href":"https:\/\/ccvgaming.com\/pl\/wp-json\/wp\/v2\/comments?post=24242"}],"version-history":[{"count":0,"href":"https:\/\/ccvgaming.com\/pl\/wp-json\/wp\/v2\/pages\/24242\/revisions"}],"wp:attachment":[{"href":"https:\/\/ccvgaming.com\/pl\/wp-json\/wp\/v2\/media?parent=24242"}],"curies":[{"name":"wp","href":"https:\/\/api.w.org\/{rel}","templated":true}]}}