{"id":24632,"date":"2023-11-22T10:03:19","date_gmt":"2023-11-22T13:03:19","guid":{"rendered":"https:\/\/acertarnacompra.com.br\/?page_id=24632"},"modified":"2023-11-22T10:03:19","modified_gmt":"2023-11-22T13:03:19","slug":"dmca","status":"publish","type":"page","link":"https:\/\/ccvgaming.com\/pl\/dmca\/","title":{"rendered":"DMCA"},"content":{"rendered":"<p><strong>Polityka praw autorskich \u2013 DMCA<\/strong><\/p>\n<p><strong>Deklaracja zgodno\u015bci<\/strong><\/p>\n<p>MobilePric BR szanuje prawa autorskie i przestrzega postanowie\u0144 ustawy Digital Millennium Copyright Act (\u201cDMCA\u201d). MobilePric BR mo\u017ce, w stosownych okoliczno\u015bciach i wed\u0142ug w\u0142asnego uznania, zablokowa\u0107 i\/lub zamkn\u0105\u0107 konta u\u017cytkownik\u00f3w, kt\u00f3rzy wielokrotnie naruszaj\u0105 prawa autorskie lub s\u0105 uznawani za naruszaj\u0105cych prawa autorskie.<\/p>\n<p><strong>Procedura powiadamiania o naruszeniu praw autorskich<\/strong><\/p>\n<p>Je\u015bli uwa\u017casz, \u017ce Twoje dzie\u0142o chronione prawem autorskim zosta\u0142o powielone w spos\u00f3b stanowi\u0105cy naruszenie praw autorskich i jest dost\u0119pne na tej stronie internetowej, mo\u017cesz powiadomi\u0107 naszego Wyznaczonego Agenta zgodnie z procedur\u0105 okre\u015blon\u0105 w ustawie DMCA. Aby powiadomienie by\u0142o skuteczne, musi zawiera\u0107:<\/p>\n<ol>\n<li>Dane identyfikacyjne dzie\u0142a chronionego prawem autorskim, kt\u00f3re rzekomo zosta\u0142o naruszone, lub, je\u017celi jedno powiadomienie dotyczy wielu dzie\u0142 chronionych prawem autorskim znajduj\u0105cych si\u0119 w jednej witrynie internetowej, reprezentatywna lista takich dzie\u0142 w tej witrynie.<\/li>\n<li>Dane identyfikacyjne materia\u0142u, kt\u00f3ry rzekomo narusza prawa lub jest przedmiotem naruszaj\u0105cej dzia\u0142alno\u015bci i kt\u00f3ry ma zosta\u0107 usuni\u0119ty lub do kt\u00f3rego dost\u0119p ma zosta\u0107 zablokowany, a tak\u017ce informacje w rozs\u0105dnym stopniu wystarczaj\u0105ce do umo\u017cliwienia dostawcy us\u0142ug zlokalizowania materia\u0142u.<\/li>\n<li>Informacje wystarczaj\u0105ce, aby umo\u017cliwi\u0107 us\u0142ugodawcy skontaktowanie si\u0119 ze sk\u0142adaj\u0105cym skarg\u0119, takie jak adres, numer telefonu i, je\u015bli dost\u0119pny, adres e-mail, pod kt\u00f3rym mo\u017cna skontaktowa\u0107 si\u0119 ze sk\u0142adaj\u0105cym skarg\u0119.<\/li>\n<li>O\u015bwiadczenie, \u017ce sk\u0142adaj\u0105cy skarg\u0119 w dobrej wierze uwa\u017ca, \u017ce wykorzystanie materia\u0142u w spos\u00f3b b\u0119d\u0105cy przedmiotem skargi nie zosta\u0142o autoryzowane przez w\u0142a\u015bciciela praw autorskich, jego przedstawiciela lub prawo.<\/li>\n<li>O\u015bwiadczenie, \u017ce informacje zawarte w powiadomieniu s\u0105 prawdziwe oraz \u017ce osoba sk\u0142adaj\u0105ca wniosek jest upowa\u017cniona pod gro\u017ab\u0105 kary za krzywoprzysi\u0119stwo do dzia\u0142ania w imieniu w\u0142a\u015bciciela wy\u0142\u0105cznego prawa, kt\u00f3re rzekomo zosta\u0142o naruszone.<\/li>\n<\/ol>\n<p><strong>Dzia\u0142ania, kt\u00f3re nale\u017cy podj\u0105\u0107 w przypadku powiadomienia o naruszeniu.<\/strong><\/p>\n<p>Po otrzymaniu wa\u017cnego powiadomienia o naruszeniu praw autorskich, MobilePric BR podejmie wszelkie uzasadnione kroki w celu usuni\u0119cia naruszaj\u0105cego materia\u0142u i powiadomienia u\u017cytkownika odpowiedzialnego za przes\u0142anie tre\u015bci. MobilePric BR mo\u017ce r\u00f3wnie\u017c, wed\u0142ug w\u0142asnego uznania, zamkn\u0105\u0107 konto tego u\u017cytkownika, je\u015bli uzna to za stosowne.<\/p>\n<p><strong>Kontakt<\/strong><\/p>\n<p>Je\u015bli chcesz zg\u0142osi\u0107 naruszenie praw autorskich, skontaktuj si\u0119 z nami za pomoc\u0105 poni\u017cszego formularza.\u00a0<strong><a href=\"https:\/\/ccvgaming.com\/pl\/kontakt\/\">KONTAKT<\/a><\/strong>.<\/p>\n<p><strong>Informacja prawna<\/strong><\/p>\n<p>Niniejsza polityka DMCA nie stanowi porady prawnej. Zalecamy zasi\u0119gni\u0119cie porady prawnej, aby w pe\u0142ni zrozumie\u0107 swoje prawa i obowi\u0105zki wynikaj\u0105ce z ustawy DMCA i innych obowi\u0105zuj\u0105cych przepis\u00f3w.<\/p>","protected":false},"excerpt":{"rendered":"<p>Pol\u00edtica de Direitos Autorais &#8211; DMCA Declara\u00e7\u00e3o de Conformidade O MobilePric BR respeita os direitos autorais e est\u00e1 em conformidade com as disposi\u00e7\u00f5es da Digital Millennium Copyright Act (&#8220;DMCA&#8221;). MobilePric BR pode, sob circunst\u00e2ncias apropriadas e a seu crit\u00e9rio, desativar e\/ou encerrar contas de usu\u00e1rios que infringem repetidamente ou s\u00e3o considerados como infratores dos direitos [&hellip;]<\/p>\n","protected":false},"author":2,"featured_media":0,"parent":0,"menu_order":0,"comment_status":"closed","ping_status":"closed","template":"","meta":{"footnotes":""},"class_list":["post-24632","page","type-page","status-publish"],"_links":{"self":[{"href":"https:\/\/ccvgaming.com\/pl\/wp-json\/wp\/v2\/pages\/24632","targetHints":{"allow":["GET"]}}],"collection":[{"href":"https:\/\/ccvgaming.com\/pl\/wp-json\/wp\/v2\/pages"}],"about":[{"href":"https:\/\/ccvgaming.com\/pl\/wp-json\/wp\/v2\/types\/page"}],"author":[{"embeddable":true,"href":"https:\/\/ccvgaming.com\/pl\/wp-json\/wp\/v2\/users\/2"}],"replies":[{"embeddable":true,"href":"https:\/\/ccvgaming.com\/pl\/wp-json\/wp\/v2\/comments?post=24632"}],"version-history":[{"count":0,"href":"https:\/\/ccvgaming.com\/pl\/wp-json\/wp\/v2\/pages\/24632\/revisions"}],"wp:attachment":[{"href":"https:\/\/ccvgaming.com\/pl\/wp-json\/wp\/v2\/media?parent=24632"}],"curies":[{"name":"wp","href":"https:\/\/api.w.org\/{rel}","templated":true}]}}