{"id":24242,"date":"2023-11-10T10:40:11","date_gmt":"2023-11-10T13:40:11","guid":{"rendered":"https:\/\/acertarnacompra.com.br\/?page_id=24242"},"modified":"2023-11-27T21:58:44","modified_gmt":"2023-11-28T00:58:44","slug":"termeni-de-utilizare","status":"publish","type":"page","link":"https:\/\/ccvgaming.com\/ro\/termos-de-uso\/","title":{"rendered":"Termeni de utilizare"},"content":{"rendered":"<p>Termeni \u0219i condi\u021bii de utilizare<\/p>\n<p>Bine a\u021bi venit la MobilePrice BR!<\/p>\n<p>Ace\u0219ti termeni \u0219i condi\u021bii descriu regulile de utilizare a site-ului web al companiei MobilePrice BR, situat la adresa https:\/\/ccvgaming.com\/.<\/p>\n<p>Prin accesarea acestui site web, consider\u0103m c\u0103 sunte\u021bi de acord cu termenii \u0219i condi\u021biile de mai jos. Nu continua\u021bi s\u0103 utiliza\u021bi MobilePrice BR dac\u0103 nu sunte\u021bi de acord cu termenii \u0219i condi\u021biile descrise \u00een acest acord.<\/p>\n<h2>Cookie-uri<\/h2>\n<p>Acest site web folose\u0219te cookie-uri pentru a v\u0103 ajuta s\u0103 v\u0103 personaliza\u021bi experien\u021ba online. Prin accesarea site-ului web MobilePrice BR, sunte\u021bi de acord cu utilizarea cookie-urilor necesare.<\/p>\n<p>Cookie-urile sunt fi\u0219iere text plasate pe hard disk-ul dvs. de c\u0103tre un server de pagin\u0103 web. Cookie-urile nu au permisiunea de a rula programe sau de a transfera viru\u0219i pe computerul dvs. Cookie-urile sunt asociate \u00een mod unic cu dvs. \u0219i pot fi citite doar de serverul web al domeniului care a emis cookie-ul.<\/p>\n<p>Este posibil s\u0103 folosim cookie-uri pentru a colecta, stoca sau urm\u0103ri informa\u021bii \u00een scopuri statistice \u0219i de marketing pe site-ul nostru web. Ave\u021bi op\u021biunea de a accepta sau de a respinge cookie-urile op\u021bionale. Exist\u0103 unele cookie-uri obligatorii, care sunt necesare pentru func\u021bionarea site-ului nostru web. Aceste cookie-uri obligatorii necesit\u0103 consim\u021b\u0103m\u00e2ntul dumneavoastr\u0103. V\u0103 rug\u0103m s\u0103 re\u021bine\u021bi c\u0103, prin acceptarea cookie-urilor obligatorii, ve\u021bi accepta \u0219i cookie-uri ter\u021be, care pot fi utilizate de ter\u021bi dac\u0103 utiliza\u021bi servicii furnizate de ace\u0219tia pe site-ul nostru web - de exemplu, o fereastr\u0103 de redare video furnizat\u0103 de companii ter\u021be \u0219i integrat\u0103 \u00een site-ul nostru web.<\/p>\n<h2>Licen\u0163\u0103<\/h2>\n<p>Cu excep\u021bia cazurilor \u00een care se specific\u0103 altfel, MobilePric BR \u0219i licen\u021biatorii s\u0103i de\u021bin drepturile de proprietate intelectual\u0103 asupra tuturor materialelor postate pe MobilePric BR. Toate drepturile de proprietate intelectual\u0103 sunt rezervate.<\/p>\n<h2>Nu ave\u021bi voie s\u0103:<\/h2>\n<p>Copierea sau republicarea materialelor de pe MobilePrice BR<br \/>\nV\u00e2nzarea, \u00eenchirierea sau sub\u00eenchirierea de materiale de la MobilePrice BR<br \/>\nReproducerea, duplicarea sau copierea materialelor de pe MobilePrice BR este interzis\u0103.<br \/>\nRedistribui\u021bi con\u021binutul de la MobilePrice BR.<\/p>\n<h3>Prezentul Acord va intra \u00een vigoare la data prezentului.<\/h3>\n<p>Anumite p\u0103r\u021bi ale acestui site web ofer\u0103 utilizatorilor oportunitatea de a posta \u0219i discuta opinii \u0219i informa\u021bii \u00een anumite domenii. MobilePric BR nu filtreaz\u0103, editeaz\u0103, public\u0103 \u0219i nu revizuie\u0219te Comentariile \u00eenainte de a fi prezentate pe site. Comentariile reflect\u0103 opiniile persoanei care le posteaz\u0103. \u00cen m\u0103sura permis\u0103 de legea aplicabil\u0103, MobilePric BR nu este responsabil\u0103 din punct de vedere legal pentru Comentarii sau pentru orice daune, riscuri sau cheltuieli cauzate sau suferite ca urmare a utiliz\u0103rii \u0219i\/sau post\u0103rii \u0219i\/sau apari\u021biei Comentariilor pe acest site web.<\/p>\n<p>MobilePrice BR \u00ee\u0219i rezerv\u0103 dreptul de a elimina orice comentarii care pot fi considerate nepotrivite, jignitoare sau care \u00eencalc\u0103 Termenii \u0219i condi\u021biile prezentului acord.<\/p>\n<h3>Declara\u021bi \u0219i garanta\u021bi c\u0103:<\/h3>\n<p>Ave\u021bi dreptul s\u0103 posta\u021bi comentarii pe site-ul nostru web \u0219i de\u021bine\u021bi toate licen\u021bele \u0219i consim\u021b\u0103m\u00e2ntele necesare pentru a face acest lucru;<br \/>\nComentariile dumneavoastr\u0103 nu \u00eencalc\u0103 nicio proprietate intelectual\u0103, inclusiv drepturi de autor, brevete sau m\u0103rci comerciale ale ter\u021bilor;<br \/>\nComentariile dumneavoastr\u0103 nu con\u021bin materiale def\u0103im\u0103toare, calomnioase, ofensatoare, indecente sau ilegale \u00een alt mod care constituie o \u00eenc\u0103lcare a vie\u021bii private.<br \/>\nComentariile dumneavoastr\u0103 nu vor fi folosite pentru a solicita sau promova afaceri sau pentru a prezenta activit\u0103\u021bi comerciale sau ilegale.<\/p>\n<p>Prin prezenta, acorda\u021bi MobilePric BR o licen\u021b\u0103 neexclusiv\u0103 de a utiliza, reproduce, edita \u0219i autoriza alte persoane s\u0103 utilizeze, reproduc\u0103 sau editeze oricare dintre Comentariile dvs. \u00een orice form\u0103, format \u0219i suport media.<\/p>\n<h2>Crearea de linkuri c\u0103tre con\u021binutul nostru<\/h2>\n<p>Urm\u0103toarele organiza\u021bii pot crea linkuri c\u0103tre site-ul nostru f\u0103r\u0103 a fi nevoie de o aprobare prealabil\u0103 scris\u0103:<\/p>\n<ul>\n<li>Agen\u021bii guvernamentale;<\/li>\n<li>Motoare de c\u0103utare;<\/li>\n<li>Organiza\u021bii media;<\/li>\n<li>Distribuitorii de directoare online pot insera linkuri c\u0103tre Site-ul nostru \u00een acela\u0219i mod \u00een care insereaz\u0103 hyperlinkuri c\u0103tre Site-urile altor companii listate;<\/li>\n<li>Companiile acreditate, cu excep\u021bia organiza\u021biilor non-profit de str\u00e2ngere de fonduri \u0219i a grupurilor caritabile de str\u00e2ngere de fonduri, nu pot insera linkuri c\u0103tre Site-ul nostru f\u0103r\u0103 aprobare prealabil\u0103.<\/li>\n<\/ul>\n<p>Aceste organiza\u021bii pot posta linkuri c\u0103tre pagina noastr\u0103 principal\u0103, c\u0103tre publica\u021biile noastre sau c\u0103tre alte informa\u021bii de pe Site, cu condi\u021bia ca linkul: (a) s\u0103 nu fie \u00een niciun fel \u00een\u0219el\u0103tor; (b) s\u0103 nu sugereze \u00een mod fals existen\u021ba unei rela\u021bii de sponsorizare, sus\u021binere sau aprobare \u00eentre noi \u0219i orice produse \u0219i\/sau servicii; \u0219i (c) s\u0103 fie adecvat contextului \u00een care este inserat.<\/p>\n<p><strong>Putem lua \u00een considerare \u0219i aproba cererile de linkuri f\u0103cute de urm\u0103toarele tipuri de organiza\u021bii:<\/strong><\/p>\n<ul>\n<li>surse bine-cunoscute de informa\u021bii despre produse \u0219i afaceri;<\/li>\n<li>site-uri web comunitare dot.com;<\/li>\n<li>asocia\u021bii \u0219i alte grupuri care reprezint\u0103 institu\u021bii caritabile;<\/li>\n<li>distribuitori de directoare online;<br \/>\nportaluri de internet;<\/li>\n<li>Firme de contabilitate, avocatur\u0103 \u0219i consultan\u021b\u0103; \u0219i institu\u021bii de \u00eenv\u0103\u021b\u0103m\u00e2nt \u0219i asocia\u021bii profesionale.<\/li>\n<\/ul>\n<p>Vom aproba solicit\u0103rile de linkuri f\u0103cute de tipurile de organiza\u021bii enumerate mai sus dac\u0103 consider\u0103m c\u0103: (a) linkul nu este \u00een detrimentul imaginii noastre \u0219i\/sau imaginii companiilor acreditate; (b) organiza\u021bia solicitant\u0103 nu are un istoric negativ cu noi; (c) beneficiul pe care \u00eel ob\u021binem din vizibilitatea linkului compenseaz\u0103 absen\u021ba MobilePric BR; \u0219i (d) linkul va fi inserat \u00eentr-un context informativ general.<\/p>\n<p>Aceste organiza\u021bii pot posta linkuri c\u0103tre pagina noastr\u0103 principal\u0103, cu condi\u021bia ca linkul: (a) s\u0103 nu fie \u00een\u0219el\u0103tor \u00een niciun fel; (b) s\u0103 nu sugereze \u00een mod fals existen\u021ba unei rela\u021bii de sponsorizare, sus\u021binere sau aprobare a produselor \u0219i\/sau serviciilor din partea noastr\u0103; \u0219i (c) s\u0103 fie adecvat contextului \u00een care este inserat.<\/p>\n<p>Dac\u0103 reprezenta\u021bi una dintre organiza\u021biile enumerate \u00een paragraful 2 de mai sus \u0219i sunte\u021bi interesat(\u0103) s\u0103 publica\u021bi un link c\u0103tre site-ul nostru web, trebuie s\u0103 ne informa\u021bi cu privire la interesul dumneavoastr\u0103 trimi\u021b\u00e2nd un e-mail la MobilePrice BR. V\u0103 rug\u0103m s\u0103 include\u021bi numele dumneavoastr\u0103, numele \u0219i informa\u021biile de contact ale organiza\u021biei dumneavoastr\u0103, precum \u0219i adresa URL a site-ului web, o list\u0103 a adreselor URL de pe site-ul nostru web pe care inten\u021biona\u021bi s\u0103 le utiliza\u021bi ca linkuri \u0219i o list\u0103 a site-urilor web pe care inten\u021biona\u021bi s\u0103 publica\u021bi adresele noastre URL. V\u0103 rug\u0103m s\u0103 acorda\u021bi 2-3 s\u0103pt\u0103m\u00e2ni pentru un r\u0103spuns.<\/p>\n<p><strong>Organiza\u021biile aprobate pot publica linkuri c\u0103tre site-ul nostru \u00een urm\u0103toarele moduri:<\/strong><\/p>\n<ul>\n<li>Folosind numele companiei noastre; sau<\/li>\n<li>Folosind adresa URL c\u0103tre care redirec\u021bioneaz\u0103 linkul; sau<\/li>\n<li>Utilizarea oric\u0103rei alte descrieri a Site-ului nostru care are sens \u00een contextul \u0219i formatul con\u021binutului \u00een care este inserat linkul.<\/li>\n<\/ul>\n<p>Utilizarea sau publicarea linkurilor c\u0103tre sigla MobilePric BR \u0219i\/sau alte elemente vizuale nu este permis\u0103 f\u0103r\u0103 un acord de licen\u021b\u0103 pentru marc\u0103 \u00eenregistrat\u0103.<\/p>\n<h3>Responsabilitate pentru con\u021binut<\/h3>\n<p>Nu vom fi tra\u0219i la r\u0103spundere legal\u0103 pentru niciun con\u021binut care apare pe Site-ul dvs. Sunte\u021bi de acord s\u0103 ne proteja\u021bi \u0219i s\u0103 ne ap\u0103ra\u021bi \u00eempotriva tuturor reclama\u021biilor f\u0103cute pe Site-ul dvs. Nu trebuie s\u0103 apar\u0103 pe niciun Site niciun link care ar putea fi interpretat ca fiind def\u0103im\u0103tor, obscen, criminal sau care \u00eencalc\u0103, violeaz\u0103 sau promoveaz\u0103 \u00eenc\u0103lcarea drepturilor ter\u021bilor.<\/p>\n<h3>Rezervarea drepturilor<\/h3>\n<p>Ne rezerv\u0103m dreptul de a v\u0103 solicita s\u0103 elimina\u021bi toate linkurile sau orice linkuri care redirec\u021bioneaz\u0103 c\u0103tre site-ul nostru web. Sunte\u021bi de acord s\u0103 elimina\u021bi imediat toate linkurile c\u0103tre site-ul nostru web la solicitarea de eliminare. De asemenea, ne rezerv\u0103m dreptul de a corecta \u0219i modifica ace\u0219ti termeni \u0219i condi\u021bii \u00een orice moment. Prin publicarea continu\u0103 a linkurilor c\u0103tre site-ul nostru web, sunte\u021bi de acord s\u0103 respecta\u021bi ace\u0219ti termeni \u0219i condi\u021bii privind linkurile.<\/p>\n<h3>Eliminarea linkurilor postate pe site-ul nostru web<\/h3>\n<p>Dac\u0103 g\u0103si\u021bi pe site-ul nostru vreun link care este \u00een vreun fel ofensator, pute\u021bi s\u0103 ne contacta\u021bi \u0219i s\u0103 ne informa\u021bi despre problem\u0103 \u00een orice moment. Vom lua \u00een considerare solicit\u0103rile de eliminare a linkurilor, dar nu suntem obliga\u021bi s\u0103 elimin\u0103m niciun link de pe site-ul nostru sau s\u0103 r\u0103spundem direct solicit\u0103rii dumneavoastr\u0103.<\/p>\n<p>Nu garant\u0103m c\u0103 informa\u021biile con\u021binute pe acest site sunt corecte. Nu garant\u0103m caracterul complet sau exactitatea con\u021binutului. Nu garant\u0103m c\u0103 site-ul va r\u0103m\u00e2ne disponibil sau c\u0103 materialul site-ului va r\u0103m\u00e2ne actualizat.<\/p>\n<h3>Exonerare de r\u0103spundere<\/h3>\n<p>\u00cen m\u0103sura maxim\u0103 permis\u0103 de lege, excludem toate declara\u021biile, garan\u021biile \u0219i condi\u021biile referitoare la site-ul nostru web \u0219i la utilizarea acestuia. Nimic din aceast\u0103 declara\u021bie de declinare a responsabilit\u0103\u021bii nu va:<\/p>\n<ul>\n<li>pentru a limita sau exclude r\u0103spunderea noastr\u0103 sau r\u0103spunderea dumneavoastr\u0103 \u00een caz de deces sau v\u0103t\u0103mare corporal\u0103;<\/li>\n<li>pentru a limita sau exclude r\u0103spunderea noastr\u0103 sau r\u0103spunderea dumneavoastr\u0103 pentru fraud\u0103 sau denaturare frauduloas\u0103;<\/li>\n<li>pentru a limita r\u0103spunderea noastr\u0103 sau r\u0103spunderea dumneavoastr\u0103 \u00een orice moduri care nu sunt permise de lege;<\/li>\n<li>pentru a exclude orice r\u0103spunderi ale dumneavoastr\u0103 sau ale noastre care nu pot fi excluse \u00een temeiul legisla\u021biei aplicabile.<\/li>\n<\/ul>\n<p>Limit\u0103rile \u0219i excluderile de r\u0103spundere enumerate \u00een aceast\u0103 Sec\u021biune \u0219i \u00een alte p\u0103r\u021bi ale acestei declara\u021bii: (a) sunt supuse paragrafului precedent; \u0219i (b) guverneaz\u0103 toate r\u0103spunderile care decurg din declara\u021bie, inclusiv r\u0103spunderile care decurg din contract, r\u0103spundere delictual\u0103 \u0219i \u00eenc\u0103lcarea obliga\u021biilor legale.<\/p>\n<p>At\u00e2ta timp c\u00e2t site-ul web \u0219i informa\u021biile \u0219i serviciile de pe site sunt oferite gratuit, nu vom fi r\u0103spunz\u0103tori pentru pierderi sau daune de niciun fel.<\/p>","protected":false},"excerpt":{"rendered":"<p>Termos e Condi\u00e7\u00f5es de Uso Seja bem-vindo ao MobilePric BR! Estes termos e condi\u00e7\u00f5es descrevem as regras de uso do site da empresa MobilePric BR, localizado no endere\u00e7o https:\/\/ccvgaming.com\/. Ao acessar este site, consideramos que voc\u00ea est\u00e1 de acordo com os termos e condi\u00e7\u00f5es abaixo. N\u00e3o continue a usar o MobilePric BR caso voc\u00ea discorde [&hellip;]<\/p>\n","protected":false},"author":2,"featured_media":0,"parent":0,"menu_order":0,"comment_status":"closed","ping_status":"closed","template":"","meta":{"footnotes":""},"class_list":["post-24242","page","type-page","status-publish"],"_links":{"self":[{"href":"https:\/\/ccvgaming.com\/ro\/wp-json\/wp\/v2\/pages\/24242","targetHints":{"allow":["GET"]}}],"collection":[{"href":"https:\/\/ccvgaming.com\/ro\/wp-json\/wp\/v2\/pages"}],"about":[{"href":"https:\/\/ccvgaming.com\/ro\/wp-json\/wp\/v2\/types\/page"}],"author":[{"embeddable":true,"href":"https:\/\/ccvgaming.com\/ro\/wp-json\/wp\/v2\/users\/2"}],"replies":[{"embeddable":true,"href":"https:\/\/ccvgaming.com\/ro\/wp-json\/wp\/v2\/comments?post=24242"}],"version-history":[{"count":0,"href":"https:\/\/ccvgaming.com\/ro\/wp-json\/wp\/v2\/pages\/24242\/revisions"}],"wp:attachment":[{"href":"https:\/\/ccvgaming.com\/ro\/wp-json\/wp\/v2\/media?parent=24242"}],"curies":[{"name":"wp","href":"https:\/\/api.w.org\/{rel}","templated":true}]}}