{"id":24632,"date":"2023-11-22T10:03:19","date_gmt":"2023-11-22T13:03:19","guid":{"rendered":"https:\/\/acertarnacompra.com.br\/?page_id=24632"},"modified":"2023-11-22T10:03:19","modified_gmt":"2023-11-22T13:03:19","slug":"dmca","status":"publish","type":"page","link":"https:\/\/ccvgaming.com\/ro\/dmca\/","title":{"rendered":"DMCA"},"content":{"rendered":"<p><strong>Politica privind drepturile de autor \u2013 DMCA<\/strong><\/p>\n<p><strong>Declara\u021bie de conformitate<\/strong><\/p>\n<p>MobilePric BR respect\u0103 drepturile de autor \u0219i se conformeaz\u0103 prevederilor Legii privind drepturile de autor din era digital\u0103 (\u201cDMCA\u201d). MobilePric BR poate, \u00een circumstan\u021be adecvate \u0219i la discre\u021bia sa, s\u0103 dezactiveze \u0219i\/sau s\u0103 \u00eenchid\u0103 conturile utilizatorilor care \u00eencalc\u0103 \u00een mod repetat sau sunt considera\u021bi a \u00eenc\u0103lca drepturile de autor.<\/p>\n<p><strong>Procedura de notificare a \u00eenc\u0103lc\u0103rii drepturilor de autor<\/strong><\/p>\n<p>Dac\u0103 considera\u021bi c\u0103 opera dumneavoastr\u0103 protejat\u0103 de drepturi de autor a fost reprodus\u0103 \u00eentr-un mod care constituie o \u00eenc\u0103lcare a drepturilor de autor \u0219i este accesibil\u0103 pe acest site web, pute\u021bi notifica Agentul nostru desemnat \u00een conformitate cu procedura stabilit\u0103 de DMCA. Pentru a fi eficient\u0103, notificarea trebuie s\u0103 includ\u0103:<\/p>\n<ol>\n<li>Identificarea operei protejate prin drepturi de autor despre care se presupune c\u0103 a fost \u00eenc\u0103lcat\u0103 sau, dac\u0103 mai multe opere protejate prin drepturi de autor de pe un singur site online sunt acoperite de o singur\u0103 notificare, o list\u0103 reprezentativ\u0103 a acestor opere de pe site.<\/li>\n<li>Identificarea materialului despre care se pretinde c\u0103 \u00eencalc\u0103 drepturile de autor sau c\u0103 face obiectul unei activit\u0103\u021bi de \u00eenc\u0103lcare a drepturilor de autor \u0219i care urmeaz\u0103 s\u0103 fie eliminat sau al c\u0103rui acces trebuie dezactivat, precum \u0219i informa\u021bii suficiente \u00een mod rezonabil pentru a permite furnizorului de servicii s\u0103 localizeze materialul.<\/li>\n<li>Informa\u021bii rezonabil de suficiente pentru a permite furnizorului de servicii s\u0103 contacteze reclamantul, cum ar fi o adres\u0103, un num\u0103r de telefon \u0219i, dac\u0103 este disponibil\u0103, o adres\u0103 de e-mail la care poate fi contactat reclamantul.<\/li>\n<li>O declara\u021bie prin care reclamantul consider\u0103, cu bun\u0103-credin\u021b\u0103, c\u0103 utilizarea materialului \u00een modul reclamat nu este autorizat\u0103 de de\u021bin\u0103torul drepturilor de autor, de agentul acestuia sau de lege.<\/li>\n<li>O declara\u021bie care s\u0103 ateste c\u0103 informa\u021biile din notificare sunt corecte \u0219i, sub sanc\u021biunea pedepsei pentru m\u0103rturie mincinoas\u0103, c\u0103 reclamantul este autorizat s\u0103 ac\u021bioneze \u00een numele titularului unui drept exclusiv despre care se presupune c\u0103 este \u00eenc\u0103lcat.<\/li>\n<\/ol>\n<p><strong>M\u0103suri de luat \u00een cazul sesiz\u0103rii unei \u00eenc\u0103lc\u0103ri.<\/strong><\/p>\n<p>La primirea unei notific\u0103ri valide privind \u00eenc\u0103lcarea drepturilor de autor, MobilePric BR va depune toate eforturile pentru a elimina materialul care \u00eencalc\u0103 drepturile de autor \u0219i pentru a notifica utilizatorul responsabil pentru \u00eenc\u0103rcarea con\u021binutului. MobilePric BR poate, la discre\u021bia sa, s\u0103 \u00eenchid\u0103 contul utilizatorului respectiv, dac\u0103 consider\u0103 oportun.<\/p>\n<p><strong>Contact<\/strong><\/p>\n<p>Dac\u0103 dori\u021bi s\u0103 trimite\u021bi o notificare privind \u00eenc\u0103lcarea drepturilor de autor, v\u0103 rug\u0103m s\u0103 ne contacta\u021bi utiliz\u00e2nd formularul de mai jos.\u00a0<strong><a href=\"https:\/\/ccvgaming.com\/ro\/contato\/\">CONTACT<\/a><\/strong>.<\/p>\n<p><strong>Notificare legal\u0103<\/strong><\/p>\n<p>Aceast\u0103 politic\u0103 DMCA nu constituie consultan\u021b\u0103 juridic\u0103. V\u0103 recomand\u0103m s\u0103 solicita\u021bi consiliere juridic\u0103 pentru a v\u0103 \u00een\u021belege pe deplin drepturile \u0219i obliga\u021biile \u00een temeiul DMCA \u0219i al altor legi aplicabile.<\/p>","protected":false},"excerpt":{"rendered":"<p>Pol\u00edtica de Direitos Autorais &#8211; DMCA Declara\u00e7\u00e3o de Conformidade O MobilePric BR respeita os direitos autorais e est\u00e1 em conformidade com as disposi\u00e7\u00f5es da Digital Millennium Copyright Act (&#8220;DMCA&#8221;). MobilePric BR pode, sob circunst\u00e2ncias apropriadas e a seu crit\u00e9rio, desativar e\/ou encerrar contas de usu\u00e1rios que infringem repetidamente ou s\u00e3o considerados como infratores dos direitos [&hellip;]<\/p>\n","protected":false},"author":2,"featured_media":0,"parent":0,"menu_order":0,"comment_status":"closed","ping_status":"closed","template":"","meta":{"footnotes":""},"class_list":["post-24632","page","type-page","status-publish"],"_links":{"self":[{"href":"https:\/\/ccvgaming.com\/ro\/wp-json\/wp\/v2\/pages\/24632","targetHints":{"allow":["GET"]}}],"collection":[{"href":"https:\/\/ccvgaming.com\/ro\/wp-json\/wp\/v2\/pages"}],"about":[{"href":"https:\/\/ccvgaming.com\/ro\/wp-json\/wp\/v2\/types\/page"}],"author":[{"embeddable":true,"href":"https:\/\/ccvgaming.com\/ro\/wp-json\/wp\/v2\/users\/2"}],"replies":[{"embeddable":true,"href":"https:\/\/ccvgaming.com\/ro\/wp-json\/wp\/v2\/comments?post=24632"}],"version-history":[{"count":0,"href":"https:\/\/ccvgaming.com\/ro\/wp-json\/wp\/v2\/pages\/24632\/revisions"}],"wp:attachment":[{"href":"https:\/\/ccvgaming.com\/ro\/wp-json\/wp\/v2\/media?parent=24632"}],"curies":[{"name":"wp","href":"https:\/\/api.w.org\/{rel}","templated":true}]}}