{"id":24242,"date":"2023-11-10T10:40:11","date_gmt":"2023-11-10T13:40:11","guid":{"rendered":"https:\/\/acertarnacompra.com.br\/?page_id=24242"},"modified":"2023-11-27T21:58:44","modified_gmt":"2023-11-28T00:58:44","slug":"podmienky-pouzivania","status":"publish","type":"page","link":"https:\/\/ccvgaming.com\/sk\/termos-de-uso\/","title":{"rendered":"Podmienky pou\u017e\u00edvania"},"content":{"rendered":"<p>Podmienky pou\u017e\u00edvania<\/p>\n<p>Vitajte na str\u00e1nke MobilePrice BR!<\/p>\n<p>Tieto zmluvn\u00e9 podmienky opisuj\u00fa pravidl\u00e1 pou\u017e\u00edvania webovej str\u00e1nky spolo\u010dnosti MobilePrice BR, ktor\u00e1 sa nach\u00e1dza na adrese https:\/\/ccvgaming.com\/.<\/p>\n<p>Pr\u00edstupom na t\u00fato webov\u00fa str\u00e1nku s\u00fahlas\u00edte s ni\u017e\u0161ie uveden\u00fdmi zmluvn\u00fdmi podmienkami. Ak nes\u00fahlas\u00edte s podmienkami op\u00edsan\u00fdmi v tejto zmluve, nepokra\u010dujte v pou\u017e\u00edvan\u00ed slu\u017eby MobilePrice BR.<\/p>\n<h2>S\u00fabory cookie<\/h2>\n<p>T\u00e1to webov\u00e1 str\u00e1nka pou\u017e\u00edva s\u00fabory cookie na prisp\u00f4sobenie v\u00e1\u0161ho online z\u00e1\u017eitku. Pr\u00edstupom na webov\u00fa str\u00e1nku MobilePrice BR s\u00fahlas\u00edte s pou\u017e\u00edvan\u00edm po\u017eadovan\u00fdch s\u00faborov cookie.<\/p>\n<p>S\u00fabory cookie s\u00fa textov\u00e9 s\u00fabory, ktor\u00e9 na v\u00e1\u0161 pevn\u00fd disk umiest\u0148uje webov\u00fd server. S\u00fabory cookie nesm\u00fa sp\u00fa\u0161\u0165a\u0165 programy ani pren\u00e1\u0161a\u0165 v\u00edrusy do v\u00e1\u0161ho po\u010d\u00edta\u010da. S\u00fabory cookie s\u00fa jedine\u010dne spojen\u00e9 s vami a m\u00f4\u017ee ich \u010d\u00edta\u0165 iba webov\u00fd server dom\u00e9ny, ktor\u00e1 s\u00fabor cookie vydala.<\/p>\n<p>Na na\u0161ej webovej str\u00e1nke m\u00f4\u017eeme pou\u017e\u00edva\u0165 s\u00fabory cookie na zhroma\u017e\u010fovanie, ukladanie alebo sledovanie inform\u00e1ci\u00ed na \u0161tatistick\u00e9 a marketingov\u00e9 \u00fa\u010dely. M\u00e1te mo\u017enos\u0165 prija\u0165 alebo odmietnu\u0165 volite\u013en\u00e9 s\u00fabory cookie. Existuj\u00fa aj povinn\u00e9 s\u00fabory cookie, ktor\u00e9 s\u00fa nevyhnutn\u00e9 pre fungovanie na\u0161ej webovej str\u00e1nky. Tieto povinn\u00e9 s\u00fabory cookie vy\u017eaduj\u00fa v\u00e1\u0161 s\u00fahlas. Majte na pam\u00e4ti, \u017ee prijat\u00edm povinn\u00fdch s\u00faborov cookie z\u00e1rove\u0148 prij\u00edmate s\u00fabory cookie tret\u00edch str\u00e1n, ktor\u00e9 m\u00f4\u017eu pou\u017e\u00edva\u0165 tretie strany, ak na na\u0161ej webovej str\u00e1nke pou\u017e\u00edvate slu\u017eby, ktor\u00e9 poskytuj\u00fa \u2013 napr\u00edklad okno prehr\u00e1vania videa poskytovan\u00e9 spolo\u010dnos\u0165ami tret\u00edch str\u00e1n a integrovan\u00e9 do na\u0161ej webovej str\u00e1nky.<\/p>\n<h2>Licencia<\/h2>\n<p>Pokia\u013e nie je uveden\u00e9 inak, spolo\u010dnos\u0165 MobilePric BR a jej poskytovatelia licenci\u00ed vlastnia pr\u00e1va du\u0161evn\u00e9ho vlastn\u00edctva ku v\u0161etk\u00e9mu materi\u00e1lu zverejnen\u00e9mu na str\u00e1nke MobilePric BR. V\u0161etky pr\u00e1va du\u0161evn\u00e9ho vlastn\u00edctva s\u00fa vyhraden\u00e9.<\/p>\n<h2>Nie je v\u00e1m dovolen\u00e9:<\/h2>\n<p>Kop\u00edrovanie alebo op\u00e4tovn\u00e9 publikovanie materi\u00e1lov z MobilePrice BR<br \/>\nPredaj, pren\u00e1jom alebo podn\u00e1jom materi\u00e1lov od MobilePrice BR<br \/>\nReprodukcia, duplik\u00e1cia alebo kop\u00edrovanie materi\u00e1lov z MobilePrice BR je zak\u00e1zan\u00e9.<br \/>\nRedistrib\u00facia obsahu z MobilePrice BR.<\/p>\n<h3>T\u00e1to zmluva nadob\u00fada platnos\u0165 d\u0148om jej uzavretia.<\/h3>\n<p>\u010casti tejto webovej str\u00e1nky pon\u00fakaj\u00fa pou\u017e\u00edvate\u013eom mo\u017enos\u0165 uverej\u0148ova\u0165 a diskutova\u0165 o n\u00e1zoroch a inform\u00e1ci\u00e1ch v konkr\u00e9tnych oblastiach. MobilePric BR nefiltruje, neupravuje, nezverej\u0148uje ani nekontroluje koment\u00e1re predt\u00fdm, ako s\u00fa prezentovan\u00e9 na webovej str\u00e1nke. Koment\u00e1re odr\u00e1\u017eaj\u00fa n\u00e1zory osoby, ktor\u00e1 ich uverej\u0148uje. V rozsahu povolenom platn\u00fdmi pr\u00e1vnymi predpismi MobilePric BR nenesie pr\u00e1vnu zodpovednos\u0165 za koment\u00e1re ani za \u017eiadne \u0161kody, rizik\u00e1 alebo v\u00fddavky sp\u00f4soben\u00e9 alebo utrpen\u00e9 v d\u00f4sledku pou\u017e\u00edvania a\/alebo uverejnenia a\/alebo zobrazenia koment\u00e1rov na tejto webovej str\u00e1nke.<\/p>\n<p>Spolo\u010dnos\u0165 MobilePrice BR si vyhradzuje pr\u00e1vo odstr\u00e1ni\u0165 ak\u00e9ko\u013evek koment\u00e1re, ktor\u00e9 m\u00f4\u017eu by\u0165 pova\u017eovan\u00e9 za nevhodn\u00e9, ur\u00e1\u017eliv\u00e9 alebo poru\u0161uj\u00face zmluvn\u00e9 podmienky tejto zmluvy.<\/p>\n<h3>Vyhlasujete a zaru\u010dujete, \u017ee:<\/h3>\n<p>M\u00e1te pr\u00e1vo uverej\u0148ova\u0165 koment\u00e1re na na\u0161ej webovej str\u00e1nke a m\u00e1te na to v\u0161etky potrebn\u00e9 licencie a s\u00fahlasy;<br \/>\nVa\u0161e koment\u00e1re neporu\u0161uj\u00fa \u017eiadne du\u0161evn\u00e9 vlastn\u00edctvo vr\u00e1tane autorsk\u00fdch pr\u00e1v, patentov alebo ochrann\u00fdch zn\u00e1mok tret\u00edch str\u00e1n;<br \/>\nVa\u0161e koment\u00e1re neobsahuj\u00fa hanliv\u00fd, ohov\u00e1ra\u010dsk\u00fd, ur\u00e1\u017eliv\u00fd, neslu\u0161n\u00fd ani inak nez\u00e1konn\u00fd materi\u00e1l, ktor\u00fd predstavuje naru\u0161enie s\u00fakromia.<br \/>\nVa\u0161e koment\u00e1re nebud\u00fa pou\u017eit\u00e9 na podnecovanie alebo propag\u00e1ciu podnikania ani na prezentovanie komer\u010dn\u00fdch \u010di nez\u00e1konn\u00fdch aktiv\u00edt.<\/p>\n<p>T\u00fdmto ude\u013eujete spolo\u010dnosti MobilePric BR nev\u00fdhradn\u00fa licenciu na pou\u017e\u00edvanie, reprodukciu, \u00fapravu a opr\u00e1v\u0148ovanie in\u00fdch na pou\u017e\u00edvanie, reprodukciu alebo \u00fapravu ak\u00fdchko\u013evek va\u0161ich koment\u00e1rov v akejko\u013evek forme, form\u00e1te a m\u00e9diu.<\/p>\n<h2>Vytv\u00e1ranie odkazov na n\u00e1\u0161 obsah<\/h2>\n<p>Nasleduj\u00face organiz\u00e1cie m\u00f4\u017eu odkazova\u0165 na na\u0161u str\u00e1nku bez predch\u00e1dzaj\u00faceho p\u00edsomn\u00e9ho s\u00fahlasu:<\/p>\n<ul>\n<li>Vl\u00e1dne agent\u00fary;<\/li>\n<li>Vyh\u013ead\u00e1va\u010de;<\/li>\n<li>Medi\u00e1lne organiz\u00e1cie;<\/li>\n<li>Distrib\u00fatori online adres\u00e1rov m\u00f4\u017eu vklada\u0165 odkazy na na\u0161u str\u00e1nku rovnak\u00fdm sp\u00f4sobom, ako vkladaj\u00fa hypertextov\u00e9 odkazy na str\u00e1nky in\u00fdch k\u00f3tovan\u00fdch spolo\u010dnost\u00ed;<\/li>\n<li>Akreditovan\u00e9 podniky, s v\u00fdnimkou neziskov\u00fdch organiz\u00e1ci\u00ed zameran\u00fdch na z\u00edskavanie finan\u010dn\u00fdch prostriedkov a charitat\u00edvnych skup\u00edn zameran\u00fdch na z\u00edskavanie finan\u010dn\u00fdch prostriedkov, nesm\u00fa vklada\u0165 odkazy na na\u0161u str\u00e1nku bez predch\u00e1dzaj\u00faceho s\u00fahlasu.<\/li>\n<\/ul>\n<p>Tieto organiz\u00e1cie m\u00f4\u017eu uverej\u0148ova\u0165 odkazy na na\u0161u domovsk\u00fa str\u00e1nku, na\u0161e publik\u00e1cie alebo in\u00e9 inform\u00e1cie z webovej str\u00e1nky za predpokladu, \u017ee odkaz: (a) nie je nijako zav\u00e1dzaj\u00faci; (b) nenazna\u010duje existenciu sponzorsk\u00e9ho, schva\u013eovacieho alebo schva\u013eovacieho vz\u0165ahu medzi nami a ak\u00fdmiko\u013evek produktmi a\/alebo slu\u017ebami; a (c) je vhodn\u00fd pre kontext, v ktorom je vlo\u017een\u00fd.<\/p>\n<p><strong>\u017diadosti o prepojenie od nasleduj\u00facich typov organiz\u00e1ci\u00ed m\u00f4\u017eeme pos\u00fadi\u0165 a schv\u00e1li\u0165:<\/strong><\/p>\n<ul>\n<li>zn\u00e1me zdroje inform\u00e1ci\u00ed o produktoch a podnikoch;<\/li>\n<li>komunitn\u00e9 webov\u00e9 str\u00e1nky bodka.com;<\/li>\n<li>zdru\u017eenia a in\u00e9 skupiny, ktor\u00e9 zastupuj\u00fa charitat\u00edvne in\u0161tit\u00facie;<\/li>\n<li>distrib\u00fatori online adres\u00e1rov;<br \/>\ninternetov\u00e9 port\u00e1ly;<\/li>\n<li>\u00fa\u010dtovn\u00edcke, pr\u00e1vnick\u00e9 a konzulta\u010dn\u00e9 firmy; a vzdel\u00e1vacie in\u0161tit\u00facie a profesijn\u00e9 zdru\u017eenia.<\/li>\n<\/ul>\n<p>\u017diadosti o prepojenie podan\u00e9 vy\u0161\u0161ie uveden\u00fdmi typmi organiz\u00e1ci\u00ed schv\u00e1lime, ak us\u00fadime, \u017ee: (a) odkaz nepo\u0161kodzuje n\u00e1\u0161 imid\u017e a\/alebo imid\u017e akreditovan\u00fdch spolo\u010dnost\u00ed; (b) \u017eiadaj\u00faca organiz\u00e1cia nem\u00e1 u n\u00e1s negat\u00edvnu hist\u00f3riu; (c) v\u00fdhoda, ktor\u00fa z\u00edskame z vidite\u013enosti odkazu, kompenzuje absenciu MobilePric BR; a (d) odkaz bude vlo\u017een\u00fd do v\u0161eobecn\u00e9ho informa\u010dn\u00e9ho kontextu.<\/p>\n<p>Tieto organiz\u00e1cie m\u00f4\u017eu uverej\u0148ova\u0165 odkazy na na\u0161u domovsk\u00fa str\u00e1nku za predpokladu, \u017ee odkaz: (a) nie je nijako zav\u00e1dzaj\u00faci; (b) nepravdivo nenazna\u010duje existenciu sponzorsk\u00e9ho, schva\u013eovacieho alebo propaga\u010dn\u00e9ho vz\u0165ahu k produktom a\/alebo slu\u017eb\u00e1m z na\u0161ej strany; a (c) je vhodn\u00fd pre kontext, v ktorom je vlo\u017een\u00fd.<\/p>\n<p>Ak zastupujete jednu z organiz\u00e1ci\u00ed uveden\u00fdch v odseku 2 vy\u0161\u0161ie a m\u00e1te z\u00e1ujem o zverejnenie odkazu na na\u0161u webov\u00fa str\u00e1nku, mali by ste n\u00e1s o svojom z\u00e1ujme informova\u0165 zaslan\u00edm e-mailu na adresu MobilePrice BR. Uve\u010fte, pros\u00edm, svoje meno, n\u00e1zov a kontaktn\u00e9 inform\u00e1cie va\u0161ej organiz\u00e1cie, ako aj URL adresu va\u0161ej webovej str\u00e1nky, zoznam URL adries na na\u0161ej webovej str\u00e1nke, ktor\u00e9 chcete pou\u017ei\u0165 ako odkazy, a zoznam webov\u00fdch str\u00e1nok, na ktor\u00fdch chcete zverejni\u0165 na\u0161e URL adresy. Odpove\u010f m\u00f4\u017ee trva\u0165 2 a\u017e 3 t\u00fd\u017edne.<\/p>\n<p><strong>Schv\u00e1len\u00e9 organiz\u00e1cie m\u00f4\u017eu zverej\u0148ova\u0165 odkazy na na\u0161u str\u00e1nku nasleduj\u00facimi sp\u00f4sobmi:<\/strong><\/p>\n<ul>\n<li>Pou\u017e\u00edvanie n\u00e1\u0161ho firemn\u00e9ho n\u00e1zvu; alebo<\/li>\n<li>Pomocou URL adresy, na ktor\u00fa odkaz presmeruje; alebo<\/li>\n<li>Pou\u017eitie ak\u00e9hoko\u013evek in\u00e9ho popisu na\u0161ej str\u00e1nky, ktor\u00fd d\u00e1va zmysel v kontexte a form\u00e1te obsahu, do ktor\u00e9ho sa vklad\u00e1 odkaz.<\/li>\n<\/ul>\n<p>Pou\u017eitie alebo zverejnenie odkazov na logo MobilePric BR a\/alebo in\u00e9 vizu\u00e1lne prvky nie je povolen\u00e9 bez licen\u010dnej zmluvy na ochrann\u00fa zn\u00e1mku.<\/p>\n<h3>Zodpovednos\u0165 za obsah<\/h3>\n<p>Nebudeme nies\u0165 pr\u00e1vnu zodpovednos\u0165 za \u017eiadny obsah, ktor\u00fd sa zobraz\u00ed na va\u0161ej str\u00e1nke. S\u00fahlas\u00edte s t\u00fdm, \u017ee n\u00e1s budete chr\u00e1ni\u0165 a obhajova\u0165 pred v\u0161etk\u00fdmi n\u00e1rokmi vznesen\u00fdmi na va\u0161ej str\u00e1nke. Na \u017eiadnej str\u00e1nke by sa nemal zobrazova\u0165 \u017eiadny odkaz, ktor\u00fd by sa dal interpretova\u0165 ako hanliv\u00fd, obsc\u00e9nny, trestn\u00fd alebo ktor\u00fd poru\u0161uje, poru\u0161uje alebo obhajuje poru\u0161ovanie pr\u00e1v tret\u00edch str\u00e1n.<\/p>\n<h3>V\u00fdhrada pr\u00e1v<\/h3>\n<p>Vyhradzujeme si pr\u00e1vo po\u017eiada\u0165 v\u00e1s o odstr\u00e1nenie v\u0161etk\u00fdch odkazov alebo ak\u00fdchko\u013evek odkazov, ktor\u00e9 presmerov\u00e1vaj\u00fa na na\u0161u webov\u00fa str\u00e1nku. S\u00fahlas\u00edte s t\u00fdm, \u017ee na po\u017eiadanie o odstr\u00e1nenie okam\u017eite odstr\u00e1nite v\u0161etky odkazy na na\u0161u webov\u00fa str\u00e1nku. Vyhradzujeme si tie\u017e pr\u00e1vo kedyko\u013evek opravi\u0165 a zmeni\u0165 tieto zmluvn\u00e9 podmienky. Neust\u00e1lym zverej\u0148ovan\u00edm odkazov na na\u0161u webov\u00fa str\u00e1nku s\u00fahlas\u00edte s t\u00fdm, \u017ee budete viazan\u00ed t\u00fdmito zmluvn\u00fdmi podmienkami t\u00fdkaj\u00facimi sa odkazov.<\/p>\n<h3>Odstr\u00e1nenie odkazov zverejnen\u00fdch na na\u0161ej webovej str\u00e1nke<\/h3>\n<p>Ak na na\u0161ej str\u00e1nke n\u00e1jdete ak\u00fdko\u013evek odkaz, ktor\u00fd je ak\u00fdmko\u013evek sp\u00f4sobom ur\u00e1\u017eliv\u00fd, m\u00f4\u017eete n\u00e1s kedyko\u013evek kontaktova\u0165 a informova\u0165 n\u00e1s o probl\u00e9me. \u017diadosti o odstr\u00e1nenie odkazov zv\u00e1\u017eime, ale nie sme povinn\u00ed odstr\u00e1ni\u0165 ak\u00e9ko\u013evek odkazy z na\u0161ej str\u00e1nky ani priamo odpoveda\u0165 na va\u0161u \u017eiados\u0165.<\/p>\n<p>Nezaru\u010dujeme, \u017ee inform\u00e1cie uveden\u00e9 na tejto str\u00e1nke s\u00fa spr\u00e1vne. Nezaru\u010dujeme \u00faplnos\u0165 ani presnos\u0165 obsahu. Nezaru\u010dujeme, \u017ee str\u00e1nka zostane dostupn\u00e1 alebo \u017ee materi\u00e1l na str\u00e1nke zostane aktu\u00e1lny.<\/p>\n<h3>Vyl\u00fa\u010denie zodpovednosti<\/h3>\n<p>V maxim\u00e1lnom rozsahu povolenom z\u00e1konom vylu\u010dujeme v\u0161etky vyhl\u00e1senia, z\u00e1ruky a podmienky t\u00fdkaj\u00face sa na\u0161ej webovej str\u00e1nky a jej pou\u017e\u00edvania. Ni\u010d v tomto vyhl\u00e1sen\u00ed o vyl\u00fa\u010den\u00ed zodpovednosti nebude:<\/p>\n<ul>\n<li>obmedzi\u0165 alebo vyl\u00fa\u010di\u0165 na\u0161u zodpovednos\u0165 alebo va\u0161u zodpovednos\u0165 za smr\u0165 alebo zranenie;<\/li>\n<li>obmedzi\u0165 alebo vyl\u00fa\u010di\u0165 na\u0161u zodpovednos\u0165 alebo va\u0161u zodpovednos\u0165 za podvod alebo podvodn\u00e9 uvedenie do omylu;<\/li>\n<li>obmedzi\u0165 na\u0161u zodpovednos\u0165 alebo va\u0161u zodpovednos\u0165 ak\u00fdmko\u013evek sp\u00f4sobom, ktor\u00fd nie je povolen\u00fd z\u00e1konom;<\/li>\n<li>vyl\u00fa\u010di\u0165 ak\u00e9ko\u013evek va\u0161e alebo na\u0161e z\u00e1v\u00e4zky, ktor\u00e9 nemo\u017eno vyl\u00fa\u010di\u0165 pod\u013ea platn\u00fdch pr\u00e1vnych predpisov.<\/li>\n<\/ul>\n<p>Obmedzenia a vyl\u00fa\u010denia zodpovednosti uveden\u00e9 v tejto \u010dasti a inde v tomto vyhl\u00e1sen\u00ed: (a) podliehaj\u00fa predch\u00e1dzaj\u00facemu odseku; a (b) upravuj\u00fa v\u0161etky z\u00e1v\u00e4zky vypl\u00fdvaj\u00face z vyhl\u00e1senia vr\u00e1tane z\u00e1v\u00e4zkov vypl\u00fdvaj\u00facich zo zmluvy, z ob\u010dianskopr\u00e1vneho deliktu a z poru\u0161enia z\u00e1konnej povinnosti.<\/p>\n<p>Pokia\u013e s\u00fa webov\u00e1 str\u00e1nka a inform\u00e1cie a slu\u017eby na webovej str\u00e1nke pon\u00fakan\u00e9 bezplatne, nenesieme zodpovednos\u0165 za straty ani \u0161kody ak\u00e9hoko\u013evek druhu.<\/p>","protected":false},"excerpt":{"rendered":"<p>Termos e Condi\u00e7\u00f5es de Uso Seja bem-vindo ao MobilePric BR! Estes termos e condi\u00e7\u00f5es descrevem as regras de uso do site da empresa MobilePric BR, localizado no endere\u00e7o https:\/\/ccvgaming.com\/. Ao acessar este site, consideramos que voc\u00ea est\u00e1 de acordo com os termos e condi\u00e7\u00f5es abaixo. N\u00e3o continue a usar o MobilePric BR caso voc\u00ea discorde [&hellip;]<\/p>\n","protected":false},"author":2,"featured_media":0,"parent":0,"menu_order":0,"comment_status":"closed","ping_status":"closed","template":"","meta":{"footnotes":""},"class_list":["post-24242","page","type-page","status-publish"],"_links":{"self":[{"href":"https:\/\/ccvgaming.com\/sk\/wp-json\/wp\/v2\/pages\/24242","targetHints":{"allow":["GET"]}}],"collection":[{"href":"https:\/\/ccvgaming.com\/sk\/wp-json\/wp\/v2\/pages"}],"about":[{"href":"https:\/\/ccvgaming.com\/sk\/wp-json\/wp\/v2\/types\/page"}],"author":[{"embeddable":true,"href":"https:\/\/ccvgaming.com\/sk\/wp-json\/wp\/v2\/users\/2"}],"replies":[{"embeddable":true,"href":"https:\/\/ccvgaming.com\/sk\/wp-json\/wp\/v2\/comments?post=24242"}],"version-history":[{"count":0,"href":"https:\/\/ccvgaming.com\/sk\/wp-json\/wp\/v2\/pages\/24242\/revisions"}],"wp:attachment":[{"href":"https:\/\/ccvgaming.com\/sk\/wp-json\/wp\/v2\/media?parent=24242"}],"curies":[{"name":"pracovn\u00fd list","href":"https:\/\/api.w.org\/{rel}","templated":true}]}}