{"id":24240,"date":"2023-11-10T10:38:14","date_gmt":"2023-11-10T13:38:14","guid":{"rendered":"https:\/\/acertarnacompra.com.br\/?page_id=24240"},"modified":"2023-11-17T11:18:38","modified_gmt":"2023-11-17T14:18:38","slug":"pravilnik-o-zasebnosti","status":"publish","type":"page","link":"https:\/\/ccvgaming.com\/sl\/politica-de-privacidade\/","title":{"rendered":"Pravilnik o zasebnosti"},"content":{"rendered":"<p>Va\u0161a zasebnost nam je pomembna. Politika podjetja MobilePrice je spo\u0161tovanje va\u0161e zasebnosti glede vseh informacij, ki jih lahko zberemo od vas na spletnem mestu.<strong><a href=\"https:\/\/ccvgaming.com\/sl\/\">\u00a0MobilnaCena<\/a><\/strong>, in druga spletna mesta, ki so v na\u0161i lasti in upravljanju.<\/p>\n<p>Osebne podatke zahtevamo le, kadar jih resni\u010dno potrebujemo za opravljanje storitve. To po\u010dnemo po\u0161teno in zakonito, z va\u0161im vedenjem in soglasjem. Obvestimo vas tudi, zakaj jih zbiramo in kako bodo uporabljeni.<\/p>\n<p>Zbrane podatke hranimo le toliko \u010dasa, kolikor je potrebno za zagotavljanje zahtevane storitve. Ko podatke shranjujemo, jih za\u0161\u010ditimo na komercialno sprejemljiv na\u010din, da prepre\u010dimo izgubo in krajo ter nepoobla\u0161\u010den dostop, razkritje, kopiranje, uporabo ali spreminjanje.<\/p>\n<p>Osebnih podatkov ne delimo javno ali s tretjimi osebami, razen kadar to zahteva zakon.<\/p>\n<p>Na\u0161e spletno mesto lahko vsebuje povezave do zunanjih spletnih mest, ki jih ne upravljamo mi. Upo\u0161tevajte, da nimamo nadzora nad vsebino in praksami teh spletnih mest in ne moremo prevzeti odgovornosti za njihove politike zasebnosti.<\/p>\n<p>Na\u0161o zahtevo za osebne podatke lahko zavrnete, pri \u010demer se zavedate, da vam morda ne bomo mogli zagotoviti nekaterih storitev, ki jih \u017eelite.<\/p>\n<p>Nadaljnja uporaba na\u0161ega spletnega mesta se bo \u0161tela za sprejetje na\u0161ih praks glede zasebnosti in osebnih podatkov. \u010ce imate kakr\u0161na koli vpra\u0161anja o tem, kako ravnamo s podatki uporabnikov in osebnimi podatki, nas kontaktirajte.<\/p>\n<h2>Pravilnik o pi\u0161kotkih MobilePrice<\/h2>\n<h3>Kaj so pi\u0161kotki?<\/h3>\n<p>Kot je obi\u010dajna praksa na skoraj vseh profesionalnih spletnih mestih, tudi to spletno mesto uporablja pi\u0161kotke, ki so majhne datoteke, prenesene na va\u0161 ra\u010dunalnik, za izbolj\u0161anje va\u0161e izku\u0161nje. Ta stran opisuje, katere podatke zbirajo, kako jih uporabljamo in zakaj v\u010dasih moramo shraniti te pi\u0161kotke. Delili bomo tudi s tem, kako lahko prepre\u010dite shranjevanje teh pi\u0161kotkov, vendar lahko to poslab\u0161a ali \u2018pokvari\u2019 nekatere elemente funkcionalnosti spletnega mesta.<\/p>\n<h3>Kako uporabljamo pi\u0161kotke?<\/h3>\n<p>Pi\u0161kotke uporabljamo iz razli\u010dnih razlogov, ki so podrobneje opisani spodaj. \u017dal v ve\u010dini primerov ni standardnih mo\u017enosti za onemogo\u010danje pi\u0161kotkov, ne da bi popolnoma onemogo\u010dili funkcionalnost in lastnosti, ki jih dodajo na to spletno mesto. Priporo\u010dljivo je, da pustite vse pi\u0161kotke omogo\u010dene, \u010de niste prepri\u010dani, ali jih potrebujete ali ne, v primeru, da se uporabljajo za zagotavljanje storitve, ki jo uporabljate.<\/p>\n<h3>Onemogo\u010di pi\u0161kotke<\/h3>\n<p>Nastavitev pi\u0161kotkov lahko prepre\u010dite tako, da prilagodite nastavitve v svojem brskalniku (za navodila glejte pomo\u010d brskalnika). Zavedajte se, da bo onemogo\u010danje pi\u0161kotkov vplivalo na delovanje tega in mnogih drugih spletnih mest, ki jih obi\u0161\u010dete. Onemogo\u010danje pi\u0161kotkov obi\u010dajno povzro\u010di tudi onemogo\u010danje dolo\u010denih funkcij in funkcij tega spletnega mesta. Zato je priporo\u010dljivo, da pi\u0161kotkov ne onemogo\u010dite.<\/p>\n<h3>Pi\u0161kotki, ki jih nastavimo<\/h3>\n<ul>\n<li>Pi\u0161kotki, povezani z ra\u010dunom: \u010ce pri nas ustvarite ra\u010dun, bomo pi\u0161kotke uporabljali za upravljanje postopka registracije in splo\u0161no administracijo. Ti pi\u0161kotki se obi\u010dajno izbri\u0161ejo, ko se odjavite iz sistema, vendar lahko v nekaterih primerih ostanejo tudi pozneje, da si zapomnijo va\u0161e nastavitve spletnega mesta, ko ga zapustite.<\/li>\n<li>Pi\u0161kotki, povezani s prijavo: Pi\u0161kotke uporabljamo, ko ste prijavljeni, da si zapomnimo to dejanje. To prepre\u010duje, da bi se morali prijaviti vsaki\u010d, ko obi\u0161\u010dete novo stran. Ti pi\u0161kotki se obi\u010dajno odstranijo ali izbri\u0161ejo, ko se odjavite, da zagotovimo, da lahko dostopate do omejenih virov in obmo\u010dij le, ko ste prijavljeni.<\/li>\n<li>Pi\u0161kotki, povezani z e-po\u0161tnimi novicami: To spletno mesto ponuja storitve naro\u010dnine na novice ali e-po\u0161to, pi\u0161kotki pa se lahko uporabljajo za pomnjenje, ali ste \u017ee registrirani in ali naj prikazujejo dolo\u010dena obvestila, ki veljajo samo za naro\u010dene\/odjavljene uporabnike.<\/li>\n<li>Pi\u0161kotki, povezani z obdelavo naro\u010dil: To spletno mesto ponuja mo\u017enosti e-trgovine ali pla\u010dila, nekateri pi\u0161kotki pa so bistveni za zagotovitev, da se va\u0161e naro\u010dilo shrani med stranmi, da ga lahko pravilno obdelamo.<\/li>\n<li>Pi\u0161kotki, povezani z anketami: Ob\u010dasno ponujamo ankete in vpra\u0161alnike, da bi zagotovili zanimive informacije, uporabna orodja ali natan\u010dneje razumeli na\u0161o uporabni\u0161ko bazo. Te ankete lahko uporabljajo pi\u0161kotke, da si zapomnijo, kdo je \u017ee sodeloval v anketi, ali da zagotovijo natan\u010dne rezultate po spremembah strani.<\/li>\n<li>Pi\u0161kotki, povezani z obrazci: Ko oddate podatke prek obrazca, kot so tisti na straneh za stik ali obrazcih za komentarje, se lahko pi\u0161kotki nastavijo tako, da si zapomnijo va\u0161e uporabni\u0161ke podatke za prihodnjo korespondenco.<\/li>\n<li>Pi\u0161kotki za nastavitve spletnega mesta: Da bi vam zagotovili odli\u010dno izku\u0161njo na tem spletnem mestu, vam ponujamo funkcionalnost za nastavitev va\u0161ih nastavitev glede delovanja tega spletnega mesta, ko ga uporabljate. Da si zapomnimo va\u0161e nastavitve, moramo nastaviti pi\u0161kotke, tako da se te informacije lahko prikli\u010dejo vsaki\u010d, ko komunicirate s stranjo, na katero vplivajo va\u0161e nastavitve.<\/li>\n<\/ul>\n<h3>Pi\u0161kotki tretjih oseb<\/h3>\n<p>V nekaterih posebnih primerih uporabljamo tudi pi\u0161kotke, ki jih zagotavljajo zaupanja vredne tretje osebe. V naslednjem razdelku je podrobno opisano, s katerimi pi\u0161kotki tretjih oseb se lahko sre\u010date na tem spletnem mestu.<\/p>\n<ul>\n<li>To spletno mesto uporablja Google Analytics, eno najbolj raz\u0161irjenih in zaupanja vrednih analiti\u010dnih re\u0161itev na spletu, ki nam pomaga razumeti, kako uporabljate spletno mesto in kako lahko izbolj\u0161amo va\u0161o izku\u0161njo. Ti pi\u0161kotki lahko spremljajo stvari, kot so \u010das, ki ga pre\u017eivite na spletnem mestu, in strani, ki jih obi\u0161\u010dete, da lahko \u0161e naprej ustvarjamo privla\u010dno vsebino.<\/li>\n<\/ul>\n<p>Za ve\u010d informacij o pi\u0161kotkih storitve Google Analytics obi\u0161\u010dite uradno stran storitve Google Analytics.<\/p>\n<ul>\n<li>Za sledenje in merjenje uporabe tega spletnega mesta uporabljamo analitiko tretjih oseb, da lahko \u0161e naprej ustvarjamo privla\u010dno vsebino. Ti pi\u0161kotki lahko spremljajo stvari, kot je \u010das, ki ga pre\u017eivite na spletnem mestu ali straneh, ki jih obi\u0161\u010dete, kar nam pomaga razumeti, kako lahko spletno mesto izbolj\u0161amo za vas.<\/li>\n<li>Ob\u010dasno testiramo nove funkcije in uvajamo subtilne spremembe v na\u010din predstavitve spletnega mesta. Ko \u0161e vedno testiramo nove funkcije, se ti pi\u0161kotki lahko uporabljajo za zagotavljanje dosledne izku\u0161nje na spletnem mestu, hkrati pa razumemo, katere optimizacije na\u0161i uporabniki najbolj cenijo.<\/li>\n<li>Ker prodajamo izdelke, je pomembno, da razumemo statistiko o tem, koliko obiskovalcev na\u0161ega spletnega mesta dejansko opravi nakup, in to so podatki, ki jih bodo ti pi\u0161kotki spremljali. To je pomembno za vas, saj nam omogo\u010da natan\u010dne poslovne napovedi, ki nam omogo\u010dajo analizo stro\u0161kov ogla\u0161evanja in izdelkov ter zagotavljanje najbolj\u0161e mo\u017ene cene.<\/li>\n<li>Storitev Google AdSense, ki jo uporabljamo za prikazovanje oglasov, uporablja pi\u0161kotek DoubleClick za prikaz ustreznej\u0161ih oglasov po spletu in omejitev \u0161tevila prikazov dolo\u010denega oglasa.<br \/>\nZa ve\u010d informacij o storitvi Google AdSense si oglejte uradna pogosta vpra\u0161anja o zasebnosti za Google AdSense.<\/li>\n<li>Ogla\u0161evanje uporabljamo za kritje stro\u0161kov delovanja te spletne strani in za zagotavljanje sredstev za prihodnji razvoj. Pi\u0161kotki za vedenjsko ogla\u0161evanje, ki jih uporablja ta spletna stran, so zasnovani tako, da vam zagotavljajo najustreznej\u0161e oglase, kadar koli je to mogo\u010de, z anonimnim sledenjem va\u0161im interesom in predstavljanjem podobnih stvari, ki bi vas lahko zanimale.<\/li>\n<li>V na\u0161em imenu ogla\u0161uje ve\u010d partnerjev, pi\u0161kotki za sledenje partnerskim programom pa nam preprosto omogo\u010dajo, da vidimo, ali so na\u0161e stranke dostopale do spletnega mesta prek enega od na\u0161ih partnerskih spletnih mest, da jim lahko ustrezno pripi\u0161emo kredit in po potrebi omogo\u010dimo na\u0161im partnerskim programom, da vam ponudijo morebitne promocije, ki vas spodbujajo k nakupu.<\/li>\n<\/ul>\n<h3>Zaveza uporabnika<\/h3>\n<p>Uporabnik se strinja, da bo ustrezno uporabljal vsebino in informacije, ki jih MobilePric ponuja na spletnem mestu, vklju\u010dno z, vendar ne omejeno na:<\/p>\n<ul>\n<li>A) Ne ukvarjati se z dejavnostmi, ki so nezakonite ali v nasprotju z dobro vero in javnim redom;<\/li>\n<li>B) Ne \u0161iriti propagande ali vsebin rasisti\u010dne, ksenofobne narave, iger na sre\u010do ali nezakonite pornografije ali vsebin, ki spodbujajo terorizem ali kr\u0161ijo \u010dlovekove pravice;<\/li>\n<li>C) Ne povzro\u010dati \u0161kode fizi\u010dnim (strojni opremi) in logi\u010dnim (programski opremi) sistemom podjetja MobilePric, njegovih dobaviteljev ali tretjih oseb z vna\u0161anjem ali \u0161irjenjem ra\u010dunalni\u0161kih virusov ali katere koli druge strojne ali programske opreme, ki bi lahko povzro\u010dila zgoraj omenjeno \u0161kodo.<\/li>\n<\/ul>\n<h2>Prilagojeno ogla\u0161evanje (odjava)<\/h2>\n<p>Uporabniki se lahko od osebnega ogla\u0161evanja odjavijo tako, da obi\u0161\u010dejo\u00a0<a href=\"https:\/\/adssettings.google.com\/authenticated\" target=\"_blank\" rel=\"noopener\">Nastavitve oglasov<\/a>. Lahko pa uporabnike usmerite k dostopu do spletnega mesta.\u00a0<a href=\"http:\/\/www.aboutads.info\/\" target=\"_blank\" rel=\"noopener\">www.aboutads.info<\/a>\u00a0onemogo\u010diti uporabo pi\u0161kotkov tretjih oseb za prilagojeno ogla\u0161evanje.<\/p>\n<h3>Ve\u010d informacij<\/h3>\n<p>Upamo, da je to jasno, in kot smo \u017ee omenili, \u010de niste prepri\u010dani, ali pi\u0161kotke potrebujete ali ne, je na splo\u0161no varneje, da jih pustite omogo\u010dene, \u010de uporabljate eno od funkcij, ki jih uporabljate na na\u0161em spletnem mestu.<\/p>\n<p>Ta politika velja od <strong>November 2023<\/strong>.<\/p>","protected":false},"excerpt":{"rendered":"<p>A sua privacidade \u00e9 importante para n\u00f3s. \u00c9 pol\u00edtica do MobilePric respeitar a sua privacidade em rela\u00e7\u00e3o a qualquer informa\u00e7\u00e3o sua que possamos coletar no site\u00a0MobilePric, e outros sites que possu\u00edmos e operamos. Solicitamos informa\u00e7\u00f5es pessoais apenas quando realmente precisamos delas para lhe fornecer um servi\u00e7o. Fazemo-lo por meios justos e legais, com o seu [&hellip;]<\/p>\n","protected":false},"author":2,"featured_media":0,"parent":0,"menu_order":0,"comment_status":"closed","ping_status":"closed","template":"","meta":{"footnotes":""},"class_list":["post-24240","page","type-page","status-publish"],"_links":{"self":[{"href":"https:\/\/ccvgaming.com\/sl\/wp-json\/wp\/v2\/pages\/24240","targetHints":{"allow":["GET"]}}],"collection":[{"href":"https:\/\/ccvgaming.com\/sl\/wp-json\/wp\/v2\/pages"}],"about":[{"href":"https:\/\/ccvgaming.com\/sl\/wp-json\/wp\/v2\/types\/page"}],"author":[{"embeddable":true,"href":"https:\/\/ccvgaming.com\/sl\/wp-json\/wp\/v2\/users\/2"}],"replies":[{"embeddable":true,"href":"https:\/\/ccvgaming.com\/sl\/wp-json\/wp\/v2\/comments?post=24240"}],"version-history":[{"count":0,"href":"https:\/\/ccvgaming.com\/sl\/wp-json\/wp\/v2\/pages\/24240\/revisions"}],"wp:attachment":[{"href":"https:\/\/ccvgaming.com\/sl\/wp-json\/wp\/v2\/media?parent=24240"}],"curies":[{"name":"delovni list","href":"https:\/\/api.w.org\/{rel}","templated":true}]}}