{"id":24632,"date":"2023-11-22T10:03:19","date_gmt":"2023-11-22T13:03:19","guid":{"rendered":"https:\/\/acertarnacompra.com.br\/?page_id=24632"},"modified":"2023-11-22T10:03:19","modified_gmt":"2023-11-22T13:03:19","slug":"dmca","status":"publish","type":"page","link":"https:\/\/ccvgaming.com\/tl\/dmca\/","title":{"rendered":"DMCA"},"content":{"rendered":"<p><strong>Patakaran sa Karapatang-ari \u2013 DMCA<\/strong><\/p>\n<p><strong>Pahayag ng Pagsunod<\/strong><\/p>\n<p>Nirerespeto ng MobilePric BR ang karapatang-ari at sumusunod sa mga probisyon ng Digital Millennium Copyright Act (\u201cDMCA\u201d). Maaaring i-disable at\/o wakasan ng MobilePric BR, sa ilalim ng naaangkop na mga pangyayari at sa sarili nitong pagpapasya, ang mga account ng mga user na paulit-ulit na lumalabag o itinuturing na lumalabag sa karapatang-ari.<\/p>\n<p><strong>Pamamaraan sa Pag-abiso ng Paglabag sa Karapatang-ari<\/strong><\/p>\n<p>Kung naniniwala kang ang iyong gawang may karapatang-ari ay kinopya sa paraang lumalabag sa karapatang-ari at maa-access sa website na ito, maaari mong ipaalam sa aming Itinalagang Ahente alinsunod sa pamamaraang itinakda ng DMCA. Upang maging epektibo, dapat kasama sa abiso ang:<\/p>\n<ol>\n<li>Pagtukoy sa akdang may karapatang-ari na umano&#039;y nilabag, o, kung maraming akdang may karapatang-ari sa iisang online site ang sakop ng iisang abiso, isang kinatawan na listahan ng mga naturang akdang nasa site.<\/li>\n<li>Pagtukoy sa materyal na sinasabing lumalabag o paksa ng paglabag na aktibidad at aalisin o idi-disable ang access, at impormasyong makatwirang sapat upang pahintulutan ang service provider na mahanap ang materyal.<\/li>\n<li>Impormasyong makatwirang sapat upang pahintulutan ang tagapagbigay ng serbisyo na makipag-ugnayan sa nagrereklamo, tulad ng address, numero ng telepono at, kung mayroon, isang email address kung saan maaaring kontakin ang nagrereklamo.<\/li>\n<li>Isang pahayag na naniniwala ang nagrereklamo, nang may mabuting hangarin, na ang paggamit ng materyal sa paraang inirereklamo ay hindi pinahihintulutan ng may-ari ng copyright, ng ahente nito, o ng batas.<\/li>\n<li>Isang pahayag na ang impormasyon sa abiso ay tumpak at, sa ilalim ng parusa ng perjury, na ang naghahabol ay awtorisadong kumilos sa ngalan ng may-ari ng isang eksklusibong karapatan na diumano&#039;y nilabag.<\/li>\n<\/ol>\n<p><strong>Mga dapat gawin kung sakaling may maabisuhan tungkol sa isang paglabag.<\/strong><\/p>\n<p>Sa sandaling makatanggap ng wastong abiso ng paglabag sa karapatang-ari, sisikapin ng MobilePric BR na gumawa ng mga makatwirang hakbang upang alisin ang lumalabag na materyal at aabisuhan ang gumagamit na responsable sa pag-upload ng nilalaman. Maaari ring wakasan ng MobilePric BR, sa sarili nitong pagpapasya, ang account ng gumagamit na iyon kung sa tingin nito ay naaangkop.<\/p>\n<p><strong>Makipag-ugnayan<\/strong><\/p>\n<p>Kung nais mong magsumite ng abiso ng paglabag sa copyright, mangyaring makipag-ugnayan sa amin gamit ang form sa ibaba.\u00a0<strong><a href=\"https:\/\/ccvgaming.com\/tl\/makipag-ugnayan\/\">KONTAKIN<\/a><\/strong>.<\/p>\n<p><strong>Legal na Paunawa<\/strong><\/p>\n<p>Ang patakarang ito ng DMCA ay hindi maituturing na payong legal. Inirerekomenda namin na humingi ka ng payo sa legal upang lubos na maunawaan ang iyong mga karapatan at obligasyon sa ilalim ng DMCA at iba pang naaangkop na batas.<\/p>","protected":false},"excerpt":{"rendered":"<p>Pol\u00edtica de Direitos Autorais &#8211; DMCA Declara\u00e7\u00e3o de Conformidade O MobilePric BR respeita os direitos autorais e est\u00e1 em conformidade com as disposi\u00e7\u00f5es da Digital Millennium Copyright Act (&#8220;DMCA&#8221;). MobilePric BR pode, sob circunst\u00e2ncias apropriadas e a seu crit\u00e9rio, desativar e\/ou encerrar contas de usu\u00e1rios que infringem repetidamente ou s\u00e3o considerados como infratores dos direitos [&hellip;]<\/p>\n","protected":false},"author":2,"featured_media":0,"parent":0,"menu_order":0,"comment_status":"closed","ping_status":"closed","template":"","meta":{"footnotes":""},"class_list":["post-24632","page","type-page","status-publish"],"_links":{"self":[{"href":"https:\/\/ccvgaming.com\/tl\/wp-json\/wp\/v2\/pages\/24632","targetHints":{"allow":["GET"]}}],"collection":[{"href":"https:\/\/ccvgaming.com\/tl\/wp-json\/wp\/v2\/pages"}],"about":[{"href":"https:\/\/ccvgaming.com\/tl\/wp-json\/wp\/v2\/types\/page"}],"author":[{"embeddable":true,"href":"https:\/\/ccvgaming.com\/tl\/wp-json\/wp\/v2\/users\/2"}],"replies":[{"embeddable":true,"href":"https:\/\/ccvgaming.com\/tl\/wp-json\/wp\/v2\/comments?post=24632"}],"version-history":[{"count":0,"href":"https:\/\/ccvgaming.com\/tl\/wp-json\/wp\/v2\/pages\/24632\/revisions"}],"wp:attachment":[{"href":"https:\/\/ccvgaming.com\/tl\/wp-json\/wp\/v2\/media?parent=24632"}],"curies":[{"name":"wp","href":"https:\/\/api.w.org\/{rel}","templated":true}]}}