{"id":24242,"date":"2023-11-10T10:40:11","date_gmt":"2023-11-10T13:40:11","guid":{"rendered":"https:\/\/acertarnacompra.com.br\/?page_id=24242"},"modified":"2023-11-27T21:58:44","modified_gmt":"2023-11-28T00:58:44","slug":"kullanim-sartlari","status":"publish","type":"page","link":"https:\/\/ccvgaming.com\/tr\/termos-de-uso\/","title":{"rendered":"Kullan\u0131m \u015eartlar\u0131"},"content":{"rendered":"<p>Kullan\u0131m \u015eartlar\u0131 ve Ko\u015fullar\u0131<\/p>\n<p>MobilePrice BR&#039;ye ho\u015f geldiniz!<\/p>\n<p>Bu h\u00fck\u00fcm ve ko\u015fullar, https:\/\/ccvgaming.com\/ adresinde bulunan MobilePrice BR \u015firketinin web sitesinin kullan\u0131m kurallar\u0131n\u0131 a\u00e7\u0131klamaktad\u0131r.<\/p>\n<p>Bu web sitesine eri\u015ferek, a\u015fa\u011f\u0131da belirtilen \u015fartlar ve ko\u015fullar\u0131 kabul etti\u011finizi varsay\u0131yoruz. Bu s\u00f6zle\u015fmede a\u00e7\u0131klanan \u015fartlar ve ko\u015fullar\u0131 kabul etmiyorsan\u0131z, MobilePrice BR&#039;yi kullanmaya devam etmeyin.<\/p>\n<h2>\u00c7erezler<\/h2>\n<p>Bu web sitesi, \u00e7evrimi\u00e7i deneyiminizi ki\u015fiselle\u015ftirmeye yard\u0131mc\u0131 olmak i\u00e7in \u00e7erezler kullanmaktad\u0131r. MobilePrice BR web sitesine eri\u015ferek, gerekli \u00e7erezlerin kullan\u0131m\u0131n\u0131 kabul etmi\u015f olursunuz.<\/p>\n<p>\u00c7erezler, bir web sayfas\u0131 sunucusu taraf\u0131ndan sabit diskinize yerle\u015ftirilen metin dosyalar\u0131d\u0131r. \u00c7erezlerin program \u00e7al\u0131\u015ft\u0131rmas\u0131na veya bilgisayar\u0131n\u0131za vir\u00fcs bula\u015ft\u0131rmas\u0131na izin verilmez. \u00c7erezler size \u00f6zel olarak ili\u015fkilendirilir ve yaln\u0131zca \u00e7erezi veren alan ad\u0131n\u0131n web sunucusu taraf\u0131ndan okunabilir.<\/p>\n<p>Web sitemizde istatistiksel ve pazarlama ama\u00e7lar\u0131yla bilgi toplamak, saklamak veya izlemek i\u00e7in \u00e7erezler kullanabiliriz. \u0130ste\u011fe ba\u011fl\u0131 \u00e7erezleri kabul etme veya reddetme se\u00e7ene\u011finiz vard\u0131r. Web sitemizin \u00e7al\u0131\u015fmas\u0131 i\u00e7in gerekli olan baz\u0131 zorunlu \u00e7erezler bulunmaktad\u0131r. Bu zorunlu \u00e7erezler i\u00e7in onay\u0131n\u0131z gereklidir. L\u00fctfen zorunlu \u00e7erezleri kabul ederek, web sitemizde \u00fc\u00e7\u00fcnc\u00fc taraflarca sa\u011flanan hizmetleri kullanman\u0131z durumunda \u00fc\u00e7\u00fcnc\u00fc taraflarca kullan\u0131labilecek \u00fc\u00e7\u00fcnc\u00fc taraf \u00e7erezlerini de kabul edece\u011finizi unutmay\u0131n \u2013 \u00f6rne\u011fin, \u00fc\u00e7\u00fcnc\u00fc taraf \u015firketler taraf\u0131ndan sa\u011flanan ve web sitemize entegre edilmi\u015f bir video oynatma penceresi.<\/p>\n<h2>Lisans<\/h2>\n<p>Aksi belirtilmedik\u00e7e, MobilePric BR ve lisans verenleri, MobilePric BR&#039;de yay\u0131nlanan t\u00fcm materyallerin fikri m\u00fclkiyet haklar\u0131na sahiptir. T\u00fcm fikri m\u00fclkiyet haklar\u0131 sakl\u0131d\u0131r.<\/p>\n<h2>\u015eunlar\u0131 yapman\u0131za izin verilmez:<\/h2>\n<p>MobilePrice BR&#039;den materyallerin kopyalanmas\u0131 veya yeniden yay\u0131nlanmas\u0131<br \/>\nMobilePrice BR&#039;den malzeme sat\u0131\u015f\u0131, kiralama veya alt kiralama.<br \/>\nMobilePrice BR&#039;ye ait materyallerin \u00e7o\u011falt\u0131lmas\u0131, kopyalanmas\u0131 veya yeniden \u00fcretilmesi yasakt\u0131r.<br \/>\nMobilePrice BR&#039;den i\u00e7erik yeniden da\u011f\u0131t\u0131n.<\/p>\n<h3>Bu S\u00f6zle\u015fme, bu tarihten itibaren y\u00fcr\u00fcrl\u00fc\u011fe girer.<\/h3>\n<p>Bu web sitesinin baz\u0131 b\u00f6l\u00fcmleri, kullan\u0131c\u0131lara belirli alanlarda g\u00f6r\u00fc\u015f ve bilgi payla\u015fma ve tart\u0131\u015fma f\u0131rsat\u0131 sunmaktad\u0131r. MobilePric BR, yorumlar\u0131 web sitesinde yay\u0131nlanmadan \u00f6nce filtrelemez, d\u00fczenlemez, yay\u0131nlamaz veya g\u00f6zden ge\u00e7irmez. Yorumlar, onlar\u0131 payla\u015fan ki\u015finin g\u00f6r\u00fc\u015flerini yans\u0131t\u0131r. Y\u00fcr\u00fcrl\u00fckteki yasalarca izin verilen \u00f6l\u00e7\u00fcde, MobilePric BR, yorumlardan veya bu web sitesinde yorumlar\u0131n kullan\u0131m\u0131 ve\/veya yay\u0131nlanmas\u0131 ve\/veya g\u00f6r\u00fcnmesinden kaynaklanan veya bunlardan do\u011fan herhangi bir hasar, risk veya masraftan yasal olarak sorumlu de\u011fildir.<\/p>\n<p>MobilePrice BR, uygunsuz, hakaret i\u00e7eren veya bu s\u00f6zle\u015fmenin \u015eart ve Ko\u015fullar\u0131n\u0131 ihlal eden yorumlar\u0131 kald\u0131rma hakk\u0131n\u0131 sakl\u0131 tutar.<\/p>\n<h3>\u015eunlar\u0131 beyan ve garanti edersiniz:<\/h3>\n<p>Web sitemizde yorum yay\u0131nlama hakk\u0131na sahipsiniz ve bunu yapabilmek i\u00e7in gerekli t\u00fcm lisans ve izinlere sahipsiniz;<br \/>\nYorumlar\u0131n\u0131z, telif haklar\u0131, patentler veya \u00fc\u00e7\u00fcnc\u00fc \u015fah\u0131slara ait ticari markalar da dahil olmak \u00fczere hi\u00e7bir fikri m\u00fclkiyet hakk\u0131n\u0131 ihlal etmemektedir;<br \/>\nYorumlar\u0131n\u0131zda hakaret i\u00e7eren, iftira niteli\u011finde, sald\u0131rgan, m\u00fcstehcen veya ba\u015fka t\u00fcrl\u00fc yasa d\u0131\u015f\u0131 ve \u00f6zel hayat\u0131n gizlili\u011fini ihlal eden materyal bulunmamaktad\u0131r.<br \/>\nYorumlar\u0131n\u0131z ticari veya yasa d\u0131\u015f\u0131 faaliyetleri tan\u0131tmak veya te\u015fvik etmek amac\u0131yla kullan\u0131lmayacakt\u0131r.<\/p>\n<p>Bu vesileyle, MobilePric BR&#039;ye, yorumlar\u0131n\u0131z\u0131n herhangi birini veya tamam\u0131n\u0131 her t\u00fcrl\u00fc bi\u00e7imde, formatta ve ortamda kullanma, \u00e7o\u011faltma, d\u00fczenleme ve ba\u015fkalar\u0131n\u0131n da kullanmas\u0131na, \u00e7o\u011faltmas\u0131na veya d\u00fczenlemesine izin verme konusunda m\u00fcnhas\u0131r olmayan bir lisans vermi\u015f oluyorsunuz.<\/p>\n<h2>\u0130\u00e7eri\u011fimize ba\u011flant\u0131lar olu\u015fturmak<\/h2>\n<p>A\u015fa\u011f\u0131daki kurulu\u015flar, \u00f6nceden yaz\u0131l\u0131 onay almaks\u0131z\u0131n sitemize ba\u011flant\u0131 verebilirler:<\/p>\n<ul>\n<li>Devlet kurumlar\u0131;<\/li>\n<li>Arama motorlar\u0131;<\/li>\n<li>Medya kurulu\u015flar\u0131;<\/li>\n<li>\u00c7evrimi\u00e7i rehber da\u011f\u0131t\u0131c\u0131lar\u0131, di\u011fer listelenen i\u015fletmelerin sitelerine ba\u011flant\u0131 ekledikleri \u015fekilde, sitemize de ba\u011flant\u0131 ekleyebilirler;<\/li>\n<li>K\u00e2r amac\u0131 g\u00fctmeyen ba\u011f\u0131\u015f toplama kurulu\u015flar\u0131 ve hay\u0131r ama\u00e7l\u0131 ba\u011f\u0131\u015f toplama gruplar\u0131 hari\u00e7 olmak \u00fczere, akredite edilmi\u015f i\u015fletmeler \u00f6nceden onay almadan Sitemize ba\u011flant\u0131 ekleyemezler.<\/li>\n<\/ul>\n<p>Bu kurulu\u015flar, a\u015fa\u011f\u0131daki ko\u015fullar\u0131 sa\u011flamas\u0131 \u015fart\u0131yla ana sayfam\u0131za, yay\u0131nlar\u0131m\u0131za veya di\u011fer Site bilgilerimize ba\u011flant\u0131 verebilirler: (a) ba\u011flant\u0131 hi\u00e7bir \u015fekilde yan\u0131lt\u0131c\u0131 olmamal\u0131d\u0131r; (b) bizimle herhangi bir \u00fcr\u00fcn ve\/veya hizmet aras\u0131nda bir sponsorluk, onay veya destek ili\u015fkisinin varl\u0131\u011f\u0131n\u0131 yanl\u0131\u015f bir \u015fekilde ima etmemelidir; ve (c) eklendi\u011fi ba\u011flama uygun olmal\u0131d\u0131r.<\/p>\n<p><strong>A\u015fa\u011f\u0131daki kurulu\u015f t\u00fcrleri taraf\u0131ndan yap\u0131lan ba\u011flant\u0131 isteklerini de\u011ferlendirip onaylayabiliriz:<\/strong><\/p>\n<ul>\n<li>\u00dcr\u00fcnler ve i\u015fletmeler hakk\u0131nda bilinen bilgi kaynaklar\u0131;<\/li>\n<li>topluluk web siteleri dot.com;<\/li>\n<li>Hay\u0131r kurumlar\u0131n\u0131 temsil eden dernekler ve di\u011fer gruplar;<\/li>\n<li>\u00e7evrimi\u00e7i rehber da\u011f\u0131t\u0131c\u0131lar\u0131;<br \/>\ninternet portallar\u0131;<\/li>\n<li>Muhasebe, hukuk ve dan\u0131\u015fmanl\u0131k firmalar\u0131; ve e\u011fitim kurumlar\u0131 ve meslek birlikleri.<\/li>\n<\/ul>\n<p>Yukar\u0131da listelenen kurulu\u015f t\u00fcrleri taraf\u0131ndan yap\u0131lan ba\u011flant\u0131 isteklerini, a\u015fa\u011f\u0131daki ko\u015fullar\u0131 sa\u011flad\u0131\u011f\u0131m\u0131za karar verirsek onaylayaca\u011f\u0131z: (a) ba\u011flant\u0131n\u0131n imaj\u0131m\u0131za ve\/veya akredite \u015firketlerin imaj\u0131na zarar vermemesi; (b) talepte bulunan kurulu\u015fun bizimle olumsuz bir ge\u00e7mi\u015finin olmamas\u0131; (c) ba\u011flant\u0131n\u0131n g\u00f6r\u00fcn\u00fcrl\u00fc\u011f\u00fcnden elde edece\u011fimiz faydan\u0131n MobilePric BR&#039;nin yoklu\u011funu telafi etmesi; ve (d) ba\u011flant\u0131n\u0131n genel bilgilendirici bir ba\u011flamda yerle\u015ftirilmesi.<\/p>\n<p>Bu kurulu\u015flar, a\u015fa\u011f\u0131daki ko\u015fullar\u0131 sa\u011flamalar\u0131 \u015fart\u0131yla ana sayfam\u0131za ba\u011flant\u0131 verebilirler: (a) ba\u011flant\u0131 hi\u00e7bir \u015fekilde yan\u0131lt\u0131c\u0131 olmamal\u0131d\u0131r; (b) \u00fcr\u00fcn ve\/veya hizmetlerimizle ilgili olarak bizim taraf\u0131m\u0131zdan bir sponsorluk, onay veya destek ili\u015fkisinin varl\u0131\u011f\u0131n\u0131 yanl\u0131\u015f bir \u015fekilde ima etmemelidir; ve (c) eklendi\u011fi ba\u011flama uygun olmal\u0131d\u0131r.<\/p>\n<p>Yukar\u0131daki 2. paragrafta listelenen kurulu\u015flardan birini temsil ediyorsan\u0131z ve web sitemize ba\u011flant\u0131 vermekle ilgileniyorsan\u0131z, l\u00fctfen MobilePrice BR adresine bir e-posta g\u00f6ndererek ilginizi bize bildirin. L\u00fctfen ad\u0131n\u0131z\u0131, kurulu\u015funuzun ad\u0131n\u0131 ve ileti\u015fim bilgilerini, ayr\u0131ca web sitenizin URL&#039;sini, web sitemizde ba\u011flant\u0131 olarak kullanmay\u0131 d\u00fc\u015f\u00fcnd\u00fc\u011f\u00fcn\u00fcz URL&#039;lerin listesini ve URL&#039;lerimizi yay\u0131nlamay\u0131 d\u00fc\u015f\u00fcnd\u00fc\u011f\u00fcn\u00fcz web sitelerinin listesini ekleyin. Yan\u0131t i\u00e7in l\u00fctfen 2-3 hafta bekleyin.<\/p>\n<p><strong>Onayl\u0131 kurulu\u015flar, sitemize a\u015fa\u011f\u0131daki \u015fekillerde ba\u011flant\u0131 verebilirler:<\/strong><\/p>\n<ul>\n<li>\u015eirket ad\u0131m\u0131z\u0131 kullanarak; veya<\/li>\n<li>Ba\u011flant\u0131n\u0131n y\u00f6nlendirdi\u011fi URL&#039;yi kullanarak; veya<\/li>\n<li>Ba\u011flant\u0131n\u0131n eklendi\u011fi i\u00e7eri\u011fin ba\u011flam\u0131 ve bi\u00e7imi i\u00e7inde anlaml\u0131 olan, sitemizle ilgili di\u011fer herhangi bir a\u00e7\u0131klamay\u0131 kullanabilirsiniz.<\/li>\n<\/ul>\n<p>MobilePric BR logosuna ve\/veya di\u011fer g\u00f6rsel \u00f6\u011felere ait ba\u011flant\u0131lar\u0131n kullan\u0131m\u0131 veya yay\u0131nlanmas\u0131, ticari marka lisans s\u00f6zle\u015fmesi olmadan yasakt\u0131r.<\/p>\n<h3>\u0130\u00e7erik Sorumlulu\u011fu<\/h3>\n<p>Sitenizde yer alan herhangi bir i\u00e7erikten yasal olarak sorumlu tutulmayaca\u011f\u0131z. Sitenizde yap\u0131lan t\u00fcm iddialara kar\u015f\u0131 bizi korumay\u0131 ve savunmay\u0131 kabul ediyorsunuz. Herhangi bir sitede, hakaret i\u00e7eren, m\u00fcstehcen, su\u00e7 te\u015fkil eden veya \u00fc\u00e7\u00fcnc\u00fc \u015fah\u0131slar\u0131n haklar\u0131n\u0131 ihlal eden, \u00e7i\u011fneyen veya ihlalini savunan hi\u00e7bir ba\u011flant\u0131 yer almamal\u0131d\u0131r.<\/p>\n<h3>Haklar\u0131n Sakl\u0131 Tutulmas\u0131<\/h3>\n<p>Web sitemize y\u00f6nlendiren t\u00fcm ba\u011flant\u0131lar\u0131 veya ba\u011flant\u0131lar\u0131 kald\u0131rman\u0131z\u0131 talep etme hakk\u0131m\u0131z\u0131 sakl\u0131 tutuyoruz. Kald\u0131rma talebi \u00fczerine web sitemize verdi\u011finiz t\u00fcm ba\u011flant\u0131lar\u0131 derhal kald\u0131rmay\u0131 kabul ediyorsunuz. Ayr\u0131ca bu \u015fartlar ve ko\u015fullar\u0131 herhangi bir zamanda d\u00fczeltme ve de\u011fi\u015ftirme hakk\u0131m\u0131z\u0131 da sakl\u0131 tutuyoruz. Web sitemize s\u00fcrekli olarak ba\u011flant\u0131 g\u00f6ndererek, ba\u011flant\u0131larla ilgili bu \u015fartlar ve ko\u015fullara ba\u011fl\u0131 kalmay\u0131 kabul ediyorsunuz.<\/p>\n<h3>Web sitemizde yay\u0131nlanan ba\u011flant\u0131lar\u0131 kald\u0131rma<\/h3>\n<p>Sitemizde herhangi bir \u015fekilde rahats\u0131z edici buldu\u011funuz bir ba\u011flant\u0131 varsa, istedi\u011finiz zaman bizimle ileti\u015fime ge\u00e7ip sorunu bize bildirebilirsiniz. Ba\u011flant\u0131lar\u0131 kald\u0131rma taleplerini de\u011ferlendirece\u011fiz, ancak sitemizden herhangi bir ba\u011flant\u0131y\u0131 kald\u0131rmak veya talebinize do\u011frudan yan\u0131t vermek zorunda de\u011filiz.<\/p>\n<p>Bu sitede yer alan bilgilerin do\u011fru oldu\u011funu garanti etmiyoruz. \u0130\u00e7eri\u011fin eksiksizli\u011fi veya do\u011frulu\u011fu konusunda da garanti vermiyoruz. Sitenin s\u00fcrekli eri\u015filebilir olaca\u011f\u0131n\u0131 veya sitenin i\u00e7eri\u011finin g\u00fcncel kalaca\u011f\u0131n\u0131 da garanti etmiyoruz.<\/p>\n<h3>Sorumluluk Reddi Beyan\u0131<\/h3>\n<p>Yasalar\u0131n izin verdi\u011fi azami \u00f6l\u00e7\u00fcde, web sitemiz ve bu web sitesinin kullan\u0131m\u0131yla ilgili t\u00fcm beyanlar\u0131, garantileri ve ko\u015fullar\u0131 hari\u00e7 tutuyoruz. Bu feragatname beyan\u0131ndaki hi\u00e7bir \u015fey:<\/p>\n<ul>\n<li>\u00d6l\u00fcm veya ki\u015fisel yaralanma durumlar\u0131nda bizim veya sizin sorumlulu\u011funuzu s\u0131n\u0131rlamak veya hari\u00e7 tutmak;<\/li>\n<li>Sahtekarl\u0131k veya hileli yanl\u0131\u015f beyan nedeniyle bizim veya sizin sorumlulu\u011funuzu s\u0131n\u0131rlamak veya ortadan kald\u0131rmak;<\/li>\n<li>Yasaya ayk\u0131r\u0131 herhangi bir \u015fekilde, bizim veya sizin sorumlulu\u011funuzu s\u0131n\u0131rlamak;<\/li>\n<li>Ge\u00e7erli yasa uyar\u0131nca hari\u00e7 tutulamayan, sizin veya bizim herhangi bir y\u00fck\u00fcml\u00fcl\u00fc\u011f\u00fcm\u00fcz\u00fc hari\u00e7 tutmak.<\/li>\n<\/ul>\n<p>Bu B\u00f6l\u00fcmde ve bu beyan\u0131n di\u011fer yerlerinde listelenen sorumluluk s\u0131n\u0131rlamalar\u0131 ve istisnalar\u0131: (a) \u00f6nceki paragrafa tabidir; ve (b) s\u00f6zle\u015fmeden, haks\u0131z fiilden ve yasal y\u00fck\u00fcml\u00fcl\u00fc\u011f\u00fcn ihlalinden do\u011fan sorumluluklar da dahil olmak \u00fczere, beyan kapsam\u0131nda ortaya \u00e7\u0131kan t\u00fcm sorumluluklar\u0131 y\u00f6netir.<\/p>\n<p>Web sitesi ve web sitesinde yer alan bilgi ve hizmetler \u00fccretsiz olarak sunuldu\u011fu s\u00fcrece, herhangi bir kay\u0131p veya zarardan sorumlu olmayaca\u011f\u0131z.<\/p>","protected":false},"excerpt":{"rendered":"<p>Termos e Condi\u00e7\u00f5es de Uso Seja bem-vindo ao MobilePric BR! Estes termos e condi\u00e7\u00f5es descrevem as regras de uso do site da empresa MobilePric BR, localizado no endere\u00e7o https:\/\/ccvgaming.com\/. Ao acessar este site, consideramos que voc\u00ea est\u00e1 de acordo com os termos e condi\u00e7\u00f5es abaixo. N\u00e3o continue a usar o MobilePric BR caso voc\u00ea discorde [&hellip;]<\/p>\n","protected":false},"author":2,"featured_media":0,"parent":0,"menu_order":0,"comment_status":"closed","ping_status":"closed","template":"","meta":{"footnotes":""},"class_list":["post-24242","page","type-page","status-publish"],"_links":{"self":[{"href":"https:\/\/ccvgaming.com\/tr\/wp-json\/wp\/v2\/pages\/24242","targetHints":{"allow":["GET"]}}],"collection":[{"href":"https:\/\/ccvgaming.com\/tr\/wp-json\/wp\/v2\/pages"}],"about":[{"href":"https:\/\/ccvgaming.com\/tr\/wp-json\/wp\/v2\/types\/page"}],"author":[{"embeddable":true,"href":"https:\/\/ccvgaming.com\/tr\/wp-json\/wp\/v2\/users\/2"}],"replies":[{"embeddable":true,"href":"https:\/\/ccvgaming.com\/tr\/wp-json\/wp\/v2\/comments?post=24242"}],"version-history":[{"count":0,"href":"https:\/\/ccvgaming.com\/tr\/wp-json\/wp\/v2\/pages\/24242\/revisions"}],"wp:attachment":[{"href":"https:\/\/ccvgaming.com\/tr\/wp-json\/wp\/v2\/media?parent=24242"}],"curies":[{"name":"wp","href":"https:\/\/api.w.org\/{rel}","templated":true}]}}