{"id":24245,"date":"2023-11-10T10:41:36","date_gmt":"2023-11-10T13:41:36","guid":{"rendered":"https:\/\/acertarnacompra.com.br\/?page_id=24245"},"modified":"2025-10-08T14:20:06","modified_gmt":"2025-10-08T17:20:06","slug":"temas-etmek","status":"publish","type":"page","link":"https:\/\/ccvgaming.com\/tr\/contato\/","title":{"rendered":"Temas etmek"},"content":{"rendered":"<p>Sizden haber almaktan mutluluk duyar\u0131z! Herhangi bir sorunuz, \u00f6neriniz varsa veya sadece fikir al\u0131\u015fveri\u015finde bulunmak istiyorsan\u0131z, bizimle ileti\u015fime ge\u00e7mekten \u00e7ekinmeyin.<\/p>\n<p>A\u015fa\u011f\u0131daki formu kullan\u0131n veya bize e-posta g\u00f6nderin.<\/p>\n<p>\u0130leti\u015fim kurmay\u0131 d\u00f6rt g\u00f6zle bekliyoruz ve m\u00fcmk\u00fcn olan en k\u0131sa s\u00fcrede yan\u0131t verece\u011fiz.<\/p>\n\n<div class=\"wpcf7 no-js\" id=\"wpcf7-f24244-o1\" lang=\"pt-BR\" dir=\"ltr\" data-wpcf7-id=\"24244\">\n<div class=\"screen-reader-response\"><p role=\"status\" aria-live=\"polite\" aria-atomic=\"true\"><\/p> <ul><\/ul><\/div>\n<form action=\"\/tr\/wp-json\/wp\/v2\/pages\/24245#wpcf7-f24244-o1\" method=\"post\" class=\"wpcf7-form init\" aria-label=\"Formul\u00e1rios de contato\" novalidate=\"novalidate\" data-status=\"init\" data-trp-original-action=\"\/tr\/wp-json\/wp\/v2\/pages\/24245#wpcf7-f24244-o1\">\n<fieldset class=\"hidden-fields-container\"><input type=\"hidden\" name=\"_wpcf7\" value=\"24244\" \/><input type=\"hidden\" name=\"_wpcf7_version\" value=\"6.1.5\" \/><input type=\"hidden\" name=\"_wpcf7_locale\" value=\"pt_BR\" \/><input type=\"hidden\" name=\"_wpcf7_unit_tag\" value=\"wpcf7-f24244-o1\" \/><input type=\"hidden\" name=\"_wpcf7_container_post\" value=\"0\" \/><input type=\"hidden\" name=\"_wpcf7_posted_data_hash\" value=\"\" \/>\n<\/fieldset>\n<p><label> Ad\u0131n\u0131z<br \/>\n<span class=\"wpcf7-form-control-wrap\" data-name=\"your-name\"><input size=\"40\" maxlength=\"400\" class=\"wpcf7-form-control wpcf7-text wpcf7-validates-as-required\" autocomplete=\"name\" aria-required=\"true\" aria-invalid=\"false\" value=\"\" type=\"text\" name=\"your-name\" \/><\/span> <\/label>\n<\/p>\n<p><label> E-postan\u0131z<br \/>\n<span class=\"wpcf7-form-control-wrap\" data-name=\"your-email\"><input size=\"40\" maxlength=\"400\" class=\"wpcf7-form-control wpcf7-email wpcf7-validates-as-required wpcf7-text wpcf7-validates-as-email\" autocomplete=\"email\" aria-required=\"true\" aria-invalid=\"false\" value=\"\" type=\"email\" name=\"your-email\" \/><\/span> <\/label>\n<\/p>\n<p><label> Ders<br \/>\n<span class=\"wpcf7-form-control-wrap\" data-name=\"your-subject\"><input size=\"40\" maxlength=\"400\" class=\"wpcf7-form-control wpcf7-text wpcf7-validates-as-required\" aria-required=\"true\" aria-invalid=\"false\" value=\"\" type=\"text\" name=\"your-subject\" \/><\/span> <\/label>\n<\/p>\n<p><label> Mesaj\u0131n\u0131z (iste\u011fe ba\u011fl\u0131)<br \/>\n<span class=\"wpcf7-form-control-wrap\" data-name=\"your-message\"><textarea cols=\"40\" rows=\"10\" maxlength=\"2000\" class=\"wpcf7-form-control wpcf7-textarea\" aria-invalid=\"false\" name=\"your-message\"><\/textarea><\/span> <\/label>\n<\/p>\n<p><input class=\"wpcf7-form-control wpcf7-submit has-spinner\" type=\"submit\" value=\"G\u00f6ndermek i\u00e7in\" \/>\n<\/p><div class=\"wpcf7-response-output\" aria-hidden=\"true\"><\/div>\n<input type=\"hidden\" name=\"trp-form-language\" value=\"tr\"\/><\/form>\n<\/div>","protected":false},"excerpt":{"rendered":"<p>Ficamos felizes em ouvir de voc\u00ea! Se tiver d\u00favidas, sugest\u00f5es ou apenas quiser trocar ideias, n\u00e3o hesite em nos contatar. Utilize o formul\u00e1rio abaixo ou envie-nos um e-mail. Estamos ansiosos para estabelecer conex\u00f5es e responderemos o mais r\u00e1pido poss\u00edvel.<\/p>","protected":false},"author":2,"featured_media":0,"parent":0,"menu_order":0,"comment_status":"closed","ping_status":"closed","template":"","meta":{"footnotes":""},"class_list":["post-24245","page","type-page","status-publish"],"_links":{"self":[{"href":"https:\/\/ccvgaming.com\/tr\/wp-json\/wp\/v2\/pages\/24245","targetHints":{"allow":["GET"]}}],"collection":[{"href":"https:\/\/ccvgaming.com\/tr\/wp-json\/wp\/v2\/pages"}],"about":[{"href":"https:\/\/ccvgaming.com\/tr\/wp-json\/wp\/v2\/types\/page"}],"author":[{"embeddable":true,"href":"https:\/\/ccvgaming.com\/tr\/wp-json\/wp\/v2\/users\/2"}],"replies":[{"embeddable":true,"href":"https:\/\/ccvgaming.com\/tr\/wp-json\/wp\/v2\/comments?post=24245"}],"version-history":[{"count":1,"href":"https:\/\/ccvgaming.com\/tr\/wp-json\/wp\/v2\/pages\/24245\/revisions"}],"predecessor-version":[{"id":25212,"href":"https:\/\/ccvgaming.com\/tr\/wp-json\/wp\/v2\/pages\/24245\/revisions\/25212"}],"wp:attachment":[{"href":"https:\/\/ccvgaming.com\/tr\/wp-json\/wp\/v2\/media?parent=24245"}],"curies":[{"name":"wp","href":"https:\/\/api.w.org\/{rel}","templated":true}]}}