{"id":24242,"date":"2023-11-10T10:40:11","date_gmt":"2023-11-10T13:40:11","guid":{"rendered":"https:\/\/acertarnacompra.com.br\/?page_id=24242"},"modified":"2023-11-27T21:58:44","modified_gmt":"2023-11-28T00:58:44","slug":"dieu-khoan-su-dung","status":"publish","type":"page","link":"https:\/\/ccvgaming.com\/vi\/termos-de-uso\/","title":{"rendered":"\u0110i\u1ec1u kho\u1ea3n s\u1eed d\u1ee5ng"},"content":{"rendered":"<p>\u0110i\u1ec1u kho\u1ea3n v\u00e0 \u0111i\u1ec1u ki\u1ec7n s\u1eed d\u1ee5ng<\/p>\n<p>Ch\u00e0o m\u1eebng \u0111\u1ebfn v\u1edbi MobilePrice BR!<\/p>\n<p>C\u00e1c \u0111i\u1ec1u kho\u1ea3n v\u00e0 \u0111i\u1ec1u ki\u1ec7n n\u00e0y m\u00f4 t\u1ea3 c\u00e1c quy t\u1eafc s\u1eed d\u1ee5ng trang web c\u1ee7a c\u00f4ng ty MobilePrice BR, c\u00f3 \u0111\u1ecba ch\u1ec9 t\u1ea1i https:\/\/ccvgaming.com\/.<\/p>\n<p>B\u1eb1ng c\u00e1ch truy c\u1eadp trang web n\u00e0y, ch\u00fang t\u00f4i coi nh\u01b0 b\u1ea1n \u0111\u00e3 \u0111\u1ed3ng \u00fd v\u1edbi c\u00e1c \u0111i\u1ec1u kho\u1ea3n v\u00e0 \u0111i\u1ec1u ki\u1ec7n d\u01b0\u1edbi \u0111\u00e2y. Vui l\u00f2ng kh\u00f4ng ti\u1ebfp t\u1ee5c s\u1eed d\u1ee5ng MobilePrice BR n\u1ebfu b\u1ea1n kh\u00f4ng \u0111\u1ed3ng \u00fd v\u1edbi c\u00e1c \u0111i\u1ec1u kho\u1ea3n v\u00e0 \u0111i\u1ec1u ki\u1ec7n \u0111\u01b0\u1ee3c m\u00f4 t\u1ea3 trong th\u1ecfa thu\u1eadn n\u00e0y.<\/p>\n<h2>B\u00e1nh quy<\/h2>\n<p>Trang web n\u00e0y s\u1eed d\u1ee5ng cookie \u0111\u1ec3 gi\u00fap c\u00e1 nh\u00e2n h\u00f3a tr\u1ea3i nghi\u1ec7m tr\u1ef1c tuy\u1ebfn c\u1ee7a b\u1ea1n. B\u1eb1ng c\u00e1ch truy c\u1eadp trang web MobilePrice BR, b\u1ea1n \u0111\u1ed3ng \u00fd v\u1edbi vi\u1ec7c s\u1eed d\u1ee5ng c\u00e1c cookie c\u1ea7n thi\u1ebft.<\/p>\n<p>Cookie l\u00e0 c\u00e1c t\u1ec7p v\u0103n b\u1ea3n \u0111\u01b0\u1ee3c m\u00e1y ch\u1ee7 trang web \u0111\u1eb7t tr\u00ean \u1ed5 c\u1ee9ng c\u1ee7a b\u1ea1n. Cookie kh\u00f4ng \u0111\u01b0\u1ee3c ph\u00e9p ch\u1ea1y ch\u01b0\u01a1ng tr\u00ecnh ho\u1eb7c truy\u1ec1n virus v\u00e0o m\u00e1y t\u00ednh c\u1ee7a b\u1ea1n. Cookie \u0111\u01b0\u1ee3c li\u00ean k\u1ebft duy nh\u1ea5t v\u1edbi b\u1ea1n v\u00e0 ch\u1ec9 c\u00f3 th\u1ec3 \u0111\u01b0\u1ee3c \u0111\u1ecdc b\u1edfi m\u00e1y ch\u1ee7 web c\u1ee7a mi\u1ec1n \u0111\u00e3 ph\u00e1t h\u00e0nh cookie \u0111\u00f3.<\/p>\n<p>Ch\u00fang t\u00f4i c\u00f3 th\u1ec3 s\u1eed d\u1ee5ng cookie \u0111\u1ec3 thu th\u1eadp, l\u01b0u tr\u1eef ho\u1eb7c theo d\u00f5i th\u00f4ng tin cho m\u1ee5c \u0111\u00edch th\u1ed1ng k\u00ea v\u00e0 ti\u1ebfp th\u1ecb tr\u00ean trang web c\u1ee7a ch\u00fang t\u00f4i. B\u1ea1n c\u00f3 th\u1ec3 l\u1ef1a ch\u1ecdn ch\u1ea5p nh\u1eadn ho\u1eb7c t\u1eeb ch\u1ed1i c\u00e1c cookie t\u00f9y ch\u1ecdn. C\u00f3 m\u1ed9t s\u1ed1 cookie b\u1eaft bu\u1ed9c, c\u1ea7n thi\u1ebft cho ho\u1ea1t \u0111\u1ed9ng c\u1ee7a trang web ch\u00fang t\u00f4i. C\u00e1c cookie b\u1eaft bu\u1ed9c n\u00e0y y\u00eau c\u1ea7u s\u1ef1 \u0111\u1ed3ng \u00fd c\u1ee7a b\u1ea1n. Xin l\u01b0u \u00fd r\u1eb1ng b\u1eb1ng c\u00e1ch ch\u1ea5p nh\u1eadn c\u00e1c cookie b\u1eaft bu\u1ed9c, b\u1ea1n c\u0169ng s\u1ebd ch\u1ea5p nh\u1eadn c\u00e1c cookie c\u1ee7a b\u00ean th\u1ee9 ba, c\u00f3 th\u1ec3 \u0111\u01b0\u1ee3c s\u1eed d\u1ee5ng b\u1edfi c\u00e1c b\u00ean th\u1ee9 ba n\u1ebfu b\u1ea1n s\u1eed d\u1ee5ng c\u00e1c d\u1ecbch v\u1ee5 do h\u1ecd cung c\u1ea5p tr\u00ean trang web c\u1ee7a ch\u00fang t\u00f4i \u2013 v\u00ed d\u1ee5: c\u1eeda s\u1ed5 ph\u00e1t video do c\u00e1c c\u00f4ng ty b\u00ean th\u1ee9 ba cung c\u1ea5p v\u00e0 \u0111\u01b0\u1ee3c t\u00edch h\u1ee3p v\u00e0o trang web c\u1ee7a ch\u00fang t\u00f4i.<\/p>\n<h2>Gi\u1ea5y ph\u00e9p<\/h2>\n<p>Tr\u1eeb khi c\u00f3 ch\u1ec9 d\u1eabn kh\u00e1c, MobilePric BR v\u00e0 c\u00e1c b\u00ean c\u1ea5p ph\u00e9p c\u1ee7a MobilePric BR s\u1edf h\u1eefu quy\u1ec1n s\u1edf h\u1eefu tr\u00ed tu\u1ec7 \u0111\u1ed1i v\u1edbi t\u1ea5t c\u1ea3 t\u00e0i li\u1ec7u \u0111\u01b0\u1ee3c \u0111\u0103ng t\u1ea3i tr\u00ean MobilePric BR. T\u1ea5t c\u1ea3 c\u00e1c quy\u1ec1n s\u1edf h\u1eefu tr\u00ed tu\u1ec7 \u0111\u1ec1u \u0111\u01b0\u1ee3c b\u1ea3o l\u01b0u.<\/p>\n<h2>B\u1ea1n kh\u00f4ng \u0111\u01b0\u1ee3c ph\u00e9p:<\/h2>\n<p>Vi\u1ec7c sao ch\u00e9p ho\u1eb7c \u0111\u0103ng l\u1ea1i t\u00e0i li\u1ec7u t\u1eeb MobilePrice BR b\u1ecb nghi\u00eam c\u1ea5m.<br \/>\nB\u00e1n, cho thu\u00ea ho\u1eb7c cho thu\u00ea l\u1ea1i v\u1eadt li\u1ec7u t\u1eeb MobilePrice BR<br \/>\nNghi\u00eam c\u1ea5m sao ch\u00e9p, nh\u00e2n b\u1ea3n ho\u1eb7c t\u00e1i t\u1ea1o b\u1ea5t k\u1ef3 n\u1ed9i dung n\u00e0o t\u1eeb MobilePrice BR.<br \/>\nPh\u00e2n ph\u1ed1i l\u1ea1i n\u1ed9i dung t\u1eeb MobilePrice BR.<\/p>\n<h3>Th\u1ecfa thu\u1eadn n\u00e0y c\u00f3 hi\u1ec7u l\u1ef1c k\u1ec3 t\u1eeb ng\u00e0y k\u00fd k\u1ebft.<\/h3>\n<p>M\u1ed9t s\u1ed1 ph\u1ea7n c\u1ee7a trang web n\u00e0y cung c\u1ea5p cho ng\u01b0\u1eddi d\u00f9ng c\u01a1 h\u1ed9i \u0111\u0103ng t\u1ea3i v\u00e0 th\u1ea3o lu\u1eadn \u00fd ki\u1ebfn v\u00e0 th\u00f4ng tin trong c\u00e1c l\u0129nh v\u1ef1c c\u1ee5 th\u1ec3. MobilePric BR kh\u00f4ng l\u1ecdc, ch\u1ec9nh s\u1eeda, xu\u1ea5t b\u1ea3n ho\u1eb7c xem x\u00e9t c\u00e1c B\u00ecnh lu\u1eadn tr\u01b0\u1edbc khi ch\u00fang \u0111\u01b0\u1ee3c hi\u1ec3n th\u1ecb tr\u00ean trang web. C\u00e1c B\u00ecnh lu\u1eadn ph\u1ea3n \u00e1nh \u00fd ki\u1ebfn c\u1ee7a ng\u01b0\u1eddi \u0111\u0103ng t\u1ea3i. Trong ph\u1ea1m vi \u0111\u01b0\u1ee3c ph\u00e1p lu\u1eadt hi\u1ec7n h\u00e0nh cho ph\u00e9p, MobilePric BR kh\u00f4ng ch\u1ecbu tr\u00e1ch nhi\u1ec7m ph\u00e1p l\u00fd \u0111\u1ed1i v\u1edbi c\u00e1c B\u00ecnh lu\u1eadn ho\u1eb7c b\u1ea5t k\u1ef3 thi\u1ec7t h\u1ea1i, r\u1ee7i ro ho\u1eb7c chi ph\u00ed n\u00e0o ph\u00e1t sinh ho\u1eb7c ph\u1ea3i g\u00e1nh ch\u1ecbu do vi\u1ec7c s\u1eed d\u1ee5ng, \u0111\u0103ng t\u1ea3i v\u00e0\/ho\u1eb7c hi\u1ec3n th\u1ecb c\u00e1c B\u00ecnh lu\u1eadn tr\u00ean trang web n\u00e0y.<\/p>\n<p>MobilePrice BR c\u00f3 quy\u1ec1n x\u00f3a b\u1ea5t k\u1ef3 b\u00ecnh lu\u1eadn n\u00e0o \u0111\u01b0\u1ee3c coi l\u00e0 kh\u00f4ng ph\u00f9 h\u1ee3p, x\u00fac ph\u1ea1m ho\u1eb7c vi ph\u1ea1m c\u00e1c \u0110i\u1ec1u kho\u1ea3n v\u00e0 \u0110i\u1ec1u ki\u1ec7n c\u1ee7a th\u1ecfa thu\u1eadn n\u00e0y.<\/p>\n<h3>B\u1ea1n cam k\u1ebft v\u00e0 \u0111\u1ea3m b\u1ea3o r\u1eb1ng:<\/h3>\n<p>B\u1ea1n c\u00f3 quy\u1ec1n \u0111\u0103ng b\u00ecnh lu\u1eadn tr\u00ean trang web c\u1ee7a ch\u00fang t\u00f4i v\u00e0 c\u00f3 \u0111\u1ea7y \u0111\u1ee7 gi\u1ea5y ph\u00e9p v\u00e0 s\u1ef1 \u0111\u1ed3ng \u00fd c\u1ea7n thi\u1ebft \u0111\u1ec3 l\u00e0m nh\u01b0 v\u1eady;<br \/>\nNh\u1eefng b\u00ecnh lu\u1eadn c\u1ee7a b\u1ea1n kh\u00f4ng vi ph\u1ea1m b\u1ea5t k\u1ef3 quy\u1ec1n s\u1edf h\u1eefu tr\u00ed tu\u1ec7 n\u00e0o, bao g\u1ed3m b\u1ea3n quy\u1ec1n, b\u1eb1ng s\u00e1ng ch\u1ebf ho\u1eb7c nh\u00e3n hi\u1ec7u c\u1ee7a b\u00ean th\u1ee9 ba;<br \/>\nC\u00e1c b\u00ecnh lu\u1eadn c\u1ee7a b\u1ea1n kh\u00f4ng ch\u1ee9a n\u1ed9i dung ph\u1ec9 b\u00e1ng, vu kh\u1ed1ng, x\u00fac ph\u1ea1m, khi\u1ebfm nh\u00e3 ho\u1eb7c b\u1ea5t h\u1ee3p ph\u00e1p n\u00e0o kh\u00e1c x\u00e2m ph\u1ea1m quy\u1ec1n ri\u00eang t\u01b0.<br \/>\n\u00dd ki\u1ebfn c\u1ee7a b\u1ea1n s\u1ebd kh\u00f4ng \u0111\u01b0\u1ee3c s\u1eed d\u1ee5ng \u0111\u1ec3 ch\u00e0o m\u1eddi ho\u1eb7c qu\u1ea3ng b\u00e1 kinh doanh, ho\u1eb7c tr\u00ecnh b\u00e0y c\u00e1c ho\u1ea1t \u0111\u1ed9ng th\u01b0\u01a1ng m\u1ea1i ho\u1eb7c b\u1ea5t h\u1ee3p ph\u00e1p.<\/p>\n<p>B\u1ea1n theo \u0111\u00e2y c\u1ea5p cho MobilePric BR gi\u1ea5y ph\u00e9p kh\u00f4ng \u0111\u1ed9c quy\u1ec1n \u0111\u1ec3 s\u1eed d\u1ee5ng, sao ch\u00e9p, ch\u1ec9nh s\u1eeda v\u00e0 cho ph\u00e9p ng\u01b0\u1eddi kh\u00e1c s\u1eed d\u1ee5ng, sao ch\u00e9p ho\u1eb7c ch\u1ec9nh s\u1eeda b\u1ea5t k\u1ef3 B\u00ecnh lu\u1eadn n\u00e0o c\u1ee7a b\u1ea1n d\u01b0\u1edbi m\u1ecdi h\u00ecnh th\u1ee9c, \u0111\u1ecbnh d\u1ea1ng v\u00e0 ph\u01b0\u01a1ng ti\u1ec7n.<\/p>\n<h2>T\u1ea1o li\u00ean k\u1ebft \u0111\u1ebfn n\u1ed9i dung c\u1ee7a ch\u00fang t\u00f4i<\/h2>\n<p>C\u00e1c t\u1ed5 ch\u1ee9c sau \u0111\u00e2y c\u00f3 th\u1ec3 li\u00ean k\u1ebft \u0111\u1ebfn Trang web c\u1ee7a ch\u00fang t\u00f4i m\u00e0 kh\u00f4ng c\u1ea7n s\u1ef1 ch\u1ea5p thu\u1eadn b\u1eb1ng v\u0103n b\u1ea3n tr\u01b0\u1edbc:<\/p>\n<ul>\n<li>C\u00e1c c\u01a1 quan ch\u00ednh ph\u1ee7;<\/li>\n<li>C\u00f4ng c\u1ee5 t\u00ecm ki\u1ebfm;<\/li>\n<li>C\u00e1c t\u1ed5 ch\u1ee9c truy\u1ec1n th\u00f4ng;<\/li>\n<li>C\u00e1c nh\u00e0 ph\u00e2n ph\u1ed1i danh b\u1ea1 tr\u1ef1c tuy\u1ebfn c\u00f3 th\u1ec3 ch\u00e8n li\u00ean k\u1ebft \u0111\u1ebfn Trang web c\u1ee7a ch\u00fang t\u00f4i theo c\u00e1ch t\u01b0\u01a1ng t\u1ef1 nh\u01b0 h\u1ecd ch\u00e8n si\u00eau li\u00ean k\u1ebft \u0111\u1ebfn Trang web c\u1ee7a c\u00e1c doanh nghi\u1ec7p kh\u00e1c \u0111\u01b0\u1ee3c li\u1ec7t k\u00ea;<\/li>\n<li>C\u00e1c doanh nghi\u1ec7p \u0111\u01b0\u1ee3c ch\u1ee9ng nh\u1eadn, ngo\u1ea1i tr\u1eeb c\u00e1c t\u1ed5 ch\u1ee9c g\u00e2y qu\u1ef9 phi l\u1ee3i nhu\u1eadn v\u00e0 c\u00e1c nh\u00f3m g\u00e2y qu\u1ef9 t\u1eeb thi\u1ec7n, kh\u00f4ng \u0111\u01b0\u1ee3c ph\u00e9p ch\u00e8n li\u00ean k\u1ebft \u0111\u1ebfn Trang web c\u1ee7a ch\u00fang t\u00f4i n\u1ebfu ch\u01b0a \u0111\u01b0\u1ee3c ph\u00ea duy\u1ec7t tr\u01b0\u1edbc.<\/li>\n<\/ul>\n<p>C\u00e1c t\u1ed5 ch\u1ee9c n\u00e0y c\u00f3 th\u1ec3 \u0111\u0103ng li\u00ean k\u1ebft \u0111\u1ebfn trang ch\u1ee7, c\u00e1c \u1ea5n ph\u1ea9m ho\u1eb7c th\u00f4ng tin kh\u00e1c tr\u00ean Trang web c\u1ee7a ch\u00fang t\u00f4i, v\u1edbi \u0111i\u1ec1u ki\u1ec7n li\u00ean k\u1ebft \u0111\u00f3: (a) kh\u00f4ng g\u00e2y hi\u1ec3u nh\u1ea7m d\u01b0\u1edbi b\u1ea5t k\u1ef3 h\u00ecnh th\u1ee9c n\u00e0o; (b) kh\u00f4ng ng\u1ee5 \u00fd sai v\u1ec1 s\u1ef1 t\u1ed3n t\u1ea1i c\u1ee7a m\u1ed1i quan h\u1ec7 t\u00e0i tr\u1ee3, ch\u1ee9ng th\u1ef1c ho\u1eb7c ph\u00ea duy\u1ec7t gi\u1eefa ch\u00fang t\u00f4i v\u00e0 b\u1ea5t k\u1ef3 s\u1ea3n ph\u1ea9m v\u00e0\/ho\u1eb7c d\u1ecbch v\u1ee5 n\u00e0o; v\u00e0 (c) ph\u00f9 h\u1ee3p v\u1edbi ng\u1eef c\u1ea3nh m\u00e0 n\u00f3 \u0111\u01b0\u1ee3c ch\u00e8n v\u00e0o.<\/p>\n<p><strong>Ch\u00fang t\u00f4i c\u00f3 th\u1ec3 xem x\u00e9t v\u00e0 ch\u1ea5p thu\u1eadn c\u00e1c y\u00eau c\u1ea7u li\u00ean k\u1ebft \u0111\u01b0\u1ee3c g\u1eedi b\u1edfi c\u00e1c lo\u1ea1i t\u1ed5 ch\u1ee9c sau:<\/strong><\/p>\n<ul>\n<li>C\u00e1c ngu\u1ed3n th\u00f4ng tin n\u1ed5i ti\u1ebfng v\u1ec1 s\u1ea3n ph\u1ea9m v\u00e0 doanh nghi\u1ec7p;<\/li>\n<li>c\u00e1c trang web c\u1ed9ng \u0111\u1ed3ng dot.com;<\/li>\n<li>c\u00e1c hi\u1ec7p h\u1ed9i v\u00e0 c\u00e1c nh\u00f3m kh\u00e1c \u0111\u1ea1i di\u1ec7n cho c\u00e1c t\u1ed5 ch\u1ee9c t\u1eeb thi\u1ec7n;<\/li>\n<li>C\u00e1c nh\u00e0 ph\u00e2n ph\u1ed1i danh b\u1ea1 tr\u1ef1c tuy\u1ebfn;<br \/>\nC\u1ed5ng th\u00f4ng tin internet;<\/li>\n<li>C\u00e1c c\u00f4ng ty k\u1ebf to\u00e1n, lu\u1eadt v\u00e0 t\u01b0 v\u1ea5n; v\u00e0 c\u00e1c t\u1ed5 ch\u1ee9c gi\u00e1o d\u1ee5c v\u00e0 hi\u1ec7p h\u1ed9i ngh\u1ec1 nghi\u1ec7p.<\/li>\n<\/ul>\n<p>Ch\u00fang t\u00f4i s\u1ebd ch\u1ea5p thu\u1eadn c\u00e1c y\u00eau c\u1ea7u li\u00ean k\u1ebft \u0111\u01b0\u1ee3c th\u1ef1c hi\u1ec7n b\u1edfi c\u00e1c lo\u1ea1i t\u1ed5 ch\u1ee9c \u0111\u01b0\u1ee3c li\u1ec7t k\u00ea \u1edf tr\u00ean n\u1ebfu ch\u00fang t\u00f4i \u0111\u00e1nh gi\u00e1 r\u1eb1ng: (a) li\u00ean k\u1ebft \u0111\u00f3 kh\u00f4ng g\u00e2y t\u1ed5n h\u1ea1i \u0111\u1ebfn h\u00ecnh \u1ea3nh c\u1ee7a ch\u00fang t\u00f4i v\u00e0\/ho\u1eb7c h\u00ecnh \u1ea3nh c\u1ee7a c\u00e1c c\u00f4ng ty \u0111\u01b0\u1ee3c ch\u1ee9ng nh\u1eadn; (b) t\u1ed5 ch\u1ee9c y\u00eau c\u1ea7u kh\u00f4ng c\u00f3 l\u1ecbch s\u1eed ti\u00eau c\u1ef1c v\u1edbi ch\u00fang t\u00f4i; (c) l\u1ee3i \u00edch m\u00e0 ch\u00fang t\u00f4i thu \u0111\u01b0\u1ee3c t\u1eeb vi\u1ec7c hi\u1ec3n th\u1ecb li\u00ean k\u1ebft b\u00f9 \u0111\u1eafp cho s\u1ef1 thi\u1ebfu v\u1eafng c\u1ee7a MobilePric BR; v\u00e0 (d) li\u00ean k\u1ebft s\u1ebd \u0111\u01b0\u1ee3c ch\u00e8n v\u00e0o trong b\u1ed1i c\u1ea3nh th\u00f4ng tin chung.<\/p>\n<p>C\u00e1c t\u1ed5 ch\u1ee9c n\u00e0y c\u00f3 th\u1ec3 \u0111\u0103ng li\u00ean k\u1ebft \u0111\u1ebfn trang ch\u1ee7 c\u1ee7a ch\u00fang t\u00f4i v\u1edbi \u0111i\u1ec1u ki\u1ec7n li\u00ean k\u1ebft \u0111\u00f3: (a) kh\u00f4ng g\u00e2y hi\u1ec3u nh\u1ea7m d\u01b0\u1edbi b\u1ea5t k\u1ef3 h\u00ecnh th\u1ee9c n\u00e0o; (b) kh\u00f4ng ng\u1ee5 \u00fd sai s\u1ef1 t\u1ed3n t\u1ea1i c\u1ee7a m\u1ed1i quan h\u1ec7 t\u00e0i tr\u1ee3, ch\u1ee9ng th\u1ef1c ho\u1eb7c ph\u00ea duy\u1ec7t s\u1ea3n ph\u1ea9m v\u00e0\/ho\u1eb7c d\u1ecbch v\u1ee5 t\u1eeb ph\u00eda ch\u00fang t\u00f4i; v\u00e0 (c) ph\u00f9 h\u1ee3p v\u1edbi ng\u1eef c\u1ea3nh m\u00e0 n\u00f3 \u0111\u01b0\u1ee3c ch\u00e8n v\u00e0o.<\/p>\n<p>N\u1ebfu b\u1ea1n \u0111\u1ea1i di\u1ec7n cho m\u1ed9t trong nh\u1eefng t\u1ed5 ch\u1ee9c \u0111\u01b0\u1ee3c li\u1ec7t k\u00ea trong \u0111o\u1ea1n 2 \u1edf tr\u00ean v\u00e0 quan t\u00e2m \u0111\u1ebfn vi\u1ec7c \u0111\u0103ng li\u00ean k\u1ebft \u0111\u1ebfn trang web c\u1ee7a ch\u00fang t\u00f4i, vui l\u00f2ng th\u00f4ng b\u00e1o cho ch\u00fang t\u00f4i b\u1eb1ng c\u00e1ch g\u1eedi email \u0111\u1ebfn MobilePrice BR. Vui l\u00f2ng bao g\u1ed3m t\u00ean c\u1ee7a b\u1ea1n, t\u00ean v\u00e0 th\u00f4ng tin li\u00ean h\u1ec7 c\u1ee7a t\u1ed5 ch\u1ee9c, c\u0169ng nh\u01b0 URL trang web c\u1ee7a b\u1ea1n, danh s\u00e1ch c\u00e1c URL tr\u00ean trang web c\u1ee7a ch\u00fang t\u00f4i m\u00e0 b\u1ea1n d\u1ef1 \u0111\u1ecbnh s\u1eed d\u1ee5ng l\u00e0m li\u00ean k\u1ebft, v\u00e0 danh s\u00e1ch c\u00e1c trang web m\u00e0 b\u1ea1n d\u1ef1 \u0111\u1ecbnh \u0111\u0103ng t\u1ea3i c\u00e1c URL c\u1ee7a ch\u00fang t\u00f4i. Vui l\u00f2ng ch\u1edd 2-3 tu\u1ea7n \u0111\u1ec3 nh\u1eadn \u0111\u01b0\u1ee3c ph\u1ea3n h\u1ed3i.<\/p>\n<p><strong>C\u00e1c t\u1ed5 ch\u1ee9c \u0111\u01b0\u1ee3c ch\u1ea5p thu\u1eadn c\u00f3 th\u1ec3 \u0111\u0103ng li\u00ean k\u1ebft \u0111\u1ebfn Trang web c\u1ee7a ch\u00fang t\u00f4i theo c\u00e1c c\u00e1ch sau:<\/strong><\/p>\n<ul>\n<li>S\u1eed d\u1ee5ng t\u00ean c\u00f4ng ty c\u1ee7a ch\u00fang t\u00f4i; ho\u1eb7c<\/li>\n<li>S\u1eed d\u1ee5ng URL m\u00e0 li\u00ean k\u1ebft \u0111\u00f3 chuy\u1ec3n h\u01b0\u1edbng \u0111\u1ebfn; ho\u1eb7c<\/li>\n<li>B\u1ea1n c\u00f3 th\u1ec3 s\u1eed d\u1ee5ng b\u1ea5t k\u1ef3 m\u00f4 t\u1ea3 n\u00e0o kh\u00e1c v\u1ec1 Trang web c\u1ee7a ch\u00fang t\u00f4i sao cho ph\u00f9 h\u1ee3p v\u1edbi ng\u1eef c\u1ea3nh v\u00e0 \u0111\u1ecbnh d\u1ea1ng c\u1ee7a n\u1ed9i dung n\u01a1i li\u00ean k\u1ebft \u0111\u01b0\u1ee3c ch\u00e8n v\u00e0o.<\/li>\n<\/ul>\n<p>Vi\u1ec7c s\u1eed d\u1ee5ng ho\u1eb7c c\u00f4ng b\u1ed1 c\u00e1c li\u00ean k\u1ebft \u0111\u1ebfn logo MobilePric BR v\u00e0\/ho\u1eb7c c\u00e1c y\u1ebfu t\u1ed1 h\u00ecnh \u1ea3nh kh\u00e1c l\u00e0 kh\u00f4ng \u0111\u01b0\u1ee3c ph\u00e9p n\u1ebfu kh\u00f4ng c\u00f3 th\u1ecfa thu\u1eadn c\u1ea5p ph\u00e9p th\u01b0\u01a1ng hi\u1ec7u.<\/p>\n<h3>Tr\u00e1ch nhi\u1ec7m v\u1ec1 n\u1ed9i dung<\/h3>\n<p>Ch\u00fang t\u00f4i s\u1ebd kh\u00f4ng ch\u1ecbu tr\u00e1ch nhi\u1ec7m ph\u00e1p l\u00fd \u0111\u1ed1i v\u1edbi b\u1ea5t k\u1ef3 n\u1ed9i dung n\u00e0o xu\u1ea5t hi\u1ec7n tr\u00ean Trang web c\u1ee7a b\u1ea1n. B\u1ea1n \u0111\u1ed3ng \u00fd b\u1ea3o v\u1ec7 v\u00e0 b\u00e0o ch\u1eefa cho ch\u00fang t\u00f4i tr\u01b0\u1edbc m\u1ecdi khi\u1ebfu n\u1ea1i \u0111\u01b0\u1ee3c \u0111\u01b0a ra tr\u00ean Trang web c\u1ee7a b\u1ea1n. Kh\u00f4ng \u0111\u01b0\u1ee3c ph\u00e9p xu\u1ea5t hi\u1ec7n b\u1ea5t k\u1ef3 li\u00ean k\u1ebft n\u00e0o tr\u00ean b\u1ea5t k\u1ef3 Trang web n\u00e0o c\u00f3 th\u1ec3 \u0111\u01b0\u1ee3c hi\u1ec3u l\u00e0 ph\u1ec9 b\u00e1ng, t\u1ee5c t\u0129u, ph\u1ea1m t\u1ed9i ho\u1eb7c x\u00e2m ph\u1ea1m, vi ph\u1ea1m ho\u1eb7c c\u1ed5 v\u0169 vi\u1ec7c x\u00e2m ph\u1ea1m quy\u1ec1n c\u1ee7a b\u00ean th\u1ee9 ba.<\/p>\n<h3>B\u1ea3o l\u01b0u quy\u1ec1n<\/h3>\n<p>Ch\u00fang t\u00f4i c\u00f3 quy\u1ec1n y\u00eau c\u1ea7u b\u1ea1n x\u00f3a t\u1ea5t c\u1ea3 c\u00e1c li\u00ean k\u1ebft ho\u1eb7c b\u1ea5t k\u1ef3 li\u00ean k\u1ebft n\u00e0o d\u1eabn \u0111\u1ebfn trang web c\u1ee7a ch\u00fang t\u00f4i. B\u1ea1n \u0111\u1ed3ng \u00fd ngay l\u1eadp t\u1ee9c x\u00f3a t\u1ea5t c\u1ea3 c\u00e1c li\u00ean k\u1ebft \u0111\u1ebfn trang web c\u1ee7a ch\u00fang t\u00f4i khi nh\u1eadn \u0111\u01b0\u1ee3c y\u00eau c\u1ea7u x\u00f3a. Ch\u00fang t\u00f4i c\u0169ng c\u00f3 quy\u1ec1n s\u1eeda \u0111\u1ed5i v\u00e0 b\u1ed5 sung c\u00e1c \u0111i\u1ec1u kho\u1ea3n v\u00e0 \u0111i\u1ec1u ki\u1ec7n n\u00e0y b\u1ea5t c\u1ee9 l\u00fac n\u00e0o. B\u1eb1ng c\u00e1ch ti\u1ebfp t\u1ee5c \u0111\u0103ng c\u00e1c li\u00ean k\u1ebft \u0111\u1ebfn trang web c\u1ee7a ch\u00fang t\u00f4i, b\u1ea1n \u0111\u1ed3ng \u00fd b\u1ecb r\u00e0ng bu\u1ed9c b\u1edfi c\u00e1c \u0111i\u1ec1u kho\u1ea3n v\u00e0 \u0111i\u1ec1u ki\u1ec7n n\u00e0y li\u00ean quan \u0111\u1ebfn c\u00e1c li\u00ean k\u1ebft.<\/p>\n<h3>X\u00f3a c\u00e1c li\u00ean k\u1ebft \u0111\u01b0\u1ee3c \u0111\u0103ng tr\u00ean trang web c\u1ee7a ch\u00fang t\u00f4i<\/h3>\n<p>N\u1ebfu b\u1ea1n th\u1ea5y b\u1ea5t k\u1ef3 li\u00ean k\u1ebft n\u00e0o tr\u00ean Trang web c\u1ee7a ch\u00fang t\u00f4i g\u00e2y kh\u00f3 ch\u1ecbu d\u01b0\u1edbi b\u1ea5t k\u1ef3 h\u00ecnh th\u1ee9c n\u00e0o, b\u1ea1n c\u00f3 th\u1ec3 li\u00ean h\u1ec7 v\u1edbi ch\u00fang t\u00f4i v\u00e0 th\u00f4ng b\u00e1o cho ch\u00fang t\u00f4i v\u1ec1 v\u1ea5n \u0111\u1ec1 \u0111\u00f3 b\u1ea5t c\u1ee9 l\u00fac n\u00e0o. Ch\u00fang t\u00f4i s\u1ebd xem x\u00e9t c\u00e1c y\u00eau c\u1ea7u x\u00f3a li\u00ean k\u1ebft, nh\u01b0ng ch\u00fang t\u00f4i kh\u00f4ng c\u00f3 ngh\u0129a v\u1ee5 ph\u1ea3i x\u00f3a b\u1ea5t k\u1ef3 li\u00ean k\u1ebft n\u00e0o kh\u1ecfi trang web c\u1ee7a m\u00ecnh ho\u1eb7c tr\u1ea3 l\u1eddi tr\u1ef1c ti\u1ebfp y\u00eau c\u1ea7u c\u1ee7a b\u1ea1n.<\/p>\n<p>Ch\u00fang t\u00f4i kh\u00f4ng \u0111\u1ea3m b\u1ea3o r\u1eb1ng th\u00f4ng tin tr\u00ean trang web n\u00e0y l\u00e0 ch\u00ednh x\u00e1c. Ch\u00fang t\u00f4i kh\u00f4ng \u0111\u1ea3m b\u1ea3o t\u00ednh \u0111\u1ea7y \u0111\u1ee7 ho\u1eb7c ch\u00ednh x\u00e1c c\u1ee7a n\u1ed9i dung. Ch\u00fang t\u00f4i kh\u00f4ng \u0111\u1ea3m b\u1ea3o r\u1eb1ng trang web s\u1ebd lu\u00f4n ho\u1ea1t \u0111\u1ed9ng ho\u1eb7c t\u00e0i li\u1ec7u tr\u00ean trang web s\u1ebd lu\u00f4n \u0111\u01b0\u1ee3c c\u1eadp nh\u1eadt.<\/p>\n<h3>Tuy\u00ean b\u1ed1 mi\u1ec5n tr\u1eeb tr\u00e1ch nhi\u1ec7m<\/h3>\n<p>Trong ph\u1ea1m vi t\u1ed1i \u0111a \u0111\u01b0\u1ee3c ph\u00e1p lu\u1eadt cho ph\u00e9p, ch\u00fang t\u00f4i lo\u1ea1i tr\u1eeb t\u1ea5t c\u1ea3 c\u00e1c tuy\u00ean b\u1ed1, b\u1ea3o \u0111\u1ea3m v\u00e0 \u0111i\u1ec1u ki\u1ec7n li\u00ean quan \u0111\u1ebfn trang web c\u1ee7a ch\u00fang t\u00f4i v\u00e0 vi\u1ec7c s\u1eed d\u1ee5ng trang web n\u00e0y. Kh\u00f4ng c\u00f3 \u0111i\u1ec1u kho\u1ea3n n\u00e0o trong tuy\u00ean b\u1ed1 t\u1eeb ch\u1ed1i tr\u00e1ch nhi\u1ec7m n\u00e0y s\u1ebd:<\/p>\n<ul>\n<li>nh\u1eb1m h\u1ea1n ch\u1ebf ho\u1eb7c lo\u1ea1i tr\u1eeb tr\u00e1ch nhi\u1ec7m c\u1ee7a ch\u00fang t\u00f4i ho\u1eb7c tr\u00e1ch nhi\u1ec7m c\u1ee7a b\u1ea1n \u0111\u1ed1i v\u1edbi tr\u01b0\u1eddng h\u1ee3p t\u1eed vong ho\u1eb7c th\u01b0\u01a1ng t\u00edch c\u00e1 nh\u00e2n;<\/li>\n<li>nh\u1eb1m h\u1ea1n ch\u1ebf ho\u1eb7c lo\u1ea1i tr\u1eeb tr\u00e1ch nhi\u1ec7m c\u1ee7a ch\u00fang t\u00f4i ho\u1eb7c tr\u00e1ch nhi\u1ec7m c\u1ee7a b\u1ea1n \u0111\u1ed1i v\u1edbi h\u00e0nh vi gian l\u1eadn ho\u1eb7c tr\u00ecnh b\u00e0y sai s\u1ef1 th\u1eadt m\u1ed9t c\u00e1ch gian l\u1eadn;<\/li>\n<li>nh\u1eb1m h\u1ea1n ch\u1ebf tr\u00e1ch nhi\u1ec7m ph\u00e1p l\u00fd c\u1ee7a ch\u00fang t\u00f4i ho\u1eb7c c\u1ee7a b\u1ea1n theo b\u1ea5t k\u1ef3 c\u00e1ch n\u00e0o kh\u00f4ng \u0111\u01b0\u1ee3c ph\u00e1p lu\u1eadt cho ph\u00e9p;<\/li>\n<li>\u0111\u1ec3 lo\u1ea1i tr\u1eeb b\u1ea5t k\u1ef3 tr\u00e1ch nhi\u1ec7m ph\u00e1p l\u00fd n\u00e0o c\u1ee7a b\u1ea1n ho\u1eb7c c\u1ee7a ch\u00fang t\u00f4i m\u00e0 kh\u00f4ng th\u1ec3 lo\u1ea1i tr\u1eeb theo lu\u1eadt hi\u1ec7n h\u00e0nh.<\/li>\n<\/ul>\n<p>C\u00e1c gi\u1edbi h\u1ea1n v\u00e0 lo\u1ea1i tr\u1eeb tr\u00e1ch nhi\u1ec7m \u0111\u01b0\u1ee3c li\u1ec7t k\u00ea trong Ph\u1ea7n n\u00e0y v\u00e0 c\u00e1c ph\u1ea7n kh\u00e1c trong tuy\u00ean b\u1ed1 n\u00e0y: (a) tu\u00e2n theo \u0111o\u1ea1n tr\u01b0\u1edbc; v\u00e0 (b) chi ph\u1ed1i t\u1ea5t c\u1ea3 c\u00e1c tr\u00e1ch nhi\u1ec7m ph\u00e1t sinh theo tuy\u00ean b\u1ed1 n\u00e0y, bao g\u1ed3m tr\u00e1ch nhi\u1ec7m ph\u00e1t sinh theo h\u1ee3p \u0111\u1ed3ng, theo lu\u1eadt d\u00e2n s\u1ef1 v\u00e0 theo lu\u1eadt \u0111\u1ecbnh.<\/p>\n<p>Ch\u1eebng n\u00e0o trang web v\u00e0 th\u00f4ng tin, d\u1ecbch v\u1ee5 tr\u00ean trang web c\u00f2n \u0111\u01b0\u1ee3c cung c\u1ea5p mi\u1ec5n ph\u00ed, ch\u00fang t\u00f4i s\u1ebd kh\u00f4ng ch\u1ecbu tr\u00e1ch nhi\u1ec7m cho b\u1ea5t k\u1ef3 t\u1ed5n th\u1ea5t ho\u1eb7c thi\u1ec7t h\u1ea1i n\u00e0o.<\/p>","protected":false},"excerpt":{"rendered":"<p>Termos e Condi\u00e7\u00f5es de Uso Seja bem-vindo ao MobilePric BR! Estes termos e condi\u00e7\u00f5es descrevem as regras de uso do site da empresa MobilePric BR, localizado no endere\u00e7o https:\/\/ccvgaming.com\/. Ao acessar este site, consideramos que voc\u00ea est\u00e1 de acordo com os termos e condi\u00e7\u00f5es abaixo. N\u00e3o continue a usar o MobilePric BR caso voc\u00ea discorde [&hellip;]<\/p>\n","protected":false},"author":2,"featured_media":0,"parent":0,"menu_order":0,"comment_status":"closed","ping_status":"closed","template":"","meta":{"footnotes":""},"class_list":["post-24242","page","type-page","status-publish"],"_links":{"self":[{"href":"https:\/\/ccvgaming.com\/vi\/wp-json\/wp\/v2\/pages\/24242","targetHints":{"allow":["GET"]}}],"collection":[{"href":"https:\/\/ccvgaming.com\/vi\/wp-json\/wp\/v2\/pages"}],"about":[{"href":"https:\/\/ccvgaming.com\/vi\/wp-json\/wp\/v2\/types\/page"}],"author":[{"embeddable":true,"href":"https:\/\/ccvgaming.com\/vi\/wp-json\/wp\/v2\/users\/2"}],"replies":[{"embeddable":true,"href":"https:\/\/ccvgaming.com\/vi\/wp-json\/wp\/v2\/comments?post=24242"}],"version-history":[{"count":0,"href":"https:\/\/ccvgaming.com\/vi\/wp-json\/wp\/v2\/pages\/24242\/revisions"}],"wp:attachment":[{"href":"https:\/\/ccvgaming.com\/vi\/wp-json\/wp\/v2\/media?parent=24242"}],"curies":[{"name":"trang web","href":"https:\/\/api.w.org\/{rel}","templated":true}]}}