{"id":24245,"date":"2023-11-10T10:41:36","date_gmt":"2023-11-10T13:41:36","guid":{"rendered":"https:\/\/acertarnacompra.com.br\/?page_id=24245"},"modified":"2025-10-08T14:20:06","modified_gmt":"2025-10-08T17:20:06","slug":"lien-he","status":"publish","type":"page","link":"https:\/\/ccvgaming.com\/vi\/contato\/","title":{"rendered":"Li\u00ean h\u1ec7"},"content":{"rendered":"<p>Ch\u00fang t\u00f4i r\u1ea5t vui khi nh\u1eadn \u0111\u01b0\u1ee3c ph\u1ea3n h\u1ed3i t\u1eeb b\u1ea1n! N\u1ebfu b\u1ea1n c\u00f3 b\u1ea5t k\u1ef3 c\u00e2u h\u1ecfi, \u0111\u1ec1 xu\u1ea5t n\u00e0o ho\u1eb7c ch\u1ec9 mu\u1ed1n trao \u0111\u1ed5i \u00fd t\u01b0\u1edfng, \u0111\u1eebng ng\u1ea7n ng\u1ea1i li\u00ean h\u1ec7 v\u1edbi ch\u00fang t\u00f4i.<\/p>\n<p>Vui l\u00f2ng s\u1eed d\u1ee5ng bi\u1ec3u m\u1eabu b\u00ean d\u01b0\u1edbi ho\u1eb7c g\u1eedi email cho ch\u00fang t\u00f4i.<\/p>\n<p>Ch\u00fang t\u00f4i mong mu\u1ed1n thi\u1ebft l\u1eadp m\u1ed1i li\u00ean h\u1ec7 v\u00e0 s\u1ebd ph\u1ea3n h\u1ed3i s\u1edbm nh\u1ea5t c\u00f3 th\u1ec3.<\/p>\n\n<div class=\"wpcf7 no-js\" id=\"wpcf7-f24244-o1\" lang=\"pt-BR\" dir=\"ltr\" data-wpcf7-id=\"24244\">\n<div class=\"screen-reader-response\"><p role=\"status\" aria-live=\"polite\" aria-atomic=\"true\"><\/p> <ul><\/ul><\/div>\n<form action=\"\/vi\/wp-json\/wp\/v2\/pages\/24245#wpcf7-f24244-o1\" method=\"post\" class=\"wpcf7-form init\" aria-label=\"Formul\u00e1rios de contato\" novalidate=\"novalidate\" data-status=\"init\" data-trp-original-action=\"\/vi\/wp-json\/wp\/v2\/pages\/24245#wpcf7-f24244-o1\">\n<fieldset class=\"hidden-fields-container\"><input type=\"hidden\" name=\"_wpcf7\" value=\"24244\" \/><input type=\"hidden\" name=\"_wpcf7_version\" value=\"6.1.5\" \/><input type=\"hidden\" name=\"_wpcf7_locale\" value=\"pt_BR\" \/><input type=\"hidden\" name=\"_wpcf7_unit_tag\" value=\"wpcf7-f24244-o1\" \/><input type=\"hidden\" name=\"_wpcf7_container_post\" value=\"0\" \/><input type=\"hidden\" name=\"_wpcf7_posted_data_hash\" value=\"\" \/>\n<\/fieldset>\n<p><label> T\u00ean c\u1ee7a b\u1ea1n<br \/>\n<span class=\"wpcf7-form-control-wrap\" data-name=\"your-name\"><input size=\"40\" maxlength=\"400\" class=\"wpcf7-form-control wpcf7-text wpcf7-validates-as-required\" autocomplete=\"name\" aria-required=\"true\" aria-invalid=\"false\" value=\"\" type=\"text\" name=\"your-name\" \/><\/span> <\/label>\n<\/p>\n<p><label> Email c\u1ee7a b\u1ea1n<br \/>\n<span class=\"wpcf7-form-control-wrap\" data-name=\"your-email\"><input size=\"40\" maxlength=\"400\" class=\"wpcf7-form-control wpcf7-email wpcf7-validates-as-required wpcf7-text wpcf7-validates-as-email\" autocomplete=\"email\" aria-required=\"true\" aria-invalid=\"false\" value=\"\" type=\"email\" name=\"your-email\" \/><\/span> <\/label>\n<\/p>\n<p><label> Ch\u1ee7 th\u1ec3<br \/>\n<span class=\"wpcf7-form-control-wrap\" data-name=\"your-subject\"><input size=\"40\" maxlength=\"400\" class=\"wpcf7-form-control wpcf7-text wpcf7-validates-as-required\" aria-required=\"true\" aria-invalid=\"false\" value=\"\" type=\"text\" name=\"your-subject\" \/><\/span> <\/label>\n<\/p>\n<p><label> L\u1eddi nh\u1eafn c\u1ee7a b\u1ea1n (t\u00f9y ch\u1ecdn)<br \/>\n<span class=\"wpcf7-form-control-wrap\" data-name=\"your-message\"><textarea cols=\"40\" rows=\"10\" maxlength=\"2000\" class=\"wpcf7-form-control wpcf7-textarea\" aria-invalid=\"false\" name=\"your-message\"><\/textarea><\/span> <\/label>\n<\/p>\n<p><input class=\"wpcf7-form-control wpcf7-submit has-spinner\" type=\"submit\" value=\"\u0110\u1ec3 g\u1eedi\" \/>\n<\/p><div class=\"wpcf7-response-output\" aria-hidden=\"true\"><\/div>\n<input type=\"hidden\" name=\"trp-form-language\" value=\"vi\"\/><\/form>\n<\/div>","protected":false},"excerpt":{"rendered":"<p>Ficamos felizes em ouvir de voc\u00ea! Se tiver d\u00favidas, sugest\u00f5es ou apenas quiser trocar ideias, n\u00e3o hesite em nos contatar. Utilize o formul\u00e1rio abaixo ou envie-nos um e-mail. Estamos ansiosos para estabelecer conex\u00f5es e responderemos o mais r\u00e1pido poss\u00edvel.<\/p>","protected":false},"author":2,"featured_media":0,"parent":0,"menu_order":0,"comment_status":"closed","ping_status":"closed","template":"","meta":{"footnotes":""},"class_list":["post-24245","page","type-page","status-publish"],"_links":{"self":[{"href":"https:\/\/ccvgaming.com\/vi\/wp-json\/wp\/v2\/pages\/24245","targetHints":{"allow":["GET"]}}],"collection":[{"href":"https:\/\/ccvgaming.com\/vi\/wp-json\/wp\/v2\/pages"}],"about":[{"href":"https:\/\/ccvgaming.com\/vi\/wp-json\/wp\/v2\/types\/page"}],"author":[{"embeddable":true,"href":"https:\/\/ccvgaming.com\/vi\/wp-json\/wp\/v2\/users\/2"}],"replies":[{"embeddable":true,"href":"https:\/\/ccvgaming.com\/vi\/wp-json\/wp\/v2\/comments?post=24245"}],"version-history":[{"count":1,"href":"https:\/\/ccvgaming.com\/vi\/wp-json\/wp\/v2\/pages\/24245\/revisions"}],"predecessor-version":[{"id":25212,"href":"https:\/\/ccvgaming.com\/vi\/wp-json\/wp\/v2\/pages\/24245\/revisions\/25212"}],"wp:attachment":[{"href":"https:\/\/ccvgaming.com\/vi\/wp-json\/wp\/v2\/media?parent=24245"}],"curies":[{"name":"trang web","href":"https:\/\/api.w.org\/{rel}","templated":true}]}}