{"id":24632,"date":"2023-11-22T10:03:19","date_gmt":"2023-11-22T13:03:19","guid":{"rendered":"https:\/\/acertarnacompra.com.br\/?page_id=24632"},"modified":"2023-11-22T10:03:19","modified_gmt":"2023-11-22T13:03:19","slug":"dmca","status":"publish","type":"page","link":"https:\/\/ccvgaming.com\/vi\/dmca\/","title":{"rendered":"DMCA"},"content":{"rendered":"<p><strong>Ch\u00ednh s\u00e1ch b\u1ea3n quy\u1ec1n \u2013 DMCA<\/strong><\/p>\n<p><strong>Tuy\u00ean b\u1ed1 v\u1ec1 s\u1ef1 ph\u00f9 h\u1ee3p<\/strong><\/p>\n<p>MobilePric BR t\u00f4n tr\u1ecdng b\u1ea3n quy\u1ec1n v\u00e0 tu\u00e2n th\u1ee7 c\u00e1c \u0111i\u1ec1u kho\u1ea3n c\u1ee7a \u0110\u1ea1o lu\u1eadt B\u1ea3n quy\u1ec1n K\u1ef9 thu\u1eadt s\u1ed1 Thi\u00ean ni\u00ean k\u1ef7 (\u201cDMCA\u201d). Trong nh\u1eefng tr\u01b0\u1eddng h\u1ee3p th\u00edch h\u1ee3p v\u00e0 theo quy\u1ebft \u0111\u1ecbnh c\u1ee7a m\u00ecnh, MobilePric BR c\u00f3 th\u1ec3 v\u00f4 hi\u1ec7u h\u00f3a v\u00e0\/ho\u1eb7c ch\u1ea5m d\u1ee9t t\u00e0i kho\u1ea3n c\u1ee7a ng\u01b0\u1eddi d\u00f9ng vi ph\u1ea1m b\u1ea3n quy\u1ec1n nhi\u1ec1u l\u1ea7n ho\u1eb7c b\u1ecb coi l\u00e0 vi ph\u1ea1m b\u1ea3n quy\u1ec1n.<\/p>\n<p><strong>Th\u1ee7 t\u1ee5c th\u00f4ng b\u00e1o vi ph\u1ea1m b\u1ea3n quy\u1ec1n<\/strong><\/p>\n<p>N\u1ebfu b\u1ea1n cho r\u1eb1ng t\u00e1c ph\u1ea9m c\u00f3 b\u1ea3n quy\u1ec1n c\u1ee7a m\u00ecnh \u0111\u00e3 b\u1ecb sao ch\u00e9p tr\u00e1i ph\u00e9p v\u00e0 \u0111\u01b0\u1ee3c \u0111\u0103ng t\u1ea3i tr\u00ean trang web n\u00e0y, b\u1ea1n c\u00f3 th\u1ec3 th\u00f4ng b\u00e1o cho \u0110\u1ea1i di\u1ec7n \u0111\u01b0\u1ee3c ch\u1ec9 \u0111\u1ecbnh c\u1ee7a ch\u00fang t\u00f4i theo quy tr\u00ecnh \u0111\u01b0\u1ee3c quy \u0111\u1ecbnh trong DMCA. \u0110\u1ec3 c\u00f3 hi\u1ec7u l\u1ef1c, th\u00f4ng b\u00e1o ph\u1ea3i bao g\u1ed3m:<\/p>\n<ol>\n<li>Vi\u1ec7c x\u00e1c \u0111\u1ecbnh t\u00e1c ph\u1ea9m c\u00f3 b\u1ea3n quy\u1ec1n b\u1ecb c\u00e1o bu\u1ed9c vi ph\u1ea1m, ho\u1eb7c, n\u1ebfu nhi\u1ec1u t\u00e1c ph\u1ea9m c\u00f3 b\u1ea3n quy\u1ec1n t\u1ea1i m\u1ed9t trang web tr\u1ef1c tuy\u1ebfn \u0111\u01b0\u1ee3c \u0111\u1ec1 c\u1eadp trong m\u1ed9t th\u00f4ng b\u00e1o duy nh\u1ea5t, th\u00ec ph\u1ea3i cung c\u1ea5p danh s\u00e1ch \u0111\u1ea1i di\u1ec7n c\u00e1c t\u00e1c ph\u1ea9m \u0111\u00f3 t\u1ea1i trang web.<\/li>\n<li>X\u00e1c \u0111\u1ecbnh n\u1ed9i dung b\u1ecb cho l\u00e0 vi ph\u1ea1m b\u1ea3n quy\u1ec1n ho\u1eb7c l\u00e0 \u0111\u1ed1i t\u01b0\u1ee3ng c\u1ee7a ho\u1ea1t \u0111\u1ed9ng vi ph\u1ea1m b\u1ea3n quy\u1ec1n v\u00e0 c\u1ea7n \u0111\u01b0\u1ee3c g\u1ee1 b\u1ecf ho\u1eb7c v\u00f4 hi\u1ec7u h\u00f3a quy\u1ec1n truy c\u1eadp, c\u00f9ng v\u1edbi th\u00f4ng tin \u0111\u1ee7 \u0111\u1ec3 nh\u00e0 cung c\u1ea5p d\u1ecbch v\u1ee5 c\u00f3 th\u1ec3 x\u00e1c \u0111\u1ecbnh v\u1ecb tr\u00ed c\u1ee7a n\u1ed9i dung \u0111\u00f3.<\/li>\n<li>Th\u00f4ng tin \u0111\u1ea7y \u0111\u1ee7 h\u1ee3p l\u00fd \u0111\u1ec3 cho ph\u00e9p nh\u00e0 cung c\u1ea5p d\u1ecbch v\u1ee5 li\u00ean h\u1ec7 v\u1edbi ng\u01b0\u1eddi khi\u1ebfu n\u1ea1i, ch\u1eb3ng h\u1ea1n nh\u01b0 \u0111\u1ecba ch\u1ec9, s\u1ed1 \u0111i\u1ec7n tho\u1ea1i v\u00e0, n\u1ebfu c\u00f3, \u0111\u1ecba ch\u1ec9 email m\u00e0 ng\u01b0\u1eddi khi\u1ebfu n\u1ea1i c\u00f3 th\u1ec3 \u0111\u01b0\u1ee3c li\u00ean h\u1ec7.<\/li>\n<li>M\u1ed9t tuy\u00ean b\u1ed1 r\u1eb1ng ng\u01b0\u1eddi khi\u1ebfu n\u1ea1i tin t\u01b0\u1edfng m\u1ed9t c\u00e1ch thi\u1ec7n ch\u00ed r\u1eb1ng vi\u1ec7c s\u1eed d\u1ee5ng t\u00e0i li\u1ec7u theo c\u00e1ch b\u1ecb khi\u1ebfu n\u1ea1i l\u00e0 kh\u00f4ng \u0111\u01b0\u1ee3c ch\u1ee7 s\u1edf h\u1eefu b\u1ea3n quy\u1ec1n, ng\u01b0\u1eddi \u0111\u1ea1i di\u1ec7n c\u1ee7a h\u1ecd ho\u1eb7c ph\u00e1p lu\u1eadt cho ph\u00e9p.<\/li>\n<li>M\u1ed9t tuy\u00ean b\u1ed1 x\u00e1c nh\u1eadn r\u1eb1ng th\u00f4ng tin trong th\u00f4ng b\u00e1o l\u00e0 ch\u00ednh x\u00e1c v\u00e0, d\u01b0\u1edbi h\u00ecnh ph\u1ea1t khai man, ng\u01b0\u1eddi khi\u1ebfu n\u1ea1i \u0111\u01b0\u1ee3c \u1ee7y quy\u1ec1n h\u00e0nh \u0111\u1ed9ng thay m\u1eb7t cho ch\u1ee7 s\u1edf h\u1eefu quy\u1ec1n \u0111\u1ed9c quy\u1ec1n b\u1ecb c\u00e1o bu\u1ed9c x\u00e2m ph\u1ea1m.<\/li>\n<\/ol>\n<p><strong>C\u00e1c bi\u1ec7n ph\u00e1p c\u1ea7n th\u1ef1c hi\u1ec7n trong tr\u01b0\u1eddng h\u1ee3p nh\u1eadn \u0111\u01b0\u1ee3c th\u00f4ng b\u00e1o v\u1ec1 h\u00e0nh vi vi ph\u1ea1m.<\/strong><\/p>\n<p>Sau khi nh\u1eadn \u0111\u01b0\u1ee3c th\u00f4ng b\u00e1o h\u1ee3p l\u1ec7 v\u1ec1 vi ph\u1ea1m b\u1ea3n quy\u1ec1n, MobilePric BR s\u1ebd n\u1ed7 l\u1ef1c th\u1ef1c hi\u1ec7n c\u00e1c b\u01b0\u1edbc h\u1ee3p l\u00fd \u0111\u1ec3 x\u00f3a b\u1ecf n\u1ed9i dung vi ph\u1ea1m v\u00e0 th\u00f4ng b\u00e1o cho ng\u01b0\u1eddi d\u00f9ng ch\u1ecbu tr\u00e1ch nhi\u1ec7m t\u1ea3i l\u00ean n\u1ed9i dung \u0111\u00f3. MobilePric BR c\u0169ng c\u00f3 th\u1ec3, theo quy\u1ebft \u0111\u1ecbnh c\u1ee7a m\u00ecnh, ch\u1ea5m d\u1ee9t t\u00e0i kho\u1ea3n c\u1ee7a ng\u01b0\u1eddi d\u00f9ng \u0111\u00f3 n\u1ebfu x\u00e9t th\u1ea5y c\u1ea7n thi\u1ebft.<\/p>\n<p><strong>Li\u00ean h\u1ec7<\/strong><\/p>\n<p>N\u1ebfu b\u1ea1n mu\u1ed1n g\u1eedi th\u00f4ng b\u00e1o v\u1ec1 h\u00e0nh vi vi ph\u1ea1m b\u1ea3n quy\u1ec1n, vui l\u00f2ng li\u00ean h\u1ec7 v\u1edbi ch\u00fang t\u00f4i b\u1eb1ng c\u00e1ch s\u1eed d\u1ee5ng bi\u1ec3u m\u1eabu b\u00ean d\u01b0\u1edbi.\u00a0<strong><a href=\"https:\/\/ccvgaming.com\/vi\/lien-he\/\">LI\u00caN H\u1ec6<\/a><\/strong>.<\/p>\n<p><strong>Th\u00f4ng b\u00e1o ph\u00e1p l\u00fd<\/strong><\/p>\n<p>Ch\u00ednh s\u00e1ch DMCA n\u00e0y kh\u00f4ng c\u1ea5u th\u00e0nh t\u01b0 v\u1ea5n ph\u00e1p l\u00fd. Ch\u00fang t\u00f4i khuy\u00ean b\u1ea1n n\u00ean t\u00ecm ki\u1ebfm t\u01b0 v\u1ea5n ph\u00e1p l\u00fd \u0111\u1ec3 hi\u1ec3u \u0111\u1ea7y \u0111\u1ee7 c\u00e1c quy\u1ec1n v\u00e0 ngh\u0129a v\u1ee5 c\u1ee7a m\u00ecnh theo DMCA v\u00e0 c\u00e1c lu\u1eadt hi\u1ec7n h\u00e0nh kh\u00e1c.<\/p>","protected":false},"excerpt":{"rendered":"<p>Pol\u00edtica de Direitos Autorais &#8211; DMCA Declara\u00e7\u00e3o de Conformidade O MobilePric BR respeita os direitos autorais e est\u00e1 em conformidade com as disposi\u00e7\u00f5es da Digital Millennium Copyright Act (&#8220;DMCA&#8221;). MobilePric BR pode, sob circunst\u00e2ncias apropriadas e a seu crit\u00e9rio, desativar e\/ou encerrar contas de usu\u00e1rios que infringem repetidamente ou s\u00e3o considerados como infratores dos direitos [&hellip;]<\/p>\n","protected":false},"author":2,"featured_media":0,"parent":0,"menu_order":0,"comment_status":"closed","ping_status":"closed","template":"","meta":{"footnotes":""},"class_list":["post-24632","page","type-page","status-publish"],"_links":{"self":[{"href":"https:\/\/ccvgaming.com\/vi\/wp-json\/wp\/v2\/pages\/24632","targetHints":{"allow":["GET"]}}],"collection":[{"href":"https:\/\/ccvgaming.com\/vi\/wp-json\/wp\/v2\/pages"}],"about":[{"href":"https:\/\/ccvgaming.com\/vi\/wp-json\/wp\/v2\/types\/page"}],"author":[{"embeddable":true,"href":"https:\/\/ccvgaming.com\/vi\/wp-json\/wp\/v2\/users\/2"}],"replies":[{"embeddable":true,"href":"https:\/\/ccvgaming.com\/vi\/wp-json\/wp\/v2\/comments?post=24632"}],"version-history":[{"count":0,"href":"https:\/\/ccvgaming.com\/vi\/wp-json\/wp\/v2\/pages\/24632\/revisions"}],"wp:attachment":[{"href":"https:\/\/ccvgaming.com\/vi\/wp-json\/wp\/v2\/media?parent=24632"}],"curies":[{"name":"trang web","href":"https:\/\/api.w.org\/{rel}","templated":true}]}}